
{"id":6669,"date":"2025-02-09T13:19:25","date_gmt":"2025-02-09T13:19:25","guid":{"rendered":"https:\/\/granito.ro\/?post_type=product&#038;p=6669"},"modified":"2025-04-24T17:30:26","modified_gmt":"2025-04-24T17:30:26","slug":"profile-granit-black-aswan","status":"publish","type":"product","link":"https:\/\/granito.ro\/en\/product\/profile-granit-black-aswan\/","title":{"rendered":"Profile Granit Black Aswan"},"content":{"rendered":"<p>Granitul Black Aswan, extras din sudul Egiptului, se remarc\u0103 prin culoarea sa neagr\u0103 profund\u0103, \u00eembog\u0103\u021bit\u0103 cu nuan\u021be de maro, gri \u00eenchis \u0219i ro\u0219u rubin. Textura sa unic\u0103 adaug\u0103 caracter \u0219i elegan\u021b\u0103 oric\u0103rui proiect de design. Aceast\u0103 piatr\u0103 natural\u0103 adaug\u0103 un plus de sofisticare \u0219i profunzime \u00een orice spa\u021biu, fiind o alegere popular\u0103 \u00een proiectele arhitecturale.<\/p>\n<p><b>Piatra natural\u0103 prezint\u0103 varia\u021bii de nuan\u021b\u0103, motiv pentru care imaginile de prezentare au un caracter strict informativ \u0219i pot s\u0103 nu reflecte cu exactitate aspectul real al produsului.<\/b><\/p>\n","protected":false},"excerpt":{"rendered":"<p><span style=\"font-weight: 400;\">Profilele noastre sculptate cu m\u0103iestrie completeaz\u0103 orice spa\u021biu, oferind o elegan\u021b\u0103 atemporal\u0103, fie c\u0103 opta\u021bi pentru un design clasic sau unul modern.<\/span><\/p>\n<p><span style=\"font-weight: 400;\">Indiferent de locul \u00een care sunt amplasate, fie c\u0103 e vorba de delimit\u0103ri sau finisaje decorative, profilele noastre se integreaz\u0103 armonios, complet\u00e2nd viziunea estetic\u0103 dorit\u0103.<\/span><\/p>\n<p>&nbsp;<\/p>\n","protected":false},"featured_media":6348,"template":"","meta":{"_eb_attr":""},"product_brand":[],"product_cat":[108],"product_tag":[133],"class_list":{"0":"post-6669","1":"product","2":"type-product","3":"status-publish","4":"has-post-thumbnail","6":"product_cat-profile","7":"product_tag-profile","9":"first","10":"outofstock","11":"shipping-taxable","12":"purchasable","13":"product-type-simple"},"yoast_head":"<!-- This site is optimized with the Yoast SEO plugin v27.4 - https:\/\/yoast.com\/product\/yoast-seo-wordpress\/ -->\n<title>Granito<\/title>\n<meta name=\"robots\" content=\"index, follow, max-snippet:-1, max-image-preview:large, max-video-preview:-1\" \/>\n<link rel=\"canonical\" href=\"https:\/\/granito.ro\/en\/product\/profile-granit-black-aswan\/\" \/>\n<meta property=\"og:locale\" content=\"en_US\" \/>\n<meta property=\"og:type\" content=\"article\" \/>\n<meta property=\"og:title\" content=\"Profile Granit Black Aswan - Acasa - Granito\" \/>\n<meta property=\"og:description\" content=\"Profilele noastre sculptate cu m\u0103iestrie completeaz\u0103 orice spa\u021biu, oferind o elegan\u021b\u0103 atemporal\u0103, fie c\u0103 opta\u021bi pentru un design clasic sau unul modern.  Indiferent de locul \u00een care sunt amplasate, fie c\u0103 e vorba de delimit\u0103ri sau finisaje decorative, profilele noastre se integreaz\u0103 armonios, complet\u00e2nd viziunea estetic\u0103 dorit\u0103.  &nbsp;\" \/>\n<meta property=\"og:url\" content=\"https:\/\/granito.ro\/en\/product\/profile-granit-black-aswan\/\" \/>\n<meta property=\"og:site_name\" content=\"Acasa - Granito\" \/>\n<meta property=\"article:publisher\" content=\"https:\/\/www.facebook.com\/granito.ro\" \/>\n<meta property=\"article:modified_time\" content=\"2025-04-24T17:30:26+00:00\" \/>\n<meta property=\"og:image\" content=\"https:\/\/granito.ro\/en\/wp-content\/uploads\/2025\/02\/PROFILE_GRANIT_BLACK_ASWAN.215.png\" \/>\n\t<meta property=\"og:image:width\" content=\"1080\" \/>\n\t<meta property=\"og:image:height\" content=\"1080\" \/>\n\t<meta property=\"og:image:type\" content=\"image\/png\" \/>\n<meta name=\"twitter:card\" content=\"summary_large_image\" \/>\n<script type=\"application\/ld+json\" class=\"yoast-schema-graph\">{\"@context\":\"https:\\\/\\\/schema.org\",\"@graph\":[{\"@type\":\"WebPage\",\"@id\":\"https:\\\/\\\/granito.ro\\\/en\\\/product\\\/profile-granit-black-aswan\\\/\",\"url\":\"https:\\\/\\\/granito.ro\\\/en\\\/product\\\/profile-granit-black-aswan\\\/\",\"name\":\"Profile Granit Black Aswan - Acasa - Granito\",\"isPartOf\":{\"@id\":\"https:\\\/\\\/granito.ro\\\/en\\\/#website\"},\"primaryImageOfPage\":{\"@id\":\"https:\\\/\\\/granito.ro\\\/en\\\/product\\\/profile-granit-black-aswan\\\/#primaryimage\"},\"image\":{\"@id\":\"https:\\\/\\\/granito.ro\\\/en\\\/product\\\/profile-granit-black-aswan\\\/#primaryimage\"},\"thumbnailUrl\":\"https:\\\/\\\/granito.ro\\\/en\\\/wp-content\\\/uploads\\\/2025\\\/02\\\/PROFILE_GRANIT_BLACK_ASWAN.215.png\",\"datePublished\":\"2025-02-09T13:19:25+00:00\",\"dateModified\":\"2025-04-24T17:30:26+00:00\",\"breadcrumb\":{\"@id\":\"https:\\\/\\\/granito.ro\\\/en\\\/product\\\/profile-granit-black-aswan\\\/#breadcrumb\"},\"inLanguage\":\"en-US\",\"potentialAction\":[{\"@type\":\"ReadAction\",\"target\":[\"https:\\\/\\\/granito.ro\\\/en\\\/product\\\/profile-granit-black-aswan\\\/\"]}]},{\"@type\":\"ImageObject\",\"inLanguage\":\"en-US\",\"@id\":\"https:\\\/\\\/granito.ro\\\/en\\\/product\\\/profile-granit-black-aswan\\\/#primaryimage\",\"url\":\"https:\\\/\\\/granito.ro\\\/en\\\/wp-content\\\/uploads\\\/2025\\\/02\\\/PROFILE_GRANIT_BLACK_ASWAN.215.png\",\"contentUrl\":\"https:\\\/\\\/granito.ro\\\/en\\\/wp-content\\\/uploads\\\/2025\\\/02\\\/PROFILE_GRANIT_BLACK_ASWAN.215.png\",\"width\":1080,\"height\":1080},{\"@type\":\"BreadcrumbList\",\"@id\":\"https:\\\/\\\/granito.ro\\\/en\\\/product\\\/profile-granit-black-aswan\\\/#breadcrumb\",\"itemListElement\":[{\"@type\":\"ListItem\",\"position\":1,\"name\":\"Prima pagin\u0103\",\"item\":\"https:\\\/\\\/granito.ro\\\/en\\\/\"},{\"@type\":\"ListItem\",\"position\":2,\"name\":\"Materiale\",\"item\":\"https:\\\/\\\/granito.ro\\\/en\\\/materiale\\\/\"},{\"@type\":\"ListItem\",\"position\":3,\"name\":\"Profile Granit Black Aswan\"}]},{\"@type\":\"WebSite\",\"@id\":\"https:\\\/\\\/granito.ro\\\/en\\\/#website\",\"url\":\"https:\\\/\\\/granito.ro\\\/en\\\/\",\"name\":\"Granito\",\"description\":\"\",\"publisher\":{\"@id\":\"https:\\\/\\\/granito.ro\\\/en\\\/#organization\"},\"potentialAction\":[{\"@type\":\"SearchAction\",\"target\":{\"@type\":\"EntryPoint\",\"urlTemplate\":\"https:\\\/\\\/granito.ro\\\/en\\\/?s={search_term_string}\"},\"query-input\":{\"@type\":\"PropertyValueSpecification\",\"valueRequired\":true,\"valueName\":\"search_term_string\"}}],\"inLanguage\":\"en-US\"},{\"@type\":\"Organization\",\"@id\":\"https:\\\/\\\/granito.ro\\\/en\\\/#organization\",\"name\":\"Granito\",\"url\":\"https:\\\/\\\/granito.ro\\\/en\\\/\",\"logo\":{\"@type\":\"ImageObject\",\"inLanguage\":\"en-US\",\"@id\":\"https:\\\/\\\/granito.ro\\\/en\\\/#\\\/schema\\\/logo\\\/image\\\/\",\"url\":\"https:\\\/\\\/granito.ro\\\/en\\\/wp-content\\\/uploads\\\/2024\\\/08\\\/Untitled-1.png\",\"contentUrl\":\"https:\\\/\\\/granito.ro\\\/en\\\/wp-content\\\/uploads\\\/2024\\\/08\\\/Untitled-1.png\",\"width\":500,\"height\":112,\"caption\":\"Granito\"},\"image\":{\"@id\":\"https:\\\/\\\/granito.ro\\\/en\\\/#\\\/schema\\\/logo\\\/image\\\/\"},\"sameAs\":[\"https:\\\/\\\/www.facebook.com\\\/granito.ro\",\"http:\\\/\\\/instagram.com\\\/granito.ro\"]}]}<\/script>\n<!-- \/ Yoast SEO plugin. -->","yoast_head_json":{"title":"Granito","robots":{"index":"index","follow":"follow","max-snippet":"max-snippet:-1","max-image-preview":"max-image-preview:large","max-video-preview":"max-video-preview:-1"},"canonical":"https:\/\/granito.ro\/en\/product\/profile-granit-black-aswan\/","og_locale":"en_US","og_type":"article","og_title":"Profile Granit Black Aswan - Acasa - Granito","og_description":"Profilele noastre sculptate cu m\u0103iestrie completeaz\u0103 orice spa\u021biu, oferind o elegan\u021b\u0103 atemporal\u0103, fie c\u0103 opta\u021bi pentru un design clasic sau unul modern.  Indiferent de locul \u00een care sunt amplasate, fie c\u0103 e vorba de delimit\u0103ri sau finisaje decorative, profilele noastre se integreaz\u0103 armonios, complet\u00e2nd viziunea estetic\u0103 dorit\u0103.  &nbsp;","og_url":"https:\/\/granito.ro\/en\/product\/profile-granit-black-aswan\/","og_site_name":"Acasa - Granito","article_publisher":"https:\/\/www.facebook.com\/granito.ro","article_modified_time":"2025-04-24T17:30:26+00:00","og_image":[{"url":"https:\/\/granito.ro\/en\/wp-content\/uploads\/2025\/02\/PROFILE_GRANIT_BLACK_ASWAN.215.png","width":1080,"height":1080,"type":"image\/png"}],"twitter_card":"summary_large_image","schema":{"@context":"https:\/\/schema.org","@graph":[{"@type":"WebPage","@id":"https:\/\/granito.ro\/en\/product\/profile-granit-black-aswan\/","url":"https:\/\/granito.ro\/en\/product\/profile-granit-black-aswan\/","name":"Profile Granit Black Aswan - Acasa - Granito","isPartOf":{"@id":"https:\/\/granito.ro\/en\/#website"},"primaryImageOfPage":{"@id":"https:\/\/granito.ro\/en\/product\/profile-granit-black-aswan\/#primaryimage"},"image":{"@id":"https:\/\/granito.ro\/en\/product\/profile-granit-black-aswan\/#primaryimage"},"thumbnailUrl":"https:\/\/granito.ro\/en\/wp-content\/uploads\/2025\/02\/PROFILE_GRANIT_BLACK_ASWAN.215.png","datePublished":"2025-02-09T13:19:25+00:00","dateModified":"2025-04-24T17:30:26+00:00","breadcrumb":{"@id":"https:\/\/granito.ro\/en\/product\/profile-granit-black-aswan\/#breadcrumb"},"inLanguage":"en-US","potentialAction":[{"@type":"ReadAction","target":["https:\/\/granito.ro\/en\/product\/profile-granit-black-aswan\/"]}]},{"@type":"ImageObject","inLanguage":"en-US","@id":"https:\/\/granito.ro\/en\/product\/profile-granit-black-aswan\/#primaryimage","url":"https:\/\/granito.ro\/en\/wp-content\/uploads\/2025\/02\/PROFILE_GRANIT_BLACK_ASWAN.215.png","contentUrl":"https:\/\/granito.ro\/en\/wp-content\/uploads\/2025\/02\/PROFILE_GRANIT_BLACK_ASWAN.215.png","width":1080,"height":1080},{"@type":"BreadcrumbList","@id":"https:\/\/granito.ro\/en\/product\/profile-granit-black-aswan\/#breadcrumb","itemListElement":[{"@type":"ListItem","position":1,"name":"Prima pagin\u0103","item":"https:\/\/granito.ro\/en\/"},{"@type":"ListItem","position":2,"name":"Materiale","item":"https:\/\/granito.ro\/en\/materiale\/"},{"@type":"ListItem","position":3,"name":"Profile Granit Black Aswan"}]},{"@type":"WebSite","@id":"https:\/\/granito.ro\/en\/#website","url":"https:\/\/granito.ro\/en\/","name":"Granito","description":"","publisher":{"@id":"https:\/\/granito.ro\/en\/#organization"},"potentialAction":[{"@type":"SearchAction","target":{"@type":"EntryPoint","urlTemplate":"https:\/\/granito.ro\/en\/?s={search_term_string}"},"query-input":{"@type":"PropertyValueSpecification","valueRequired":true,"valueName":"search_term_string"}}],"inLanguage":"en-US"},{"@type":"Organization","@id":"https:\/\/granito.ro\/en\/#organization","name":"Granito","url":"https:\/\/granito.ro\/en\/","logo":{"@type":"ImageObject","inLanguage":"en-US","@id":"https:\/\/granito.ro\/en\/#\/schema\/logo\/image\/","url":"https:\/\/granito.ro\/en\/wp-content\/uploads\/2024\/08\/Untitled-1.png","contentUrl":"https:\/\/granito.ro\/en\/wp-content\/uploads\/2024\/08\/Untitled-1.png","width":500,"height":112,"caption":"Granito"},"image":{"@id":"https:\/\/granito.ro\/en\/#\/schema\/logo\/image\/"},"sameAs":["https:\/\/www.facebook.com\/granito.ro","http:\/\/instagram.com\/granito.ro"]}]}},"_links":{"self":[{"href":"https:\/\/granito.ro\/en\/wp-json\/wp\/v2\/product\/6669","targetHints":{"allow":["GET"]}}],"collection":[{"href":"https:\/\/granito.ro\/en\/wp-json\/wp\/v2\/product"}],"about":[{"href":"https:\/\/granito.ro\/en\/wp-json\/wp\/v2\/types\/product"}],"wp:featuredmedia":[{"embeddable":true,"href":"https:\/\/granito.ro\/en\/wp-json\/wp\/v2\/media\/6348"}],"wp:attachment":[{"href":"https:\/\/granito.ro\/en\/wp-json\/wp\/v2\/media?parent=6669"}],"wp:term":[{"taxonomy":"product_brand","embeddable":true,"href":"https:\/\/granito.ro\/en\/wp-json\/wp\/v2\/product_brand?post=6669"},{"taxonomy":"product_cat","embeddable":true,"href":"https:\/\/granito.ro\/en\/wp-json\/wp\/v2\/product_cat?post=6669"},{"taxonomy":"product_tag","embeddable":true,"href":"https:\/\/granito.ro\/en\/wp-json\/wp\/v2\/product_tag?post=6669"}],"curies":[{"name":"wp","href":"https:\/\/api.w.org\/{rel}","templated":true}]}}