
{"id":6663,"date":"2025-02-09T13:19:22","date_gmt":"2025-02-09T13:19:22","guid":{"rendered":"https:\/\/granito.ro\/?post_type=product&#038;p=6663"},"modified":"2025-04-24T17:29:01","modified_gmt":"2025-04-24T17:29:01","slug":"profile-granit-new-halayeb","status":"publish","type":"product","link":"https:\/\/granito.ro\/en\/product\/profile-granit-new-halayeb\/","title":{"rendered":"Profile Granit New Halayeb"},"content":{"rendered":"<p>Granitul New Halayeb, extras \u00een Egipt, este o piatr\u0103 natural\u0103 impresionant\u0103, av\u00e2nd o culoare de baz\u0103 alb\u0103 cu mici pete gri deschis. Acest granit este renumit pentru durabilitatea sa excep\u021bional\u0103 \u0219i rezisten\u021ba la zg\u00e2rieturi \u0219i pete, fiind ideal pentru zone cu trafic intens. Granitul New Halayeb adaug\u0103 o not\u0103 de elegan\u021b\u0103 \u0219i rafinament oric\u0103rui proiect, fiind potrivit pentru o varietate de stiluri de design.<\/p>\n<p><b>Piatra natural\u0103 prezint\u0103 varia\u021bii de nuan\u021b\u0103, motiv pentru care imaginile de prezentare au un caracter strict informativ \u0219i pot s\u0103 nu reflecte cu exactitate aspectul real al produsului.<\/b><\/p>\n","protected":false},"excerpt":{"rendered":"<p><span style=\"font-weight: 400;\">Profilele noastre sculptate cu m\u0103iestrie completeaz\u0103 orice spa\u021biu, oferind o elegan\u021b\u0103 atemporal\u0103, fie c\u0103 opta\u021bi pentru un design clasic sau unul modern.<\/span><\/p>\n<p><span style=\"font-weight: 400;\">Indiferent de locul \u00een care sunt amplasate, fie c\u0103 e vorba de delimit\u0103ri sau finisaje decorative, profilele noastre se integreaz\u0103 armonios, complet\u00e2nd viziunea estetic\u0103 dorit\u0103.<\/span><\/p>\n<p>&nbsp;<\/p>\n","protected":false},"featured_media":6366,"template":"","meta":{"_eb_attr":""},"product_brand":[],"product_cat":[108],"product_tag":[133],"class_list":{"0":"post-6663","1":"product","2":"type-product","3":"status-publish","4":"has-post-thumbnail","6":"product_cat-profile","7":"product_tag-profile","9":"first","10":"outofstock","11":"shipping-taxable","12":"purchasable","13":"product-type-simple"},"yoast_head":"<!-- This site is optimized with the Yoast SEO plugin v27.4 - https:\/\/yoast.com\/product\/yoast-seo-wordpress\/ -->\n<title>Granito<\/title>\n<meta name=\"robots\" content=\"index, follow, max-snippet:-1, max-image-preview:large, max-video-preview:-1\" \/>\n<link rel=\"canonical\" href=\"https:\/\/granito.ro\/en\/product\/profile-granit-new-halayeb\/\" \/>\n<meta property=\"og:locale\" content=\"en_US\" \/>\n<meta property=\"og:type\" content=\"article\" \/>\n<meta property=\"og:title\" content=\"Profile Granit New Halayeb - Acasa - Granito\" \/>\n<meta property=\"og:description\" content=\"Profilele noastre sculptate cu m\u0103iestrie completeaz\u0103 orice spa\u021biu, oferind o elegan\u021b\u0103 atemporal\u0103, fie c\u0103 opta\u021bi pentru un design clasic sau unul modern.  Indiferent de locul \u00een care sunt amplasate, fie c\u0103 e vorba de delimit\u0103ri sau finisaje decorative, profilele noastre se integreaz\u0103 armonios, complet\u00e2nd viziunea estetic\u0103 dorit\u0103.  &nbsp;\" \/>\n<meta property=\"og:url\" content=\"https:\/\/granito.ro\/en\/product\/profile-granit-new-halayeb\/\" \/>\n<meta property=\"og:site_name\" content=\"Acasa - Granito\" \/>\n<meta property=\"article:publisher\" content=\"https:\/\/www.facebook.com\/granito.ro\" \/>\n<meta property=\"article:modified_time\" content=\"2025-04-24T17:29:01+00:00\" \/>\n<meta property=\"og:image\" content=\"https:\/\/granito.ro\/en\/wp-content\/uploads\/2025\/02\/PROFILE_GRANIT_NEW_HALAYEB.270.png\" \/>\n\t<meta property=\"og:image:width\" content=\"1080\" \/>\n\t<meta property=\"og:image:height\" content=\"1080\" \/>\n\t<meta property=\"og:image:type\" content=\"image\/png\" \/>\n<meta name=\"twitter:card\" content=\"summary_large_image\" \/>\n<script type=\"application\/ld+json\" class=\"yoast-schema-graph\">{\"@context\":\"https:\\\/\\\/schema.org\",\"@graph\":[{\"@type\":\"WebPage\",\"@id\":\"https:\\\/\\\/granito.ro\\\/en\\\/product\\\/profile-granit-new-halayeb\\\/\",\"url\":\"https:\\\/\\\/granito.ro\\\/en\\\/product\\\/profile-granit-new-halayeb\\\/\",\"name\":\"Profile Granit New Halayeb - Acasa - Granito\",\"isPartOf\":{\"@id\":\"https:\\\/\\\/granito.ro\\\/en\\\/#website\"},\"primaryImageOfPage\":{\"@id\":\"https:\\\/\\\/granito.ro\\\/en\\\/product\\\/profile-granit-new-halayeb\\\/#primaryimage\"},\"image\":{\"@id\":\"https:\\\/\\\/granito.ro\\\/en\\\/product\\\/profile-granit-new-halayeb\\\/#primaryimage\"},\"thumbnailUrl\":\"https:\\\/\\\/granito.ro\\\/en\\\/wp-content\\\/uploads\\\/2025\\\/02\\\/PROFILE_GRANIT_NEW_HALAYEB.270.png\",\"datePublished\":\"2025-02-09T13:19:22+00:00\",\"dateModified\":\"2025-04-24T17:29:01+00:00\",\"breadcrumb\":{\"@id\":\"https:\\\/\\\/granito.ro\\\/en\\\/product\\\/profile-granit-new-halayeb\\\/#breadcrumb\"},\"inLanguage\":\"en-US\",\"potentialAction\":[{\"@type\":\"ReadAction\",\"target\":[\"https:\\\/\\\/granito.ro\\\/en\\\/product\\\/profile-granit-new-halayeb\\\/\"]}]},{\"@type\":\"ImageObject\",\"inLanguage\":\"en-US\",\"@id\":\"https:\\\/\\\/granito.ro\\\/en\\\/product\\\/profile-granit-new-halayeb\\\/#primaryimage\",\"url\":\"https:\\\/\\\/granito.ro\\\/en\\\/wp-content\\\/uploads\\\/2025\\\/02\\\/PROFILE_GRANIT_NEW_HALAYEB.270.png\",\"contentUrl\":\"https:\\\/\\\/granito.ro\\\/en\\\/wp-content\\\/uploads\\\/2025\\\/02\\\/PROFILE_GRANIT_NEW_HALAYEB.270.png\",\"width\":1080,\"height\":1080},{\"@type\":\"BreadcrumbList\",\"@id\":\"https:\\\/\\\/granito.ro\\\/en\\\/product\\\/profile-granit-new-halayeb\\\/#breadcrumb\",\"itemListElement\":[{\"@type\":\"ListItem\",\"position\":1,\"name\":\"Prima pagin\u0103\",\"item\":\"https:\\\/\\\/granito.ro\\\/en\\\/\"},{\"@type\":\"ListItem\",\"position\":2,\"name\":\"Materiale\",\"item\":\"https:\\\/\\\/granito.ro\\\/en\\\/materiale\\\/\"},{\"@type\":\"ListItem\",\"position\":3,\"name\":\"Profile Granit New Halayeb\"}]},{\"@type\":\"WebSite\",\"@id\":\"https:\\\/\\\/granito.ro\\\/en\\\/#website\",\"url\":\"https:\\\/\\\/granito.ro\\\/en\\\/\",\"name\":\"Granito\",\"description\":\"\",\"publisher\":{\"@id\":\"https:\\\/\\\/granito.ro\\\/en\\\/#organization\"},\"potentialAction\":[{\"@type\":\"SearchAction\",\"target\":{\"@type\":\"EntryPoint\",\"urlTemplate\":\"https:\\\/\\\/granito.ro\\\/en\\\/?s={search_term_string}\"},\"query-input\":{\"@type\":\"PropertyValueSpecification\",\"valueRequired\":true,\"valueName\":\"search_term_string\"}}],\"inLanguage\":\"en-US\"},{\"@type\":\"Organization\",\"@id\":\"https:\\\/\\\/granito.ro\\\/en\\\/#organization\",\"name\":\"Granito\",\"url\":\"https:\\\/\\\/granito.ro\\\/en\\\/\",\"logo\":{\"@type\":\"ImageObject\",\"inLanguage\":\"en-US\",\"@id\":\"https:\\\/\\\/granito.ro\\\/en\\\/#\\\/schema\\\/logo\\\/image\\\/\",\"url\":\"https:\\\/\\\/granito.ro\\\/en\\\/wp-content\\\/uploads\\\/2024\\\/08\\\/Untitled-1.png\",\"contentUrl\":\"https:\\\/\\\/granito.ro\\\/en\\\/wp-content\\\/uploads\\\/2024\\\/08\\\/Untitled-1.png\",\"width\":500,\"height\":112,\"caption\":\"Granito\"},\"image\":{\"@id\":\"https:\\\/\\\/granito.ro\\\/en\\\/#\\\/schema\\\/logo\\\/image\\\/\"},\"sameAs\":[\"https:\\\/\\\/www.facebook.com\\\/granito.ro\",\"http:\\\/\\\/instagram.com\\\/granito.ro\"]}]}<\/script>\n<!-- \/ Yoast SEO plugin. -->","yoast_head_json":{"title":"Granito","robots":{"index":"index","follow":"follow","max-snippet":"max-snippet:-1","max-image-preview":"max-image-preview:large","max-video-preview":"max-video-preview:-1"},"canonical":"https:\/\/granito.ro\/en\/product\/profile-granit-new-halayeb\/","og_locale":"en_US","og_type":"article","og_title":"Profile Granit New Halayeb - Acasa - Granito","og_description":"Profilele noastre sculptate cu m\u0103iestrie completeaz\u0103 orice spa\u021biu, oferind o elegan\u021b\u0103 atemporal\u0103, fie c\u0103 opta\u021bi pentru un design clasic sau unul modern.  Indiferent de locul \u00een care sunt amplasate, fie c\u0103 e vorba de delimit\u0103ri sau finisaje decorative, profilele noastre se integreaz\u0103 armonios, complet\u00e2nd viziunea estetic\u0103 dorit\u0103.  &nbsp;","og_url":"https:\/\/granito.ro\/en\/product\/profile-granit-new-halayeb\/","og_site_name":"Acasa - Granito","article_publisher":"https:\/\/www.facebook.com\/granito.ro","article_modified_time":"2025-04-24T17:29:01+00:00","og_image":[{"url":"https:\/\/granito.ro\/en\/wp-content\/uploads\/2025\/02\/PROFILE_GRANIT_NEW_HALAYEB.270.png","width":1080,"height":1080,"type":"image\/png"}],"twitter_card":"summary_large_image","schema":{"@context":"https:\/\/schema.org","@graph":[{"@type":"WebPage","@id":"https:\/\/granito.ro\/en\/product\/profile-granit-new-halayeb\/","url":"https:\/\/granito.ro\/en\/product\/profile-granit-new-halayeb\/","name":"Profile Granit New Halayeb - Acasa - Granito","isPartOf":{"@id":"https:\/\/granito.ro\/en\/#website"},"primaryImageOfPage":{"@id":"https:\/\/granito.ro\/en\/product\/profile-granit-new-halayeb\/#primaryimage"},"image":{"@id":"https:\/\/granito.ro\/en\/product\/profile-granit-new-halayeb\/#primaryimage"},"thumbnailUrl":"https:\/\/granito.ro\/en\/wp-content\/uploads\/2025\/02\/PROFILE_GRANIT_NEW_HALAYEB.270.png","datePublished":"2025-02-09T13:19:22+00:00","dateModified":"2025-04-24T17:29:01+00:00","breadcrumb":{"@id":"https:\/\/granito.ro\/en\/product\/profile-granit-new-halayeb\/#breadcrumb"},"inLanguage":"en-US","potentialAction":[{"@type":"ReadAction","target":["https:\/\/granito.ro\/en\/product\/profile-granit-new-halayeb\/"]}]},{"@type":"ImageObject","inLanguage":"en-US","@id":"https:\/\/granito.ro\/en\/product\/profile-granit-new-halayeb\/#primaryimage","url":"https:\/\/granito.ro\/en\/wp-content\/uploads\/2025\/02\/PROFILE_GRANIT_NEW_HALAYEB.270.png","contentUrl":"https:\/\/granito.ro\/en\/wp-content\/uploads\/2025\/02\/PROFILE_GRANIT_NEW_HALAYEB.270.png","width":1080,"height":1080},{"@type":"BreadcrumbList","@id":"https:\/\/granito.ro\/en\/product\/profile-granit-new-halayeb\/#breadcrumb","itemListElement":[{"@type":"ListItem","position":1,"name":"Prima pagin\u0103","item":"https:\/\/granito.ro\/en\/"},{"@type":"ListItem","position":2,"name":"Materiale","item":"https:\/\/granito.ro\/en\/materiale\/"},{"@type":"ListItem","position":3,"name":"Profile Granit New Halayeb"}]},{"@type":"WebSite","@id":"https:\/\/granito.ro\/en\/#website","url":"https:\/\/granito.ro\/en\/","name":"Granito","description":"","publisher":{"@id":"https:\/\/granito.ro\/en\/#organization"},"potentialAction":[{"@type":"SearchAction","target":{"@type":"EntryPoint","urlTemplate":"https:\/\/granito.ro\/en\/?s={search_term_string}"},"query-input":{"@type":"PropertyValueSpecification","valueRequired":true,"valueName":"search_term_string"}}],"inLanguage":"en-US"},{"@type":"Organization","@id":"https:\/\/granito.ro\/en\/#organization","name":"Granito","url":"https:\/\/granito.ro\/en\/","logo":{"@type":"ImageObject","inLanguage":"en-US","@id":"https:\/\/granito.ro\/en\/#\/schema\/logo\/image\/","url":"https:\/\/granito.ro\/en\/wp-content\/uploads\/2024\/08\/Untitled-1.png","contentUrl":"https:\/\/granito.ro\/en\/wp-content\/uploads\/2024\/08\/Untitled-1.png","width":500,"height":112,"caption":"Granito"},"image":{"@id":"https:\/\/granito.ro\/en\/#\/schema\/logo\/image\/"},"sameAs":["https:\/\/www.facebook.com\/granito.ro","http:\/\/instagram.com\/granito.ro"]}]}},"_links":{"self":[{"href":"https:\/\/granito.ro\/en\/wp-json\/wp\/v2\/product\/6663","targetHints":{"allow":["GET"]}}],"collection":[{"href":"https:\/\/granito.ro\/en\/wp-json\/wp\/v2\/product"}],"about":[{"href":"https:\/\/granito.ro\/en\/wp-json\/wp\/v2\/types\/product"}],"wp:featuredmedia":[{"embeddable":true,"href":"https:\/\/granito.ro\/en\/wp-json\/wp\/v2\/media\/6366"}],"wp:attachment":[{"href":"https:\/\/granito.ro\/en\/wp-json\/wp\/v2\/media?parent=6663"}],"wp:term":[{"taxonomy":"product_brand","embeddable":true,"href":"https:\/\/granito.ro\/en\/wp-json\/wp\/v2\/product_brand?post=6663"},{"taxonomy":"product_cat","embeddable":true,"href":"https:\/\/granito.ro\/en\/wp-json\/wp\/v2\/product_cat?post=6663"},{"taxonomy":"product_tag","embeddable":true,"href":"https:\/\/granito.ro\/en\/wp-json\/wp\/v2\/product_tag?post=6663"}],"curies":[{"name":"wp","href":"https:\/\/api.w.org\/{rel}","templated":true}]}}