
{"id":6053,"date":"2025-01-26T11:06:08","date_gmt":"2025-01-26T11:06:08","guid":{"rendered":"https:\/\/granito.ro\/?post_type=product&#038;p=6053"},"modified":"2025-09-01T19:48:05","modified_gmt":"2025-09-01T19:48:05","slug":"placaje-exterior-travertin-clasic-cross-cut","status":"publish","type":"product","link":"https:\/\/granito.ro\/en\/product\/placaje-exterior-travertin-clasic-cross-cut\/","title":{"rendered":"Placaje Exterior Travertin Clasic Cross Cut"},"content":{"rendered":"<p><span style=\"font-weight: 400;\">Travertinul Clasic, cu nuan\u021be calde de crem \u0219i bej \u0219i vene discrete, aduce elegan\u021b\u0103 at\u00e2t interioarelor c\u00e2t \u0219i exterioarelor. Luminos \u0219i versatil, este ideal pentru a crea spa\u021bii relaxante, de la livinguri rafinate la terase \u00eensorite \u0219i cur\u021bi \u00eembietoare.<\/span><\/p>\n<p><span style=\"font-weight: 400;\">Travertinul Cross Cut, prin t\u0103ietura sa transversal\u0103, dezv\u0103luie varia\u021bii subtile de nuan\u021be, conferind interioarelor o c\u0103ldur\u0103 organic\u0103 \u0219i o elegan\u021b\u0103 lini\u0219tit\u0103.<\/span><\/p>\n<p><b>Piatra natural\u0103 prezint\u0103 varia\u021bii de nuan\u021b\u0103, motiv pentru care imaginile de prezentare au un caracter strict informativ \u0219i pot s\u0103 nu reflecte cu exactitate aspectul real al produsului.<\/b><\/p>\n<p><br style=\"font-weight: 400;\" \/><br style=\"font-weight: 400;\" \/><\/p>\n","protected":false},"excerpt":{"rendered":"<p>Placajele de exterior sunt proiectate pentru a face fa\u021b\u0103 condi\u021biilor meteo variate, aduc\u00e2nd durabilitate \u0219i un aspect natural oric\u0103rui proiect. Acestea sunt ideale pentru zone expuse, oferind un design func\u021bional, estetic \u0219i de \u00eencredere.<\/p>\n<p>Disponibile \u00eentr-o varietate de materiale \u0219i configura\u021bii, placajele de exterior pot transforma orice spa\u021biu \u00eentr-un exemplu de rezisten\u021b\u0103 \u0219i stil. De la terase \u0219i fa\u021bade p\u00e2n\u0103 la socluri \u0219i piscine, acestea contribuie la crearea unui ambient echilibrat, durabil \u0219i atr\u0103g\u0103tor.<\/p>\n","protected":false},"featured_media":7702,"template":"","meta":{"_eb_attr":""},"product_brand":[],"product_cat":[211],"product_tag":[212],"class_list":{"0":"post-6053","1":"product","2":"type-product","3":"status-publish","4":"has-post-thumbnail","6":"product_cat-placaje-exterior","7":"product_tag-placaje-exterior","9":"first","10":"outofstock","11":"shipping-taxable","12":"purchasable","13":"product-type-simple"},"yoast_head":"<!-- This site is optimized with the Yoast SEO plugin v27.4 - https:\/\/yoast.com\/product\/yoast-seo-wordpress\/ -->\n<title>Granito<\/title>\n<meta name=\"robots\" content=\"index, follow, max-snippet:-1, max-image-preview:large, max-video-preview:-1\" \/>\n<link rel=\"canonical\" href=\"https:\/\/granito.ro\/en\/product\/placaje-exterior-travertin-clasic-cross-cut\/\" \/>\n<meta property=\"og:locale\" content=\"en_US\" \/>\n<meta property=\"og:type\" content=\"article\" \/>\n<meta property=\"og:title\" content=\"Placaje Exterior Travertin Clasic Cross Cut - Acasa - Granito\" \/>\n<meta property=\"og:description\" content=\"Placajele de exterior sunt proiectate pentru a face fa\u021b\u0103 condi\u021biilor meteo variate, aduc\u00e2nd durabilitate \u0219i un aspect natural oric\u0103rui proiect. Acestea sunt ideale pentru zone expuse, oferind un design func\u021bional, estetic \u0219i de \u00eencredere.  Disponibile \u00eentr-o varietate de materiale \u0219i configura\u021bii, placajele de exterior pot transforma orice spa\u021biu \u00eentr-un exemplu de rezisten\u021b\u0103 \u0219i stil. De la terase \u0219i fa\u021bade p\u00e2n\u0103 la socluri \u0219i piscine, acestea contribuie la crearea unui ambient echilibrat, durabil \u0219i atr\u0103g\u0103tor.\" \/>\n<meta property=\"og:url\" content=\"https:\/\/granito.ro\/en\/product\/placaje-exterior-travertin-clasic-cross-cut\/\" \/>\n<meta property=\"og:site_name\" content=\"Acasa - Granito\" \/>\n<meta property=\"article:publisher\" content=\"https:\/\/www.facebook.com\/granito.ro\" \/>\n<meta property=\"article:modified_time\" content=\"2025-09-01T19:48:05+00:00\" \/>\n<meta property=\"og:image\" content=\"https:\/\/granito.ro\/en\/wp-content\/uploads\/2025\/04\/TRAVERTIN_CLASSIC_CROSS_CUT_FREE-LENGTH_PAVING1.png\" \/>\n\t<meta property=\"og:image:width\" content=\"1080\" \/>\n\t<meta property=\"og:image:height\" content=\"1080\" \/>\n\t<meta property=\"og:image:type\" content=\"image\/png\" \/>\n<meta name=\"twitter:card\" content=\"summary_large_image\" \/>\n<meta name=\"twitter:label1\" content=\"Est. reading time\" \/>\n\t<meta name=\"twitter:data1\" content=\"1 minute\" \/>\n<script type=\"application\/ld+json\" class=\"yoast-schema-graph\">{\"@context\":\"https:\\\/\\\/schema.org\",\"@graph\":[{\"@type\":\"WebPage\",\"@id\":\"https:\\\/\\\/granito.ro\\\/en\\\/product\\\/placaje-exterior-travertin-clasic-cross-cut\\\/\",\"url\":\"https:\\\/\\\/granito.ro\\\/en\\\/product\\\/placaje-exterior-travertin-clasic-cross-cut\\\/\",\"name\":\"Placaje Exterior Travertin Clasic Cross Cut - Acasa - Granito\",\"isPartOf\":{\"@id\":\"https:\\\/\\\/granito.ro\\\/en\\\/#website\"},\"primaryImageOfPage\":{\"@id\":\"https:\\\/\\\/granito.ro\\\/en\\\/product\\\/placaje-exterior-travertin-clasic-cross-cut\\\/#primaryimage\"},\"image\":{\"@id\":\"https:\\\/\\\/granito.ro\\\/en\\\/product\\\/placaje-exterior-travertin-clasic-cross-cut\\\/#primaryimage\"},\"thumbnailUrl\":\"https:\\\/\\\/granito.ro\\\/en\\\/wp-content\\\/uploads\\\/2025\\\/04\\\/TRAVERTIN_CLASSIC_CROSS_CUT_FREE-LENGTH_PAVING1.png\",\"datePublished\":\"2025-01-26T11:06:08+00:00\",\"dateModified\":\"2025-09-01T19:48:05+00:00\",\"breadcrumb\":{\"@id\":\"https:\\\/\\\/granito.ro\\\/en\\\/product\\\/placaje-exterior-travertin-clasic-cross-cut\\\/#breadcrumb\"},\"inLanguage\":\"en-US\",\"potentialAction\":[{\"@type\":\"ReadAction\",\"target\":[\"https:\\\/\\\/granito.ro\\\/en\\\/product\\\/placaje-exterior-travertin-clasic-cross-cut\\\/\"]}]},{\"@type\":\"ImageObject\",\"inLanguage\":\"en-US\",\"@id\":\"https:\\\/\\\/granito.ro\\\/en\\\/product\\\/placaje-exterior-travertin-clasic-cross-cut\\\/#primaryimage\",\"url\":\"https:\\\/\\\/granito.ro\\\/en\\\/wp-content\\\/uploads\\\/2025\\\/04\\\/TRAVERTIN_CLASSIC_CROSS_CUT_FREE-LENGTH_PAVING1.png\",\"contentUrl\":\"https:\\\/\\\/granito.ro\\\/en\\\/wp-content\\\/uploads\\\/2025\\\/04\\\/TRAVERTIN_CLASSIC_CROSS_CUT_FREE-LENGTH_PAVING1.png\",\"width\":1080,\"height\":1080},{\"@type\":\"BreadcrumbList\",\"@id\":\"https:\\\/\\\/granito.ro\\\/en\\\/product\\\/placaje-exterior-travertin-clasic-cross-cut\\\/#breadcrumb\",\"itemListElement\":[{\"@type\":\"ListItem\",\"position\":1,\"name\":\"Prima pagin\u0103\",\"item\":\"https:\\\/\\\/granito.ro\\\/en\\\/\"},{\"@type\":\"ListItem\",\"position\":2,\"name\":\"Materiale\",\"item\":\"https:\\\/\\\/granito.ro\\\/en\\\/materiale\\\/\"},{\"@type\":\"ListItem\",\"position\":3,\"name\":\"Placaje Exterior Travertin Clasic Cross Cut\"}]},{\"@type\":\"WebSite\",\"@id\":\"https:\\\/\\\/granito.ro\\\/en\\\/#website\",\"url\":\"https:\\\/\\\/granito.ro\\\/en\\\/\",\"name\":\"Granito\",\"description\":\"\",\"publisher\":{\"@id\":\"https:\\\/\\\/granito.ro\\\/en\\\/#organization\"},\"potentialAction\":[{\"@type\":\"SearchAction\",\"target\":{\"@type\":\"EntryPoint\",\"urlTemplate\":\"https:\\\/\\\/granito.ro\\\/en\\\/?s={search_term_string}\"},\"query-input\":{\"@type\":\"PropertyValueSpecification\",\"valueRequired\":true,\"valueName\":\"search_term_string\"}}],\"inLanguage\":\"en-US\"},{\"@type\":\"Organization\",\"@id\":\"https:\\\/\\\/granito.ro\\\/en\\\/#organization\",\"name\":\"Granito\",\"url\":\"https:\\\/\\\/granito.ro\\\/en\\\/\",\"logo\":{\"@type\":\"ImageObject\",\"inLanguage\":\"en-US\",\"@id\":\"https:\\\/\\\/granito.ro\\\/en\\\/#\\\/schema\\\/logo\\\/image\\\/\",\"url\":\"https:\\\/\\\/granito.ro\\\/en\\\/wp-content\\\/uploads\\\/2024\\\/08\\\/Untitled-1.png\",\"contentUrl\":\"https:\\\/\\\/granito.ro\\\/en\\\/wp-content\\\/uploads\\\/2024\\\/08\\\/Untitled-1.png\",\"width\":500,\"height\":112,\"caption\":\"Granito\"},\"image\":{\"@id\":\"https:\\\/\\\/granito.ro\\\/en\\\/#\\\/schema\\\/logo\\\/image\\\/\"},\"sameAs\":[\"https:\\\/\\\/www.facebook.com\\\/granito.ro\",\"http:\\\/\\\/instagram.com\\\/granito.ro\"]}]}<\/script>\n<!-- \/ Yoast SEO plugin. -->","yoast_head_json":{"title":"Granito","robots":{"index":"index","follow":"follow","max-snippet":"max-snippet:-1","max-image-preview":"max-image-preview:large","max-video-preview":"max-video-preview:-1"},"canonical":"https:\/\/granito.ro\/en\/product\/placaje-exterior-travertin-clasic-cross-cut\/","og_locale":"en_US","og_type":"article","og_title":"Placaje Exterior Travertin Clasic Cross Cut - Acasa - Granito","og_description":"Placajele de exterior sunt proiectate pentru a face fa\u021b\u0103 condi\u021biilor meteo variate, aduc\u00e2nd durabilitate \u0219i un aspect natural oric\u0103rui proiect. Acestea sunt ideale pentru zone expuse, oferind un design func\u021bional, estetic \u0219i de \u00eencredere.  Disponibile \u00eentr-o varietate de materiale \u0219i configura\u021bii, placajele de exterior pot transforma orice spa\u021biu \u00eentr-un exemplu de rezisten\u021b\u0103 \u0219i stil. De la terase \u0219i fa\u021bade p\u00e2n\u0103 la socluri \u0219i piscine, acestea contribuie la crearea unui ambient echilibrat, durabil \u0219i atr\u0103g\u0103tor.","og_url":"https:\/\/granito.ro\/en\/product\/placaje-exterior-travertin-clasic-cross-cut\/","og_site_name":"Acasa - Granito","article_publisher":"https:\/\/www.facebook.com\/granito.ro","article_modified_time":"2025-09-01T19:48:05+00:00","og_image":[{"url":"https:\/\/granito.ro\/en\/wp-content\/uploads\/2025\/04\/TRAVERTIN_CLASSIC_CROSS_CUT_FREE-LENGTH_PAVING1.png","width":1080,"height":1080,"type":"image\/png"}],"twitter_card":"summary_large_image","twitter_misc":{"Est. reading time":"1 minute"},"schema":{"@context":"https:\/\/schema.org","@graph":[{"@type":"WebPage","@id":"https:\/\/granito.ro\/en\/product\/placaje-exterior-travertin-clasic-cross-cut\/","url":"https:\/\/granito.ro\/en\/product\/placaje-exterior-travertin-clasic-cross-cut\/","name":"Placaje Exterior Travertin Clasic Cross Cut - Acasa - Granito","isPartOf":{"@id":"https:\/\/granito.ro\/en\/#website"},"primaryImageOfPage":{"@id":"https:\/\/granito.ro\/en\/product\/placaje-exterior-travertin-clasic-cross-cut\/#primaryimage"},"image":{"@id":"https:\/\/granito.ro\/en\/product\/placaje-exterior-travertin-clasic-cross-cut\/#primaryimage"},"thumbnailUrl":"https:\/\/granito.ro\/en\/wp-content\/uploads\/2025\/04\/TRAVERTIN_CLASSIC_CROSS_CUT_FREE-LENGTH_PAVING1.png","datePublished":"2025-01-26T11:06:08+00:00","dateModified":"2025-09-01T19:48:05+00:00","breadcrumb":{"@id":"https:\/\/granito.ro\/en\/product\/placaje-exterior-travertin-clasic-cross-cut\/#breadcrumb"},"inLanguage":"en-US","potentialAction":[{"@type":"ReadAction","target":["https:\/\/granito.ro\/en\/product\/placaje-exterior-travertin-clasic-cross-cut\/"]}]},{"@type":"ImageObject","inLanguage":"en-US","@id":"https:\/\/granito.ro\/en\/product\/placaje-exterior-travertin-clasic-cross-cut\/#primaryimage","url":"https:\/\/granito.ro\/en\/wp-content\/uploads\/2025\/04\/TRAVERTIN_CLASSIC_CROSS_CUT_FREE-LENGTH_PAVING1.png","contentUrl":"https:\/\/granito.ro\/en\/wp-content\/uploads\/2025\/04\/TRAVERTIN_CLASSIC_CROSS_CUT_FREE-LENGTH_PAVING1.png","width":1080,"height":1080},{"@type":"BreadcrumbList","@id":"https:\/\/granito.ro\/en\/product\/placaje-exterior-travertin-clasic-cross-cut\/#breadcrumb","itemListElement":[{"@type":"ListItem","position":1,"name":"Prima pagin\u0103","item":"https:\/\/granito.ro\/en\/"},{"@type":"ListItem","position":2,"name":"Materiale","item":"https:\/\/granito.ro\/en\/materiale\/"},{"@type":"ListItem","position":3,"name":"Placaje Exterior Travertin Clasic Cross Cut"}]},{"@type":"WebSite","@id":"https:\/\/granito.ro\/en\/#website","url":"https:\/\/granito.ro\/en\/","name":"Granito","description":"","publisher":{"@id":"https:\/\/granito.ro\/en\/#organization"},"potentialAction":[{"@type":"SearchAction","target":{"@type":"EntryPoint","urlTemplate":"https:\/\/granito.ro\/en\/?s={search_term_string}"},"query-input":{"@type":"PropertyValueSpecification","valueRequired":true,"valueName":"search_term_string"}}],"inLanguage":"en-US"},{"@type":"Organization","@id":"https:\/\/granito.ro\/en\/#organization","name":"Granito","url":"https:\/\/granito.ro\/en\/","logo":{"@type":"ImageObject","inLanguage":"en-US","@id":"https:\/\/granito.ro\/en\/#\/schema\/logo\/image\/","url":"https:\/\/granito.ro\/en\/wp-content\/uploads\/2024\/08\/Untitled-1.png","contentUrl":"https:\/\/granito.ro\/en\/wp-content\/uploads\/2024\/08\/Untitled-1.png","width":500,"height":112,"caption":"Granito"},"image":{"@id":"https:\/\/granito.ro\/en\/#\/schema\/logo\/image\/"},"sameAs":["https:\/\/www.facebook.com\/granito.ro","http:\/\/instagram.com\/granito.ro"]}]}},"_links":{"self":[{"href":"https:\/\/granito.ro\/en\/wp-json\/wp\/v2\/product\/6053","targetHints":{"allow":["GET"]}}],"collection":[{"href":"https:\/\/granito.ro\/en\/wp-json\/wp\/v2\/product"}],"about":[{"href":"https:\/\/granito.ro\/en\/wp-json\/wp\/v2\/types\/product"}],"wp:featuredmedia":[{"embeddable":true,"href":"https:\/\/granito.ro\/en\/wp-json\/wp\/v2\/media\/7702"}],"wp:attachment":[{"href":"https:\/\/granito.ro\/en\/wp-json\/wp\/v2\/media?parent=6053"}],"wp:term":[{"taxonomy":"product_brand","embeddable":true,"href":"https:\/\/granito.ro\/en\/wp-json\/wp\/v2\/product_brand?post=6053"},{"taxonomy":"product_cat","embeddable":true,"href":"https:\/\/granito.ro\/en\/wp-json\/wp\/v2\/product_cat?post=6053"},{"taxonomy":"product_tag","embeddable":true,"href":"https:\/\/granito.ro\/en\/wp-json\/wp\/v2\/product_tag?post=6053"}],"curies":[{"name":"wp","href":"https:\/\/api.w.org\/{rel}","templated":true}]}}