
{"id":6030,"date":"2025-01-25T21:25:15","date_gmt":"2025-01-25T21:25:15","guid":{"rendered":"https:\/\/granito.ro\/?post_type=product&#038;p=6030"},"modified":"2025-09-01T19:59:34","modified_gmt":"2025-09-01T19:59:34","slug":"placaj-60x30-clasic","status":"publish","type":"product","link":"https:\/\/granito.ro\/en\/product\/placaj-60x30-clasic\/","title":{"rendered":"Placaj 60&#215;30 Clasic"},"content":{"rendered":"<p>Placajul 60&#215;30 clasic, montat liniar \u0219i drept, ofer\u0103 un aspect curat \u0219i organizat, fiind ideal pentru cei care apreciaz\u0103 ordinea \u0219i simetria \u00een design. Rosturile precise creeaz\u0103 o suprafa\u021b\u0103 uniform\u0103, accentu\u00e2nd frumuse\u021bea natural\u0103 a materialului utilizat.<\/p>\n<p>Acest stil de montaj este perfect pentru proiecte care doresc s\u0103 transmit\u0103 elegan\u021b\u0103 \u0219i simplitate, f\u0103r\u0103 a compromite func\u021bionalitatea. Placajul 60&#215;30 clasic se integreaz\u0103 u\u0219or at\u00e2t \u00een spa\u021biile moderne, c\u00e2t \u0219i \u00een cele tradi\u021bionale, ad\u0103ug\u00e2nd un plus de valoare estetic\u0103 fiec\u0103rui proiect.<\/p>\n<p><b>Piatra natural\u0103 prezint\u0103 varia\u021bii de nuan\u021b\u0103, motiv pentru care imaginile de prezentare au un caracter strict informativ \u0219i pot s\u0103 nu reflecte cu exactitate aspectul real al produsului.<\/b><\/p>\n<p><br style=\"font-weight: 400;\" \/><br style=\"font-weight: 400;\" \/><\/p>\n","protected":false},"excerpt":{"rendered":"<p>Placajul 60&#215;30 este apreciat pentru propor\u021biile sale echilibrate, unde lungimea este exact dublul l\u0103\u021bimii, oferind o estetic\u0103 uniform\u0103 \u0219i versatilitate \u00een montaj. Dimensiunile precise \u00eel fac u\u0219or de integrat \u00een diverse proiecte, aduc\u00e2nd at\u00e2t func\u021bionalitate, c\u00e2t \u0219i elegan\u021b\u0103.<\/p>\n<p>Acest tip de placaj este ideal pentru crearea unor suprafe\u021be armonioase \u0219i bine definite, fie c\u0103 este utilizat \u00een spa\u021bii interioare sau exterioare. Disponibil \u00eentr-o selec\u021bie variat\u0103 de materiale naturale, placajul 60&#215;30 adaug\u0103 valoare \u0219i stil oric\u0103rui design.<\/p>\n","protected":false},"featured_media":7161,"template":"","meta":{"_eb_attr":""},"product_brand":[],"product_cat":[216],"product_tag":[217],"class_list":{"0":"post-6030","1":"product","2":"type-product","3":"status-publish","4":"has-post-thumbnail","6":"product_cat-placaje-cu-model","7":"product_tag-placaje-cu-model","9":"first","10":"outofstock","11":"shipping-taxable","12":"purchasable","13":"product-type-simple"},"yoast_head":"<!-- This site is optimized with the Yoast SEO plugin v27.4 - https:\/\/yoast.com\/product\/yoast-seo-wordpress\/ -->\n<title>Granito<\/title>\n<meta name=\"robots\" content=\"index, follow, max-snippet:-1, max-image-preview:large, max-video-preview:-1\" \/>\n<link rel=\"canonical\" href=\"https:\/\/granito.ro\/en\/product\/placaj-60x30-clasic\/\" \/>\n<meta property=\"og:locale\" content=\"en_US\" \/>\n<meta property=\"og:type\" content=\"article\" \/>\n<meta property=\"og:title\" content=\"Placaj 60x30 Clasic - Acasa - Granito\" \/>\n<meta property=\"og:description\" content=\"Placajul 60x30 este apreciat pentru propor\u021biile sale echilibrate, unde lungimea este exact dublul l\u0103\u021bimii, oferind o estetic\u0103 uniform\u0103 \u0219i versatilitate \u00een montaj. Dimensiunile precise \u00eel fac u\u0219or de integrat \u00een diverse proiecte, aduc\u00e2nd at\u00e2t func\u021bionalitate, c\u00e2t \u0219i elegan\u021b\u0103.  Acest tip de placaj este ideal pentru crearea unor suprafe\u021be armonioase \u0219i bine definite, fie c\u0103 este utilizat \u00een spa\u021bii interioare sau exterioare. Disponibil \u00eentr-o selec\u021bie variat\u0103 de materiale naturale, placajul 60x30 adaug\u0103 valoare \u0219i stil oric\u0103rui design.\" \/>\n<meta property=\"og:url\" content=\"https:\/\/granito.ro\/en\/product\/placaj-60x30-clasic\/\" \/>\n<meta property=\"og:site_name\" content=\"Acasa - Granito\" \/>\n<meta property=\"article:publisher\" content=\"https:\/\/www.facebook.com\/granito.ro\" \/>\n<meta property=\"article:modified_time\" content=\"2025-09-01T19:59:34+00:00\" \/>\n<meta property=\"og:image\" content=\"https:\/\/granito.ro\/en\/wp-content\/uploads\/2025\/04\/PLAQUE_CLASSIC_GRANIT_IVORY_BROWN.019-LIGHT-768x768.png\" \/>\n\t<meta property=\"og:image:width\" content=\"768\" \/>\n\t<meta property=\"og:image:height\" content=\"768\" \/>\n\t<meta property=\"og:image:type\" content=\"image\/png\" \/>\n<meta name=\"twitter:card\" content=\"summary_large_image\" \/>\n<meta name=\"twitter:label1\" content=\"Est. reading time\" \/>\n\t<meta name=\"twitter:data1\" content=\"1 minute\" \/>\n<script type=\"application\/ld+json\" class=\"yoast-schema-graph\">{\"@context\":\"https:\\\/\\\/schema.org\",\"@graph\":[{\"@type\":\"WebPage\",\"@id\":\"https:\\\/\\\/granito.ro\\\/en\\\/product\\\/placaj-60x30-clasic\\\/\",\"url\":\"https:\\\/\\\/granito.ro\\\/en\\\/product\\\/placaj-60x30-clasic\\\/\",\"name\":\"Placaj 60x30 Clasic - Acasa - Granito\",\"isPartOf\":{\"@id\":\"https:\\\/\\\/granito.ro\\\/en\\\/#website\"},\"primaryImageOfPage\":{\"@id\":\"https:\\\/\\\/granito.ro\\\/en\\\/product\\\/placaj-60x30-clasic\\\/#primaryimage\"},\"image\":{\"@id\":\"https:\\\/\\\/granito.ro\\\/en\\\/product\\\/placaj-60x30-clasic\\\/#primaryimage\"},\"thumbnailUrl\":\"https:\\\/\\\/granito.ro\\\/en\\\/wp-content\\\/uploads\\\/2025\\\/04\\\/PLAQUE_CLASSIC_GRANIT_IVORY_BROWN.019-LIGHT.png\",\"datePublished\":\"2025-01-25T21:25:15+00:00\",\"dateModified\":\"2025-09-01T19:59:34+00:00\",\"breadcrumb\":{\"@id\":\"https:\\\/\\\/granito.ro\\\/en\\\/product\\\/placaj-60x30-clasic\\\/#breadcrumb\"},\"inLanguage\":\"en-US\",\"potentialAction\":[{\"@type\":\"ReadAction\",\"target\":[\"https:\\\/\\\/granito.ro\\\/en\\\/product\\\/placaj-60x30-clasic\\\/\"]}]},{\"@type\":\"ImageObject\",\"inLanguage\":\"en-US\",\"@id\":\"https:\\\/\\\/granito.ro\\\/en\\\/product\\\/placaj-60x30-clasic\\\/#primaryimage\",\"url\":\"https:\\\/\\\/granito.ro\\\/en\\\/wp-content\\\/uploads\\\/2025\\\/04\\\/PLAQUE_CLASSIC_GRANIT_IVORY_BROWN.019-LIGHT.png\",\"contentUrl\":\"https:\\\/\\\/granito.ro\\\/en\\\/wp-content\\\/uploads\\\/2025\\\/04\\\/PLAQUE_CLASSIC_GRANIT_IVORY_BROWN.019-LIGHT.png\",\"width\":1920,\"height\":1920},{\"@type\":\"BreadcrumbList\",\"@id\":\"https:\\\/\\\/granito.ro\\\/en\\\/product\\\/placaj-60x30-clasic\\\/#breadcrumb\",\"itemListElement\":[{\"@type\":\"ListItem\",\"position\":1,\"name\":\"Prima pagin\u0103\",\"item\":\"https:\\\/\\\/granito.ro\\\/en\\\/\"},{\"@type\":\"ListItem\",\"position\":2,\"name\":\"Materiale\",\"item\":\"https:\\\/\\\/granito.ro\\\/en\\\/materiale\\\/\"},{\"@type\":\"ListItem\",\"position\":3,\"name\":\"Placaj 60&#215;30 Clasic\"}]},{\"@type\":\"WebSite\",\"@id\":\"https:\\\/\\\/granito.ro\\\/en\\\/#website\",\"url\":\"https:\\\/\\\/granito.ro\\\/en\\\/\",\"name\":\"Granito\",\"description\":\"\",\"publisher\":{\"@id\":\"https:\\\/\\\/granito.ro\\\/en\\\/#organization\"},\"potentialAction\":[{\"@type\":\"SearchAction\",\"target\":{\"@type\":\"EntryPoint\",\"urlTemplate\":\"https:\\\/\\\/granito.ro\\\/en\\\/?s={search_term_string}\"},\"query-input\":{\"@type\":\"PropertyValueSpecification\",\"valueRequired\":true,\"valueName\":\"search_term_string\"}}],\"inLanguage\":\"en-US\"},{\"@type\":\"Organization\",\"@id\":\"https:\\\/\\\/granito.ro\\\/en\\\/#organization\",\"name\":\"Granito\",\"url\":\"https:\\\/\\\/granito.ro\\\/en\\\/\",\"logo\":{\"@type\":\"ImageObject\",\"inLanguage\":\"en-US\",\"@id\":\"https:\\\/\\\/granito.ro\\\/en\\\/#\\\/schema\\\/logo\\\/image\\\/\",\"url\":\"https:\\\/\\\/granito.ro\\\/en\\\/wp-content\\\/uploads\\\/2024\\\/08\\\/Untitled-1.png\",\"contentUrl\":\"https:\\\/\\\/granito.ro\\\/en\\\/wp-content\\\/uploads\\\/2024\\\/08\\\/Untitled-1.png\",\"width\":500,\"height\":112,\"caption\":\"Granito\"},\"image\":{\"@id\":\"https:\\\/\\\/granito.ro\\\/en\\\/#\\\/schema\\\/logo\\\/image\\\/\"},\"sameAs\":[\"https:\\\/\\\/www.facebook.com\\\/granito.ro\",\"http:\\\/\\\/instagram.com\\\/granito.ro\"]}]}<\/script>\n<!-- \/ Yoast SEO plugin. -->","yoast_head_json":{"title":"Granito","robots":{"index":"index","follow":"follow","max-snippet":"max-snippet:-1","max-image-preview":"max-image-preview:large","max-video-preview":"max-video-preview:-1"},"canonical":"https:\/\/granito.ro\/en\/product\/placaj-60x30-clasic\/","og_locale":"en_US","og_type":"article","og_title":"Placaj 60x30 Clasic - Acasa - Granito","og_description":"Placajul 60x30 este apreciat pentru propor\u021biile sale echilibrate, unde lungimea este exact dublul l\u0103\u021bimii, oferind o estetic\u0103 uniform\u0103 \u0219i versatilitate \u00een montaj. Dimensiunile precise \u00eel fac u\u0219or de integrat \u00een diverse proiecte, aduc\u00e2nd at\u00e2t func\u021bionalitate, c\u00e2t \u0219i elegan\u021b\u0103.  Acest tip de placaj este ideal pentru crearea unor suprafe\u021be armonioase \u0219i bine definite, fie c\u0103 este utilizat \u00een spa\u021bii interioare sau exterioare. Disponibil \u00eentr-o selec\u021bie variat\u0103 de materiale naturale, placajul 60x30 adaug\u0103 valoare \u0219i stil oric\u0103rui design.","og_url":"https:\/\/granito.ro\/en\/product\/placaj-60x30-clasic\/","og_site_name":"Acasa - Granito","article_publisher":"https:\/\/www.facebook.com\/granito.ro","article_modified_time":"2025-09-01T19:59:34+00:00","og_image":[{"width":768,"height":768,"url":"https:\/\/granito.ro\/en\/wp-content\/uploads\/2025\/04\/PLAQUE_CLASSIC_GRANIT_IVORY_BROWN.019-LIGHT-768x768.png","type":"image\/png"}],"twitter_card":"summary_large_image","twitter_misc":{"Est. reading time":"1 minute"},"schema":{"@context":"https:\/\/schema.org","@graph":[{"@type":"WebPage","@id":"https:\/\/granito.ro\/en\/product\/placaj-60x30-clasic\/","url":"https:\/\/granito.ro\/en\/product\/placaj-60x30-clasic\/","name":"Placaj 60x30 Clasic - Acasa - Granito","isPartOf":{"@id":"https:\/\/granito.ro\/en\/#website"},"primaryImageOfPage":{"@id":"https:\/\/granito.ro\/en\/product\/placaj-60x30-clasic\/#primaryimage"},"image":{"@id":"https:\/\/granito.ro\/en\/product\/placaj-60x30-clasic\/#primaryimage"},"thumbnailUrl":"https:\/\/granito.ro\/en\/wp-content\/uploads\/2025\/04\/PLAQUE_CLASSIC_GRANIT_IVORY_BROWN.019-LIGHT.png","datePublished":"2025-01-25T21:25:15+00:00","dateModified":"2025-09-01T19:59:34+00:00","breadcrumb":{"@id":"https:\/\/granito.ro\/en\/product\/placaj-60x30-clasic\/#breadcrumb"},"inLanguage":"en-US","potentialAction":[{"@type":"ReadAction","target":["https:\/\/granito.ro\/en\/product\/placaj-60x30-clasic\/"]}]},{"@type":"ImageObject","inLanguage":"en-US","@id":"https:\/\/granito.ro\/en\/product\/placaj-60x30-clasic\/#primaryimage","url":"https:\/\/granito.ro\/en\/wp-content\/uploads\/2025\/04\/PLAQUE_CLASSIC_GRANIT_IVORY_BROWN.019-LIGHT.png","contentUrl":"https:\/\/granito.ro\/en\/wp-content\/uploads\/2025\/04\/PLAQUE_CLASSIC_GRANIT_IVORY_BROWN.019-LIGHT.png","width":1920,"height":1920},{"@type":"BreadcrumbList","@id":"https:\/\/granito.ro\/en\/product\/placaj-60x30-clasic\/#breadcrumb","itemListElement":[{"@type":"ListItem","position":1,"name":"Prima pagin\u0103","item":"https:\/\/granito.ro\/en\/"},{"@type":"ListItem","position":2,"name":"Materiale","item":"https:\/\/granito.ro\/en\/materiale\/"},{"@type":"ListItem","position":3,"name":"Placaj 60&#215;30 Clasic"}]},{"@type":"WebSite","@id":"https:\/\/granito.ro\/en\/#website","url":"https:\/\/granito.ro\/en\/","name":"Granito","description":"","publisher":{"@id":"https:\/\/granito.ro\/en\/#organization"},"potentialAction":[{"@type":"SearchAction","target":{"@type":"EntryPoint","urlTemplate":"https:\/\/granito.ro\/en\/?s={search_term_string}"},"query-input":{"@type":"PropertyValueSpecification","valueRequired":true,"valueName":"search_term_string"}}],"inLanguage":"en-US"},{"@type":"Organization","@id":"https:\/\/granito.ro\/en\/#organization","name":"Granito","url":"https:\/\/granito.ro\/en\/","logo":{"@type":"ImageObject","inLanguage":"en-US","@id":"https:\/\/granito.ro\/en\/#\/schema\/logo\/image\/","url":"https:\/\/granito.ro\/en\/wp-content\/uploads\/2024\/08\/Untitled-1.png","contentUrl":"https:\/\/granito.ro\/en\/wp-content\/uploads\/2024\/08\/Untitled-1.png","width":500,"height":112,"caption":"Granito"},"image":{"@id":"https:\/\/granito.ro\/en\/#\/schema\/logo\/image\/"},"sameAs":["https:\/\/www.facebook.com\/granito.ro","http:\/\/instagram.com\/granito.ro"]}]}},"_links":{"self":[{"href":"https:\/\/granito.ro\/en\/wp-json\/wp\/v2\/product\/6030","targetHints":{"allow":["GET"]}}],"collection":[{"href":"https:\/\/granito.ro\/en\/wp-json\/wp\/v2\/product"}],"about":[{"href":"https:\/\/granito.ro\/en\/wp-json\/wp\/v2\/types\/product"}],"wp:featuredmedia":[{"embeddable":true,"href":"https:\/\/granito.ro\/en\/wp-json\/wp\/v2\/media\/7161"}],"wp:attachment":[{"href":"https:\/\/granito.ro\/en\/wp-json\/wp\/v2\/media?parent=6030"}],"wp:term":[{"taxonomy":"product_brand","embeddable":true,"href":"https:\/\/granito.ro\/en\/wp-json\/wp\/v2\/product_brand?post=6030"},{"taxonomy":"product_cat","embeddable":true,"href":"https:\/\/granito.ro\/en\/wp-json\/wp\/v2\/product_cat?post=6030"},{"taxonomy":"product_tag","embeddable":true,"href":"https:\/\/granito.ro\/en\/wp-json\/wp\/v2\/product_tag?post=6030"}],"curies":[{"name":"wp","href":"https:\/\/api.w.org\/{rel}","templated":true}]}}