
{"id":6028,"date":"2025-01-25T20:55:47","date_gmt":"2025-01-25T20:55:47","guid":{"rendered":"https:\/\/granito.ro\/?post_type=product&#038;p=6028"},"modified":"2025-09-01T19:59:16","modified_gmt":"2025-09-01T19:59:16","slug":"placaj-tip-tesut-3x3","status":"publish","type":"product","link":"https:\/\/granito.ro\/en\/product\/placaj-tip-tesut-3x3\/","title":{"rendered":"Placaj tip \u021aesut 3&#215;3"},"content":{"rendered":"<p>Placajul tip \u021besut 3&#215;3 impresioneaz\u0103 prin dinamica sa unic\u0103, creat\u0103 de alternarea segmentelor \u00een seturi de 3 piese. Aceast\u0103 compozi\u021bie confer\u0103 spa\u021biului o textur\u0103 mai dens\u0103 \u0219i un aspect organizat, aduc\u00e2nd un echilibru \u00eentre estetic\u0103 \u0219i func\u021bionalitate.<\/p>\n<p>Modelul 3&#215;3 permite utilizarea unui singur material pentru un finisaj unitar sau a combina\u021biilor de materiale pentru un contrast vizual captivant. Este alegerea perfect\u0103 pentru proiecte ce necesit\u0103 un impact vizual amplificat \u0219i o senza\u021bie de armonie.<\/p>\n<p><b>Piatra natural\u0103 prezint\u0103 varia\u021bii de nuan\u021b\u0103, motiv pentru care imaginile de prezentare au un caracter strict informativ \u0219i pot s\u0103 nu reflecte cu exactitate aspectul real al produsului.<\/b><\/p>\n<p><br style=\"font-weight: 400;\" \/><br style=\"font-weight: 400;\" \/><\/p>\n","protected":false},"excerpt":{"rendered":"<p>Placajul tip \u021besut este o alegere elegant\u0103 \u0219i func\u021bional\u0103 pentru amenaj\u0103ri interioare \u0219i exterioare, caracterizat prin aranjamentul distinct al pl\u0103cilor \u00een seturi bine definite. Fiecare plac\u0103 este t\u0103iat\u0103 \u00een dimensiuni identice, oferind un aspect uniform \u0219i un model deosebit.<\/p>\n<p>Acest tip de placaj creeaz\u0103 o suprafa\u021b\u0103 echilibrat\u0103 \u0219i atractiv\u0103, potrivit\u0103 pentru proiecte care necesit\u0103 at\u00e2t durabilitate, c\u00e2t \u0219i estetic\u0103. Dispunerea pl\u0103cilor \u00een structuri organizate adaug\u0103 profunzime \u0219i detalii vizuale impresionante oric\u0103rui spa\u021biu.<\/p>\n","protected":false},"featured_media":7440,"template":"","meta":{"_eb_attr":""},"product_brand":[],"product_cat":[216],"product_tag":[217],"class_list":{"0":"post-6028","1":"product","2":"type-product","3":"status-publish","4":"has-post-thumbnail","6":"product_cat-placaje-cu-model","7":"product_tag-placaje-cu-model","9":"first","10":"outofstock","11":"shipping-taxable","12":"purchasable","13":"product-type-simple"},"yoast_head":"<!-- This site is optimized with the Yoast SEO plugin v27.4 - https:\/\/yoast.com\/product\/yoast-seo-wordpress\/ -->\n<title>Granito<\/title>\n<meta name=\"robots\" content=\"index, follow, max-snippet:-1, max-image-preview:large, max-video-preview:-1\" \/>\n<link rel=\"canonical\" href=\"https:\/\/granito.ro\/en\/product\/placaj-tip-tesut-3x3\/\" \/>\n<meta property=\"og:locale\" content=\"en_US\" \/>\n<meta property=\"og:type\" content=\"article\" \/>\n<meta property=\"og:title\" content=\"Placaj tip \u021aesut 3x3 - Acasa - Granito\" \/>\n<meta property=\"og:description\" content=\"Placajul tip \u021besut este o alegere elegant\u0103 \u0219i func\u021bional\u0103 pentru amenaj\u0103ri interioare \u0219i exterioare, caracterizat prin aranjamentul distinct al pl\u0103cilor \u00een seturi bine definite. Fiecare plac\u0103 este t\u0103iat\u0103 \u00een dimensiuni identice, oferind un aspect uniform \u0219i un model deosebit.  Acest tip de placaj creeaz\u0103 o suprafa\u021b\u0103 echilibrat\u0103 \u0219i atractiv\u0103, potrivit\u0103 pentru proiecte care necesit\u0103 at\u00e2t durabilitate, c\u00e2t \u0219i estetic\u0103. Dispunerea pl\u0103cilor \u00een structuri organizate adaug\u0103 profunzime \u0219i detalii vizuale impresionante oric\u0103rui spa\u021biu.\" \/>\n<meta property=\"og:url\" content=\"https:\/\/granito.ro\/en\/product\/placaj-tip-tesut-3x3\/\" \/>\n<meta property=\"og:site_name\" content=\"Acasa - Granito\" \/>\n<meta property=\"article:publisher\" content=\"https:\/\/www.facebook.com\/granito.ro\" \/>\n<meta property=\"article:modified_time\" content=\"2025-09-01T19:59:16+00:00\" \/>\n<meta property=\"og:image\" content=\"https:\/\/granito.ro\/en\/wp-content\/uploads\/2025\/04\/PATTERNS_WEAVE3X3_RUSCHITA_INTENSALB.006-LIGHT-768x768.png\" \/>\n\t<meta property=\"og:image:width\" content=\"768\" \/>\n\t<meta property=\"og:image:height\" content=\"768\" \/>\n\t<meta property=\"og:image:type\" content=\"image\/png\" \/>\n<meta name=\"twitter:card\" content=\"summary_large_image\" \/>\n<meta name=\"twitter:label1\" content=\"Est. reading time\" \/>\n\t<meta name=\"twitter:data1\" content=\"1 minute\" \/>\n<script type=\"application\/ld+json\" class=\"yoast-schema-graph\">{\"@context\":\"https:\\\/\\\/schema.org\",\"@graph\":[{\"@type\":\"WebPage\",\"@id\":\"https:\\\/\\\/granito.ro\\\/en\\\/product\\\/placaj-tip-tesut-3x3\\\/\",\"url\":\"https:\\\/\\\/granito.ro\\\/en\\\/product\\\/placaj-tip-tesut-3x3\\\/\",\"name\":\"Placaj tip \u021aesut 3x3 - Acasa - Granito\",\"isPartOf\":{\"@id\":\"https:\\\/\\\/granito.ro\\\/en\\\/#website\"},\"primaryImageOfPage\":{\"@id\":\"https:\\\/\\\/granito.ro\\\/en\\\/product\\\/placaj-tip-tesut-3x3\\\/#primaryimage\"},\"image\":{\"@id\":\"https:\\\/\\\/granito.ro\\\/en\\\/product\\\/placaj-tip-tesut-3x3\\\/#primaryimage\"},\"thumbnailUrl\":\"https:\\\/\\\/granito.ro\\\/en\\\/wp-content\\\/uploads\\\/2025\\\/04\\\/PATTERNS_WEAVE3X3_RUSCHITA_INTENSALB.006-LIGHT.png\",\"datePublished\":\"2025-01-25T20:55:47+00:00\",\"dateModified\":\"2025-09-01T19:59:16+00:00\",\"breadcrumb\":{\"@id\":\"https:\\\/\\\/granito.ro\\\/en\\\/product\\\/placaj-tip-tesut-3x3\\\/#breadcrumb\"},\"inLanguage\":\"en-US\",\"potentialAction\":[{\"@type\":\"ReadAction\",\"target\":[\"https:\\\/\\\/granito.ro\\\/en\\\/product\\\/placaj-tip-tesut-3x3\\\/\"]}]},{\"@type\":\"ImageObject\",\"inLanguage\":\"en-US\",\"@id\":\"https:\\\/\\\/granito.ro\\\/en\\\/product\\\/placaj-tip-tesut-3x3\\\/#primaryimage\",\"url\":\"https:\\\/\\\/granito.ro\\\/en\\\/wp-content\\\/uploads\\\/2025\\\/04\\\/PATTERNS_WEAVE3X3_RUSCHITA_INTENSALB.006-LIGHT.png\",\"contentUrl\":\"https:\\\/\\\/granito.ro\\\/en\\\/wp-content\\\/uploads\\\/2025\\\/04\\\/PATTERNS_WEAVE3X3_RUSCHITA_INTENSALB.006-LIGHT.png\",\"width\":1920,\"height\":1920},{\"@type\":\"BreadcrumbList\",\"@id\":\"https:\\\/\\\/granito.ro\\\/en\\\/product\\\/placaj-tip-tesut-3x3\\\/#breadcrumb\",\"itemListElement\":[{\"@type\":\"ListItem\",\"position\":1,\"name\":\"Prima pagin\u0103\",\"item\":\"https:\\\/\\\/granito.ro\\\/en\\\/\"},{\"@type\":\"ListItem\",\"position\":2,\"name\":\"Materiale\",\"item\":\"https:\\\/\\\/granito.ro\\\/en\\\/materiale\\\/\"},{\"@type\":\"ListItem\",\"position\":3,\"name\":\"Placaj tip \u021aesut 3&#215;3\"}]},{\"@type\":\"WebSite\",\"@id\":\"https:\\\/\\\/granito.ro\\\/en\\\/#website\",\"url\":\"https:\\\/\\\/granito.ro\\\/en\\\/\",\"name\":\"Granito\",\"description\":\"\",\"publisher\":{\"@id\":\"https:\\\/\\\/granito.ro\\\/en\\\/#organization\"},\"potentialAction\":[{\"@type\":\"SearchAction\",\"target\":{\"@type\":\"EntryPoint\",\"urlTemplate\":\"https:\\\/\\\/granito.ro\\\/en\\\/?s={search_term_string}\"},\"query-input\":{\"@type\":\"PropertyValueSpecification\",\"valueRequired\":true,\"valueName\":\"search_term_string\"}}],\"inLanguage\":\"en-US\"},{\"@type\":\"Organization\",\"@id\":\"https:\\\/\\\/granito.ro\\\/en\\\/#organization\",\"name\":\"Granito\",\"url\":\"https:\\\/\\\/granito.ro\\\/en\\\/\",\"logo\":{\"@type\":\"ImageObject\",\"inLanguage\":\"en-US\",\"@id\":\"https:\\\/\\\/granito.ro\\\/en\\\/#\\\/schema\\\/logo\\\/image\\\/\",\"url\":\"https:\\\/\\\/granito.ro\\\/en\\\/wp-content\\\/uploads\\\/2024\\\/08\\\/Untitled-1.png\",\"contentUrl\":\"https:\\\/\\\/granito.ro\\\/en\\\/wp-content\\\/uploads\\\/2024\\\/08\\\/Untitled-1.png\",\"width\":500,\"height\":112,\"caption\":\"Granito\"},\"image\":{\"@id\":\"https:\\\/\\\/granito.ro\\\/en\\\/#\\\/schema\\\/logo\\\/image\\\/\"},\"sameAs\":[\"https:\\\/\\\/www.facebook.com\\\/granito.ro\",\"http:\\\/\\\/instagram.com\\\/granito.ro\"]}]}<\/script>\n<!-- \/ Yoast SEO plugin. -->","yoast_head_json":{"title":"Granito","robots":{"index":"index","follow":"follow","max-snippet":"max-snippet:-1","max-image-preview":"max-image-preview:large","max-video-preview":"max-video-preview:-1"},"canonical":"https:\/\/granito.ro\/en\/product\/placaj-tip-tesut-3x3\/","og_locale":"en_US","og_type":"article","og_title":"Placaj tip \u021aesut 3x3 - Acasa - Granito","og_description":"Placajul tip \u021besut este o alegere elegant\u0103 \u0219i func\u021bional\u0103 pentru amenaj\u0103ri interioare \u0219i exterioare, caracterizat prin aranjamentul distinct al pl\u0103cilor \u00een seturi bine definite. Fiecare plac\u0103 este t\u0103iat\u0103 \u00een dimensiuni identice, oferind un aspect uniform \u0219i un model deosebit.  Acest tip de placaj creeaz\u0103 o suprafa\u021b\u0103 echilibrat\u0103 \u0219i atractiv\u0103, potrivit\u0103 pentru proiecte care necesit\u0103 at\u00e2t durabilitate, c\u00e2t \u0219i estetic\u0103. Dispunerea pl\u0103cilor \u00een structuri organizate adaug\u0103 profunzime \u0219i detalii vizuale impresionante oric\u0103rui spa\u021biu.","og_url":"https:\/\/granito.ro\/en\/product\/placaj-tip-tesut-3x3\/","og_site_name":"Acasa - Granito","article_publisher":"https:\/\/www.facebook.com\/granito.ro","article_modified_time":"2025-09-01T19:59:16+00:00","og_image":[{"width":768,"height":768,"url":"https:\/\/granito.ro\/en\/wp-content\/uploads\/2025\/04\/PATTERNS_WEAVE3X3_RUSCHITA_INTENSALB.006-LIGHT-768x768.png","type":"image\/png"}],"twitter_card":"summary_large_image","twitter_misc":{"Est. reading time":"1 minute"},"schema":{"@context":"https:\/\/schema.org","@graph":[{"@type":"WebPage","@id":"https:\/\/granito.ro\/en\/product\/placaj-tip-tesut-3x3\/","url":"https:\/\/granito.ro\/en\/product\/placaj-tip-tesut-3x3\/","name":"Placaj tip \u021aesut 3x3 - Acasa - Granito","isPartOf":{"@id":"https:\/\/granito.ro\/en\/#website"},"primaryImageOfPage":{"@id":"https:\/\/granito.ro\/en\/product\/placaj-tip-tesut-3x3\/#primaryimage"},"image":{"@id":"https:\/\/granito.ro\/en\/product\/placaj-tip-tesut-3x3\/#primaryimage"},"thumbnailUrl":"https:\/\/granito.ro\/en\/wp-content\/uploads\/2025\/04\/PATTERNS_WEAVE3X3_RUSCHITA_INTENSALB.006-LIGHT.png","datePublished":"2025-01-25T20:55:47+00:00","dateModified":"2025-09-01T19:59:16+00:00","breadcrumb":{"@id":"https:\/\/granito.ro\/en\/product\/placaj-tip-tesut-3x3\/#breadcrumb"},"inLanguage":"en-US","potentialAction":[{"@type":"ReadAction","target":["https:\/\/granito.ro\/en\/product\/placaj-tip-tesut-3x3\/"]}]},{"@type":"ImageObject","inLanguage":"en-US","@id":"https:\/\/granito.ro\/en\/product\/placaj-tip-tesut-3x3\/#primaryimage","url":"https:\/\/granito.ro\/en\/wp-content\/uploads\/2025\/04\/PATTERNS_WEAVE3X3_RUSCHITA_INTENSALB.006-LIGHT.png","contentUrl":"https:\/\/granito.ro\/en\/wp-content\/uploads\/2025\/04\/PATTERNS_WEAVE3X3_RUSCHITA_INTENSALB.006-LIGHT.png","width":1920,"height":1920},{"@type":"BreadcrumbList","@id":"https:\/\/granito.ro\/en\/product\/placaj-tip-tesut-3x3\/#breadcrumb","itemListElement":[{"@type":"ListItem","position":1,"name":"Prima pagin\u0103","item":"https:\/\/granito.ro\/en\/"},{"@type":"ListItem","position":2,"name":"Materiale","item":"https:\/\/granito.ro\/en\/materiale\/"},{"@type":"ListItem","position":3,"name":"Placaj tip \u021aesut 3&#215;3"}]},{"@type":"WebSite","@id":"https:\/\/granito.ro\/en\/#website","url":"https:\/\/granito.ro\/en\/","name":"Granito","description":"","publisher":{"@id":"https:\/\/granito.ro\/en\/#organization"},"potentialAction":[{"@type":"SearchAction","target":{"@type":"EntryPoint","urlTemplate":"https:\/\/granito.ro\/en\/?s={search_term_string}"},"query-input":{"@type":"PropertyValueSpecification","valueRequired":true,"valueName":"search_term_string"}}],"inLanguage":"en-US"},{"@type":"Organization","@id":"https:\/\/granito.ro\/en\/#organization","name":"Granito","url":"https:\/\/granito.ro\/en\/","logo":{"@type":"ImageObject","inLanguage":"en-US","@id":"https:\/\/granito.ro\/en\/#\/schema\/logo\/image\/","url":"https:\/\/granito.ro\/en\/wp-content\/uploads\/2024\/08\/Untitled-1.png","contentUrl":"https:\/\/granito.ro\/en\/wp-content\/uploads\/2024\/08\/Untitled-1.png","width":500,"height":112,"caption":"Granito"},"image":{"@id":"https:\/\/granito.ro\/en\/#\/schema\/logo\/image\/"},"sameAs":["https:\/\/www.facebook.com\/granito.ro","http:\/\/instagram.com\/granito.ro"]}]}},"_links":{"self":[{"href":"https:\/\/granito.ro\/en\/wp-json\/wp\/v2\/product\/6028","targetHints":{"allow":["GET"]}}],"collection":[{"href":"https:\/\/granito.ro\/en\/wp-json\/wp\/v2\/product"}],"about":[{"href":"https:\/\/granito.ro\/en\/wp-json\/wp\/v2\/types\/product"}],"wp:featuredmedia":[{"embeddable":true,"href":"https:\/\/granito.ro\/en\/wp-json\/wp\/v2\/media\/7440"}],"wp:attachment":[{"href":"https:\/\/granito.ro\/en\/wp-json\/wp\/v2\/media?parent=6028"}],"wp:term":[{"taxonomy":"product_brand","embeddable":true,"href":"https:\/\/granito.ro\/en\/wp-json\/wp\/v2\/product_brand?post=6028"},{"taxonomy":"product_cat","embeddable":true,"href":"https:\/\/granito.ro\/en\/wp-json\/wp\/v2\/product_cat?post=6028"},{"taxonomy":"product_tag","embeddable":true,"href":"https:\/\/granito.ro\/en\/wp-json\/wp\/v2\/product_tag?post=6028"}],"curies":[{"name":"wp","href":"https:\/\/api.w.org\/{rel}","templated":true}]}}