
{"id":6022,"date":"2025-01-25T20:21:13","date_gmt":"2025-01-25T20:21:13","guid":{"rendered":"https:\/\/granito.ro\/?post_type=product&#038;p=6022"},"modified":"2025-09-01T19:58:19","modified_gmt":"2025-09-01T19:58:19","slug":"placaj-patrat-tip-clasic","status":"publish","type":"product","link":"https:\/\/granito.ro\/en\/product\/placaj-patrat-tip-clasic\/","title":{"rendered":"Placaj P\u0103trat tip Clasic"},"content":{"rendered":"<p>Placajul p\u0103trat montat \u00een stil clasic este definit prin alinierea simpl\u0103 \u0219i ordonat\u0103 a pl\u0103cilor, cre\u00e2nd un aspect uniform \u0219i curat. Aceast\u0103 tehnic\u0103 eviden\u021biaz\u0103 frumuse\u021bea natural\u0103 a materialului, fiind o alegere ideal\u0103 pentru spa\u021bii care cer echilibru \u0219i simplitate.<\/p>\n<p>Acest montaj pune accent pe propor\u021bii \u0219i continuitate, adapt\u00e2ndu-se perfect oric\u0103ror suprafe\u021be interioare sau exterioare. Designul s\u0103u clasic ofer\u0103 un fundal subtil, dar elegant, care completeaz\u0103 orice tip de amenajare.<\/p>\n<p><b>Piatra natural\u0103 prezint\u0103 varia\u021bii de nuan\u021b\u0103, motiv pentru care imaginile de prezentare au un caracter strict informativ \u0219i pot s\u0103 nu reflecte cu exactitate aspectul real al produsului.<\/b><\/p>\n<p><br style=\"font-weight: 400;\" \/><br style=\"font-weight: 400;\" \/><\/p>\n","protected":false},"excerpt":{"rendered":"<p>Placajele p\u0103trate, cu design simplu \u0219i dimensiuni uniforme, reprezint\u0103 o alegere versatil\u0103 pentru diverse proiecte de amenajare. Acestea ofer\u0103 un echilibru \u00eentre func\u021bionalitate \u0219i estetic\u0103, fiind ideale pentru spa\u021bii care necesit\u0103 durabilitate \u0219i stil.<\/p>\n<p>Disponibile \u00eentr-o gam\u0103 variat\u0103 de materiale naturale, aceste placaje adaug\u0103 un aspect armonios \u0219i atemporal oric\u0103rui spa\u021biu. Fiecare plac\u0103 este atent prelucrat\u0103, asigur\u00e2nd o integrare perfect\u0103 \u00een proiectele interioare sau exterioare.<\/p>\n","protected":false},"featured_media":7737,"template":"","meta":{"_eb_attr":""},"product_brand":[],"product_cat":[216],"product_tag":[217],"class_list":{"0":"post-6022","1":"product","2":"type-product","3":"status-publish","4":"has-post-thumbnail","6":"product_cat-placaje-cu-model","7":"product_tag-placaje-cu-model","9":"first","10":"outofstock","11":"shipping-taxable","12":"purchasable","13":"product-type-simple"},"yoast_head":"<!-- This site is optimized with the Yoast SEO plugin v27.4 - https:\/\/yoast.com\/product\/yoast-seo-wordpress\/ -->\n<title>Granito<\/title>\n<meta name=\"robots\" content=\"index, follow, max-snippet:-1, max-image-preview:large, max-video-preview:-1\" \/>\n<link rel=\"canonical\" href=\"https:\/\/granito.ro\/en\/product\/placaj-patrat-tip-clasic\/\" \/>\n<meta property=\"og:locale\" content=\"en_US\" \/>\n<meta property=\"og:type\" content=\"article\" \/>\n<meta property=\"og:title\" content=\"Placaj P\u0103trat tip Clasic - Acasa - Granito\" \/>\n<meta property=\"og:description\" content=\"Placajele p\u0103trate, cu design simplu \u0219i dimensiuni uniforme, reprezint\u0103 o alegere versatil\u0103 pentru diverse proiecte de amenajare. Acestea ofer\u0103 un echilibru \u00eentre func\u021bionalitate \u0219i estetic\u0103, fiind ideale pentru spa\u021bii care necesit\u0103 durabilitate \u0219i stil.  Disponibile \u00eentr-o gam\u0103 variat\u0103 de materiale naturale, aceste placaje adaug\u0103 un aspect armonios \u0219i atemporal oric\u0103rui spa\u021biu. Fiecare plac\u0103 este atent prelucrat\u0103, asigur\u00e2nd o integrare perfect\u0103 \u00een proiectele interioare sau exterioare.\" \/>\n<meta property=\"og:url\" content=\"https:\/\/granito.ro\/en\/product\/placaj-patrat-tip-clasic\/\" \/>\n<meta property=\"og:site_name\" content=\"Acasa - Granito\" \/>\n<meta property=\"article:publisher\" content=\"https:\/\/www.facebook.com\/granito.ro\" \/>\n<meta property=\"article:modified_time\" content=\"2025-09-01T19:58:19+00:00\" \/>\n<meta property=\"og:image\" content=\"https:\/\/granito.ro\/en\/wp-content\/uploads\/2025\/04\/PATTERNS_SQ-CLASSIC__NERO-AFRICA.NEW-HALAYEB.001-LIGHT-1.png\" \/>\n\t<meta property=\"og:image:width\" content=\"1080\" \/>\n\t<meta property=\"og:image:height\" content=\"1080\" \/>\n\t<meta property=\"og:image:type\" content=\"image\/png\" \/>\n<meta name=\"twitter:card\" content=\"summary_large_image\" \/>\n<meta name=\"twitter:label1\" content=\"Est. reading time\" \/>\n\t<meta name=\"twitter:data1\" content=\"1 minute\" \/>\n<script type=\"application\/ld+json\" class=\"yoast-schema-graph\">{\"@context\":\"https:\\\/\\\/schema.org\",\"@graph\":[{\"@type\":\"WebPage\",\"@id\":\"https:\\\/\\\/granito.ro\\\/en\\\/product\\\/placaj-patrat-tip-clasic\\\/\",\"url\":\"https:\\\/\\\/granito.ro\\\/en\\\/product\\\/placaj-patrat-tip-clasic\\\/\",\"name\":\"Placaj P\u0103trat tip Clasic - Acasa - Granito\",\"isPartOf\":{\"@id\":\"https:\\\/\\\/granito.ro\\\/en\\\/#website\"},\"primaryImageOfPage\":{\"@id\":\"https:\\\/\\\/granito.ro\\\/en\\\/product\\\/placaj-patrat-tip-clasic\\\/#primaryimage\"},\"image\":{\"@id\":\"https:\\\/\\\/granito.ro\\\/en\\\/product\\\/placaj-patrat-tip-clasic\\\/#primaryimage\"},\"thumbnailUrl\":\"https:\\\/\\\/granito.ro\\\/en\\\/wp-content\\\/uploads\\\/2025\\\/04\\\/PATTERNS_SQ-CLASSIC__NERO-AFRICA.NEW-HALAYEB.001-LIGHT-1.png\",\"datePublished\":\"2025-01-25T20:21:13+00:00\",\"dateModified\":\"2025-09-01T19:58:19+00:00\",\"breadcrumb\":{\"@id\":\"https:\\\/\\\/granito.ro\\\/en\\\/product\\\/placaj-patrat-tip-clasic\\\/#breadcrumb\"},\"inLanguage\":\"en-US\",\"potentialAction\":[{\"@type\":\"ReadAction\",\"target\":[\"https:\\\/\\\/granito.ro\\\/en\\\/product\\\/placaj-patrat-tip-clasic\\\/\"]}]},{\"@type\":\"ImageObject\",\"inLanguage\":\"en-US\",\"@id\":\"https:\\\/\\\/granito.ro\\\/en\\\/product\\\/placaj-patrat-tip-clasic\\\/#primaryimage\",\"url\":\"https:\\\/\\\/granito.ro\\\/en\\\/wp-content\\\/uploads\\\/2025\\\/04\\\/PATTERNS_SQ-CLASSIC__NERO-AFRICA.NEW-HALAYEB.001-LIGHT-1.png\",\"contentUrl\":\"https:\\\/\\\/granito.ro\\\/en\\\/wp-content\\\/uploads\\\/2025\\\/04\\\/PATTERNS_SQ-CLASSIC__NERO-AFRICA.NEW-HALAYEB.001-LIGHT-1.png\",\"width\":1080,\"height\":1080},{\"@type\":\"BreadcrumbList\",\"@id\":\"https:\\\/\\\/granito.ro\\\/en\\\/product\\\/placaj-patrat-tip-clasic\\\/#breadcrumb\",\"itemListElement\":[{\"@type\":\"ListItem\",\"position\":1,\"name\":\"Prima pagin\u0103\",\"item\":\"https:\\\/\\\/granito.ro\\\/en\\\/\"},{\"@type\":\"ListItem\",\"position\":2,\"name\":\"Materiale\",\"item\":\"https:\\\/\\\/granito.ro\\\/en\\\/materiale\\\/\"},{\"@type\":\"ListItem\",\"position\":3,\"name\":\"Placaj P\u0103trat tip Clasic\"}]},{\"@type\":\"WebSite\",\"@id\":\"https:\\\/\\\/granito.ro\\\/en\\\/#website\",\"url\":\"https:\\\/\\\/granito.ro\\\/en\\\/\",\"name\":\"Granito\",\"description\":\"\",\"publisher\":{\"@id\":\"https:\\\/\\\/granito.ro\\\/en\\\/#organization\"},\"potentialAction\":[{\"@type\":\"SearchAction\",\"target\":{\"@type\":\"EntryPoint\",\"urlTemplate\":\"https:\\\/\\\/granito.ro\\\/en\\\/?s={search_term_string}\"},\"query-input\":{\"@type\":\"PropertyValueSpecification\",\"valueRequired\":true,\"valueName\":\"search_term_string\"}}],\"inLanguage\":\"en-US\"},{\"@type\":\"Organization\",\"@id\":\"https:\\\/\\\/granito.ro\\\/en\\\/#organization\",\"name\":\"Granito\",\"url\":\"https:\\\/\\\/granito.ro\\\/en\\\/\",\"logo\":{\"@type\":\"ImageObject\",\"inLanguage\":\"en-US\",\"@id\":\"https:\\\/\\\/granito.ro\\\/en\\\/#\\\/schema\\\/logo\\\/image\\\/\",\"url\":\"https:\\\/\\\/granito.ro\\\/en\\\/wp-content\\\/uploads\\\/2024\\\/08\\\/Untitled-1.png\",\"contentUrl\":\"https:\\\/\\\/granito.ro\\\/en\\\/wp-content\\\/uploads\\\/2024\\\/08\\\/Untitled-1.png\",\"width\":500,\"height\":112,\"caption\":\"Granito\"},\"image\":{\"@id\":\"https:\\\/\\\/granito.ro\\\/en\\\/#\\\/schema\\\/logo\\\/image\\\/\"},\"sameAs\":[\"https:\\\/\\\/www.facebook.com\\\/granito.ro\",\"http:\\\/\\\/instagram.com\\\/granito.ro\"]}]}<\/script>\n<!-- \/ Yoast SEO plugin. -->","yoast_head_json":{"title":"Granito","robots":{"index":"index","follow":"follow","max-snippet":"max-snippet:-1","max-image-preview":"max-image-preview:large","max-video-preview":"max-video-preview:-1"},"canonical":"https:\/\/granito.ro\/en\/product\/placaj-patrat-tip-clasic\/","og_locale":"en_US","og_type":"article","og_title":"Placaj P\u0103trat tip Clasic - Acasa - Granito","og_description":"Placajele p\u0103trate, cu design simplu \u0219i dimensiuni uniforme, reprezint\u0103 o alegere versatil\u0103 pentru diverse proiecte de amenajare. Acestea ofer\u0103 un echilibru \u00eentre func\u021bionalitate \u0219i estetic\u0103, fiind ideale pentru spa\u021bii care necesit\u0103 durabilitate \u0219i stil.  Disponibile \u00eentr-o gam\u0103 variat\u0103 de materiale naturale, aceste placaje adaug\u0103 un aspect armonios \u0219i atemporal oric\u0103rui spa\u021biu. Fiecare plac\u0103 este atent prelucrat\u0103, asigur\u00e2nd o integrare perfect\u0103 \u00een proiectele interioare sau exterioare.","og_url":"https:\/\/granito.ro\/en\/product\/placaj-patrat-tip-clasic\/","og_site_name":"Acasa - Granito","article_publisher":"https:\/\/www.facebook.com\/granito.ro","article_modified_time":"2025-09-01T19:58:19+00:00","og_image":[{"url":"https:\/\/granito.ro\/en\/wp-content\/uploads\/2025\/04\/PATTERNS_SQ-CLASSIC__NERO-AFRICA.NEW-HALAYEB.001-LIGHT-1.png","width":1080,"height":1080,"type":"image\/png"}],"twitter_card":"summary_large_image","twitter_misc":{"Est. reading time":"1 minute"},"schema":{"@context":"https:\/\/schema.org","@graph":[{"@type":"WebPage","@id":"https:\/\/granito.ro\/en\/product\/placaj-patrat-tip-clasic\/","url":"https:\/\/granito.ro\/en\/product\/placaj-patrat-tip-clasic\/","name":"Placaj P\u0103trat tip Clasic - Acasa - Granito","isPartOf":{"@id":"https:\/\/granito.ro\/en\/#website"},"primaryImageOfPage":{"@id":"https:\/\/granito.ro\/en\/product\/placaj-patrat-tip-clasic\/#primaryimage"},"image":{"@id":"https:\/\/granito.ro\/en\/product\/placaj-patrat-tip-clasic\/#primaryimage"},"thumbnailUrl":"https:\/\/granito.ro\/en\/wp-content\/uploads\/2025\/04\/PATTERNS_SQ-CLASSIC__NERO-AFRICA.NEW-HALAYEB.001-LIGHT-1.png","datePublished":"2025-01-25T20:21:13+00:00","dateModified":"2025-09-01T19:58:19+00:00","breadcrumb":{"@id":"https:\/\/granito.ro\/en\/product\/placaj-patrat-tip-clasic\/#breadcrumb"},"inLanguage":"en-US","potentialAction":[{"@type":"ReadAction","target":["https:\/\/granito.ro\/en\/product\/placaj-patrat-tip-clasic\/"]}]},{"@type":"ImageObject","inLanguage":"en-US","@id":"https:\/\/granito.ro\/en\/product\/placaj-patrat-tip-clasic\/#primaryimage","url":"https:\/\/granito.ro\/en\/wp-content\/uploads\/2025\/04\/PATTERNS_SQ-CLASSIC__NERO-AFRICA.NEW-HALAYEB.001-LIGHT-1.png","contentUrl":"https:\/\/granito.ro\/en\/wp-content\/uploads\/2025\/04\/PATTERNS_SQ-CLASSIC__NERO-AFRICA.NEW-HALAYEB.001-LIGHT-1.png","width":1080,"height":1080},{"@type":"BreadcrumbList","@id":"https:\/\/granito.ro\/en\/product\/placaj-patrat-tip-clasic\/#breadcrumb","itemListElement":[{"@type":"ListItem","position":1,"name":"Prima pagin\u0103","item":"https:\/\/granito.ro\/en\/"},{"@type":"ListItem","position":2,"name":"Materiale","item":"https:\/\/granito.ro\/en\/materiale\/"},{"@type":"ListItem","position":3,"name":"Placaj P\u0103trat tip Clasic"}]},{"@type":"WebSite","@id":"https:\/\/granito.ro\/en\/#website","url":"https:\/\/granito.ro\/en\/","name":"Granito","description":"","publisher":{"@id":"https:\/\/granito.ro\/en\/#organization"},"potentialAction":[{"@type":"SearchAction","target":{"@type":"EntryPoint","urlTemplate":"https:\/\/granito.ro\/en\/?s={search_term_string}"},"query-input":{"@type":"PropertyValueSpecification","valueRequired":true,"valueName":"search_term_string"}}],"inLanguage":"en-US"},{"@type":"Organization","@id":"https:\/\/granito.ro\/en\/#organization","name":"Granito","url":"https:\/\/granito.ro\/en\/","logo":{"@type":"ImageObject","inLanguage":"en-US","@id":"https:\/\/granito.ro\/en\/#\/schema\/logo\/image\/","url":"https:\/\/granito.ro\/en\/wp-content\/uploads\/2024\/08\/Untitled-1.png","contentUrl":"https:\/\/granito.ro\/en\/wp-content\/uploads\/2024\/08\/Untitled-1.png","width":500,"height":112,"caption":"Granito"},"image":{"@id":"https:\/\/granito.ro\/en\/#\/schema\/logo\/image\/"},"sameAs":["https:\/\/www.facebook.com\/granito.ro","http:\/\/instagram.com\/granito.ro"]}]}},"_links":{"self":[{"href":"https:\/\/granito.ro\/en\/wp-json\/wp\/v2\/product\/6022","targetHints":{"allow":["GET"]}}],"collection":[{"href":"https:\/\/granito.ro\/en\/wp-json\/wp\/v2\/product"}],"about":[{"href":"https:\/\/granito.ro\/en\/wp-json\/wp\/v2\/types\/product"}],"wp:featuredmedia":[{"embeddable":true,"href":"https:\/\/granito.ro\/en\/wp-json\/wp\/v2\/media\/7737"}],"wp:attachment":[{"href":"https:\/\/granito.ro\/en\/wp-json\/wp\/v2\/media?parent=6022"}],"wp:term":[{"taxonomy":"product_brand","embeddable":true,"href":"https:\/\/granito.ro\/en\/wp-json\/wp\/v2\/product_brand?post=6022"},{"taxonomy":"product_cat","embeddable":true,"href":"https:\/\/granito.ro\/en\/wp-json\/wp\/v2\/product_cat?post=6022"},{"taxonomy":"product_tag","embeddable":true,"href":"https:\/\/granito.ro\/en\/wp-json\/wp\/v2\/product_tag?post=6022"}],"curies":[{"name":"wp","href":"https:\/\/api.w.org\/{rel}","templated":true}]}}