
{"id":3491,"date":"2024-07-30T16:57:32","date_gmt":"2024-07-30T16:57:32","guid":{"rendered":"https:\/\/granito.ro\/?post_type=product&#038;p=3491"},"modified":"2025-04-24T17:40:27","modified_gmt":"2025-04-24T17:40:27","slug":"accesorii-pentru-dus-granit-bianco-sardo-periat","status":"publish","type":"product","link":"https:\/\/granito.ro\/en\/product\/accesorii-pentru-dus-granit-bianco-sardo-periat\/","title":{"rendered":"Accesorii pentru Du\u0219 Granit Bianco Sardo Periat"},"content":{"rendered":"<p><span style=\"font-weight: 400;\">Varianta periat\u0103 a granitului Bianco Sardo din Sardinia ofer\u0103 o textur\u0103 mai mat\u0103 \u0219i o senza\u021bie tactil\u0103 distinct\u0103, accentu\u00e2nd nuan\u021bele de gri \u0219i alb \u00eentr-o manier\u0103 subtil\u0103. Acest finisaj confer\u0103 o profunzime \u0219i o complexitate vizual\u0103, ad\u0103ug\u00e2nd o dimensiune autentic\u0103 \u0219i rafinat\u0103 spa\u021biilor interioare \u0219i exterioare.<\/span><\/p>\n<p><b>Piatra natural\u0103 prezint\u0103 varia\u021bii de nuan\u021b\u0103, motiv pentru care imaginile de prezentare au un caracter strict informativ \u0219i pot s\u0103 nu reflecte cu exactitate aspectul real al produsului.<\/b><\/p>\n","protected":false},"excerpt":{"rendered":"<p>B\u0103ncile pentru du\u0219 sunt create pentru a oferi un spa\u021biu de \u0219edere confortabil \u0219i sigur \u00een zona de baie. Proiectate ergonomic, aceste b\u0103nci sunt atent prelucrate pentru a se integra armonios \u00een designul b\u0103ii, oferind un finisaj neted \u0219i durabil.<\/p>\n<p>Indiferent de stilul b\u0103ii dumneavoastr\u0103, b\u0103ncile noastre adaug\u0103 un plus de confort \u0219i func\u021bionalitate, fiind ideale pentru utilizarea comod\u0103 \u0219i practic\u0103 \u00een timpul du\u0219ului.<\/p>\n","protected":false},"featured_media":4840,"template":"","meta":{"_eb_attr":""},"product_brand":[],"product_cat":[107],"product_tag":[132],"class_list":{"0":"post-3491","1":"product","2":"type-product","3":"status-publish","4":"has-post-thumbnail","6":"product_cat-accesorii-pentru-dus","7":"product_tag-accesorii-pentru-dus","9":"first","10":"outofstock","11":"shipping-taxable","12":"purchasable","13":"product-type-simple"},"yoast_head":"<!-- This site is optimized with the Yoast SEO plugin v27.4 - https:\/\/yoast.com\/product\/yoast-seo-wordpress\/ -->\n<title>Granito<\/title>\n<meta name=\"robots\" content=\"index, follow, max-snippet:-1, max-image-preview:large, max-video-preview:-1\" \/>\n<link rel=\"canonical\" href=\"https:\/\/granito.ro\/en\/product\/accesorii-pentru-dus-granit-bianco-sardo-periat\/\" \/>\n<meta property=\"og:locale\" content=\"en_US\" \/>\n<meta property=\"og:type\" content=\"article\" \/>\n<meta property=\"og:title\" content=\"Accesorii pentru Du\u0219 Granit Bianco Sardo Periat - Acasa - Granito\" \/>\n<meta property=\"og:description\" content=\"B\u0103ncile pentru du\u0219 sunt create pentru a oferi un spa\u021biu de \u0219edere confortabil \u0219i sigur \u00een zona de baie. Proiectate ergonomic, aceste b\u0103nci sunt atent prelucrate pentru a se integra armonios \u00een designul b\u0103ii, oferind un finisaj neted \u0219i durabil.  Indiferent de stilul b\u0103ii dumneavoastr\u0103, b\u0103ncile noastre adaug\u0103 un plus de confort \u0219i func\u021bionalitate, fiind ideale pentru utilizarea comod\u0103 \u0219i practic\u0103 \u00een timpul du\u0219ului.\" \/>\n<meta property=\"og:url\" content=\"https:\/\/granito.ro\/en\/product\/accesorii-pentru-dus-granit-bianco-sardo-periat\/\" \/>\n<meta property=\"og:site_name\" content=\"Acasa - Granito\" \/>\n<meta property=\"article:publisher\" content=\"https:\/\/www.facebook.com\/granito.ro\" \/>\n<meta property=\"article:modified_time\" content=\"2025-04-24T17:40:27+00:00\" \/>\n<meta property=\"og:image\" content=\"https:\/\/granito.ro\/en\/wp-content\/uploads\/2024\/11\/0000s_0087_ACCESORII_DUS_GRANIT_BIANCO_SARDO_PERIAT.006.png\" \/>\n\t<meta property=\"og:image:width\" content=\"1620\" \/>\n\t<meta property=\"og:image:height\" content=\"1620\" \/>\n\t<meta property=\"og:image:type\" content=\"image\/png\" \/>\n<meta name=\"twitter:card\" content=\"summary_large_image\" \/>\n<script type=\"application\/ld+json\" class=\"yoast-schema-graph\">{\"@context\":\"https:\\\/\\\/schema.org\",\"@graph\":[{\"@type\":\"WebPage\",\"@id\":\"https:\\\/\\\/granito.ro\\\/en\\\/product\\\/accesorii-pentru-dus-granit-bianco-sardo-periat\\\/\",\"url\":\"https:\\\/\\\/granito.ro\\\/en\\\/product\\\/accesorii-pentru-dus-granit-bianco-sardo-periat\\\/\",\"name\":\"Accesorii pentru Du\u0219 Granit Bianco Sardo Periat - Acasa - Granito\",\"isPartOf\":{\"@id\":\"https:\\\/\\\/granito.ro\\\/en\\\/#website\"},\"primaryImageOfPage\":{\"@id\":\"https:\\\/\\\/granito.ro\\\/en\\\/product\\\/accesorii-pentru-dus-granit-bianco-sardo-periat\\\/#primaryimage\"},\"image\":{\"@id\":\"https:\\\/\\\/granito.ro\\\/en\\\/product\\\/accesorii-pentru-dus-granit-bianco-sardo-periat\\\/#primaryimage\"},\"thumbnailUrl\":\"https:\\\/\\\/granito.ro\\\/en\\\/wp-content\\\/uploads\\\/2024\\\/11\\\/0000s_0087_ACCESORII_DUS_GRANIT_BIANCO_SARDO_PERIAT.006.png\",\"datePublished\":\"2024-07-30T16:57:32+00:00\",\"dateModified\":\"2025-04-24T17:40:27+00:00\",\"breadcrumb\":{\"@id\":\"https:\\\/\\\/granito.ro\\\/en\\\/product\\\/accesorii-pentru-dus-granit-bianco-sardo-periat\\\/#breadcrumb\"},\"inLanguage\":\"en-US\",\"potentialAction\":[{\"@type\":\"ReadAction\",\"target\":[\"https:\\\/\\\/granito.ro\\\/en\\\/product\\\/accesorii-pentru-dus-granit-bianco-sardo-periat\\\/\"]}]},{\"@type\":\"ImageObject\",\"inLanguage\":\"en-US\",\"@id\":\"https:\\\/\\\/granito.ro\\\/en\\\/product\\\/accesorii-pentru-dus-granit-bianco-sardo-periat\\\/#primaryimage\",\"url\":\"https:\\\/\\\/granito.ro\\\/en\\\/wp-content\\\/uploads\\\/2024\\\/11\\\/0000s_0087_ACCESORII_DUS_GRANIT_BIANCO_SARDO_PERIAT.006.png\",\"contentUrl\":\"https:\\\/\\\/granito.ro\\\/en\\\/wp-content\\\/uploads\\\/2024\\\/11\\\/0000s_0087_ACCESORII_DUS_GRANIT_BIANCO_SARDO_PERIAT.006.png\",\"width\":1620,\"height\":1620},{\"@type\":\"BreadcrumbList\",\"@id\":\"https:\\\/\\\/granito.ro\\\/en\\\/product\\\/accesorii-pentru-dus-granit-bianco-sardo-periat\\\/#breadcrumb\",\"itemListElement\":[{\"@type\":\"ListItem\",\"position\":1,\"name\":\"Prima pagin\u0103\",\"item\":\"https:\\\/\\\/granito.ro\\\/en\\\/\"},{\"@type\":\"ListItem\",\"position\":2,\"name\":\"Materiale\",\"item\":\"https:\\\/\\\/granito.ro\\\/en\\\/materiale\\\/\"},{\"@type\":\"ListItem\",\"position\":3,\"name\":\"Accesorii pentru Du\u0219 Granit Bianco Sardo Periat\"}]},{\"@type\":\"WebSite\",\"@id\":\"https:\\\/\\\/granito.ro\\\/en\\\/#website\",\"url\":\"https:\\\/\\\/granito.ro\\\/en\\\/\",\"name\":\"Granito\",\"description\":\"\",\"publisher\":{\"@id\":\"https:\\\/\\\/granito.ro\\\/en\\\/#organization\"},\"potentialAction\":[{\"@type\":\"SearchAction\",\"target\":{\"@type\":\"EntryPoint\",\"urlTemplate\":\"https:\\\/\\\/granito.ro\\\/en\\\/?s={search_term_string}\"},\"query-input\":{\"@type\":\"PropertyValueSpecification\",\"valueRequired\":true,\"valueName\":\"search_term_string\"}}],\"inLanguage\":\"en-US\"},{\"@type\":\"Organization\",\"@id\":\"https:\\\/\\\/granito.ro\\\/en\\\/#organization\",\"name\":\"Granito\",\"url\":\"https:\\\/\\\/granito.ro\\\/en\\\/\",\"logo\":{\"@type\":\"ImageObject\",\"inLanguage\":\"en-US\",\"@id\":\"https:\\\/\\\/granito.ro\\\/en\\\/#\\\/schema\\\/logo\\\/image\\\/\",\"url\":\"https:\\\/\\\/granito.ro\\\/en\\\/wp-content\\\/uploads\\\/2024\\\/08\\\/Untitled-1.png\",\"contentUrl\":\"https:\\\/\\\/granito.ro\\\/en\\\/wp-content\\\/uploads\\\/2024\\\/08\\\/Untitled-1.png\",\"width\":500,\"height\":112,\"caption\":\"Granito\"},\"image\":{\"@id\":\"https:\\\/\\\/granito.ro\\\/en\\\/#\\\/schema\\\/logo\\\/image\\\/\"},\"sameAs\":[\"https:\\\/\\\/www.facebook.com\\\/granito.ro\",\"http:\\\/\\\/instagram.com\\\/granito.ro\"]}]}<\/script>\n<!-- \/ Yoast SEO plugin. -->","yoast_head_json":{"title":"Granito","robots":{"index":"index","follow":"follow","max-snippet":"max-snippet:-1","max-image-preview":"max-image-preview:large","max-video-preview":"max-video-preview:-1"},"canonical":"https:\/\/granito.ro\/en\/product\/accesorii-pentru-dus-granit-bianco-sardo-periat\/","og_locale":"en_US","og_type":"article","og_title":"Accesorii pentru Du\u0219 Granit Bianco Sardo Periat - Acasa - Granito","og_description":"B\u0103ncile pentru du\u0219 sunt create pentru a oferi un spa\u021biu de \u0219edere confortabil \u0219i sigur \u00een zona de baie. Proiectate ergonomic, aceste b\u0103nci sunt atent prelucrate pentru a se integra armonios \u00een designul b\u0103ii, oferind un finisaj neted \u0219i durabil.  Indiferent de stilul b\u0103ii dumneavoastr\u0103, b\u0103ncile noastre adaug\u0103 un plus de confort \u0219i func\u021bionalitate, fiind ideale pentru utilizarea comod\u0103 \u0219i practic\u0103 \u00een timpul du\u0219ului.","og_url":"https:\/\/granito.ro\/en\/product\/accesorii-pentru-dus-granit-bianco-sardo-periat\/","og_site_name":"Acasa - Granito","article_publisher":"https:\/\/www.facebook.com\/granito.ro","article_modified_time":"2025-04-24T17:40:27+00:00","og_image":[{"width":1620,"height":1620,"url":"https:\/\/granito.ro\/en\/wp-content\/uploads\/2024\/11\/0000s_0087_ACCESORII_DUS_GRANIT_BIANCO_SARDO_PERIAT.006.png","type":"image\/png"}],"twitter_card":"summary_large_image","schema":{"@context":"https:\/\/schema.org","@graph":[{"@type":"WebPage","@id":"https:\/\/granito.ro\/en\/product\/accesorii-pentru-dus-granit-bianco-sardo-periat\/","url":"https:\/\/granito.ro\/en\/product\/accesorii-pentru-dus-granit-bianco-sardo-periat\/","name":"Accesorii pentru Du\u0219 Granit Bianco Sardo Periat - Acasa - Granito","isPartOf":{"@id":"https:\/\/granito.ro\/en\/#website"},"primaryImageOfPage":{"@id":"https:\/\/granito.ro\/en\/product\/accesorii-pentru-dus-granit-bianco-sardo-periat\/#primaryimage"},"image":{"@id":"https:\/\/granito.ro\/en\/product\/accesorii-pentru-dus-granit-bianco-sardo-periat\/#primaryimage"},"thumbnailUrl":"https:\/\/granito.ro\/en\/wp-content\/uploads\/2024\/11\/0000s_0087_ACCESORII_DUS_GRANIT_BIANCO_SARDO_PERIAT.006.png","datePublished":"2024-07-30T16:57:32+00:00","dateModified":"2025-04-24T17:40:27+00:00","breadcrumb":{"@id":"https:\/\/granito.ro\/en\/product\/accesorii-pentru-dus-granit-bianco-sardo-periat\/#breadcrumb"},"inLanguage":"en-US","potentialAction":[{"@type":"ReadAction","target":["https:\/\/granito.ro\/en\/product\/accesorii-pentru-dus-granit-bianco-sardo-periat\/"]}]},{"@type":"ImageObject","inLanguage":"en-US","@id":"https:\/\/granito.ro\/en\/product\/accesorii-pentru-dus-granit-bianco-sardo-periat\/#primaryimage","url":"https:\/\/granito.ro\/en\/wp-content\/uploads\/2024\/11\/0000s_0087_ACCESORII_DUS_GRANIT_BIANCO_SARDO_PERIAT.006.png","contentUrl":"https:\/\/granito.ro\/en\/wp-content\/uploads\/2024\/11\/0000s_0087_ACCESORII_DUS_GRANIT_BIANCO_SARDO_PERIAT.006.png","width":1620,"height":1620},{"@type":"BreadcrumbList","@id":"https:\/\/granito.ro\/en\/product\/accesorii-pentru-dus-granit-bianco-sardo-periat\/#breadcrumb","itemListElement":[{"@type":"ListItem","position":1,"name":"Prima pagin\u0103","item":"https:\/\/granito.ro\/en\/"},{"@type":"ListItem","position":2,"name":"Materiale","item":"https:\/\/granito.ro\/en\/materiale\/"},{"@type":"ListItem","position":3,"name":"Accesorii pentru Du\u0219 Granit Bianco Sardo Periat"}]},{"@type":"WebSite","@id":"https:\/\/granito.ro\/en\/#website","url":"https:\/\/granito.ro\/en\/","name":"Granito","description":"","publisher":{"@id":"https:\/\/granito.ro\/en\/#organization"},"potentialAction":[{"@type":"SearchAction","target":{"@type":"EntryPoint","urlTemplate":"https:\/\/granito.ro\/en\/?s={search_term_string}"},"query-input":{"@type":"PropertyValueSpecification","valueRequired":true,"valueName":"search_term_string"}}],"inLanguage":"en-US"},{"@type":"Organization","@id":"https:\/\/granito.ro\/en\/#organization","name":"Granito","url":"https:\/\/granito.ro\/en\/","logo":{"@type":"ImageObject","inLanguage":"en-US","@id":"https:\/\/granito.ro\/en\/#\/schema\/logo\/image\/","url":"https:\/\/granito.ro\/en\/wp-content\/uploads\/2024\/08\/Untitled-1.png","contentUrl":"https:\/\/granito.ro\/en\/wp-content\/uploads\/2024\/08\/Untitled-1.png","width":500,"height":112,"caption":"Granito"},"image":{"@id":"https:\/\/granito.ro\/en\/#\/schema\/logo\/image\/"},"sameAs":["https:\/\/www.facebook.com\/granito.ro","http:\/\/instagram.com\/granito.ro"]}]}},"_links":{"self":[{"href":"https:\/\/granito.ro\/en\/wp-json\/wp\/v2\/product\/3491","targetHints":{"allow":["GET"]}}],"collection":[{"href":"https:\/\/granito.ro\/en\/wp-json\/wp\/v2\/product"}],"about":[{"href":"https:\/\/granito.ro\/en\/wp-json\/wp\/v2\/types\/product"}],"wp:featuredmedia":[{"embeddable":true,"href":"https:\/\/granito.ro\/en\/wp-json\/wp\/v2\/media\/4840"}],"wp:attachment":[{"href":"https:\/\/granito.ro\/en\/wp-json\/wp\/v2\/media?parent=3491"}],"wp:term":[{"taxonomy":"product_brand","embeddable":true,"href":"https:\/\/granito.ro\/en\/wp-json\/wp\/v2\/product_brand?post=3491"},{"taxonomy":"product_cat","embeddable":true,"href":"https:\/\/granito.ro\/en\/wp-json\/wp\/v2\/product_cat?post=3491"},{"taxonomy":"product_tag","embeddable":true,"href":"https:\/\/granito.ro\/en\/wp-json\/wp\/v2\/product_tag?post=3491"}],"curies":[{"name":"wp","href":"https:\/\/api.w.org\/{rel}","templated":true}]}}