
{"id":3489,"date":"2024-07-30T16:57:31","date_gmt":"2024-07-30T16:57:31","guid":{"rendered":"https:\/\/granito.ro\/?post_type=product&#038;p=3489"},"modified":"2025-04-24T17:39:48","modified_gmt":"2025-04-24T17:39:48","slug":"accesorii-pentru-dus-granit-rosa-beta","status":"publish","type":"product","link":"https:\/\/granito.ro\/en\/product\/accesorii-pentru-dus-granit-rosa-beta\/","title":{"rendered":"Accesorii pentru Du\u0219 Granit Rosa Beta"},"content":{"rendered":"<p>Granitul Rosa Beta este recunoscut pentru culoarea sa distinct\u0103, un gri mediu cu nuan\u021be roz \u0219i accente de alb \u0219i negru, ce confer\u0103 o elegan\u021b\u0103 subtil\u0103. Datorit\u0103 granula\u021biei sale fine \u0219i distribu\u021biei uniforme a mineralelor, Rosa Beta ofer\u0103 un aspect omogen, potrivit pentru o varietate de aplica\u021bii.<\/p>\n<p>A\u0219a cum este caracteristic granitelor italiene, Rosa Beta se remarc\u0103 prin durabilitatea sa excep\u021bional\u0103, fiind ideal pentru utiliz\u0103ri cu trafic intens.<\/p>\n<p><b>Piatra natural\u0103 prezint\u0103 varia\u021bii de nuan\u021b\u0103, motiv pentru care imaginile de prezentare au un caracter strict informativ \u0219i pot s\u0103 nu reflecte cu exactitate aspectul real al produsului.<\/b><\/p>\n","protected":false},"excerpt":{"rendered":"<p>B\u0103ncile pentru du\u0219 sunt create pentru a oferi un spa\u021biu de \u0219edere confortabil \u0219i sigur \u00een zona de baie. Proiectate ergonomic, aceste b\u0103nci sunt atent prelucrate pentru a se integra armonios \u00een designul b\u0103ii, oferind un finisaj neted \u0219i durabil.<\/p>\n<p>Indiferent de stilul b\u0103ii dumneavoastr\u0103, b\u0103ncile noastre adaug\u0103 un plus de confort \u0219i func\u021bionalitate, fiind ideale pentru utilizarea comod\u0103 \u0219i practic\u0103 \u00een timpul du\u0219ului.<\/p>\n","protected":false},"featured_media":4823,"template":"","meta":{"_eb_attr":""},"product_brand":[],"product_cat":[107],"product_tag":[132],"class_list":{"0":"post-3489","1":"product","2":"type-product","3":"status-publish","4":"has-post-thumbnail","6":"product_cat-accesorii-pentru-dus","7":"product_tag-accesorii-pentru-dus","9":"first","10":"outofstock","11":"shipping-taxable","12":"purchasable","13":"product-type-simple"},"yoast_head":"<!-- This site is optimized with the Yoast SEO plugin v27.4 - https:\/\/yoast.com\/product\/yoast-seo-wordpress\/ -->\n<title>Granito<\/title>\n<meta name=\"robots\" content=\"index, follow, max-snippet:-1, max-image-preview:large, max-video-preview:-1\" \/>\n<link rel=\"canonical\" href=\"https:\/\/granito.ro\/en\/product\/accesorii-pentru-dus-granit-rosa-beta\/\" \/>\n<meta property=\"og:locale\" content=\"en_US\" \/>\n<meta property=\"og:type\" content=\"article\" \/>\n<meta property=\"og:title\" content=\"Accesorii pentru Du\u0219 Granit Rosa Beta - Acasa - Granito\" \/>\n<meta property=\"og:description\" content=\"B\u0103ncile pentru du\u0219 sunt create pentru a oferi un spa\u021biu de \u0219edere confortabil \u0219i sigur \u00een zona de baie. Proiectate ergonomic, aceste b\u0103nci sunt atent prelucrate pentru a se integra armonios \u00een designul b\u0103ii, oferind un finisaj neted \u0219i durabil.  Indiferent de stilul b\u0103ii dumneavoastr\u0103, b\u0103ncile noastre adaug\u0103 un plus de confort \u0219i func\u021bionalitate, fiind ideale pentru utilizarea comod\u0103 \u0219i practic\u0103 \u00een timpul du\u0219ului.\" \/>\n<meta property=\"og:url\" content=\"https:\/\/granito.ro\/en\/product\/accesorii-pentru-dus-granit-rosa-beta\/\" \/>\n<meta property=\"og:site_name\" content=\"Acasa - Granito\" \/>\n<meta property=\"article:publisher\" content=\"https:\/\/www.facebook.com\/granito.ro\" \/>\n<meta property=\"article:modified_time\" content=\"2025-04-24T17:39:48+00:00\" \/>\n<meta property=\"og:image\" content=\"https:\/\/granito.ro\/en\/wp-content\/uploads\/2024\/11\/0000s_0070_ACCESORII_DUS_GRANIT_ROSA_BETA.007.png\" \/>\n\t<meta property=\"og:image:width\" content=\"1620\" \/>\n\t<meta property=\"og:image:height\" content=\"1620\" \/>\n\t<meta property=\"og:image:type\" content=\"image\/png\" \/>\n<meta name=\"twitter:card\" content=\"summary_large_image\" \/>\n<meta name=\"twitter:label1\" content=\"Est. reading time\" \/>\n\t<meta name=\"twitter:data1\" content=\"1 minute\" \/>\n<script type=\"application\/ld+json\" class=\"yoast-schema-graph\">{\"@context\":\"https:\\\/\\\/schema.org\",\"@graph\":[{\"@type\":\"WebPage\",\"@id\":\"https:\\\/\\\/granito.ro\\\/en\\\/product\\\/accesorii-pentru-dus-granit-rosa-beta\\\/\",\"url\":\"https:\\\/\\\/granito.ro\\\/en\\\/product\\\/accesorii-pentru-dus-granit-rosa-beta\\\/\",\"name\":\"Accesorii pentru Du\u0219 Granit Rosa Beta - Acasa - Granito\",\"isPartOf\":{\"@id\":\"https:\\\/\\\/granito.ro\\\/en\\\/#website\"},\"primaryImageOfPage\":{\"@id\":\"https:\\\/\\\/granito.ro\\\/en\\\/product\\\/accesorii-pentru-dus-granit-rosa-beta\\\/#primaryimage\"},\"image\":{\"@id\":\"https:\\\/\\\/granito.ro\\\/en\\\/product\\\/accesorii-pentru-dus-granit-rosa-beta\\\/#primaryimage\"},\"thumbnailUrl\":\"https:\\\/\\\/granito.ro\\\/en\\\/wp-content\\\/uploads\\\/2024\\\/11\\\/0000s_0070_ACCESORII_DUS_GRANIT_ROSA_BETA.007.png\",\"datePublished\":\"2024-07-30T16:57:31+00:00\",\"dateModified\":\"2025-04-24T17:39:48+00:00\",\"breadcrumb\":{\"@id\":\"https:\\\/\\\/granito.ro\\\/en\\\/product\\\/accesorii-pentru-dus-granit-rosa-beta\\\/#breadcrumb\"},\"inLanguage\":\"en-US\",\"potentialAction\":[{\"@type\":\"ReadAction\",\"target\":[\"https:\\\/\\\/granito.ro\\\/en\\\/product\\\/accesorii-pentru-dus-granit-rosa-beta\\\/\"]}]},{\"@type\":\"ImageObject\",\"inLanguage\":\"en-US\",\"@id\":\"https:\\\/\\\/granito.ro\\\/en\\\/product\\\/accesorii-pentru-dus-granit-rosa-beta\\\/#primaryimage\",\"url\":\"https:\\\/\\\/granito.ro\\\/en\\\/wp-content\\\/uploads\\\/2024\\\/11\\\/0000s_0070_ACCESORII_DUS_GRANIT_ROSA_BETA.007.png\",\"contentUrl\":\"https:\\\/\\\/granito.ro\\\/en\\\/wp-content\\\/uploads\\\/2024\\\/11\\\/0000s_0070_ACCESORII_DUS_GRANIT_ROSA_BETA.007.png\",\"width\":1620,\"height\":1620},{\"@type\":\"BreadcrumbList\",\"@id\":\"https:\\\/\\\/granito.ro\\\/en\\\/product\\\/accesorii-pentru-dus-granit-rosa-beta\\\/#breadcrumb\",\"itemListElement\":[{\"@type\":\"ListItem\",\"position\":1,\"name\":\"Prima pagin\u0103\",\"item\":\"https:\\\/\\\/granito.ro\\\/en\\\/\"},{\"@type\":\"ListItem\",\"position\":2,\"name\":\"Materiale\",\"item\":\"https:\\\/\\\/granito.ro\\\/en\\\/materiale\\\/\"},{\"@type\":\"ListItem\",\"position\":3,\"name\":\"Accesorii pentru Du\u0219 Granit Rosa Beta\"}]},{\"@type\":\"WebSite\",\"@id\":\"https:\\\/\\\/granito.ro\\\/en\\\/#website\",\"url\":\"https:\\\/\\\/granito.ro\\\/en\\\/\",\"name\":\"Granito\",\"description\":\"\",\"publisher\":{\"@id\":\"https:\\\/\\\/granito.ro\\\/en\\\/#organization\"},\"potentialAction\":[{\"@type\":\"SearchAction\",\"target\":{\"@type\":\"EntryPoint\",\"urlTemplate\":\"https:\\\/\\\/granito.ro\\\/en\\\/?s={search_term_string}\"},\"query-input\":{\"@type\":\"PropertyValueSpecification\",\"valueRequired\":true,\"valueName\":\"search_term_string\"}}],\"inLanguage\":\"en-US\"},{\"@type\":\"Organization\",\"@id\":\"https:\\\/\\\/granito.ro\\\/en\\\/#organization\",\"name\":\"Granito\",\"url\":\"https:\\\/\\\/granito.ro\\\/en\\\/\",\"logo\":{\"@type\":\"ImageObject\",\"inLanguage\":\"en-US\",\"@id\":\"https:\\\/\\\/granito.ro\\\/en\\\/#\\\/schema\\\/logo\\\/image\\\/\",\"url\":\"https:\\\/\\\/granito.ro\\\/en\\\/wp-content\\\/uploads\\\/2024\\\/08\\\/Untitled-1.png\",\"contentUrl\":\"https:\\\/\\\/granito.ro\\\/en\\\/wp-content\\\/uploads\\\/2024\\\/08\\\/Untitled-1.png\",\"width\":500,\"height\":112,\"caption\":\"Granito\"},\"image\":{\"@id\":\"https:\\\/\\\/granito.ro\\\/en\\\/#\\\/schema\\\/logo\\\/image\\\/\"},\"sameAs\":[\"https:\\\/\\\/www.facebook.com\\\/granito.ro\",\"http:\\\/\\\/instagram.com\\\/granito.ro\"]}]}<\/script>\n<!-- \/ Yoast SEO plugin. -->","yoast_head_json":{"title":"Granito","robots":{"index":"index","follow":"follow","max-snippet":"max-snippet:-1","max-image-preview":"max-image-preview:large","max-video-preview":"max-video-preview:-1"},"canonical":"https:\/\/granito.ro\/en\/product\/accesorii-pentru-dus-granit-rosa-beta\/","og_locale":"en_US","og_type":"article","og_title":"Accesorii pentru Du\u0219 Granit Rosa Beta - Acasa - Granito","og_description":"B\u0103ncile pentru du\u0219 sunt create pentru a oferi un spa\u021biu de \u0219edere confortabil \u0219i sigur \u00een zona de baie. Proiectate ergonomic, aceste b\u0103nci sunt atent prelucrate pentru a se integra armonios \u00een designul b\u0103ii, oferind un finisaj neted \u0219i durabil.  Indiferent de stilul b\u0103ii dumneavoastr\u0103, b\u0103ncile noastre adaug\u0103 un plus de confort \u0219i func\u021bionalitate, fiind ideale pentru utilizarea comod\u0103 \u0219i practic\u0103 \u00een timpul du\u0219ului.","og_url":"https:\/\/granito.ro\/en\/product\/accesorii-pentru-dus-granit-rosa-beta\/","og_site_name":"Acasa - Granito","article_publisher":"https:\/\/www.facebook.com\/granito.ro","article_modified_time":"2025-04-24T17:39:48+00:00","og_image":[{"width":1620,"height":1620,"url":"https:\/\/granito.ro\/en\/wp-content\/uploads\/2024\/11\/0000s_0070_ACCESORII_DUS_GRANIT_ROSA_BETA.007.png","type":"image\/png"}],"twitter_card":"summary_large_image","twitter_misc":{"Est. reading time":"1 minute"},"schema":{"@context":"https:\/\/schema.org","@graph":[{"@type":"WebPage","@id":"https:\/\/granito.ro\/en\/product\/accesorii-pentru-dus-granit-rosa-beta\/","url":"https:\/\/granito.ro\/en\/product\/accesorii-pentru-dus-granit-rosa-beta\/","name":"Accesorii pentru Du\u0219 Granit Rosa Beta - Acasa - Granito","isPartOf":{"@id":"https:\/\/granito.ro\/en\/#website"},"primaryImageOfPage":{"@id":"https:\/\/granito.ro\/en\/product\/accesorii-pentru-dus-granit-rosa-beta\/#primaryimage"},"image":{"@id":"https:\/\/granito.ro\/en\/product\/accesorii-pentru-dus-granit-rosa-beta\/#primaryimage"},"thumbnailUrl":"https:\/\/granito.ro\/en\/wp-content\/uploads\/2024\/11\/0000s_0070_ACCESORII_DUS_GRANIT_ROSA_BETA.007.png","datePublished":"2024-07-30T16:57:31+00:00","dateModified":"2025-04-24T17:39:48+00:00","breadcrumb":{"@id":"https:\/\/granito.ro\/en\/product\/accesorii-pentru-dus-granit-rosa-beta\/#breadcrumb"},"inLanguage":"en-US","potentialAction":[{"@type":"ReadAction","target":["https:\/\/granito.ro\/en\/product\/accesorii-pentru-dus-granit-rosa-beta\/"]}]},{"@type":"ImageObject","inLanguage":"en-US","@id":"https:\/\/granito.ro\/en\/product\/accesorii-pentru-dus-granit-rosa-beta\/#primaryimage","url":"https:\/\/granito.ro\/en\/wp-content\/uploads\/2024\/11\/0000s_0070_ACCESORII_DUS_GRANIT_ROSA_BETA.007.png","contentUrl":"https:\/\/granito.ro\/en\/wp-content\/uploads\/2024\/11\/0000s_0070_ACCESORII_DUS_GRANIT_ROSA_BETA.007.png","width":1620,"height":1620},{"@type":"BreadcrumbList","@id":"https:\/\/granito.ro\/en\/product\/accesorii-pentru-dus-granit-rosa-beta\/#breadcrumb","itemListElement":[{"@type":"ListItem","position":1,"name":"Prima pagin\u0103","item":"https:\/\/granito.ro\/en\/"},{"@type":"ListItem","position":2,"name":"Materiale","item":"https:\/\/granito.ro\/en\/materiale\/"},{"@type":"ListItem","position":3,"name":"Accesorii pentru Du\u0219 Granit Rosa Beta"}]},{"@type":"WebSite","@id":"https:\/\/granito.ro\/en\/#website","url":"https:\/\/granito.ro\/en\/","name":"Granito","description":"","publisher":{"@id":"https:\/\/granito.ro\/en\/#organization"},"potentialAction":[{"@type":"SearchAction","target":{"@type":"EntryPoint","urlTemplate":"https:\/\/granito.ro\/en\/?s={search_term_string}"},"query-input":{"@type":"PropertyValueSpecification","valueRequired":true,"valueName":"search_term_string"}}],"inLanguage":"en-US"},{"@type":"Organization","@id":"https:\/\/granito.ro\/en\/#organization","name":"Granito","url":"https:\/\/granito.ro\/en\/","logo":{"@type":"ImageObject","inLanguage":"en-US","@id":"https:\/\/granito.ro\/en\/#\/schema\/logo\/image\/","url":"https:\/\/granito.ro\/en\/wp-content\/uploads\/2024\/08\/Untitled-1.png","contentUrl":"https:\/\/granito.ro\/en\/wp-content\/uploads\/2024\/08\/Untitled-1.png","width":500,"height":112,"caption":"Granito"},"image":{"@id":"https:\/\/granito.ro\/en\/#\/schema\/logo\/image\/"},"sameAs":["https:\/\/www.facebook.com\/granito.ro","http:\/\/instagram.com\/granito.ro"]}]}},"_links":{"self":[{"href":"https:\/\/granito.ro\/en\/wp-json\/wp\/v2\/product\/3489","targetHints":{"allow":["GET"]}}],"collection":[{"href":"https:\/\/granito.ro\/en\/wp-json\/wp\/v2\/product"}],"about":[{"href":"https:\/\/granito.ro\/en\/wp-json\/wp\/v2\/types\/product"}],"wp:featuredmedia":[{"embeddable":true,"href":"https:\/\/granito.ro\/en\/wp-json\/wp\/v2\/media\/4823"}],"wp:attachment":[{"href":"https:\/\/granito.ro\/en\/wp-json\/wp\/v2\/media?parent=3489"}],"wp:term":[{"taxonomy":"product_brand","embeddable":true,"href":"https:\/\/granito.ro\/en\/wp-json\/wp\/v2\/product_brand?post=3489"},{"taxonomy":"product_cat","embeddable":true,"href":"https:\/\/granito.ro\/en\/wp-json\/wp\/v2\/product_cat?post=3489"},{"taxonomy":"product_tag","embeddable":true,"href":"https:\/\/granito.ro\/en\/wp-json\/wp\/v2\/product_tag?post=3489"}],"curies":[{"name":"wp","href":"https:\/\/api.w.org\/{rel}","templated":true}]}}