
{"id":3474,"date":"2024-07-23T19:41:33","date_gmt":"2024-07-23T19:41:33","guid":{"rendered":"https:\/\/granito.ro\/?post_type=product&#038;p=3474"},"modified":"2025-04-24T17:37:55","modified_gmt":"2025-04-24T17:37:55","slug":"accesorii-pentru-dus-marmura-sunny","status":"publish","type":"product","link":"https:\/\/granito.ro\/en\/product\/accesorii-pentru-dus-marmura-sunny\/","title":{"rendered":"Accesorii pentru Du\u0219 Marmur\u0103 Sunny"},"content":{"rendered":"<p><span style=\"font-weight: 400;\">Marmura Sunny, extras\u0103 din carierele de\u0219ertului egiptean, este renumit\u0103 pentru frumuse\u021bea, durabilitatea \u0219i versatilitatea sa. Aceast\u0103 piatr\u0103 captivant\u0103 prezint\u0103 un amestec hipnotizant de tonuri de bej \u0219i crem, \u00eempodobite cu vene subtile \u0219i pete care adaug\u0103 profunzime \u0219i caracter oric\u0103rui spa\u021biu. Marmura Sunny \u00eembin\u0103 perfect estetica cu func\u021bionalitatea, transform\u00e2nd orice spa\u021biu \u00eentr-un loc elegant \u0219i sofisticat.<\/span><\/p>\n<p><b>Piatra natural\u0103 prezint\u0103 varia\u021bii de nuan\u021b\u0103, motiv pentru care imaginile de prezentare au un caracter strict informativ \u0219i pot s\u0103 nu reflecte cu exactitate aspectul real al produsului.<\/b><\/p>\n","protected":false},"excerpt":{"rendered":"<p>B\u0103ncile pentru du\u0219 sunt create pentru a oferi un spa\u021biu de \u0219edere confortabil \u0219i sigur \u00een zona de baie. Proiectate ergonomic, aceste b\u0103nci sunt atent prelucrate pentru a se integra armonios \u00een designul b\u0103ii, oferind un finisaj neted \u0219i durabil.<\/p>\n<p>Indiferent de stilul b\u0103ii dumneavoastr\u0103, b\u0103ncile noastre adaug\u0103 un plus de confort \u0219i func\u021bionalitate, fiind ideale pentru utilizarea comod\u0103 \u0219i practic\u0103 \u00een timpul du\u0219ului.<\/p>\n","protected":false},"featured_media":4753,"template":"","meta":{"_eb_attr":""},"product_brand":[],"product_cat":[107],"product_tag":[132],"class_list":{"0":"post-3474","1":"product","2":"type-product","3":"status-publish","4":"has-post-thumbnail","6":"product_cat-accesorii-pentru-dus","7":"product_tag-accesorii-pentru-dus","9":"first","10":"outofstock","11":"shipping-taxable","12":"purchasable","13":"product-type-simple"},"yoast_head":"<!-- This site is optimized with the Yoast SEO plugin v27.4 - https:\/\/yoast.com\/product\/yoast-seo-wordpress\/ -->\n<title>Granito<\/title>\n<meta name=\"robots\" content=\"index, follow, max-snippet:-1, max-image-preview:large, max-video-preview:-1\" \/>\n<link rel=\"canonical\" href=\"https:\/\/granito.ro\/en\/product\/accesorii-pentru-dus-marmura-sunny\/\" \/>\n<meta property=\"og:locale\" content=\"en_US\" \/>\n<meta property=\"og:type\" content=\"article\" \/>\n<meta property=\"og:title\" content=\"Accesorii pentru Du\u0219 Marmur\u0103 Sunny - Acasa - Granito\" \/>\n<meta property=\"og:description\" content=\"B\u0103ncile pentru du\u0219 sunt create pentru a oferi un spa\u021biu de \u0219edere confortabil \u0219i sigur \u00een zona de baie. Proiectate ergonomic, aceste b\u0103nci sunt atent prelucrate pentru a se integra armonios \u00een designul b\u0103ii, oferind un finisaj neted \u0219i durabil.  Indiferent de stilul b\u0103ii dumneavoastr\u0103, b\u0103ncile noastre adaug\u0103 un plus de confort \u0219i func\u021bionalitate, fiind ideale pentru utilizarea comod\u0103 \u0219i practic\u0103 \u00een timpul du\u0219ului.\" \/>\n<meta property=\"og:url\" content=\"https:\/\/granito.ro\/en\/product\/accesorii-pentru-dus-marmura-sunny\/\" \/>\n<meta property=\"og:site_name\" content=\"Acasa - Granito\" \/>\n<meta property=\"article:publisher\" content=\"https:\/\/www.facebook.com\/granito.ro\" \/>\n<meta property=\"article:modified_time\" content=\"2025-04-24T17:37:55+00:00\" \/>\n<meta property=\"og:image\" content=\"https:\/\/granito.ro\/en\/wp-content\/uploads\/2024\/11\/0000s_0000_ACCESORII_PENTRU_DUS_MARMURA_SUNNY.007.png\" \/>\n\t<meta property=\"og:image:width\" content=\"1620\" \/>\n\t<meta property=\"og:image:height\" content=\"1620\" \/>\n\t<meta property=\"og:image:type\" content=\"image\/png\" \/>\n<meta name=\"twitter:card\" content=\"summary_large_image\" \/>\n<script type=\"application\/ld+json\" class=\"yoast-schema-graph\">{\"@context\":\"https:\\\/\\\/schema.org\",\"@graph\":[{\"@type\":\"WebPage\",\"@id\":\"https:\\\/\\\/granito.ro\\\/en\\\/product\\\/accesorii-pentru-dus-marmura-sunny\\\/\",\"url\":\"https:\\\/\\\/granito.ro\\\/en\\\/product\\\/accesorii-pentru-dus-marmura-sunny\\\/\",\"name\":\"Accesorii pentru Du\u0219 Marmur\u0103 Sunny - Acasa - Granito\",\"isPartOf\":{\"@id\":\"https:\\\/\\\/granito.ro\\\/en\\\/#website\"},\"primaryImageOfPage\":{\"@id\":\"https:\\\/\\\/granito.ro\\\/en\\\/product\\\/accesorii-pentru-dus-marmura-sunny\\\/#primaryimage\"},\"image\":{\"@id\":\"https:\\\/\\\/granito.ro\\\/en\\\/product\\\/accesorii-pentru-dus-marmura-sunny\\\/#primaryimage\"},\"thumbnailUrl\":\"https:\\\/\\\/granito.ro\\\/en\\\/wp-content\\\/uploads\\\/2024\\\/11\\\/0000s_0000_ACCESORII_PENTRU_DUS_MARMURA_SUNNY.007.png\",\"datePublished\":\"2024-07-23T19:41:33+00:00\",\"dateModified\":\"2025-04-24T17:37:55+00:00\",\"breadcrumb\":{\"@id\":\"https:\\\/\\\/granito.ro\\\/en\\\/product\\\/accesorii-pentru-dus-marmura-sunny\\\/#breadcrumb\"},\"inLanguage\":\"en-US\",\"potentialAction\":[{\"@type\":\"ReadAction\",\"target\":[\"https:\\\/\\\/granito.ro\\\/en\\\/product\\\/accesorii-pentru-dus-marmura-sunny\\\/\"]}]},{\"@type\":\"ImageObject\",\"inLanguage\":\"en-US\",\"@id\":\"https:\\\/\\\/granito.ro\\\/en\\\/product\\\/accesorii-pentru-dus-marmura-sunny\\\/#primaryimage\",\"url\":\"https:\\\/\\\/granito.ro\\\/en\\\/wp-content\\\/uploads\\\/2024\\\/11\\\/0000s_0000_ACCESORII_PENTRU_DUS_MARMURA_SUNNY.007.png\",\"contentUrl\":\"https:\\\/\\\/granito.ro\\\/en\\\/wp-content\\\/uploads\\\/2024\\\/11\\\/0000s_0000_ACCESORII_PENTRU_DUS_MARMURA_SUNNY.007.png\",\"width\":1620,\"height\":1620},{\"@type\":\"BreadcrumbList\",\"@id\":\"https:\\\/\\\/granito.ro\\\/en\\\/product\\\/accesorii-pentru-dus-marmura-sunny\\\/#breadcrumb\",\"itemListElement\":[{\"@type\":\"ListItem\",\"position\":1,\"name\":\"Prima pagin\u0103\",\"item\":\"https:\\\/\\\/granito.ro\\\/en\\\/\"},{\"@type\":\"ListItem\",\"position\":2,\"name\":\"Materiale\",\"item\":\"https:\\\/\\\/granito.ro\\\/en\\\/materiale\\\/\"},{\"@type\":\"ListItem\",\"position\":3,\"name\":\"Accesorii pentru Du\u0219 Marmur\u0103 Sunny\"}]},{\"@type\":\"WebSite\",\"@id\":\"https:\\\/\\\/granito.ro\\\/en\\\/#website\",\"url\":\"https:\\\/\\\/granito.ro\\\/en\\\/\",\"name\":\"Granito\",\"description\":\"\",\"publisher\":{\"@id\":\"https:\\\/\\\/granito.ro\\\/en\\\/#organization\"},\"potentialAction\":[{\"@type\":\"SearchAction\",\"target\":{\"@type\":\"EntryPoint\",\"urlTemplate\":\"https:\\\/\\\/granito.ro\\\/en\\\/?s={search_term_string}\"},\"query-input\":{\"@type\":\"PropertyValueSpecification\",\"valueRequired\":true,\"valueName\":\"search_term_string\"}}],\"inLanguage\":\"en-US\"},{\"@type\":\"Organization\",\"@id\":\"https:\\\/\\\/granito.ro\\\/en\\\/#organization\",\"name\":\"Granito\",\"url\":\"https:\\\/\\\/granito.ro\\\/en\\\/\",\"logo\":{\"@type\":\"ImageObject\",\"inLanguage\":\"en-US\",\"@id\":\"https:\\\/\\\/granito.ro\\\/en\\\/#\\\/schema\\\/logo\\\/image\\\/\",\"url\":\"https:\\\/\\\/granito.ro\\\/en\\\/wp-content\\\/uploads\\\/2024\\\/08\\\/Untitled-1.png\",\"contentUrl\":\"https:\\\/\\\/granito.ro\\\/en\\\/wp-content\\\/uploads\\\/2024\\\/08\\\/Untitled-1.png\",\"width\":500,\"height\":112,\"caption\":\"Granito\"},\"image\":{\"@id\":\"https:\\\/\\\/granito.ro\\\/en\\\/#\\\/schema\\\/logo\\\/image\\\/\"},\"sameAs\":[\"https:\\\/\\\/www.facebook.com\\\/granito.ro\",\"http:\\\/\\\/instagram.com\\\/granito.ro\"]}]}<\/script>\n<!-- \/ Yoast SEO plugin. -->","yoast_head_json":{"title":"Granito","robots":{"index":"index","follow":"follow","max-snippet":"max-snippet:-1","max-image-preview":"max-image-preview:large","max-video-preview":"max-video-preview:-1"},"canonical":"https:\/\/granito.ro\/en\/product\/accesorii-pentru-dus-marmura-sunny\/","og_locale":"en_US","og_type":"article","og_title":"Accesorii pentru Du\u0219 Marmur\u0103 Sunny - Acasa - Granito","og_description":"B\u0103ncile pentru du\u0219 sunt create pentru a oferi un spa\u021biu de \u0219edere confortabil \u0219i sigur \u00een zona de baie. Proiectate ergonomic, aceste b\u0103nci sunt atent prelucrate pentru a se integra armonios \u00een designul b\u0103ii, oferind un finisaj neted \u0219i durabil.  Indiferent de stilul b\u0103ii dumneavoastr\u0103, b\u0103ncile noastre adaug\u0103 un plus de confort \u0219i func\u021bionalitate, fiind ideale pentru utilizarea comod\u0103 \u0219i practic\u0103 \u00een timpul du\u0219ului.","og_url":"https:\/\/granito.ro\/en\/product\/accesorii-pentru-dus-marmura-sunny\/","og_site_name":"Acasa - Granito","article_publisher":"https:\/\/www.facebook.com\/granito.ro","article_modified_time":"2025-04-24T17:37:55+00:00","og_image":[{"width":1620,"height":1620,"url":"https:\/\/granito.ro\/en\/wp-content\/uploads\/2024\/11\/0000s_0000_ACCESORII_PENTRU_DUS_MARMURA_SUNNY.007.png","type":"image\/png"}],"twitter_card":"summary_large_image","schema":{"@context":"https:\/\/schema.org","@graph":[{"@type":"WebPage","@id":"https:\/\/granito.ro\/en\/product\/accesorii-pentru-dus-marmura-sunny\/","url":"https:\/\/granito.ro\/en\/product\/accesorii-pentru-dus-marmura-sunny\/","name":"Accesorii pentru Du\u0219 Marmur\u0103 Sunny - Acasa - Granito","isPartOf":{"@id":"https:\/\/granito.ro\/en\/#website"},"primaryImageOfPage":{"@id":"https:\/\/granito.ro\/en\/product\/accesorii-pentru-dus-marmura-sunny\/#primaryimage"},"image":{"@id":"https:\/\/granito.ro\/en\/product\/accesorii-pentru-dus-marmura-sunny\/#primaryimage"},"thumbnailUrl":"https:\/\/granito.ro\/en\/wp-content\/uploads\/2024\/11\/0000s_0000_ACCESORII_PENTRU_DUS_MARMURA_SUNNY.007.png","datePublished":"2024-07-23T19:41:33+00:00","dateModified":"2025-04-24T17:37:55+00:00","breadcrumb":{"@id":"https:\/\/granito.ro\/en\/product\/accesorii-pentru-dus-marmura-sunny\/#breadcrumb"},"inLanguage":"en-US","potentialAction":[{"@type":"ReadAction","target":["https:\/\/granito.ro\/en\/product\/accesorii-pentru-dus-marmura-sunny\/"]}]},{"@type":"ImageObject","inLanguage":"en-US","@id":"https:\/\/granito.ro\/en\/product\/accesorii-pentru-dus-marmura-sunny\/#primaryimage","url":"https:\/\/granito.ro\/en\/wp-content\/uploads\/2024\/11\/0000s_0000_ACCESORII_PENTRU_DUS_MARMURA_SUNNY.007.png","contentUrl":"https:\/\/granito.ro\/en\/wp-content\/uploads\/2024\/11\/0000s_0000_ACCESORII_PENTRU_DUS_MARMURA_SUNNY.007.png","width":1620,"height":1620},{"@type":"BreadcrumbList","@id":"https:\/\/granito.ro\/en\/product\/accesorii-pentru-dus-marmura-sunny\/#breadcrumb","itemListElement":[{"@type":"ListItem","position":1,"name":"Prima pagin\u0103","item":"https:\/\/granito.ro\/en\/"},{"@type":"ListItem","position":2,"name":"Materiale","item":"https:\/\/granito.ro\/en\/materiale\/"},{"@type":"ListItem","position":3,"name":"Accesorii pentru Du\u0219 Marmur\u0103 Sunny"}]},{"@type":"WebSite","@id":"https:\/\/granito.ro\/en\/#website","url":"https:\/\/granito.ro\/en\/","name":"Granito","description":"","publisher":{"@id":"https:\/\/granito.ro\/en\/#organization"},"potentialAction":[{"@type":"SearchAction","target":{"@type":"EntryPoint","urlTemplate":"https:\/\/granito.ro\/en\/?s={search_term_string}"},"query-input":{"@type":"PropertyValueSpecification","valueRequired":true,"valueName":"search_term_string"}}],"inLanguage":"en-US"},{"@type":"Organization","@id":"https:\/\/granito.ro\/en\/#organization","name":"Granito","url":"https:\/\/granito.ro\/en\/","logo":{"@type":"ImageObject","inLanguage":"en-US","@id":"https:\/\/granito.ro\/en\/#\/schema\/logo\/image\/","url":"https:\/\/granito.ro\/en\/wp-content\/uploads\/2024\/08\/Untitled-1.png","contentUrl":"https:\/\/granito.ro\/en\/wp-content\/uploads\/2024\/08\/Untitled-1.png","width":500,"height":112,"caption":"Granito"},"image":{"@id":"https:\/\/granito.ro\/en\/#\/schema\/logo\/image\/"},"sameAs":["https:\/\/www.facebook.com\/granito.ro","http:\/\/instagram.com\/granito.ro"]}]}},"_links":{"self":[{"href":"https:\/\/granito.ro\/en\/wp-json\/wp\/v2\/product\/3474","targetHints":{"allow":["GET"]}}],"collection":[{"href":"https:\/\/granito.ro\/en\/wp-json\/wp\/v2\/product"}],"about":[{"href":"https:\/\/granito.ro\/en\/wp-json\/wp\/v2\/types\/product"}],"wp:featuredmedia":[{"embeddable":true,"href":"https:\/\/granito.ro\/en\/wp-json\/wp\/v2\/media\/4753"}],"wp:attachment":[{"href":"https:\/\/granito.ro\/en\/wp-json\/wp\/v2\/media?parent=3474"}],"wp:term":[{"taxonomy":"product_brand","embeddable":true,"href":"https:\/\/granito.ro\/en\/wp-json\/wp\/v2\/product_brand?post=3474"},{"taxonomy":"product_cat","embeddable":true,"href":"https:\/\/granito.ro\/en\/wp-json\/wp\/v2\/product_cat?post=3474"},{"taxonomy":"product_tag","embeddable":true,"href":"https:\/\/granito.ro\/en\/wp-json\/wp\/v2\/product_tag?post=3474"}],"curies":[{"name":"wp","href":"https:\/\/api.w.org\/{rel}","templated":true}]}}