
{"id":3449,"date":"2024-07-21T17:49:03","date_gmt":"2024-07-21T17:49:03","guid":{"rendered":"https:\/\/granito.ro\/?post_type=product&#038;p=3449"},"modified":"2025-04-23T13:57:23","modified_gmt":"2025-04-23T13:57:23","slug":"spartura-contur-poligonal-marmura-ruschita","status":"publish","type":"product","link":"https:\/\/granito.ro\/en\/product\/spartura-contur-poligonal-marmura-ruschita\/","title":{"rendered":"Sp\u0103rtur\u0103 &#8211; Contur Poligonal Marmur\u0103 Ru\u0219chi\u021ba"},"content":{"rendered":"<p>Marmura de Ru\u0219chi\u021ba este un simbol al elegan\u021bei, recunoscut\u0103 pentru nuan\u021bele sale distincte de alb \u0219i roz, fiecare av\u00e2nd varia\u021biuni unice. Marmura alb\u0103 impresioneaz\u0103 prin tonuri luminoase \u0219i filigrane subtile, \u00een timp ce marmura roz se remarc\u0103 prin tonuri calde, de la pale la intens, cu vene armonioase.<\/p>\n<p>\u00cen form\u0103 brut\u0103, sub form\u0103 de sp\u0103rtur\u0103, combin\u0103 toate aceste varia\u021bii, oferind un aspect natural \u0219i autentic. Este o marmur\u0103 versatil\u0103, potrivit\u0103 pentru proiecte artistice \u0219i arhitecturale.<\/p>\n<p><b>Piatra natural\u0103 prezint\u0103 varia\u021bii de nuan\u021b\u0103, motiv pentru care imaginile de prezentare au un caracter strict informativ \u0219i pot s\u0103 nu reflecte cu exactitate aspectul real al produsului.<\/b><\/p>\n","protected":false},"excerpt":{"rendered":"<p><span style=\"font-weight: 400;\">Sp\u0103rtura, prin formele sale neregulate \u0219i robuste, adaug\u0103 textur\u0103 \u0219i profunzime aleilor, conferind oric\u0103rui peisaj o prezen\u021b\u0103 autentic\u0103 \u0219i timpurie.<\/span><\/p>\n<p><span style=\"font-weight: 400;\">Ad\u0103uga\u021bi un accent de rusticitate \u0219i func\u021bionalitate \u00een spa\u021biile exterioare cu sp\u0103rtura noastr\u0103, perfect\u0103 pentru o integrare natural\u0103 \u00een orice decor de gr\u0103din\u0103.<\/span><\/p>\n","protected":false},"featured_media":7556,"template":"","meta":{"_eb_attr":""},"product_brand":[],"product_cat":[104],"product_tag":[202,129],"class_list":{"0":"post-3449","1":"product","2":"type-product","3":"status-publish","4":"has-post-thumbnail","6":"product_cat-spartura-contur-poligonal","7":"product_tag-piatra_tulumbata_related","8":"product_tag-spartura-contur-poligonal","10":"first","11":"outofstock","12":"shipping-taxable","13":"purchasable","14":"product-type-simple"},"yoast_head":"<!-- This site is optimized with the Yoast SEO plugin v27.4 - https:\/\/yoast.com\/product\/yoast-seo-wordpress\/ -->\n<title>Granito<\/title>\n<meta name=\"robots\" content=\"index, follow, max-snippet:-1, max-image-preview:large, max-video-preview:-1\" \/>\n<link rel=\"canonical\" href=\"https:\/\/granito.ro\/en\/product\/spartura-contur-poligonal-marmura-ruschita\/\" \/>\n<meta property=\"og:locale\" content=\"en_US\" \/>\n<meta property=\"og:type\" content=\"article\" \/>\n<meta property=\"og:title\" content=\"Sp\u0103rtur\u0103 - Contur Poligonal Marmur\u0103 Ru\u0219chi\u021ba - Acasa - Granito\" \/>\n<meta property=\"og:description\" content=\"Sp\u0103rtura, prin formele sale neregulate \u0219i robuste, adaug\u0103 textur\u0103 \u0219i profunzime aleilor, conferind oric\u0103rui peisaj o prezen\u021b\u0103 autentic\u0103 \u0219i timpurie.  Ad\u0103uga\u021bi un accent de rusticitate \u0219i func\u021bionalitate \u00een spa\u021biile exterioare cu sp\u0103rtura noastr\u0103, perfect\u0103 pentru o integrare natural\u0103 \u00een orice decor de gr\u0103din\u0103.\" \/>\n<meta property=\"og:url\" content=\"https:\/\/granito.ro\/en\/product\/spartura-contur-poligonal-marmura-ruschita\/\" \/>\n<meta property=\"og:site_name\" content=\"Acasa - Granito\" \/>\n<meta property=\"article:publisher\" content=\"https:\/\/www.facebook.com\/granito.ro\" \/>\n<meta property=\"article:modified_time\" content=\"2025-04-23T13:57:23+00:00\" \/>\n<meta property=\"og:image\" content=\"https:\/\/granito.ro\/en\/wp-content\/uploads\/2025\/04\/SPARTURA_MARMURA_RUSCHITA_10.png\" \/>\n\t<meta property=\"og:image:width\" content=\"1080\" \/>\n\t<meta property=\"og:image:height\" content=\"1080\" \/>\n\t<meta property=\"og:image:type\" content=\"image\/png\" \/>\n<meta name=\"twitter:card\" content=\"summary_large_image\" \/>\n<meta name=\"twitter:label1\" content=\"Est. reading time\" \/>\n\t<meta name=\"twitter:data1\" content=\"1 minute\" \/>\n<script type=\"application\/ld+json\" class=\"yoast-schema-graph\">{\"@context\":\"https:\\\/\\\/schema.org\",\"@graph\":[{\"@type\":\"WebPage\",\"@id\":\"https:\\\/\\\/granito.ro\\\/en\\\/product\\\/spartura-contur-poligonal-marmura-ruschita\\\/\",\"url\":\"https:\\\/\\\/granito.ro\\\/en\\\/product\\\/spartura-contur-poligonal-marmura-ruschita\\\/\",\"name\":\"Sp\u0103rtur\u0103 - Contur Poligonal Marmur\u0103 Ru\u0219chi\u021ba - Acasa - Granito\",\"isPartOf\":{\"@id\":\"https:\\\/\\\/granito.ro\\\/en\\\/#website\"},\"primaryImageOfPage\":{\"@id\":\"https:\\\/\\\/granito.ro\\\/en\\\/product\\\/spartura-contur-poligonal-marmura-ruschita\\\/#primaryimage\"},\"image\":{\"@id\":\"https:\\\/\\\/granito.ro\\\/en\\\/product\\\/spartura-contur-poligonal-marmura-ruschita\\\/#primaryimage\"},\"thumbnailUrl\":\"https:\\\/\\\/granito.ro\\\/en\\\/wp-content\\\/uploads\\\/2025\\\/04\\\/SPARTURA_MARMURA_RUSCHITA_10.png\",\"datePublished\":\"2024-07-21T17:49:03+00:00\",\"dateModified\":\"2025-04-23T13:57:23+00:00\",\"breadcrumb\":{\"@id\":\"https:\\\/\\\/granito.ro\\\/en\\\/product\\\/spartura-contur-poligonal-marmura-ruschita\\\/#breadcrumb\"},\"inLanguage\":\"en-US\",\"potentialAction\":[{\"@type\":\"ReadAction\",\"target\":[\"https:\\\/\\\/granito.ro\\\/en\\\/product\\\/spartura-contur-poligonal-marmura-ruschita\\\/\"]}]},{\"@type\":\"ImageObject\",\"inLanguage\":\"en-US\",\"@id\":\"https:\\\/\\\/granito.ro\\\/en\\\/product\\\/spartura-contur-poligonal-marmura-ruschita\\\/#primaryimage\",\"url\":\"https:\\\/\\\/granito.ro\\\/en\\\/wp-content\\\/uploads\\\/2025\\\/04\\\/SPARTURA_MARMURA_RUSCHITA_10.png\",\"contentUrl\":\"https:\\\/\\\/granito.ro\\\/en\\\/wp-content\\\/uploads\\\/2025\\\/04\\\/SPARTURA_MARMURA_RUSCHITA_10.png\",\"width\":1080,\"height\":1080},{\"@type\":\"BreadcrumbList\",\"@id\":\"https:\\\/\\\/granito.ro\\\/en\\\/product\\\/spartura-contur-poligonal-marmura-ruschita\\\/#breadcrumb\",\"itemListElement\":[{\"@type\":\"ListItem\",\"position\":1,\"name\":\"Prima pagin\u0103\",\"item\":\"https:\\\/\\\/granito.ro\\\/en\\\/\"},{\"@type\":\"ListItem\",\"position\":2,\"name\":\"Materiale\",\"item\":\"https:\\\/\\\/granito.ro\\\/en\\\/materiale\\\/\"},{\"@type\":\"ListItem\",\"position\":3,\"name\":\"Sp\u0103rtur\u0103 &#8211; Contur Poligonal Marmur\u0103 Ru\u0219chi\u021ba\"}]},{\"@type\":\"WebSite\",\"@id\":\"https:\\\/\\\/granito.ro\\\/en\\\/#website\",\"url\":\"https:\\\/\\\/granito.ro\\\/en\\\/\",\"name\":\"Granito\",\"description\":\"\",\"publisher\":{\"@id\":\"https:\\\/\\\/granito.ro\\\/en\\\/#organization\"},\"potentialAction\":[{\"@type\":\"SearchAction\",\"target\":{\"@type\":\"EntryPoint\",\"urlTemplate\":\"https:\\\/\\\/granito.ro\\\/en\\\/?s={search_term_string}\"},\"query-input\":{\"@type\":\"PropertyValueSpecification\",\"valueRequired\":true,\"valueName\":\"search_term_string\"}}],\"inLanguage\":\"en-US\"},{\"@type\":\"Organization\",\"@id\":\"https:\\\/\\\/granito.ro\\\/en\\\/#organization\",\"name\":\"Granito\",\"url\":\"https:\\\/\\\/granito.ro\\\/en\\\/\",\"logo\":{\"@type\":\"ImageObject\",\"inLanguage\":\"en-US\",\"@id\":\"https:\\\/\\\/granito.ro\\\/en\\\/#\\\/schema\\\/logo\\\/image\\\/\",\"url\":\"https:\\\/\\\/granito.ro\\\/en\\\/wp-content\\\/uploads\\\/2024\\\/08\\\/Untitled-1.png\",\"contentUrl\":\"https:\\\/\\\/granito.ro\\\/en\\\/wp-content\\\/uploads\\\/2024\\\/08\\\/Untitled-1.png\",\"width\":500,\"height\":112,\"caption\":\"Granito\"},\"image\":{\"@id\":\"https:\\\/\\\/granito.ro\\\/en\\\/#\\\/schema\\\/logo\\\/image\\\/\"},\"sameAs\":[\"https:\\\/\\\/www.facebook.com\\\/granito.ro\",\"http:\\\/\\\/instagram.com\\\/granito.ro\"]}]}<\/script>\n<!-- \/ Yoast SEO plugin. -->","yoast_head_json":{"title":"Granito","robots":{"index":"index","follow":"follow","max-snippet":"max-snippet:-1","max-image-preview":"max-image-preview:large","max-video-preview":"max-video-preview:-1"},"canonical":"https:\/\/granito.ro\/en\/product\/spartura-contur-poligonal-marmura-ruschita\/","og_locale":"en_US","og_type":"article","og_title":"Sp\u0103rtur\u0103 - Contur Poligonal Marmur\u0103 Ru\u0219chi\u021ba - Acasa - Granito","og_description":"Sp\u0103rtura, prin formele sale neregulate \u0219i robuste, adaug\u0103 textur\u0103 \u0219i profunzime aleilor, conferind oric\u0103rui peisaj o prezen\u021b\u0103 autentic\u0103 \u0219i timpurie.  Ad\u0103uga\u021bi un accent de rusticitate \u0219i func\u021bionalitate \u00een spa\u021biile exterioare cu sp\u0103rtura noastr\u0103, perfect\u0103 pentru o integrare natural\u0103 \u00een orice decor de gr\u0103din\u0103.","og_url":"https:\/\/granito.ro\/en\/product\/spartura-contur-poligonal-marmura-ruschita\/","og_site_name":"Acasa - Granito","article_publisher":"https:\/\/www.facebook.com\/granito.ro","article_modified_time":"2025-04-23T13:57:23+00:00","og_image":[{"width":1080,"height":1080,"url":"https:\/\/granito.ro\/en\/wp-content\/uploads\/2025\/04\/SPARTURA_MARMURA_RUSCHITA_10.png","type":"image\/png"}],"twitter_card":"summary_large_image","twitter_misc":{"Est. reading time":"1 minute"},"schema":{"@context":"https:\/\/schema.org","@graph":[{"@type":"WebPage","@id":"https:\/\/granito.ro\/en\/product\/spartura-contur-poligonal-marmura-ruschita\/","url":"https:\/\/granito.ro\/en\/product\/spartura-contur-poligonal-marmura-ruschita\/","name":"Sp\u0103rtur\u0103 - Contur Poligonal Marmur\u0103 Ru\u0219chi\u021ba - Acasa - Granito","isPartOf":{"@id":"https:\/\/granito.ro\/en\/#website"},"primaryImageOfPage":{"@id":"https:\/\/granito.ro\/en\/product\/spartura-contur-poligonal-marmura-ruschita\/#primaryimage"},"image":{"@id":"https:\/\/granito.ro\/en\/product\/spartura-contur-poligonal-marmura-ruschita\/#primaryimage"},"thumbnailUrl":"https:\/\/granito.ro\/en\/wp-content\/uploads\/2025\/04\/SPARTURA_MARMURA_RUSCHITA_10.png","datePublished":"2024-07-21T17:49:03+00:00","dateModified":"2025-04-23T13:57:23+00:00","breadcrumb":{"@id":"https:\/\/granito.ro\/en\/product\/spartura-contur-poligonal-marmura-ruschita\/#breadcrumb"},"inLanguage":"en-US","potentialAction":[{"@type":"ReadAction","target":["https:\/\/granito.ro\/en\/product\/spartura-contur-poligonal-marmura-ruschita\/"]}]},{"@type":"ImageObject","inLanguage":"en-US","@id":"https:\/\/granito.ro\/en\/product\/spartura-contur-poligonal-marmura-ruschita\/#primaryimage","url":"https:\/\/granito.ro\/en\/wp-content\/uploads\/2025\/04\/SPARTURA_MARMURA_RUSCHITA_10.png","contentUrl":"https:\/\/granito.ro\/en\/wp-content\/uploads\/2025\/04\/SPARTURA_MARMURA_RUSCHITA_10.png","width":1080,"height":1080},{"@type":"BreadcrumbList","@id":"https:\/\/granito.ro\/en\/product\/spartura-contur-poligonal-marmura-ruschita\/#breadcrumb","itemListElement":[{"@type":"ListItem","position":1,"name":"Prima pagin\u0103","item":"https:\/\/granito.ro\/en\/"},{"@type":"ListItem","position":2,"name":"Materiale","item":"https:\/\/granito.ro\/en\/materiale\/"},{"@type":"ListItem","position":3,"name":"Sp\u0103rtur\u0103 &#8211; Contur Poligonal Marmur\u0103 Ru\u0219chi\u021ba"}]},{"@type":"WebSite","@id":"https:\/\/granito.ro\/en\/#website","url":"https:\/\/granito.ro\/en\/","name":"Granito","description":"","publisher":{"@id":"https:\/\/granito.ro\/en\/#organization"},"potentialAction":[{"@type":"SearchAction","target":{"@type":"EntryPoint","urlTemplate":"https:\/\/granito.ro\/en\/?s={search_term_string}"},"query-input":{"@type":"PropertyValueSpecification","valueRequired":true,"valueName":"search_term_string"}}],"inLanguage":"en-US"},{"@type":"Organization","@id":"https:\/\/granito.ro\/en\/#organization","name":"Granito","url":"https:\/\/granito.ro\/en\/","logo":{"@type":"ImageObject","inLanguage":"en-US","@id":"https:\/\/granito.ro\/en\/#\/schema\/logo\/image\/","url":"https:\/\/granito.ro\/en\/wp-content\/uploads\/2024\/08\/Untitled-1.png","contentUrl":"https:\/\/granito.ro\/en\/wp-content\/uploads\/2024\/08\/Untitled-1.png","width":500,"height":112,"caption":"Granito"},"image":{"@id":"https:\/\/granito.ro\/en\/#\/schema\/logo\/image\/"},"sameAs":["https:\/\/www.facebook.com\/granito.ro","http:\/\/instagram.com\/granito.ro"]}]}},"_links":{"self":[{"href":"https:\/\/granito.ro\/en\/wp-json\/wp\/v2\/product\/3449","targetHints":{"allow":["GET"]}}],"collection":[{"href":"https:\/\/granito.ro\/en\/wp-json\/wp\/v2\/product"}],"about":[{"href":"https:\/\/granito.ro\/en\/wp-json\/wp\/v2\/types\/product"}],"wp:featuredmedia":[{"embeddable":true,"href":"https:\/\/granito.ro\/en\/wp-json\/wp\/v2\/media\/7556"}],"wp:attachment":[{"href":"https:\/\/granito.ro\/en\/wp-json\/wp\/v2\/media?parent=3449"}],"wp:term":[{"taxonomy":"product_brand","embeddable":true,"href":"https:\/\/granito.ro\/en\/wp-json\/wp\/v2\/product_brand?post=3449"},{"taxonomy":"product_cat","embeddable":true,"href":"https:\/\/granito.ro\/en\/wp-json\/wp\/v2\/product_cat?post=3449"},{"taxonomy":"product_tag","embeddable":true,"href":"https:\/\/granito.ro\/en\/wp-json\/wp\/v2\/product_tag?post=3449"}],"curies":[{"name":"wp","href":"https:\/\/api.w.org\/{rel}","templated":true}]}}