
{"id":3446,"date":"2024-07-19T21:15:05","date_gmt":"2024-07-19T21:15:05","guid":{"rendered":"https:\/\/granito.ro\/?post_type=product&#038;p=3446"},"modified":"2025-04-23T12:38:23","modified_gmt":"2025-04-23T12:38:23","slug":"piatra-tulumbata","status":"publish","type":"product","link":"https:\/\/granito.ro\/en\/product\/piatra-tulumbata\/","title":{"rendered":"Piatr\u0103 Tulumbat\u0103"},"content":{"rendered":"<div class=\"flex-shrink-0 flex flex-col relative items-end\">\n<div class=\"pt-0\">\n<div class=\"gizmo-shadow-stroke flex h-8 w-8 items-center justify-center overflow-hidden rounded-full\">\n<div class=\"h-full w-full\">\n<p><!-- Ad\u0103ugat spa\u021biu --><\/p>\n<div class=\"gizmo-shadow-stroke overflow-hidden rounded-full\">Andezitul impresioneaz\u0103 prin robuste\u021be \u0219i rezisten\u021b\u0103, perfect pentru spa\u021bii expuse. Travertinul, cu textura sa unic\u0103, ofer\u0103 un farmec clasic \u0219i atemporal, \u00een timp ce calcarul aduce o not\u0103 cald\u0103 \u0219i organic\u0103. Marmura, cu elegan\u021ba sa distinct\u0103, transform\u0103 fiecare suprafa\u021b\u0103 \u00eentr-un punct de atrac\u021bie remarcabil.<\/div>\n<\/div>\n<\/div>\n<\/div>\n<p><b>Piatra natural\u0103 prezint\u0103 varia\u021bii de nuan\u021b\u0103, motiv pentru care imaginile de prezentare au un caracter strict informativ \u0219i pot s\u0103 nu reflecte cu exactitate aspectul real al produsului.<\/b><\/p>\n<\/div>\n","protected":false},"excerpt":{"rendered":"<div class=\"flex-shrink-0 flex flex-col relative items-end\">\n<div class=\"pt-0\">\n<div class=\"gizmo-shadow-stroke flex h-8 w-8 items-center justify-center overflow-hidden rounded-full\">\n<div class=\"h-full w-full\">\n<div class=\"gizmo-shadow-stroke overflow-hidden rounded-full\">\n<p class=\"\" data-start=\"133\" data-end=\"316\">Piatra tulumbat\u0103 adaug\u0103 un aspect atemporal \u0219i natural, potrivit at\u00e2t pentru plac\u0103ri verticale, c\u00e2t \u0219i pentru pavaje. O textur\u0103 autentic\u0103, ce aduce echilibru, c\u0103ldur\u0103 \u0219i prezen\u021b\u0103.<\/p>\n<p class=\"\" data-start=\"318\" data-end=\"510\">Cu dimensiuni regulate \u0219i laturi rotunjite prin prelucrare, piatra tulumbat\u0103 contureaz\u0103 spa\u021bii cu personalitate. Are un aer discret nostalgic, dar se integreaz\u0103 firesc \u00een proiecte actuale.<\/p>\n<\/div>\n<\/div>\n<\/div>\n<\/div>\n<\/div>\n","protected":false},"featured_media":7487,"template":"","meta":{"_eb_attr":""},"product_brand":[],"product_cat":[113],"product_tag":[138,201],"class_list":{"0":"post-3446","1":"product","2":"type-product","3":"status-publish","4":"has-post-thumbnail","6":"product_cat-piatra-tulumbata","7":"product_tag-piatra-tulumbata","8":"product_tag-piatra_cubica_related","10":"first","11":"outofstock","12":"shipping-taxable","13":"purchasable","14":"product-type-simple"},"yoast_head":"<!-- This site is optimized with the Yoast SEO plugin v27.4 - https:\/\/yoast.com\/product\/yoast-seo-wordpress\/ -->\n<title>Granito<\/title>\n<meta name=\"robots\" content=\"index, follow, max-snippet:-1, max-image-preview:large, max-video-preview:-1\" \/>\n<link rel=\"canonical\" href=\"https:\/\/granito.ro\/en\/product\/piatra-tulumbata\/\" \/>\n<meta property=\"og:locale\" content=\"en_US\" \/>\n<meta property=\"og:type\" content=\"article\" \/>\n<meta property=\"og:title\" content=\"Piatr\u0103 Tulumbat\u0103 - Acasa - Granito\" \/>\n<meta property=\"og:description\" content=\"Piatra tulumbat\u0103 adaug\u0103 un aspect atemporal \u0219i natural, potrivit at\u00e2t pentru plac\u0103ri verticale, c\u00e2t \u0219i pentru pavaje. O textur\u0103 autentic\u0103, ce aduce echilibru, c\u0103ldur\u0103 \u0219i prezen\u021b\u0103. Cu dimensiuni regulate \u0219i laturi rotunjite prin prelucrare, piatra tulumbat\u0103 contureaz\u0103 spa\u021bii cu personalitate. Are un aer discret nostalgic, dar se integreaz\u0103 firesc \u00een proiecte actuale.\" \/>\n<meta property=\"og:url\" content=\"https:\/\/granito.ro\/en\/product\/piatra-tulumbata\/\" \/>\n<meta property=\"og:site_name\" content=\"Acasa - Granito\" \/>\n<meta property=\"article:publisher\" content=\"https:\/\/www.facebook.com\/granito.ro\" \/>\n<meta property=\"article:modified_time\" content=\"2025-04-23T12:38:23+00:00\" \/>\n<meta property=\"og:image\" content=\"https:\/\/granito.ro\/en\/wp-content\/uploads\/2025\/04\/PIATRA-TULUMBATA-13.png\" \/>\n\t<meta property=\"og:image:width\" content=\"1080\" \/>\n\t<meta property=\"og:image:height\" content=\"1080\" \/>\n\t<meta property=\"og:image:type\" content=\"image\/png\" \/>\n<meta name=\"twitter:card\" content=\"summary_large_image\" \/>\n<script type=\"application\/ld+json\" class=\"yoast-schema-graph\">{\"@context\":\"https:\\\/\\\/schema.org\",\"@graph\":[{\"@type\":\"WebPage\",\"@id\":\"https:\\\/\\\/granito.ro\\\/en\\\/product\\\/piatra-tulumbata\\\/\",\"url\":\"https:\\\/\\\/granito.ro\\\/en\\\/product\\\/piatra-tulumbata\\\/\",\"name\":\"Piatr\u0103 Tulumbat\u0103 - Acasa - Granito\",\"isPartOf\":{\"@id\":\"https:\\\/\\\/granito.ro\\\/en\\\/#website\"},\"primaryImageOfPage\":{\"@id\":\"https:\\\/\\\/granito.ro\\\/en\\\/product\\\/piatra-tulumbata\\\/#primaryimage\"},\"image\":{\"@id\":\"https:\\\/\\\/granito.ro\\\/en\\\/product\\\/piatra-tulumbata\\\/#primaryimage\"},\"thumbnailUrl\":\"https:\\\/\\\/granito.ro\\\/en\\\/wp-content\\\/uploads\\\/2025\\\/04\\\/PIATRA-TULUMBATA-13.png\",\"datePublished\":\"2024-07-19T21:15:05+00:00\",\"dateModified\":\"2025-04-23T12:38:23+00:00\",\"breadcrumb\":{\"@id\":\"https:\\\/\\\/granito.ro\\\/en\\\/product\\\/piatra-tulumbata\\\/#breadcrumb\"},\"inLanguage\":\"en-US\",\"potentialAction\":[{\"@type\":\"ReadAction\",\"target\":[\"https:\\\/\\\/granito.ro\\\/en\\\/product\\\/piatra-tulumbata\\\/\"]}]},{\"@type\":\"ImageObject\",\"inLanguage\":\"en-US\",\"@id\":\"https:\\\/\\\/granito.ro\\\/en\\\/product\\\/piatra-tulumbata\\\/#primaryimage\",\"url\":\"https:\\\/\\\/granito.ro\\\/en\\\/wp-content\\\/uploads\\\/2025\\\/04\\\/PIATRA-TULUMBATA-13.png\",\"contentUrl\":\"https:\\\/\\\/granito.ro\\\/en\\\/wp-content\\\/uploads\\\/2025\\\/04\\\/PIATRA-TULUMBATA-13.png\",\"width\":1080,\"height\":1080},{\"@type\":\"BreadcrumbList\",\"@id\":\"https:\\\/\\\/granito.ro\\\/en\\\/product\\\/piatra-tulumbata\\\/#breadcrumb\",\"itemListElement\":[{\"@type\":\"ListItem\",\"position\":1,\"name\":\"Prima pagin\u0103\",\"item\":\"https:\\\/\\\/granito.ro\\\/en\\\/\"},{\"@type\":\"ListItem\",\"position\":2,\"name\":\"Materiale\",\"item\":\"https:\\\/\\\/granito.ro\\\/en\\\/materiale\\\/\"},{\"@type\":\"ListItem\",\"position\":3,\"name\":\"Piatr\u0103 Tulumbat\u0103\"}]},{\"@type\":\"WebSite\",\"@id\":\"https:\\\/\\\/granito.ro\\\/en\\\/#website\",\"url\":\"https:\\\/\\\/granito.ro\\\/en\\\/\",\"name\":\"Granito\",\"description\":\"\",\"publisher\":{\"@id\":\"https:\\\/\\\/granito.ro\\\/en\\\/#organization\"},\"potentialAction\":[{\"@type\":\"SearchAction\",\"target\":{\"@type\":\"EntryPoint\",\"urlTemplate\":\"https:\\\/\\\/granito.ro\\\/en\\\/?s={search_term_string}\"},\"query-input\":{\"@type\":\"PropertyValueSpecification\",\"valueRequired\":true,\"valueName\":\"search_term_string\"}}],\"inLanguage\":\"en-US\"},{\"@type\":\"Organization\",\"@id\":\"https:\\\/\\\/granito.ro\\\/en\\\/#organization\",\"name\":\"Granito\",\"url\":\"https:\\\/\\\/granito.ro\\\/en\\\/\",\"logo\":{\"@type\":\"ImageObject\",\"inLanguage\":\"en-US\",\"@id\":\"https:\\\/\\\/granito.ro\\\/en\\\/#\\\/schema\\\/logo\\\/image\\\/\",\"url\":\"https:\\\/\\\/granito.ro\\\/en\\\/wp-content\\\/uploads\\\/2024\\\/08\\\/Untitled-1.png\",\"contentUrl\":\"https:\\\/\\\/granito.ro\\\/en\\\/wp-content\\\/uploads\\\/2024\\\/08\\\/Untitled-1.png\",\"width\":500,\"height\":112,\"caption\":\"Granito\"},\"image\":{\"@id\":\"https:\\\/\\\/granito.ro\\\/en\\\/#\\\/schema\\\/logo\\\/image\\\/\"},\"sameAs\":[\"https:\\\/\\\/www.facebook.com\\\/granito.ro\",\"http:\\\/\\\/instagram.com\\\/granito.ro\"]}]}<\/script>\n<!-- \/ Yoast SEO plugin. -->","yoast_head_json":{"title":"Granito","robots":{"index":"index","follow":"follow","max-snippet":"max-snippet:-1","max-image-preview":"max-image-preview:large","max-video-preview":"max-video-preview:-1"},"canonical":"https:\/\/granito.ro\/en\/product\/piatra-tulumbata\/","og_locale":"en_US","og_type":"article","og_title":"Piatr\u0103 Tulumbat\u0103 - Acasa - Granito","og_description":"Piatra tulumbat\u0103 adaug\u0103 un aspect atemporal \u0219i natural, potrivit at\u00e2t pentru plac\u0103ri verticale, c\u00e2t \u0219i pentru pavaje. O textur\u0103 autentic\u0103, ce aduce echilibru, c\u0103ldur\u0103 \u0219i prezen\u021b\u0103. Cu dimensiuni regulate \u0219i laturi rotunjite prin prelucrare, piatra tulumbat\u0103 contureaz\u0103 spa\u021bii cu personalitate. Are un aer discret nostalgic, dar se integreaz\u0103 firesc \u00een proiecte actuale.","og_url":"https:\/\/granito.ro\/en\/product\/piatra-tulumbata\/","og_site_name":"Acasa - Granito","article_publisher":"https:\/\/www.facebook.com\/granito.ro","article_modified_time":"2025-04-23T12:38:23+00:00","og_image":[{"url":"https:\/\/granito.ro\/en\/wp-content\/uploads\/2025\/04\/PIATRA-TULUMBATA-13.png","width":1080,"height":1080,"type":"image\/png"}],"twitter_card":"summary_large_image","schema":{"@context":"https:\/\/schema.org","@graph":[{"@type":"WebPage","@id":"https:\/\/granito.ro\/en\/product\/piatra-tulumbata\/","url":"https:\/\/granito.ro\/en\/product\/piatra-tulumbata\/","name":"Piatr\u0103 Tulumbat\u0103 - Acasa - Granito","isPartOf":{"@id":"https:\/\/granito.ro\/en\/#website"},"primaryImageOfPage":{"@id":"https:\/\/granito.ro\/en\/product\/piatra-tulumbata\/#primaryimage"},"image":{"@id":"https:\/\/granito.ro\/en\/product\/piatra-tulumbata\/#primaryimage"},"thumbnailUrl":"https:\/\/granito.ro\/en\/wp-content\/uploads\/2025\/04\/PIATRA-TULUMBATA-13.png","datePublished":"2024-07-19T21:15:05+00:00","dateModified":"2025-04-23T12:38:23+00:00","breadcrumb":{"@id":"https:\/\/granito.ro\/en\/product\/piatra-tulumbata\/#breadcrumb"},"inLanguage":"en-US","potentialAction":[{"@type":"ReadAction","target":["https:\/\/granito.ro\/en\/product\/piatra-tulumbata\/"]}]},{"@type":"ImageObject","inLanguage":"en-US","@id":"https:\/\/granito.ro\/en\/product\/piatra-tulumbata\/#primaryimage","url":"https:\/\/granito.ro\/en\/wp-content\/uploads\/2025\/04\/PIATRA-TULUMBATA-13.png","contentUrl":"https:\/\/granito.ro\/en\/wp-content\/uploads\/2025\/04\/PIATRA-TULUMBATA-13.png","width":1080,"height":1080},{"@type":"BreadcrumbList","@id":"https:\/\/granito.ro\/en\/product\/piatra-tulumbata\/#breadcrumb","itemListElement":[{"@type":"ListItem","position":1,"name":"Prima pagin\u0103","item":"https:\/\/granito.ro\/en\/"},{"@type":"ListItem","position":2,"name":"Materiale","item":"https:\/\/granito.ro\/en\/materiale\/"},{"@type":"ListItem","position":3,"name":"Piatr\u0103 Tulumbat\u0103"}]},{"@type":"WebSite","@id":"https:\/\/granito.ro\/en\/#website","url":"https:\/\/granito.ro\/en\/","name":"Granito","description":"","publisher":{"@id":"https:\/\/granito.ro\/en\/#organization"},"potentialAction":[{"@type":"SearchAction","target":{"@type":"EntryPoint","urlTemplate":"https:\/\/granito.ro\/en\/?s={search_term_string}"},"query-input":{"@type":"PropertyValueSpecification","valueRequired":true,"valueName":"search_term_string"}}],"inLanguage":"en-US"},{"@type":"Organization","@id":"https:\/\/granito.ro\/en\/#organization","name":"Granito","url":"https:\/\/granito.ro\/en\/","logo":{"@type":"ImageObject","inLanguage":"en-US","@id":"https:\/\/granito.ro\/en\/#\/schema\/logo\/image\/","url":"https:\/\/granito.ro\/en\/wp-content\/uploads\/2024\/08\/Untitled-1.png","contentUrl":"https:\/\/granito.ro\/en\/wp-content\/uploads\/2024\/08\/Untitled-1.png","width":500,"height":112,"caption":"Granito"},"image":{"@id":"https:\/\/granito.ro\/en\/#\/schema\/logo\/image\/"},"sameAs":["https:\/\/www.facebook.com\/granito.ro","http:\/\/instagram.com\/granito.ro"]}]}},"_links":{"self":[{"href":"https:\/\/granito.ro\/en\/wp-json\/wp\/v2\/product\/3446","targetHints":{"allow":["GET"]}}],"collection":[{"href":"https:\/\/granito.ro\/en\/wp-json\/wp\/v2\/product"}],"about":[{"href":"https:\/\/granito.ro\/en\/wp-json\/wp\/v2\/types\/product"}],"wp:featuredmedia":[{"embeddable":true,"href":"https:\/\/granito.ro\/en\/wp-json\/wp\/v2\/media\/7487"}],"wp:attachment":[{"href":"https:\/\/granito.ro\/en\/wp-json\/wp\/v2\/media?parent=3446"}],"wp:term":[{"taxonomy":"product_brand","embeddable":true,"href":"https:\/\/granito.ro\/en\/wp-json\/wp\/v2\/product_brand?post=3446"},{"taxonomy":"product_cat","embeddable":true,"href":"https:\/\/granito.ro\/en\/wp-json\/wp\/v2\/product_cat?post=3446"},{"taxonomy":"product_tag","embeddable":true,"href":"https:\/\/granito.ro\/en\/wp-json\/wp\/v2\/product_tag?post=3446"}],"curies":[{"name":"wp","href":"https:\/\/api.w.org\/{rel}","templated":true}]}}