
{"id":3422,"date":"2024-07-19T19:24:21","date_gmt":"2024-07-19T19:24:21","guid":{"rendered":"https:\/\/granito.ro\/?post_type=product&#038;p=3422"},"modified":"2025-04-24T18:41:29","modified_gmt":"2025-04-24T18:41:29","slug":"seminee-calcar-vratsa","status":"publish","type":"product","link":"https:\/\/granito.ro\/en\/product\/seminee-calcar-vratsa\/","title":{"rendered":"\u0218eminee Calcar Vratsa"},"content":{"rendered":"<p>Calcarul Vratsa poate prezenta o varietate de culori, de la nuan\u021be de alb, crem \u0219i bej p\u00e2n\u0103 la tonuri de gri \u0219i maro. Textura sa poate varia de la lucios la mat, iar modelele \u0219i petele naturale adaug\u0103 caracter \u0219i interes vizual proiectelor \u00een care este utilizat.<\/p>\n<p>Calcarul Vratsa adaug\u0103 un aer de rusticitate \u0219i elegan\u021b\u0103 natural\u0103 \u00een orice spa\u021biu \u00een care este utilizat. Tonurile sale calde \u0219i textura sa distinctiv\u0103 confer\u0103 un farmec aparte proiectelor de design, fie c\u0103 este vorba despre proiecte contemporane sau tradi\u021bionale.<\/p>\n<p><b>Piatra natural\u0103 prezint\u0103 varia\u021bii de nuan\u021b\u0103, motiv pentru care imaginile de prezentare au un caracter strict informativ \u0219i pot s\u0103 nu reflecte cu exactitate aspectul real al produsului.<\/b><\/p>\n","protected":false},"excerpt":{"rendered":"<p><span style=\"font-weight: 400;\">Plac\u0103rile noastre pentru \u0219eminee, t\u0103iate la dimensiunea specific\u0103 a proiectului dumneavoastr\u0103, transform\u0103 o simpl\u0103 surs\u0103 de c\u0103ldur\u0103 \u00eentr-un punct central al elegan\u021bei.<\/span><\/p>\n<p><span style=\"font-weight: 400;\">Noi la Granito \u00een\u021belegem c\u0103 un \u0219emineu este inima unei case, de aceea oferim personalizare deplin\u0103 pentru a reflecta gusturile \u0219i stilul individual al fiec\u0103rui client.<\/span><\/p>\n","protected":false},"featured_media":5516,"template":"","meta":{"_eb_attr":""},"product_brand":[],"product_cat":[112],"product_tag":[137],"class_list":{"0":"post-3422","1":"product","2":"type-product","3":"status-publish","4":"has-post-thumbnail","6":"product_cat-seminee","7":"product_tag-seminee","9":"first","10":"outofstock","11":"shipping-taxable","12":"purchasable","13":"product-type-simple"},"yoast_head":"<!-- This site is optimized with the Yoast SEO plugin v27.4 - https:\/\/yoast.com\/product\/yoast-seo-wordpress\/ -->\n<title>Granito<\/title>\n<meta name=\"robots\" content=\"index, follow, max-snippet:-1, max-image-preview:large, max-video-preview:-1\" \/>\n<link rel=\"canonical\" href=\"https:\/\/granito.ro\/en\/product\/seminee-calcar-vratsa\/\" \/>\n<meta property=\"og:locale\" content=\"en_US\" \/>\n<meta property=\"og:type\" content=\"article\" \/>\n<meta property=\"og:title\" content=\"\u0218eminee Calcar Vratsa - Acasa - Granito\" \/>\n<meta property=\"og:description\" content=\"Plac\u0103rile noastre pentru \u0219eminee, t\u0103iate la dimensiunea specific\u0103 a proiectului dumneavoastr\u0103, transform\u0103 o simpl\u0103 surs\u0103 de c\u0103ldur\u0103 \u00eentr-un punct central al elegan\u021bei.  Noi la Granito \u00een\u021belegem c\u0103 un \u0219emineu este inima unei case, de aceea oferim personalizare deplin\u0103 pentru a reflecta gusturile \u0219i stilul individual al fiec\u0103rui client.\" \/>\n<meta property=\"og:url\" content=\"https:\/\/granito.ro\/en\/product\/seminee-calcar-vratsa\/\" \/>\n<meta property=\"og:site_name\" content=\"Acasa - Granito\" \/>\n<meta property=\"article:publisher\" content=\"https:\/\/www.facebook.com\/granito.ro\" \/>\n<meta property=\"article:modified_time\" content=\"2025-04-24T18:41:29+00:00\" \/>\n<meta property=\"og:image\" content=\"https:\/\/granito.ro\/en\/wp-content\/uploads\/2024\/11\/0000s_0116_SEMINEE_CALCAR_VRATSA.009.png\" \/>\n\t<meta property=\"og:image:width\" content=\"1920\" \/>\n\t<meta property=\"og:image:height\" content=\"1920\" \/>\n\t<meta property=\"og:image:type\" content=\"image\/png\" \/>\n<meta name=\"twitter:card\" content=\"summary_large_image\" \/>\n<meta name=\"twitter:label1\" content=\"Est. reading time\" \/>\n\t<meta name=\"twitter:data1\" content=\"1 minute\" \/>\n<script type=\"application\/ld+json\" class=\"yoast-schema-graph\">{\"@context\":\"https:\\\/\\\/schema.org\",\"@graph\":[{\"@type\":\"WebPage\",\"@id\":\"https:\\\/\\\/granito.ro\\\/en\\\/product\\\/seminee-calcar-vratsa\\\/\",\"url\":\"https:\\\/\\\/granito.ro\\\/en\\\/product\\\/seminee-calcar-vratsa\\\/\",\"name\":\"\u0218eminee Calcar Vratsa - Acasa - Granito\",\"isPartOf\":{\"@id\":\"https:\\\/\\\/granito.ro\\\/en\\\/#website\"},\"primaryImageOfPage\":{\"@id\":\"https:\\\/\\\/granito.ro\\\/en\\\/product\\\/seminee-calcar-vratsa\\\/#primaryimage\"},\"image\":{\"@id\":\"https:\\\/\\\/granito.ro\\\/en\\\/product\\\/seminee-calcar-vratsa\\\/#primaryimage\"},\"thumbnailUrl\":\"https:\\\/\\\/granito.ro\\\/en\\\/wp-content\\\/uploads\\\/2024\\\/11\\\/0000s_0116_SEMINEE_CALCAR_VRATSA.009.png\",\"datePublished\":\"2024-07-19T19:24:21+00:00\",\"dateModified\":\"2025-04-24T18:41:29+00:00\",\"breadcrumb\":{\"@id\":\"https:\\\/\\\/granito.ro\\\/en\\\/product\\\/seminee-calcar-vratsa\\\/#breadcrumb\"},\"inLanguage\":\"en-US\",\"potentialAction\":[{\"@type\":\"ReadAction\",\"target\":[\"https:\\\/\\\/granito.ro\\\/en\\\/product\\\/seminee-calcar-vratsa\\\/\"]}]},{\"@type\":\"ImageObject\",\"inLanguage\":\"en-US\",\"@id\":\"https:\\\/\\\/granito.ro\\\/en\\\/product\\\/seminee-calcar-vratsa\\\/#primaryimage\",\"url\":\"https:\\\/\\\/granito.ro\\\/en\\\/wp-content\\\/uploads\\\/2024\\\/11\\\/0000s_0116_SEMINEE_CALCAR_VRATSA.009.png\",\"contentUrl\":\"https:\\\/\\\/granito.ro\\\/en\\\/wp-content\\\/uploads\\\/2024\\\/11\\\/0000s_0116_SEMINEE_CALCAR_VRATSA.009.png\",\"width\":1920,\"height\":1920},{\"@type\":\"BreadcrumbList\",\"@id\":\"https:\\\/\\\/granito.ro\\\/en\\\/product\\\/seminee-calcar-vratsa\\\/#breadcrumb\",\"itemListElement\":[{\"@type\":\"ListItem\",\"position\":1,\"name\":\"Prima pagin\u0103\",\"item\":\"https:\\\/\\\/granito.ro\\\/en\\\/\"},{\"@type\":\"ListItem\",\"position\":2,\"name\":\"Materiale\",\"item\":\"https:\\\/\\\/granito.ro\\\/en\\\/materiale\\\/\"},{\"@type\":\"ListItem\",\"position\":3,\"name\":\"\u0218eminee Calcar Vratsa\"}]},{\"@type\":\"WebSite\",\"@id\":\"https:\\\/\\\/granito.ro\\\/en\\\/#website\",\"url\":\"https:\\\/\\\/granito.ro\\\/en\\\/\",\"name\":\"Granito\",\"description\":\"\",\"publisher\":{\"@id\":\"https:\\\/\\\/granito.ro\\\/en\\\/#organization\"},\"potentialAction\":[{\"@type\":\"SearchAction\",\"target\":{\"@type\":\"EntryPoint\",\"urlTemplate\":\"https:\\\/\\\/granito.ro\\\/en\\\/?s={search_term_string}\"},\"query-input\":{\"@type\":\"PropertyValueSpecification\",\"valueRequired\":true,\"valueName\":\"search_term_string\"}}],\"inLanguage\":\"en-US\"},{\"@type\":\"Organization\",\"@id\":\"https:\\\/\\\/granito.ro\\\/en\\\/#organization\",\"name\":\"Granito\",\"url\":\"https:\\\/\\\/granito.ro\\\/en\\\/\",\"logo\":{\"@type\":\"ImageObject\",\"inLanguage\":\"en-US\",\"@id\":\"https:\\\/\\\/granito.ro\\\/en\\\/#\\\/schema\\\/logo\\\/image\\\/\",\"url\":\"https:\\\/\\\/granito.ro\\\/en\\\/wp-content\\\/uploads\\\/2024\\\/08\\\/Untitled-1.png\",\"contentUrl\":\"https:\\\/\\\/granito.ro\\\/en\\\/wp-content\\\/uploads\\\/2024\\\/08\\\/Untitled-1.png\",\"width\":500,\"height\":112,\"caption\":\"Granito\"},\"image\":{\"@id\":\"https:\\\/\\\/granito.ro\\\/en\\\/#\\\/schema\\\/logo\\\/image\\\/\"},\"sameAs\":[\"https:\\\/\\\/www.facebook.com\\\/granito.ro\",\"http:\\\/\\\/instagram.com\\\/granito.ro\"]}]}<\/script>\n<!-- \/ Yoast SEO plugin. -->","yoast_head_json":{"title":"Granito","robots":{"index":"index","follow":"follow","max-snippet":"max-snippet:-1","max-image-preview":"max-image-preview:large","max-video-preview":"max-video-preview:-1"},"canonical":"https:\/\/granito.ro\/en\/product\/seminee-calcar-vratsa\/","og_locale":"en_US","og_type":"article","og_title":"\u0218eminee Calcar Vratsa - Acasa - Granito","og_description":"Plac\u0103rile noastre pentru \u0219eminee, t\u0103iate la dimensiunea specific\u0103 a proiectului dumneavoastr\u0103, transform\u0103 o simpl\u0103 surs\u0103 de c\u0103ldur\u0103 \u00eentr-un punct central al elegan\u021bei.  Noi la Granito \u00een\u021belegem c\u0103 un \u0219emineu este inima unei case, de aceea oferim personalizare deplin\u0103 pentru a reflecta gusturile \u0219i stilul individual al fiec\u0103rui client.","og_url":"https:\/\/granito.ro\/en\/product\/seminee-calcar-vratsa\/","og_site_name":"Acasa - Granito","article_publisher":"https:\/\/www.facebook.com\/granito.ro","article_modified_time":"2025-04-24T18:41:29+00:00","og_image":[{"width":1920,"height":1920,"url":"https:\/\/granito.ro\/en\/wp-content\/uploads\/2024\/11\/0000s_0116_SEMINEE_CALCAR_VRATSA.009.png","type":"image\/png"}],"twitter_card":"summary_large_image","twitter_misc":{"Est. reading time":"1 minute"},"schema":{"@context":"https:\/\/schema.org","@graph":[{"@type":"WebPage","@id":"https:\/\/granito.ro\/en\/product\/seminee-calcar-vratsa\/","url":"https:\/\/granito.ro\/en\/product\/seminee-calcar-vratsa\/","name":"\u0218eminee Calcar Vratsa - Acasa - Granito","isPartOf":{"@id":"https:\/\/granito.ro\/en\/#website"},"primaryImageOfPage":{"@id":"https:\/\/granito.ro\/en\/product\/seminee-calcar-vratsa\/#primaryimage"},"image":{"@id":"https:\/\/granito.ro\/en\/product\/seminee-calcar-vratsa\/#primaryimage"},"thumbnailUrl":"https:\/\/granito.ro\/en\/wp-content\/uploads\/2024\/11\/0000s_0116_SEMINEE_CALCAR_VRATSA.009.png","datePublished":"2024-07-19T19:24:21+00:00","dateModified":"2025-04-24T18:41:29+00:00","breadcrumb":{"@id":"https:\/\/granito.ro\/en\/product\/seminee-calcar-vratsa\/#breadcrumb"},"inLanguage":"en-US","potentialAction":[{"@type":"ReadAction","target":["https:\/\/granito.ro\/en\/product\/seminee-calcar-vratsa\/"]}]},{"@type":"ImageObject","inLanguage":"en-US","@id":"https:\/\/granito.ro\/en\/product\/seminee-calcar-vratsa\/#primaryimage","url":"https:\/\/granito.ro\/en\/wp-content\/uploads\/2024\/11\/0000s_0116_SEMINEE_CALCAR_VRATSA.009.png","contentUrl":"https:\/\/granito.ro\/en\/wp-content\/uploads\/2024\/11\/0000s_0116_SEMINEE_CALCAR_VRATSA.009.png","width":1920,"height":1920},{"@type":"BreadcrumbList","@id":"https:\/\/granito.ro\/en\/product\/seminee-calcar-vratsa\/#breadcrumb","itemListElement":[{"@type":"ListItem","position":1,"name":"Prima pagin\u0103","item":"https:\/\/granito.ro\/en\/"},{"@type":"ListItem","position":2,"name":"Materiale","item":"https:\/\/granito.ro\/en\/materiale\/"},{"@type":"ListItem","position":3,"name":"\u0218eminee Calcar Vratsa"}]},{"@type":"WebSite","@id":"https:\/\/granito.ro\/en\/#website","url":"https:\/\/granito.ro\/en\/","name":"Granito","description":"","publisher":{"@id":"https:\/\/granito.ro\/en\/#organization"},"potentialAction":[{"@type":"SearchAction","target":{"@type":"EntryPoint","urlTemplate":"https:\/\/granito.ro\/en\/?s={search_term_string}"},"query-input":{"@type":"PropertyValueSpecification","valueRequired":true,"valueName":"search_term_string"}}],"inLanguage":"en-US"},{"@type":"Organization","@id":"https:\/\/granito.ro\/en\/#organization","name":"Granito","url":"https:\/\/granito.ro\/en\/","logo":{"@type":"ImageObject","inLanguage":"en-US","@id":"https:\/\/granito.ro\/en\/#\/schema\/logo\/image\/","url":"https:\/\/granito.ro\/en\/wp-content\/uploads\/2024\/08\/Untitled-1.png","contentUrl":"https:\/\/granito.ro\/en\/wp-content\/uploads\/2024\/08\/Untitled-1.png","width":500,"height":112,"caption":"Granito"},"image":{"@id":"https:\/\/granito.ro\/en\/#\/schema\/logo\/image\/"},"sameAs":["https:\/\/www.facebook.com\/granito.ro","http:\/\/instagram.com\/granito.ro"]}]}},"_links":{"self":[{"href":"https:\/\/granito.ro\/en\/wp-json\/wp\/v2\/product\/3422","targetHints":{"allow":["GET"]}}],"collection":[{"href":"https:\/\/granito.ro\/en\/wp-json\/wp\/v2\/product"}],"about":[{"href":"https:\/\/granito.ro\/en\/wp-json\/wp\/v2\/types\/product"}],"wp:featuredmedia":[{"embeddable":true,"href":"https:\/\/granito.ro\/en\/wp-json\/wp\/v2\/media\/5516"}],"wp:attachment":[{"href":"https:\/\/granito.ro\/en\/wp-json\/wp\/v2\/media?parent=3422"}],"wp:term":[{"taxonomy":"product_brand","embeddable":true,"href":"https:\/\/granito.ro\/en\/wp-json\/wp\/v2\/product_brand?post=3422"},{"taxonomy":"product_cat","embeddable":true,"href":"https:\/\/granito.ro\/en\/wp-json\/wp\/v2\/product_cat?post=3422"},{"taxonomy":"product_tag","embeddable":true,"href":"https:\/\/granito.ro\/en\/wp-json\/wp\/v2\/product_tag?post=3422"}],"curies":[{"name":"wp","href":"https:\/\/api.w.org\/{rel}","templated":true}]}}