
{"id":3404,"date":"2024-07-19T17:27:08","date_gmt":"2024-07-19T17:27:08","guid":{"rendered":"https:\/\/granito.ro\/?post_type=product&#038;p=3404"},"modified":"2025-04-24T18:52:41","modified_gmt":"2025-04-24T18:52:41","slug":"capace-pentru-gard-granit-bianco-fiesta","status":"publish","type":"product","link":"https:\/\/granito.ro\/en\/product\/capace-pentru-gard-granit-bianco-fiesta\/","title":{"rendered":"Capace pentru Gard Granit Bianco Fiesta"},"content":{"rendered":"<p>Granitul Bianco Fiesta, extras exclusiv din carierele Italiei, prezint\u0103 o culoare verzuie distinct\u0103, \u00eembog\u0103\u021bit\u0103 cu mici inser\u021bii de ro\u0219u, conferind un caracter unic \u0219i o not\u0103 de elegan\u021b\u0103. Acest amestec cromatic \u00eel face ideal pentru a ad\u0103uga un accent distinctiv \u0219i o not\u0103 de elegan\u021b\u0103 natural\u0103 \u00een orice spa\u021biu.<\/p>\n<p>Rezistent \u0219i durabil, este o alegere popular\u0103 pentru proiecte de design interior \u0219i exterior care cer o estetic\u0103 rafinat\u0103 \u0219i o provenien\u021b\u0103 prestigioas\u0103.<\/p>\n<p><b>Piatra natural\u0103 prezint\u0103 varia\u021bii de nuan\u021b\u0103, motiv pentru care imaginile de prezentare au un caracter strict informativ \u0219i pot s\u0103 nu reflecte cu exactitate aspectul real al produsului.<\/b><\/p>\n<p><br style=\"font-weight: 400;\" \/><br style=\"font-weight: 400;\" \/><\/p>\n","protected":false},"excerpt":{"rendered":"<p><span style=\"font-weight: 400;\">De la modele clasice la contemporane, capacele pentru gard pe care le oferim sunt atent prelucrate pentru a se alinia cu viziunea estetic\u0103 \u0219i nevoile de protec\u021bie ale clien\u021bilor no\u0219tri.<\/span><\/p>\n<p><span style=\"font-weight: 400;\">Cu designuri variind de la muchii te\u0219ite la forme complexe, capacele de gard aduc un plus de elegan\u021b\u0103 \u0219i rezisten\u021b\u0103, eviden\u021biind fiecare detaliu arhitectonic.<\/span><\/p>\n","protected":false},"featured_media":5070,"template":"","meta":{"_eb_attr":""},"product_brand":[],"product_cat":[111],"product_tag":[136],"class_list":{"0":"post-3404","1":"product","2":"type-product","3":"status-publish","4":"has-post-thumbnail","6":"product_cat-capace-pentru-gard","7":"product_tag-capace-pentru-gard","9":"first","10":"outofstock","11":"shipping-taxable","12":"purchasable","13":"product-type-simple"},"yoast_head":"<!-- This site is optimized with the Yoast SEO plugin v27.4 - https:\/\/yoast.com\/product\/yoast-seo-wordpress\/ -->\n<title>Granito<\/title>\n<meta name=\"robots\" content=\"index, follow, max-snippet:-1, max-image-preview:large, max-video-preview:-1\" \/>\n<link rel=\"canonical\" href=\"https:\/\/granito.ro\/en\/product\/capace-pentru-gard-granit-bianco-fiesta\/\" \/>\n<meta property=\"og:locale\" content=\"en_US\" \/>\n<meta property=\"og:type\" content=\"article\" \/>\n<meta property=\"og:title\" content=\"Capace pentru Gard Granit Bianco Fiesta - Acasa - Granito\" \/>\n<meta property=\"og:description\" content=\"De la modele clasice la contemporane, capacele pentru gard pe care le oferim sunt atent prelucrate pentru a se alinia cu viziunea estetic\u0103 \u0219i nevoile de protec\u021bie ale clien\u021bilor no\u0219tri.  Cu designuri variind de la muchii te\u0219ite la forme complexe, capacele de gard aduc un plus de elegan\u021b\u0103 \u0219i rezisten\u021b\u0103, eviden\u021biind fiecare detaliu arhitectonic.\" \/>\n<meta property=\"og:url\" content=\"https:\/\/granito.ro\/en\/product\/capace-pentru-gard-granit-bianco-fiesta\/\" \/>\n<meta property=\"og:site_name\" content=\"Acasa - Granito\" \/>\n<meta property=\"article:publisher\" content=\"https:\/\/www.facebook.com\/granito.ro\" \/>\n<meta property=\"article:modified_time\" content=\"2025-04-24T18:52:41+00:00\" \/>\n<meta property=\"og:image\" content=\"https:\/\/granito.ro\/en\/wp-content\/uploads\/2024\/11\/0000s_0210_GRANIT_BIANCO_FIESTA_CAPAC5.014.png\" \/>\n\t<meta property=\"og:image:width\" content=\"1920\" \/>\n\t<meta property=\"og:image:height\" content=\"1920\" \/>\n\t<meta property=\"og:image:type\" content=\"image\/png\" \/>\n<meta name=\"twitter:card\" content=\"summary_large_image\" \/>\n<meta name=\"twitter:label1\" content=\"Est. reading time\" \/>\n\t<meta name=\"twitter:data1\" content=\"1 minute\" \/>\n<script type=\"application\/ld+json\" class=\"yoast-schema-graph\">{\"@context\":\"https:\\\/\\\/schema.org\",\"@graph\":[{\"@type\":\"WebPage\",\"@id\":\"https:\\\/\\\/granito.ro\\\/en\\\/product\\\/capace-pentru-gard-granit-bianco-fiesta\\\/\",\"url\":\"https:\\\/\\\/granito.ro\\\/en\\\/product\\\/capace-pentru-gard-granit-bianco-fiesta\\\/\",\"name\":\"Capace pentru Gard Granit Bianco Fiesta - Acasa - Granito\",\"isPartOf\":{\"@id\":\"https:\\\/\\\/granito.ro\\\/en\\\/#website\"},\"primaryImageOfPage\":{\"@id\":\"https:\\\/\\\/granito.ro\\\/en\\\/product\\\/capace-pentru-gard-granit-bianco-fiesta\\\/#primaryimage\"},\"image\":{\"@id\":\"https:\\\/\\\/granito.ro\\\/en\\\/product\\\/capace-pentru-gard-granit-bianco-fiesta\\\/#primaryimage\"},\"thumbnailUrl\":\"https:\\\/\\\/granito.ro\\\/en\\\/wp-content\\\/uploads\\\/2024\\\/11\\\/0000s_0210_GRANIT_BIANCO_FIESTA_CAPAC5.014.png\",\"datePublished\":\"2024-07-19T17:27:08+00:00\",\"dateModified\":\"2025-04-24T18:52:41+00:00\",\"breadcrumb\":{\"@id\":\"https:\\\/\\\/granito.ro\\\/en\\\/product\\\/capace-pentru-gard-granit-bianco-fiesta\\\/#breadcrumb\"},\"inLanguage\":\"en-US\",\"potentialAction\":[{\"@type\":\"ReadAction\",\"target\":[\"https:\\\/\\\/granito.ro\\\/en\\\/product\\\/capace-pentru-gard-granit-bianco-fiesta\\\/\"]}]},{\"@type\":\"ImageObject\",\"inLanguage\":\"en-US\",\"@id\":\"https:\\\/\\\/granito.ro\\\/en\\\/product\\\/capace-pentru-gard-granit-bianco-fiesta\\\/#primaryimage\",\"url\":\"https:\\\/\\\/granito.ro\\\/en\\\/wp-content\\\/uploads\\\/2024\\\/11\\\/0000s_0210_GRANIT_BIANCO_FIESTA_CAPAC5.014.png\",\"contentUrl\":\"https:\\\/\\\/granito.ro\\\/en\\\/wp-content\\\/uploads\\\/2024\\\/11\\\/0000s_0210_GRANIT_BIANCO_FIESTA_CAPAC5.014.png\",\"width\":1920,\"height\":1920},{\"@type\":\"BreadcrumbList\",\"@id\":\"https:\\\/\\\/granito.ro\\\/en\\\/product\\\/capace-pentru-gard-granit-bianco-fiesta\\\/#breadcrumb\",\"itemListElement\":[{\"@type\":\"ListItem\",\"position\":1,\"name\":\"Prima pagin\u0103\",\"item\":\"https:\\\/\\\/granito.ro\\\/en\\\/\"},{\"@type\":\"ListItem\",\"position\":2,\"name\":\"Materiale\",\"item\":\"https:\\\/\\\/granito.ro\\\/en\\\/materiale\\\/\"},{\"@type\":\"ListItem\",\"position\":3,\"name\":\"Capace pentru Gard Granit Bianco Fiesta\"}]},{\"@type\":\"WebSite\",\"@id\":\"https:\\\/\\\/granito.ro\\\/en\\\/#website\",\"url\":\"https:\\\/\\\/granito.ro\\\/en\\\/\",\"name\":\"Granito\",\"description\":\"\",\"publisher\":{\"@id\":\"https:\\\/\\\/granito.ro\\\/en\\\/#organization\"},\"potentialAction\":[{\"@type\":\"SearchAction\",\"target\":{\"@type\":\"EntryPoint\",\"urlTemplate\":\"https:\\\/\\\/granito.ro\\\/en\\\/?s={search_term_string}\"},\"query-input\":{\"@type\":\"PropertyValueSpecification\",\"valueRequired\":true,\"valueName\":\"search_term_string\"}}],\"inLanguage\":\"en-US\"},{\"@type\":\"Organization\",\"@id\":\"https:\\\/\\\/granito.ro\\\/en\\\/#organization\",\"name\":\"Granito\",\"url\":\"https:\\\/\\\/granito.ro\\\/en\\\/\",\"logo\":{\"@type\":\"ImageObject\",\"inLanguage\":\"en-US\",\"@id\":\"https:\\\/\\\/granito.ro\\\/en\\\/#\\\/schema\\\/logo\\\/image\\\/\",\"url\":\"https:\\\/\\\/granito.ro\\\/en\\\/wp-content\\\/uploads\\\/2024\\\/08\\\/Untitled-1.png\",\"contentUrl\":\"https:\\\/\\\/granito.ro\\\/en\\\/wp-content\\\/uploads\\\/2024\\\/08\\\/Untitled-1.png\",\"width\":500,\"height\":112,\"caption\":\"Granito\"},\"image\":{\"@id\":\"https:\\\/\\\/granito.ro\\\/en\\\/#\\\/schema\\\/logo\\\/image\\\/\"},\"sameAs\":[\"https:\\\/\\\/www.facebook.com\\\/granito.ro\",\"http:\\\/\\\/instagram.com\\\/granito.ro\"]}]}<\/script>\n<!-- \/ Yoast SEO plugin. -->","yoast_head_json":{"title":"Granito","robots":{"index":"index","follow":"follow","max-snippet":"max-snippet:-1","max-image-preview":"max-image-preview:large","max-video-preview":"max-video-preview:-1"},"canonical":"https:\/\/granito.ro\/en\/product\/capace-pentru-gard-granit-bianco-fiesta\/","og_locale":"en_US","og_type":"article","og_title":"Capace pentru Gard Granit Bianco Fiesta - Acasa - Granito","og_description":"De la modele clasice la contemporane, capacele pentru gard pe care le oferim sunt atent prelucrate pentru a se alinia cu viziunea estetic\u0103 \u0219i nevoile de protec\u021bie ale clien\u021bilor no\u0219tri.  Cu designuri variind de la muchii te\u0219ite la forme complexe, capacele de gard aduc un plus de elegan\u021b\u0103 \u0219i rezisten\u021b\u0103, eviden\u021biind fiecare detaliu arhitectonic.","og_url":"https:\/\/granito.ro\/en\/product\/capace-pentru-gard-granit-bianco-fiesta\/","og_site_name":"Acasa - Granito","article_publisher":"https:\/\/www.facebook.com\/granito.ro","article_modified_time":"2025-04-24T18:52:41+00:00","og_image":[{"width":1920,"height":1920,"url":"https:\/\/granito.ro\/en\/wp-content\/uploads\/2024\/11\/0000s_0210_GRANIT_BIANCO_FIESTA_CAPAC5.014.png","type":"image\/png"}],"twitter_card":"summary_large_image","twitter_misc":{"Est. reading time":"1 minute"},"schema":{"@context":"https:\/\/schema.org","@graph":[{"@type":"WebPage","@id":"https:\/\/granito.ro\/en\/product\/capace-pentru-gard-granit-bianco-fiesta\/","url":"https:\/\/granito.ro\/en\/product\/capace-pentru-gard-granit-bianco-fiesta\/","name":"Capace pentru Gard Granit Bianco Fiesta - Acasa - Granito","isPartOf":{"@id":"https:\/\/granito.ro\/en\/#website"},"primaryImageOfPage":{"@id":"https:\/\/granito.ro\/en\/product\/capace-pentru-gard-granit-bianco-fiesta\/#primaryimage"},"image":{"@id":"https:\/\/granito.ro\/en\/product\/capace-pentru-gard-granit-bianco-fiesta\/#primaryimage"},"thumbnailUrl":"https:\/\/granito.ro\/en\/wp-content\/uploads\/2024\/11\/0000s_0210_GRANIT_BIANCO_FIESTA_CAPAC5.014.png","datePublished":"2024-07-19T17:27:08+00:00","dateModified":"2025-04-24T18:52:41+00:00","breadcrumb":{"@id":"https:\/\/granito.ro\/en\/product\/capace-pentru-gard-granit-bianco-fiesta\/#breadcrumb"},"inLanguage":"en-US","potentialAction":[{"@type":"ReadAction","target":["https:\/\/granito.ro\/en\/product\/capace-pentru-gard-granit-bianco-fiesta\/"]}]},{"@type":"ImageObject","inLanguage":"en-US","@id":"https:\/\/granito.ro\/en\/product\/capace-pentru-gard-granit-bianco-fiesta\/#primaryimage","url":"https:\/\/granito.ro\/en\/wp-content\/uploads\/2024\/11\/0000s_0210_GRANIT_BIANCO_FIESTA_CAPAC5.014.png","contentUrl":"https:\/\/granito.ro\/en\/wp-content\/uploads\/2024\/11\/0000s_0210_GRANIT_BIANCO_FIESTA_CAPAC5.014.png","width":1920,"height":1920},{"@type":"BreadcrumbList","@id":"https:\/\/granito.ro\/en\/product\/capace-pentru-gard-granit-bianco-fiesta\/#breadcrumb","itemListElement":[{"@type":"ListItem","position":1,"name":"Prima pagin\u0103","item":"https:\/\/granito.ro\/en\/"},{"@type":"ListItem","position":2,"name":"Materiale","item":"https:\/\/granito.ro\/en\/materiale\/"},{"@type":"ListItem","position":3,"name":"Capace pentru Gard Granit Bianco Fiesta"}]},{"@type":"WebSite","@id":"https:\/\/granito.ro\/en\/#website","url":"https:\/\/granito.ro\/en\/","name":"Granito","description":"","publisher":{"@id":"https:\/\/granito.ro\/en\/#organization"},"potentialAction":[{"@type":"SearchAction","target":{"@type":"EntryPoint","urlTemplate":"https:\/\/granito.ro\/en\/?s={search_term_string}"},"query-input":{"@type":"PropertyValueSpecification","valueRequired":true,"valueName":"search_term_string"}}],"inLanguage":"en-US"},{"@type":"Organization","@id":"https:\/\/granito.ro\/en\/#organization","name":"Granito","url":"https:\/\/granito.ro\/en\/","logo":{"@type":"ImageObject","inLanguage":"en-US","@id":"https:\/\/granito.ro\/en\/#\/schema\/logo\/image\/","url":"https:\/\/granito.ro\/en\/wp-content\/uploads\/2024\/08\/Untitled-1.png","contentUrl":"https:\/\/granito.ro\/en\/wp-content\/uploads\/2024\/08\/Untitled-1.png","width":500,"height":112,"caption":"Granito"},"image":{"@id":"https:\/\/granito.ro\/en\/#\/schema\/logo\/image\/"},"sameAs":["https:\/\/www.facebook.com\/granito.ro","http:\/\/instagram.com\/granito.ro"]}]}},"_links":{"self":[{"href":"https:\/\/granito.ro\/en\/wp-json\/wp\/v2\/product\/3404","targetHints":{"allow":["GET"]}}],"collection":[{"href":"https:\/\/granito.ro\/en\/wp-json\/wp\/v2\/product"}],"about":[{"href":"https:\/\/granito.ro\/en\/wp-json\/wp\/v2\/types\/product"}],"wp:featuredmedia":[{"embeddable":true,"href":"https:\/\/granito.ro\/en\/wp-json\/wp\/v2\/media\/5070"}],"wp:attachment":[{"href":"https:\/\/granito.ro\/en\/wp-json\/wp\/v2\/media?parent=3404"}],"wp:term":[{"taxonomy":"product_brand","embeddable":true,"href":"https:\/\/granito.ro\/en\/wp-json\/wp\/v2\/product_brand?post=3404"},{"taxonomy":"product_cat","embeddable":true,"href":"https:\/\/granito.ro\/en\/wp-json\/wp\/v2\/product_cat?post=3404"},{"taxonomy":"product_tag","embeddable":true,"href":"https:\/\/granito.ro\/en\/wp-json\/wp\/v2\/product_tag?post=3404"}],"curies":[{"name":"wp","href":"https:\/\/api.w.org\/{rel}","templated":true}]}}