
{"id":3397,"date":"2024-07-19T17:27:04","date_gmt":"2024-07-19T17:27:04","guid":{"rendered":"https:\/\/granito.ro\/?post_type=product&#038;p=3397"},"modified":"2025-04-24T19:52:52","modified_gmt":"2025-04-24T19:52:52","slug":"capace-pentru-gard-marmura-emperador-dark","status":"publish","type":"product","link":"https:\/\/granito.ro\/en\/product\/capace-pentru-gard-marmura-emperador-dark\/","title":{"rendered":"Capace pentru Gard Marmur\u0103 Emperador Dark"},"content":{"rendered":"<p>Marmura Emperador Dark este o piatr\u0103 natural\u0103 foarte apreciat\u0103 pentru tonurile sale \u00eenchise \u0219i modelele captivante de venaturi. Aceasta prezint\u0103 o baz\u0103 de culoare maro \u00eenchis sau espresso, cu venaturi proeminente \u00een nuan\u021be de alb, crem sau maro deschis.<\/p>\n<p>Venaturile pot fi fine \u0219i delicate sau \u00eendr\u0103zne\u021be \u0219i pronun\u021bate, cre\u00e2nd un contrast impresionant cu fundalul \u00eentunecat. Marmura Emperador Dark este versatil\u0103, ad\u0103ug\u00e2nd profunzime \u0219i c\u0103ldur\u0103 at\u00e2t spa\u021biilor tradi\u021bionale, c\u00e2t \u0219i celor contemporane.<\/p>\n<p><b>Piatra natural\u0103 prezint\u0103 varia\u021bii de nuan\u021b\u0103, motiv pentru care imaginile de prezentare au un caracter strict informativ \u0219i pot s\u0103 nu reflecte cu exactitate aspectul real al produsului.<\/b><\/p>\n<p><br style=\"font-weight: 400;\" \/><br style=\"font-weight: 400;\" \/><\/p>\n","protected":false},"excerpt":{"rendered":"<p><span style=\"font-weight: 400;\">De la modele clasice la contemporane, capacele pentru gard pe care le oferim sunt atent prelucrate pentru a se alinia cu viziunea estetic\u0103 \u0219i nevoile de protec\u021bie ale clien\u021bilor no\u0219tri.<\/span><\/p>\n<p><span style=\"font-weight: 400;\">Cu designuri variind de la muchii te\u0219ite la forme complexe, capacele de gard aduc un plus de elegan\u021b\u0103 \u0219i rezisten\u021b\u0103, eviden\u021biind fiecare detaliu arhitectonic.<\/span><\/p>\n","protected":false},"featured_media":4994,"template":"","meta":{"_eb_attr":""},"product_brand":[],"product_cat":[111],"product_tag":[136],"class_list":{"0":"post-3397","1":"product","2":"type-product","3":"status-publish","4":"has-post-thumbnail","6":"product_cat-capace-pentru-gard","7":"product_tag-capace-pentru-gard","9":"first","10":"outofstock","11":"shipping-taxable","12":"purchasable","13":"product-type-simple"},"yoast_head":"<!-- This site is optimized with the Yoast SEO plugin v27.4 - https:\/\/yoast.com\/product\/yoast-seo-wordpress\/ -->\n<title>Granito<\/title>\n<meta name=\"robots\" content=\"index, follow, max-snippet:-1, max-image-preview:large, max-video-preview:-1\" \/>\n<link rel=\"canonical\" href=\"https:\/\/granito.ro\/en\/product\/capace-pentru-gard-marmura-emperador-dark\/\" \/>\n<meta property=\"og:locale\" content=\"en_US\" \/>\n<meta property=\"og:type\" content=\"article\" \/>\n<meta property=\"og:title\" content=\"Capace pentru Gard Marmur\u0103 Emperador Dark - Acasa - Granito\" \/>\n<meta property=\"og:description\" content=\"De la modele clasice la contemporane, capacele pentru gard pe care le oferim sunt atent prelucrate pentru a se alinia cu viziunea estetic\u0103 \u0219i nevoile de protec\u021bie ale clien\u021bilor no\u0219tri.  Cu designuri variind de la muchii te\u0219ite la forme complexe, capacele de gard aduc un plus de elegan\u021b\u0103 \u0219i rezisten\u021b\u0103, eviden\u021biind fiecare detaliu arhitectonic.\" \/>\n<meta property=\"og:url\" content=\"https:\/\/granito.ro\/en\/product\/capace-pentru-gard-marmura-emperador-dark\/\" \/>\n<meta property=\"og:site_name\" content=\"Acasa - Granito\" \/>\n<meta property=\"article:publisher\" content=\"https:\/\/www.facebook.com\/granito.ro\" \/>\n<meta property=\"article:modified_time\" content=\"2025-04-24T19:52:52+00:00\" \/>\n<meta property=\"og:image\" content=\"https:\/\/granito.ro\/en\/wp-content\/uploads\/2024\/11\/0000s_0134_MARMURA_EMPERADOR_DARK_CAPAC5.012.png\" \/>\n\t<meta property=\"og:image:width\" content=\"1920\" \/>\n\t<meta property=\"og:image:height\" content=\"1920\" \/>\n\t<meta property=\"og:image:type\" content=\"image\/png\" \/>\n<meta name=\"twitter:card\" content=\"summary_large_image\" \/>\n<meta name=\"twitter:label1\" content=\"Est. reading time\" \/>\n\t<meta name=\"twitter:data1\" content=\"1 minute\" \/>\n<script type=\"application\/ld+json\" class=\"yoast-schema-graph\">{\"@context\":\"https:\\\/\\\/schema.org\",\"@graph\":[{\"@type\":\"WebPage\",\"@id\":\"https:\\\/\\\/granito.ro\\\/en\\\/product\\\/capace-pentru-gard-marmura-emperador-dark\\\/\",\"url\":\"https:\\\/\\\/granito.ro\\\/en\\\/product\\\/capace-pentru-gard-marmura-emperador-dark\\\/\",\"name\":\"Capace pentru Gard Marmur\u0103 Emperador Dark - Acasa - Granito\",\"isPartOf\":{\"@id\":\"https:\\\/\\\/granito.ro\\\/en\\\/#website\"},\"primaryImageOfPage\":{\"@id\":\"https:\\\/\\\/granito.ro\\\/en\\\/product\\\/capace-pentru-gard-marmura-emperador-dark\\\/#primaryimage\"},\"image\":{\"@id\":\"https:\\\/\\\/granito.ro\\\/en\\\/product\\\/capace-pentru-gard-marmura-emperador-dark\\\/#primaryimage\"},\"thumbnailUrl\":\"https:\\\/\\\/granito.ro\\\/en\\\/wp-content\\\/uploads\\\/2024\\\/11\\\/0000s_0134_MARMURA_EMPERADOR_DARK_CAPAC5.012.png\",\"datePublished\":\"2024-07-19T17:27:04+00:00\",\"dateModified\":\"2025-04-24T19:52:52+00:00\",\"breadcrumb\":{\"@id\":\"https:\\\/\\\/granito.ro\\\/en\\\/product\\\/capace-pentru-gard-marmura-emperador-dark\\\/#breadcrumb\"},\"inLanguage\":\"en-US\",\"potentialAction\":[{\"@type\":\"ReadAction\",\"target\":[\"https:\\\/\\\/granito.ro\\\/en\\\/product\\\/capace-pentru-gard-marmura-emperador-dark\\\/\"]}]},{\"@type\":\"ImageObject\",\"inLanguage\":\"en-US\",\"@id\":\"https:\\\/\\\/granito.ro\\\/en\\\/product\\\/capace-pentru-gard-marmura-emperador-dark\\\/#primaryimage\",\"url\":\"https:\\\/\\\/granito.ro\\\/en\\\/wp-content\\\/uploads\\\/2024\\\/11\\\/0000s_0134_MARMURA_EMPERADOR_DARK_CAPAC5.012.png\",\"contentUrl\":\"https:\\\/\\\/granito.ro\\\/en\\\/wp-content\\\/uploads\\\/2024\\\/11\\\/0000s_0134_MARMURA_EMPERADOR_DARK_CAPAC5.012.png\",\"width\":1920,\"height\":1920},{\"@type\":\"BreadcrumbList\",\"@id\":\"https:\\\/\\\/granito.ro\\\/en\\\/product\\\/capace-pentru-gard-marmura-emperador-dark\\\/#breadcrumb\",\"itemListElement\":[{\"@type\":\"ListItem\",\"position\":1,\"name\":\"Prima pagin\u0103\",\"item\":\"https:\\\/\\\/granito.ro\\\/en\\\/\"},{\"@type\":\"ListItem\",\"position\":2,\"name\":\"Materiale\",\"item\":\"https:\\\/\\\/granito.ro\\\/en\\\/materiale\\\/\"},{\"@type\":\"ListItem\",\"position\":3,\"name\":\"Capace pentru Gard Marmur\u0103 Emperador Dark\"}]},{\"@type\":\"WebSite\",\"@id\":\"https:\\\/\\\/granito.ro\\\/en\\\/#website\",\"url\":\"https:\\\/\\\/granito.ro\\\/en\\\/\",\"name\":\"Granito\",\"description\":\"\",\"publisher\":{\"@id\":\"https:\\\/\\\/granito.ro\\\/en\\\/#organization\"},\"potentialAction\":[{\"@type\":\"SearchAction\",\"target\":{\"@type\":\"EntryPoint\",\"urlTemplate\":\"https:\\\/\\\/granito.ro\\\/en\\\/?s={search_term_string}\"},\"query-input\":{\"@type\":\"PropertyValueSpecification\",\"valueRequired\":true,\"valueName\":\"search_term_string\"}}],\"inLanguage\":\"en-US\"},{\"@type\":\"Organization\",\"@id\":\"https:\\\/\\\/granito.ro\\\/en\\\/#organization\",\"name\":\"Granito\",\"url\":\"https:\\\/\\\/granito.ro\\\/en\\\/\",\"logo\":{\"@type\":\"ImageObject\",\"inLanguage\":\"en-US\",\"@id\":\"https:\\\/\\\/granito.ro\\\/en\\\/#\\\/schema\\\/logo\\\/image\\\/\",\"url\":\"https:\\\/\\\/granito.ro\\\/en\\\/wp-content\\\/uploads\\\/2024\\\/08\\\/Untitled-1.png\",\"contentUrl\":\"https:\\\/\\\/granito.ro\\\/en\\\/wp-content\\\/uploads\\\/2024\\\/08\\\/Untitled-1.png\",\"width\":500,\"height\":112,\"caption\":\"Granito\"},\"image\":{\"@id\":\"https:\\\/\\\/granito.ro\\\/en\\\/#\\\/schema\\\/logo\\\/image\\\/\"},\"sameAs\":[\"https:\\\/\\\/www.facebook.com\\\/granito.ro\",\"http:\\\/\\\/instagram.com\\\/granito.ro\"]}]}<\/script>\n<!-- \/ Yoast SEO plugin. -->","yoast_head_json":{"title":"Granito","robots":{"index":"index","follow":"follow","max-snippet":"max-snippet:-1","max-image-preview":"max-image-preview:large","max-video-preview":"max-video-preview:-1"},"canonical":"https:\/\/granito.ro\/en\/product\/capace-pentru-gard-marmura-emperador-dark\/","og_locale":"en_US","og_type":"article","og_title":"Capace pentru Gard Marmur\u0103 Emperador Dark - Acasa - Granito","og_description":"De la modele clasice la contemporane, capacele pentru gard pe care le oferim sunt atent prelucrate pentru a se alinia cu viziunea estetic\u0103 \u0219i nevoile de protec\u021bie ale clien\u021bilor no\u0219tri.  Cu designuri variind de la muchii te\u0219ite la forme complexe, capacele de gard aduc un plus de elegan\u021b\u0103 \u0219i rezisten\u021b\u0103, eviden\u021biind fiecare detaliu arhitectonic.","og_url":"https:\/\/granito.ro\/en\/product\/capace-pentru-gard-marmura-emperador-dark\/","og_site_name":"Acasa - Granito","article_publisher":"https:\/\/www.facebook.com\/granito.ro","article_modified_time":"2025-04-24T19:52:52+00:00","og_image":[{"width":1920,"height":1920,"url":"https:\/\/granito.ro\/en\/wp-content\/uploads\/2024\/11\/0000s_0134_MARMURA_EMPERADOR_DARK_CAPAC5.012.png","type":"image\/png"}],"twitter_card":"summary_large_image","twitter_misc":{"Est. reading time":"1 minute"},"schema":{"@context":"https:\/\/schema.org","@graph":[{"@type":"WebPage","@id":"https:\/\/granito.ro\/en\/product\/capace-pentru-gard-marmura-emperador-dark\/","url":"https:\/\/granito.ro\/en\/product\/capace-pentru-gard-marmura-emperador-dark\/","name":"Capace pentru Gard Marmur\u0103 Emperador Dark - Acasa - Granito","isPartOf":{"@id":"https:\/\/granito.ro\/en\/#website"},"primaryImageOfPage":{"@id":"https:\/\/granito.ro\/en\/product\/capace-pentru-gard-marmura-emperador-dark\/#primaryimage"},"image":{"@id":"https:\/\/granito.ro\/en\/product\/capace-pentru-gard-marmura-emperador-dark\/#primaryimage"},"thumbnailUrl":"https:\/\/granito.ro\/en\/wp-content\/uploads\/2024\/11\/0000s_0134_MARMURA_EMPERADOR_DARK_CAPAC5.012.png","datePublished":"2024-07-19T17:27:04+00:00","dateModified":"2025-04-24T19:52:52+00:00","breadcrumb":{"@id":"https:\/\/granito.ro\/en\/product\/capace-pentru-gard-marmura-emperador-dark\/#breadcrumb"},"inLanguage":"en-US","potentialAction":[{"@type":"ReadAction","target":["https:\/\/granito.ro\/en\/product\/capace-pentru-gard-marmura-emperador-dark\/"]}]},{"@type":"ImageObject","inLanguage":"en-US","@id":"https:\/\/granito.ro\/en\/product\/capace-pentru-gard-marmura-emperador-dark\/#primaryimage","url":"https:\/\/granito.ro\/en\/wp-content\/uploads\/2024\/11\/0000s_0134_MARMURA_EMPERADOR_DARK_CAPAC5.012.png","contentUrl":"https:\/\/granito.ro\/en\/wp-content\/uploads\/2024\/11\/0000s_0134_MARMURA_EMPERADOR_DARK_CAPAC5.012.png","width":1920,"height":1920},{"@type":"BreadcrumbList","@id":"https:\/\/granito.ro\/en\/product\/capace-pentru-gard-marmura-emperador-dark\/#breadcrumb","itemListElement":[{"@type":"ListItem","position":1,"name":"Prima pagin\u0103","item":"https:\/\/granito.ro\/en\/"},{"@type":"ListItem","position":2,"name":"Materiale","item":"https:\/\/granito.ro\/en\/materiale\/"},{"@type":"ListItem","position":3,"name":"Capace pentru Gard Marmur\u0103 Emperador Dark"}]},{"@type":"WebSite","@id":"https:\/\/granito.ro\/en\/#website","url":"https:\/\/granito.ro\/en\/","name":"Granito","description":"","publisher":{"@id":"https:\/\/granito.ro\/en\/#organization"},"potentialAction":[{"@type":"SearchAction","target":{"@type":"EntryPoint","urlTemplate":"https:\/\/granito.ro\/en\/?s={search_term_string}"},"query-input":{"@type":"PropertyValueSpecification","valueRequired":true,"valueName":"search_term_string"}}],"inLanguage":"en-US"},{"@type":"Organization","@id":"https:\/\/granito.ro\/en\/#organization","name":"Granito","url":"https:\/\/granito.ro\/en\/","logo":{"@type":"ImageObject","inLanguage":"en-US","@id":"https:\/\/granito.ro\/en\/#\/schema\/logo\/image\/","url":"https:\/\/granito.ro\/en\/wp-content\/uploads\/2024\/08\/Untitled-1.png","contentUrl":"https:\/\/granito.ro\/en\/wp-content\/uploads\/2024\/08\/Untitled-1.png","width":500,"height":112,"caption":"Granito"},"image":{"@id":"https:\/\/granito.ro\/en\/#\/schema\/logo\/image\/"},"sameAs":["https:\/\/www.facebook.com\/granito.ro","http:\/\/instagram.com\/granito.ro"]}]}},"_links":{"self":[{"href":"https:\/\/granito.ro\/en\/wp-json\/wp\/v2\/product\/3397","targetHints":{"allow":["GET"]}}],"collection":[{"href":"https:\/\/granito.ro\/en\/wp-json\/wp\/v2\/product"}],"about":[{"href":"https:\/\/granito.ro\/en\/wp-json\/wp\/v2\/types\/product"}],"wp:featuredmedia":[{"embeddable":true,"href":"https:\/\/granito.ro\/en\/wp-json\/wp\/v2\/media\/4994"}],"wp:attachment":[{"href":"https:\/\/granito.ro\/en\/wp-json\/wp\/v2\/media?parent=3397"}],"wp:term":[{"taxonomy":"product_brand","embeddable":true,"href":"https:\/\/granito.ro\/en\/wp-json\/wp\/v2\/product_brand?post=3397"},{"taxonomy":"product_cat","embeddable":true,"href":"https:\/\/granito.ro\/en\/wp-json\/wp\/v2\/product_cat?post=3397"},{"taxonomy":"product_tag","embeddable":true,"href":"https:\/\/granito.ro\/en\/wp-json\/wp\/v2\/product_tag?post=3397"}],"curies":[{"name":"wp","href":"https:\/\/api.w.org\/{rel}","templated":true}]}}