
{"id":3395,"date":"2024-07-19T17:13:23","date_gmt":"2024-07-19T17:13:23","guid":{"rendered":"https:\/\/granito.ro\/?post_type=product&#038;p=3395"},"modified":"2025-04-24T19:52:23","modified_gmt":"2025-04-24T19:52:23","slug":"capace-pentru-gard-andezit-ilva","status":"publish","type":"product","link":"https:\/\/granito.ro\/en\/product\/capace-pentru-gard-andezit-ilva\/","title":{"rendered":"Capace pentru Gard Andezit Ilva"},"content":{"rendered":"<p>Andezitul de Ilva prezint\u0103 o nuan\u021b\u0103 delicat\u0103, verzuie, care adaug\u0103 o not\u0103 de naturale\u021be \u0219i prospetime oric\u0103rei aplicatii arhitecturale sau decorative. Poate fi prelucrat pentru a ob\u021bine diferite finisaje, de la lustruit la brut, fiecare metoda de finisare sco\u021b\u00e2nd \u00een eviden\u021b\u0103 caracteristici diferite ale pietrei.<\/p>\n<p>Unul dintre aspectele remarcabile ale andezitului de Ilva este durabilitatea sa extrem de ridicat\u0103. \u00a0Acesta este un material foarte durabil \u0219i rezistent la uzur\u0103, abraziune, umezeal\u0103 \u0219i varia\u021bii de temperatur\u0103, ceea ce \u00eel face potrivit pentru utiliz\u0103ri \u00een diverse condi\u021bii \u0219i medii.<\/p>\n<p><b>Piatra natural\u0103 prezint\u0103 varia\u021bii de nuan\u021b\u0103, motiv pentru care imaginile de prezentare au un caracter strict informativ \u0219i pot s\u0103 nu reflecte cu exactitate aspectul real al produsului.<\/b><\/p>\n<p><br style=\"font-weight: 400;\" \/><br style=\"font-weight: 400;\" \/><\/p>\n","protected":false},"excerpt":{"rendered":"<p><span style=\"font-weight: 400;\">De la modele clasice la contemporane, capacele pentru gard pe care le oferim sunt atent prelucrate pentru a se alinia cu viziunea estetic\u0103 \u0219i nevoile de protec\u021bie ale clien\u021bilor no\u0219tri.<\/span><\/p>\n<p><span style=\"font-weight: 400;\">Cu designuri variind de la muchii te\u0219ite la forme complexe, capacele de gard aduc un plus de elegan\u021b\u0103 \u0219i rezisten\u021b\u0103, eviden\u021biind fiecare detaliu arhitectonic.<\/span><\/p>\n","protected":false},"featured_media":4857,"template":"","meta":{"_eb_attr":""},"product_brand":[],"product_cat":[111],"product_tag":[136],"class_list":{"0":"post-3395","1":"product","2":"type-product","3":"status-publish","4":"has-post-thumbnail","6":"product_cat-capace-pentru-gard","7":"product_tag-capace-pentru-gard","9":"first","10":"outofstock","11":"shipping-taxable","12":"purchasable","13":"product-type-simple"},"yoast_head":"<!-- This site is optimized with the Yoast SEO plugin v27.4 - https:\/\/yoast.com\/product\/yoast-seo-wordpress\/ -->\n<title>Granito<\/title>\n<meta name=\"robots\" content=\"index, follow, max-snippet:-1, max-image-preview:large, max-video-preview:-1\" \/>\n<link rel=\"canonical\" href=\"https:\/\/granito.ro\/en\/product\/capace-pentru-gard-andezit-ilva\/\" \/>\n<meta property=\"og:locale\" content=\"en_US\" \/>\n<meta property=\"og:type\" content=\"article\" \/>\n<meta property=\"og:title\" content=\"Capace pentru Gard Andezit Ilva - Acasa - Granito\" \/>\n<meta property=\"og:description\" content=\"De la modele clasice la contemporane, capacele pentru gard pe care le oferim sunt atent prelucrate pentru a se alinia cu viziunea estetic\u0103 \u0219i nevoile de protec\u021bie ale clien\u021bilor no\u0219tri.  Cu designuri variind de la muchii te\u0219ite la forme complexe, capacele de gard aduc un plus de elegan\u021b\u0103 \u0219i rezisten\u021b\u0103, eviden\u021biind fiecare detaliu arhitectonic.\" \/>\n<meta property=\"og:url\" content=\"https:\/\/granito.ro\/en\/product\/capace-pentru-gard-andezit-ilva\/\" \/>\n<meta property=\"og:site_name\" content=\"Acasa - Granito\" \/>\n<meta property=\"article:publisher\" content=\"https:\/\/www.facebook.com\/granito.ro\" \/>\n<meta property=\"article:modified_time\" content=\"2025-04-24T19:52:23+00:00\" \/>\n<meta property=\"og:image\" content=\"https:\/\/granito.ro\/en\/wp-content\/uploads\/2024\/11\/0000s_0006_ANDEZIT_ILVA_CAPAC3.008.png\" \/>\n\t<meta property=\"og:image:width\" content=\"1920\" \/>\n\t<meta property=\"og:image:height\" content=\"1920\" \/>\n\t<meta property=\"og:image:type\" content=\"image\/png\" \/>\n<meta name=\"twitter:card\" content=\"summary_large_image\" \/>\n<meta name=\"twitter:label1\" content=\"Est. reading time\" \/>\n\t<meta name=\"twitter:data1\" content=\"1 minute\" \/>\n<script type=\"application\/ld+json\" class=\"yoast-schema-graph\">{\"@context\":\"https:\\\/\\\/schema.org\",\"@graph\":[{\"@type\":\"WebPage\",\"@id\":\"https:\\\/\\\/granito.ro\\\/en\\\/product\\\/capace-pentru-gard-andezit-ilva\\\/\",\"url\":\"https:\\\/\\\/granito.ro\\\/en\\\/product\\\/capace-pentru-gard-andezit-ilva\\\/\",\"name\":\"Capace pentru Gard Andezit Ilva - Acasa - Granito\",\"isPartOf\":{\"@id\":\"https:\\\/\\\/granito.ro\\\/en\\\/#website\"},\"primaryImageOfPage\":{\"@id\":\"https:\\\/\\\/granito.ro\\\/en\\\/product\\\/capace-pentru-gard-andezit-ilva\\\/#primaryimage\"},\"image\":{\"@id\":\"https:\\\/\\\/granito.ro\\\/en\\\/product\\\/capace-pentru-gard-andezit-ilva\\\/#primaryimage\"},\"thumbnailUrl\":\"https:\\\/\\\/granito.ro\\\/en\\\/wp-content\\\/uploads\\\/2024\\\/11\\\/0000s_0006_ANDEZIT_ILVA_CAPAC3.008.png\",\"datePublished\":\"2024-07-19T17:13:23+00:00\",\"dateModified\":\"2025-04-24T19:52:23+00:00\",\"breadcrumb\":{\"@id\":\"https:\\\/\\\/granito.ro\\\/en\\\/product\\\/capace-pentru-gard-andezit-ilva\\\/#breadcrumb\"},\"inLanguage\":\"en-US\",\"potentialAction\":[{\"@type\":\"ReadAction\",\"target\":[\"https:\\\/\\\/granito.ro\\\/en\\\/product\\\/capace-pentru-gard-andezit-ilva\\\/\"]}]},{\"@type\":\"ImageObject\",\"inLanguage\":\"en-US\",\"@id\":\"https:\\\/\\\/granito.ro\\\/en\\\/product\\\/capace-pentru-gard-andezit-ilva\\\/#primaryimage\",\"url\":\"https:\\\/\\\/granito.ro\\\/en\\\/wp-content\\\/uploads\\\/2024\\\/11\\\/0000s_0006_ANDEZIT_ILVA_CAPAC3.008.png\",\"contentUrl\":\"https:\\\/\\\/granito.ro\\\/en\\\/wp-content\\\/uploads\\\/2024\\\/11\\\/0000s_0006_ANDEZIT_ILVA_CAPAC3.008.png\",\"width\":1920,\"height\":1920},{\"@type\":\"BreadcrumbList\",\"@id\":\"https:\\\/\\\/granito.ro\\\/en\\\/product\\\/capace-pentru-gard-andezit-ilva\\\/#breadcrumb\",\"itemListElement\":[{\"@type\":\"ListItem\",\"position\":1,\"name\":\"Prima pagin\u0103\",\"item\":\"https:\\\/\\\/granito.ro\\\/en\\\/\"},{\"@type\":\"ListItem\",\"position\":2,\"name\":\"Materiale\",\"item\":\"https:\\\/\\\/granito.ro\\\/en\\\/materiale\\\/\"},{\"@type\":\"ListItem\",\"position\":3,\"name\":\"Capace pentru Gard Andezit Ilva\"}]},{\"@type\":\"WebSite\",\"@id\":\"https:\\\/\\\/granito.ro\\\/en\\\/#website\",\"url\":\"https:\\\/\\\/granito.ro\\\/en\\\/\",\"name\":\"Granito\",\"description\":\"\",\"publisher\":{\"@id\":\"https:\\\/\\\/granito.ro\\\/en\\\/#organization\"},\"potentialAction\":[{\"@type\":\"SearchAction\",\"target\":{\"@type\":\"EntryPoint\",\"urlTemplate\":\"https:\\\/\\\/granito.ro\\\/en\\\/?s={search_term_string}\"},\"query-input\":{\"@type\":\"PropertyValueSpecification\",\"valueRequired\":true,\"valueName\":\"search_term_string\"}}],\"inLanguage\":\"en-US\"},{\"@type\":\"Organization\",\"@id\":\"https:\\\/\\\/granito.ro\\\/en\\\/#organization\",\"name\":\"Granito\",\"url\":\"https:\\\/\\\/granito.ro\\\/en\\\/\",\"logo\":{\"@type\":\"ImageObject\",\"inLanguage\":\"en-US\",\"@id\":\"https:\\\/\\\/granito.ro\\\/en\\\/#\\\/schema\\\/logo\\\/image\\\/\",\"url\":\"https:\\\/\\\/granito.ro\\\/en\\\/wp-content\\\/uploads\\\/2024\\\/08\\\/Untitled-1.png\",\"contentUrl\":\"https:\\\/\\\/granito.ro\\\/en\\\/wp-content\\\/uploads\\\/2024\\\/08\\\/Untitled-1.png\",\"width\":500,\"height\":112,\"caption\":\"Granito\"},\"image\":{\"@id\":\"https:\\\/\\\/granito.ro\\\/en\\\/#\\\/schema\\\/logo\\\/image\\\/\"},\"sameAs\":[\"https:\\\/\\\/www.facebook.com\\\/granito.ro\",\"http:\\\/\\\/instagram.com\\\/granito.ro\"]}]}<\/script>\n<!-- \/ Yoast SEO plugin. -->","yoast_head_json":{"title":"Granito","robots":{"index":"index","follow":"follow","max-snippet":"max-snippet:-1","max-image-preview":"max-image-preview:large","max-video-preview":"max-video-preview:-1"},"canonical":"https:\/\/granito.ro\/en\/product\/capace-pentru-gard-andezit-ilva\/","og_locale":"en_US","og_type":"article","og_title":"Capace pentru Gard Andezit Ilva - Acasa - Granito","og_description":"De la modele clasice la contemporane, capacele pentru gard pe care le oferim sunt atent prelucrate pentru a se alinia cu viziunea estetic\u0103 \u0219i nevoile de protec\u021bie ale clien\u021bilor no\u0219tri.  Cu designuri variind de la muchii te\u0219ite la forme complexe, capacele de gard aduc un plus de elegan\u021b\u0103 \u0219i rezisten\u021b\u0103, eviden\u021biind fiecare detaliu arhitectonic.","og_url":"https:\/\/granito.ro\/en\/product\/capace-pentru-gard-andezit-ilva\/","og_site_name":"Acasa - Granito","article_publisher":"https:\/\/www.facebook.com\/granito.ro","article_modified_time":"2025-04-24T19:52:23+00:00","og_image":[{"width":1920,"height":1920,"url":"https:\/\/granito.ro\/en\/wp-content\/uploads\/2024\/11\/0000s_0006_ANDEZIT_ILVA_CAPAC3.008.png","type":"image\/png"}],"twitter_card":"summary_large_image","twitter_misc":{"Est. reading time":"1 minute"},"schema":{"@context":"https:\/\/schema.org","@graph":[{"@type":"WebPage","@id":"https:\/\/granito.ro\/en\/product\/capace-pentru-gard-andezit-ilva\/","url":"https:\/\/granito.ro\/en\/product\/capace-pentru-gard-andezit-ilva\/","name":"Capace pentru Gard Andezit Ilva - Acasa - Granito","isPartOf":{"@id":"https:\/\/granito.ro\/en\/#website"},"primaryImageOfPage":{"@id":"https:\/\/granito.ro\/en\/product\/capace-pentru-gard-andezit-ilva\/#primaryimage"},"image":{"@id":"https:\/\/granito.ro\/en\/product\/capace-pentru-gard-andezit-ilva\/#primaryimage"},"thumbnailUrl":"https:\/\/granito.ro\/en\/wp-content\/uploads\/2024\/11\/0000s_0006_ANDEZIT_ILVA_CAPAC3.008.png","datePublished":"2024-07-19T17:13:23+00:00","dateModified":"2025-04-24T19:52:23+00:00","breadcrumb":{"@id":"https:\/\/granito.ro\/en\/product\/capace-pentru-gard-andezit-ilva\/#breadcrumb"},"inLanguage":"en-US","potentialAction":[{"@type":"ReadAction","target":["https:\/\/granito.ro\/en\/product\/capace-pentru-gard-andezit-ilva\/"]}]},{"@type":"ImageObject","inLanguage":"en-US","@id":"https:\/\/granito.ro\/en\/product\/capace-pentru-gard-andezit-ilva\/#primaryimage","url":"https:\/\/granito.ro\/en\/wp-content\/uploads\/2024\/11\/0000s_0006_ANDEZIT_ILVA_CAPAC3.008.png","contentUrl":"https:\/\/granito.ro\/en\/wp-content\/uploads\/2024\/11\/0000s_0006_ANDEZIT_ILVA_CAPAC3.008.png","width":1920,"height":1920},{"@type":"BreadcrumbList","@id":"https:\/\/granito.ro\/en\/product\/capace-pentru-gard-andezit-ilva\/#breadcrumb","itemListElement":[{"@type":"ListItem","position":1,"name":"Prima pagin\u0103","item":"https:\/\/granito.ro\/en\/"},{"@type":"ListItem","position":2,"name":"Materiale","item":"https:\/\/granito.ro\/en\/materiale\/"},{"@type":"ListItem","position":3,"name":"Capace pentru Gard Andezit Ilva"}]},{"@type":"WebSite","@id":"https:\/\/granito.ro\/en\/#website","url":"https:\/\/granito.ro\/en\/","name":"Granito","description":"","publisher":{"@id":"https:\/\/granito.ro\/en\/#organization"},"potentialAction":[{"@type":"SearchAction","target":{"@type":"EntryPoint","urlTemplate":"https:\/\/granito.ro\/en\/?s={search_term_string}"},"query-input":{"@type":"PropertyValueSpecification","valueRequired":true,"valueName":"search_term_string"}}],"inLanguage":"en-US"},{"@type":"Organization","@id":"https:\/\/granito.ro\/en\/#organization","name":"Granito","url":"https:\/\/granito.ro\/en\/","logo":{"@type":"ImageObject","inLanguage":"en-US","@id":"https:\/\/granito.ro\/en\/#\/schema\/logo\/image\/","url":"https:\/\/granito.ro\/en\/wp-content\/uploads\/2024\/08\/Untitled-1.png","contentUrl":"https:\/\/granito.ro\/en\/wp-content\/uploads\/2024\/08\/Untitled-1.png","width":500,"height":112,"caption":"Granito"},"image":{"@id":"https:\/\/granito.ro\/en\/#\/schema\/logo\/image\/"},"sameAs":["https:\/\/www.facebook.com\/granito.ro","http:\/\/instagram.com\/granito.ro"]}]}},"_links":{"self":[{"href":"https:\/\/granito.ro\/en\/wp-json\/wp\/v2\/product\/3395","targetHints":{"allow":["GET"]}}],"collection":[{"href":"https:\/\/granito.ro\/en\/wp-json\/wp\/v2\/product"}],"about":[{"href":"https:\/\/granito.ro\/en\/wp-json\/wp\/v2\/types\/product"}],"wp:featuredmedia":[{"embeddable":true,"href":"https:\/\/granito.ro\/en\/wp-json\/wp\/v2\/media\/4857"}],"wp:attachment":[{"href":"https:\/\/granito.ro\/en\/wp-json\/wp\/v2\/media?parent=3395"}],"wp:term":[{"taxonomy":"product_brand","embeddable":true,"href":"https:\/\/granito.ro\/en\/wp-json\/wp\/v2\/product_brand?post=3395"},{"taxonomy":"product_cat","embeddable":true,"href":"https:\/\/granito.ro\/en\/wp-json\/wp\/v2\/product_cat?post=3395"},{"taxonomy":"product_tag","embeddable":true,"href":"https:\/\/granito.ro\/en\/wp-json\/wp\/v2\/product_tag?post=3395"}],"curies":[{"name":"wp","href":"https:\/\/api.w.org\/{rel}","templated":true}]}}