
{"id":3370,"date":"2024-07-19T16:19:00","date_gmt":"2024-07-19T16:19:00","guid":{"rendered":"https:\/\/granito.ro\/?post_type=product&#038;p=3370"},"modified":"2025-04-24T19:53:46","modified_gmt":"2025-04-24T19:53:46","slug":"masive-travertin-clasic-vein-cut","status":"publish","type":"product","link":"https:\/\/granito.ro\/en\/product\/masive-travertin-clasic-vein-cut\/","title":{"rendered":"Masive Travertin Clasic Vein Cut"},"content":{"rendered":"<p><span style=\"font-weight: 400;\">Travertinul Clasic, cu nuan\u021be calde de crem \u0219i bej \u0219i vene discrete, aduce elegan\u021b\u0103 at\u00e2t interioarelor c\u00e2t \u0219i exterioarelor. Luminos \u0219i versatil, este ideal pentru a crea spa\u021bii relaxante, de la livinguri rafinate la terase \u00eensorite \u0219i cur\u021bi \u00eembietoare.<\/span><\/p>\n<p><span style=\"font-weight: 400;\">Travertinul Vein Cut se distinge prin t\u0103ieturile sale longitudinale, care eviden\u021biaz\u0103 liniile naturale \u0219i pattern-ul organic al pietrei, pentru un impact estetic puternic.<\/span><\/p>\n<p><b>Piatra natural\u0103 prezint\u0103 varia\u021bii de nuan\u021b\u0103, motiv pentru care imaginile de prezentare au un caracter strict informativ \u0219i pot s\u0103 nu reflecte cu exactitate aspectul real al produsului.<\/b><\/p>\n<p><br style=\"font-weight: 400;\" \/><br style=\"font-weight: 400;\" \/><\/p>\n","protected":false},"excerpt":{"rendered":"<p><span style=\"font-weight: 400;\">De la blocuri impozante pentru proiecte arhitecturale la piese masive pentru sculpturi sau mobilier, fiecare element este un testament al durabilit\u0103\u021bii \u0219i esteticii pietrei naturale.<\/span><\/p>\n<p><span style=\"font-weight: 400;\">Cu un amestec de robuste\u021be \u0219i elegan\u021b\u0103, piesele masive din portofoliul nostru sunt t\u0103iate precis pentru a satisface nevoile complexe ale proiectelor dumneavoastr\u0103 de design interior sau exterior.<\/span><\/p>\n","protected":false},"featured_media":5604,"template":"","meta":{"_eb_attr":""},"product_brand":[],"product_cat":[110],"product_tag":[135],"class_list":{"0":"post-3370","1":"product","2":"type-product","3":"status-publish","4":"has-post-thumbnail","6":"product_cat-masive","7":"product_tag-masive","9":"first","10":"outofstock","11":"shipping-taxable","12":"purchasable","13":"product-type-simple"},"yoast_head":"<!-- This site is optimized with the Yoast SEO plugin v27.4 - https:\/\/yoast.com\/product\/yoast-seo-wordpress\/ -->\n<title>Granito<\/title>\n<meta name=\"robots\" content=\"index, follow, max-snippet:-1, max-image-preview:large, max-video-preview:-1\" \/>\n<link rel=\"canonical\" href=\"https:\/\/granito.ro\/en\/product\/masive-travertin-clasic-vein-cut\/\" \/>\n<meta property=\"og:locale\" content=\"en_US\" \/>\n<meta property=\"og:type\" content=\"article\" \/>\n<meta property=\"og:title\" content=\"Masive Travertin Clasic Vein Cut - Acasa - Granito\" \/>\n<meta property=\"og:description\" content=\"De la blocuri impozante pentru proiecte arhitecturale la piese masive pentru sculpturi sau mobilier, fiecare element este un testament al durabilit\u0103\u021bii \u0219i esteticii pietrei naturale.  Cu un amestec de robuste\u021be \u0219i elegan\u021b\u0103, piesele masive din portofoliul nostru sunt t\u0103iate precis pentru a satisface nevoile complexe ale proiectelor dumneavoastr\u0103 de design interior sau exterior.\" \/>\n<meta property=\"og:url\" content=\"https:\/\/granito.ro\/en\/product\/masive-travertin-clasic-vein-cut\/\" \/>\n<meta property=\"og:site_name\" content=\"Acasa - Granito\" \/>\n<meta property=\"article:publisher\" content=\"https:\/\/www.facebook.com\/granito.ro\" \/>\n<meta property=\"article:modified_time\" content=\"2025-04-24T19:53:46+00:00\" \/>\n<meta property=\"og:image\" content=\"https:\/\/granito.ro\/en\/wp-content\/uploads\/2024\/11\/0000s_0002_MASIVE_TRAVERTIN_CLASIC_VEIN_CUT-768x768.png\" \/>\n\t<meta property=\"og:image:width\" content=\"768\" \/>\n\t<meta property=\"og:image:height\" content=\"768\" \/>\n\t<meta property=\"og:image:type\" content=\"image\/png\" \/>\n<meta name=\"twitter:card\" content=\"summary_large_image\" \/>\n<script type=\"application\/ld+json\" class=\"yoast-schema-graph\">{\"@context\":\"https:\\\/\\\/schema.org\",\"@graph\":[{\"@type\":\"WebPage\",\"@id\":\"https:\\\/\\\/granito.ro\\\/en\\\/product\\\/masive-travertin-clasic-vein-cut\\\/\",\"url\":\"https:\\\/\\\/granito.ro\\\/en\\\/product\\\/masive-travertin-clasic-vein-cut\\\/\",\"name\":\"Masive Travertin Clasic Vein Cut - Acasa - Granito\",\"isPartOf\":{\"@id\":\"https:\\\/\\\/granito.ro\\\/en\\\/#website\"},\"primaryImageOfPage\":{\"@id\":\"https:\\\/\\\/granito.ro\\\/en\\\/product\\\/masive-travertin-clasic-vein-cut\\\/#primaryimage\"},\"image\":{\"@id\":\"https:\\\/\\\/granito.ro\\\/en\\\/product\\\/masive-travertin-clasic-vein-cut\\\/#primaryimage\"},\"thumbnailUrl\":\"https:\\\/\\\/granito.ro\\\/en\\\/wp-content\\\/uploads\\\/2024\\\/11\\\/0000s_0002_MASIVE_TRAVERTIN_CLASIC_VEIN_CUT.png\",\"datePublished\":\"2024-07-19T16:19:00+00:00\",\"dateModified\":\"2025-04-24T19:53:46+00:00\",\"breadcrumb\":{\"@id\":\"https:\\\/\\\/granito.ro\\\/en\\\/product\\\/masive-travertin-clasic-vein-cut\\\/#breadcrumb\"},\"inLanguage\":\"en-US\",\"potentialAction\":[{\"@type\":\"ReadAction\",\"target\":[\"https:\\\/\\\/granito.ro\\\/en\\\/product\\\/masive-travertin-clasic-vein-cut\\\/\"]}]},{\"@type\":\"ImageObject\",\"inLanguage\":\"en-US\",\"@id\":\"https:\\\/\\\/granito.ro\\\/en\\\/product\\\/masive-travertin-clasic-vein-cut\\\/#primaryimage\",\"url\":\"https:\\\/\\\/granito.ro\\\/en\\\/wp-content\\\/uploads\\\/2024\\\/11\\\/0000s_0002_MASIVE_TRAVERTIN_CLASIC_VEIN_CUT.png\",\"contentUrl\":\"https:\\\/\\\/granito.ro\\\/en\\\/wp-content\\\/uploads\\\/2024\\\/11\\\/0000s_0002_MASIVE_TRAVERTIN_CLASIC_VEIN_CUT.png\",\"width\":1920,\"height\":1920},{\"@type\":\"BreadcrumbList\",\"@id\":\"https:\\\/\\\/granito.ro\\\/en\\\/product\\\/masive-travertin-clasic-vein-cut\\\/#breadcrumb\",\"itemListElement\":[{\"@type\":\"ListItem\",\"position\":1,\"name\":\"Prima pagin\u0103\",\"item\":\"https:\\\/\\\/granito.ro\\\/en\\\/\"},{\"@type\":\"ListItem\",\"position\":2,\"name\":\"Materiale\",\"item\":\"https:\\\/\\\/granito.ro\\\/en\\\/materiale\\\/\"},{\"@type\":\"ListItem\",\"position\":3,\"name\":\"Masive Travertin Clasic Vein Cut\"}]},{\"@type\":\"WebSite\",\"@id\":\"https:\\\/\\\/granito.ro\\\/en\\\/#website\",\"url\":\"https:\\\/\\\/granito.ro\\\/en\\\/\",\"name\":\"Granito\",\"description\":\"\",\"publisher\":{\"@id\":\"https:\\\/\\\/granito.ro\\\/en\\\/#organization\"},\"potentialAction\":[{\"@type\":\"SearchAction\",\"target\":{\"@type\":\"EntryPoint\",\"urlTemplate\":\"https:\\\/\\\/granito.ro\\\/en\\\/?s={search_term_string}\"},\"query-input\":{\"@type\":\"PropertyValueSpecification\",\"valueRequired\":true,\"valueName\":\"search_term_string\"}}],\"inLanguage\":\"en-US\"},{\"@type\":\"Organization\",\"@id\":\"https:\\\/\\\/granito.ro\\\/en\\\/#organization\",\"name\":\"Granito\",\"url\":\"https:\\\/\\\/granito.ro\\\/en\\\/\",\"logo\":{\"@type\":\"ImageObject\",\"inLanguage\":\"en-US\",\"@id\":\"https:\\\/\\\/granito.ro\\\/en\\\/#\\\/schema\\\/logo\\\/image\\\/\",\"url\":\"https:\\\/\\\/granito.ro\\\/en\\\/wp-content\\\/uploads\\\/2024\\\/08\\\/Untitled-1.png\",\"contentUrl\":\"https:\\\/\\\/granito.ro\\\/en\\\/wp-content\\\/uploads\\\/2024\\\/08\\\/Untitled-1.png\",\"width\":500,\"height\":112,\"caption\":\"Granito\"},\"image\":{\"@id\":\"https:\\\/\\\/granito.ro\\\/en\\\/#\\\/schema\\\/logo\\\/image\\\/\"},\"sameAs\":[\"https:\\\/\\\/www.facebook.com\\\/granito.ro\",\"http:\\\/\\\/instagram.com\\\/granito.ro\"]}]}<\/script>\n<!-- \/ Yoast SEO plugin. -->","yoast_head_json":{"title":"Granito","robots":{"index":"index","follow":"follow","max-snippet":"max-snippet:-1","max-image-preview":"max-image-preview:large","max-video-preview":"max-video-preview:-1"},"canonical":"https:\/\/granito.ro\/en\/product\/masive-travertin-clasic-vein-cut\/","og_locale":"en_US","og_type":"article","og_title":"Masive Travertin Clasic Vein Cut - Acasa - Granito","og_description":"De la blocuri impozante pentru proiecte arhitecturale la piese masive pentru sculpturi sau mobilier, fiecare element este un testament al durabilit\u0103\u021bii \u0219i esteticii pietrei naturale.  Cu un amestec de robuste\u021be \u0219i elegan\u021b\u0103, piesele masive din portofoliul nostru sunt t\u0103iate precis pentru a satisface nevoile complexe ale proiectelor dumneavoastr\u0103 de design interior sau exterior.","og_url":"https:\/\/granito.ro\/en\/product\/masive-travertin-clasic-vein-cut\/","og_site_name":"Acasa - Granito","article_publisher":"https:\/\/www.facebook.com\/granito.ro","article_modified_time":"2025-04-24T19:53:46+00:00","og_image":[{"width":768,"height":768,"url":"https:\/\/granito.ro\/en\/wp-content\/uploads\/2024\/11\/0000s_0002_MASIVE_TRAVERTIN_CLASIC_VEIN_CUT-768x768.png","type":"image\/png"}],"twitter_card":"summary_large_image","schema":{"@context":"https:\/\/schema.org","@graph":[{"@type":"WebPage","@id":"https:\/\/granito.ro\/en\/product\/masive-travertin-clasic-vein-cut\/","url":"https:\/\/granito.ro\/en\/product\/masive-travertin-clasic-vein-cut\/","name":"Masive Travertin Clasic Vein Cut - Acasa - Granito","isPartOf":{"@id":"https:\/\/granito.ro\/en\/#website"},"primaryImageOfPage":{"@id":"https:\/\/granito.ro\/en\/product\/masive-travertin-clasic-vein-cut\/#primaryimage"},"image":{"@id":"https:\/\/granito.ro\/en\/product\/masive-travertin-clasic-vein-cut\/#primaryimage"},"thumbnailUrl":"https:\/\/granito.ro\/en\/wp-content\/uploads\/2024\/11\/0000s_0002_MASIVE_TRAVERTIN_CLASIC_VEIN_CUT.png","datePublished":"2024-07-19T16:19:00+00:00","dateModified":"2025-04-24T19:53:46+00:00","breadcrumb":{"@id":"https:\/\/granito.ro\/en\/product\/masive-travertin-clasic-vein-cut\/#breadcrumb"},"inLanguage":"en-US","potentialAction":[{"@type":"ReadAction","target":["https:\/\/granito.ro\/en\/product\/masive-travertin-clasic-vein-cut\/"]}]},{"@type":"ImageObject","inLanguage":"en-US","@id":"https:\/\/granito.ro\/en\/product\/masive-travertin-clasic-vein-cut\/#primaryimage","url":"https:\/\/granito.ro\/en\/wp-content\/uploads\/2024\/11\/0000s_0002_MASIVE_TRAVERTIN_CLASIC_VEIN_CUT.png","contentUrl":"https:\/\/granito.ro\/en\/wp-content\/uploads\/2024\/11\/0000s_0002_MASIVE_TRAVERTIN_CLASIC_VEIN_CUT.png","width":1920,"height":1920},{"@type":"BreadcrumbList","@id":"https:\/\/granito.ro\/en\/product\/masive-travertin-clasic-vein-cut\/#breadcrumb","itemListElement":[{"@type":"ListItem","position":1,"name":"Prima pagin\u0103","item":"https:\/\/granito.ro\/en\/"},{"@type":"ListItem","position":2,"name":"Materiale","item":"https:\/\/granito.ro\/en\/materiale\/"},{"@type":"ListItem","position":3,"name":"Masive Travertin Clasic Vein Cut"}]},{"@type":"WebSite","@id":"https:\/\/granito.ro\/en\/#website","url":"https:\/\/granito.ro\/en\/","name":"Granito","description":"","publisher":{"@id":"https:\/\/granito.ro\/en\/#organization"},"potentialAction":[{"@type":"SearchAction","target":{"@type":"EntryPoint","urlTemplate":"https:\/\/granito.ro\/en\/?s={search_term_string}"},"query-input":{"@type":"PropertyValueSpecification","valueRequired":true,"valueName":"search_term_string"}}],"inLanguage":"en-US"},{"@type":"Organization","@id":"https:\/\/granito.ro\/en\/#organization","name":"Granito","url":"https:\/\/granito.ro\/en\/","logo":{"@type":"ImageObject","inLanguage":"en-US","@id":"https:\/\/granito.ro\/en\/#\/schema\/logo\/image\/","url":"https:\/\/granito.ro\/en\/wp-content\/uploads\/2024\/08\/Untitled-1.png","contentUrl":"https:\/\/granito.ro\/en\/wp-content\/uploads\/2024\/08\/Untitled-1.png","width":500,"height":112,"caption":"Granito"},"image":{"@id":"https:\/\/granito.ro\/en\/#\/schema\/logo\/image\/"},"sameAs":["https:\/\/www.facebook.com\/granito.ro","http:\/\/instagram.com\/granito.ro"]}]}},"_links":{"self":[{"href":"https:\/\/granito.ro\/en\/wp-json\/wp\/v2\/product\/3370","targetHints":{"allow":["GET"]}}],"collection":[{"href":"https:\/\/granito.ro\/en\/wp-json\/wp\/v2\/product"}],"about":[{"href":"https:\/\/granito.ro\/en\/wp-json\/wp\/v2\/types\/product"}],"wp:featuredmedia":[{"embeddable":true,"href":"https:\/\/granito.ro\/en\/wp-json\/wp\/v2\/media\/5604"}],"wp:attachment":[{"href":"https:\/\/granito.ro\/en\/wp-json\/wp\/v2\/media?parent=3370"}],"wp:term":[{"taxonomy":"product_brand","embeddable":true,"href":"https:\/\/granito.ro\/en\/wp-json\/wp\/v2\/product_brand?post=3370"},{"taxonomy":"product_cat","embeddable":true,"href":"https:\/\/granito.ro\/en\/wp-json\/wp\/v2\/product_cat?post=3370"},{"taxonomy":"product_tag","embeddable":true,"href":"https:\/\/granito.ro\/en\/wp-json\/wp\/v2\/product_tag?post=3370"}],"curies":[{"name":"wp","href":"https:\/\/api.w.org\/{rel}","templated":true}]}}