
{"id":3320,"date":"2024-07-17T17:33:41","date_gmt":"2024-07-17T17:33:41","guid":{"rendered":"https:\/\/granito.ro\/?post_type=product&#038;p=3320"},"modified":"2025-04-23T12:26:24","modified_gmt":"2025-04-23T12:26:24","slug":"piatra-cubica","status":"publish","type":"product","link":"https:\/\/granito.ro\/en\/product\/piatra-cubica\/","title":{"rendered":"Piatr\u0103 Cubic\u0103"},"content":{"rendered":"<p>Fiecare pies\u0103 este proiectat\u0103 s\u0103 \u00eembine func\u021bionalitatea practic\u0103 cu un aspect vizual care \u00eembog\u0103\u021be\u0219te orice spa\u021biu. Disponibil\u0103 \u00eentr-o selec\u021bie variat\u0103 de materiale naturale, piatra cubic\u0103 este alegerea perfect\u0103 pentru a transforma orice loc \u00eentr-un exemplu de durabilitate \u0219i stil.<\/p>\n<p>Andezitul impresioneaz\u0103 prin robuste\u021be \u0219i rezisten\u021b\u0103, perfect pentru spa\u021bii expuse. Travertinul, cu textura sa unic\u0103, ofer\u0103 un farmec clasic \u0219i atemporal, \u00een timp ce calcarul aduce o not\u0103 cald\u0103 \u0219i organic\u0103. Marmura, cu elegan\u021ba sa distinct\u0103, transform\u0103 fiecare suprafa\u021b\u0103 \u00eentr-un punct de atrac\u021bie remarcabil.<\/p>\n<p><b>Piatra natural\u0103 prezint\u0103 varia\u021bii de nuan\u021b\u0103, motiv pentru care imaginile de prezentare au un caracter strict informativ \u0219i pot s\u0103 nu reflecte cu exactitate aspectul real al produsului.<\/b><\/p>\n","protected":false},"excerpt":{"rendered":"<p>Piatra cubic\u0103, apreciat\u0103 pentru durabilitatea sa excep\u021bional\u0103 \u0219i rezisten\u021ba la condi\u021bii climatice extreme, este solu\u021bia ideal\u0103 pentru pavarea spa\u021biilor exterioare. Cu dimensiuni precise \u0219i o estetic\u0103 robust\u0103, aceasta adaug\u0103 un plus de caracter \u0219i elegan\u021b\u0103 proiectelor de amenajare.<\/p>\n<p>Piatra cubic\u0103 aduce un echilibru perfect \u00eentre func\u021bionalitate \u0219i estetic\u0103, adapt\u00e2ndu-se cu u\u0219urin\u021b\u0103 la diverse tipuri de proiecte. Indiferent de dimensiuni sau stil, aceasta transform\u0103 orice spa\u021biu exterior \u00eentr-o combina\u021bie de durabilitate \u0219i design atemporal.<\/p>\n<p>&nbsp;<\/p>\n","protected":false},"featured_media":7476,"template":"","meta":{"_eb_attr":""},"product_brand":[],"product_cat":[105],"product_tag":[130,201,202],"class_list":{"0":"post-3320","1":"product","2":"type-product","3":"status-publish","4":"has-post-thumbnail","6":"product_cat-piatra-cubica","7":"product_tag-piatra-cubica","8":"product_tag-piatra_cubica_related","9":"product_tag-piatra_tulumbata_related","11":"first","12":"outofstock","13":"shipping-taxable","14":"purchasable","15":"product-type-simple"},"yoast_head":"<!-- This site is optimized with the Yoast SEO plugin v27.4 - https:\/\/yoast.com\/product\/yoast-seo-wordpress\/ -->\n<title>Granito<\/title>\n<meta name=\"robots\" content=\"index, follow, max-snippet:-1, max-image-preview:large, max-video-preview:-1\" \/>\n<link rel=\"canonical\" href=\"https:\/\/granito.ro\/en\/product\/piatra-cubica\/\" \/>\n<meta property=\"og:locale\" content=\"en_US\" \/>\n<meta property=\"og:type\" content=\"article\" \/>\n<meta property=\"og:title\" content=\"Piatr\u0103 Cubic\u0103 - Acasa - Granito\" \/>\n<meta property=\"og:description\" content=\"Piatra cubic\u0103, apreciat\u0103 pentru durabilitatea sa excep\u021bional\u0103 \u0219i rezisten\u021ba la condi\u021bii climatice extreme, este solu\u021bia ideal\u0103 pentru pavarea spa\u021biilor exterioare. Cu dimensiuni precise \u0219i o estetic\u0103 robust\u0103, aceasta adaug\u0103 un plus de caracter \u0219i elegan\u021b\u0103 proiectelor de amenajare.  Piatra cubic\u0103 aduce un echilibru perfect \u00eentre func\u021bionalitate \u0219i estetic\u0103, adapt\u00e2ndu-se cu u\u0219urin\u021b\u0103 la diverse tipuri de proiecte. Indiferent de dimensiuni sau stil, aceasta transform\u0103 orice spa\u021biu exterior \u00eentr-o combina\u021bie de durabilitate \u0219i design atemporal.  &nbsp;\" \/>\n<meta property=\"og:url\" content=\"https:\/\/granito.ro\/en\/product\/piatra-cubica\/\" \/>\n<meta property=\"og:site_name\" content=\"Acasa - Granito\" \/>\n<meta property=\"article:publisher\" content=\"https:\/\/www.facebook.com\/granito.ro\" \/>\n<meta property=\"article:modified_time\" content=\"2025-04-23T12:26:24+00:00\" \/>\n<meta property=\"og:image\" content=\"https:\/\/granito.ro\/en\/wp-content\/uploads\/2025\/04\/PIATRA-CUBICA-8.png\" \/>\n\t<meta property=\"og:image:width\" content=\"1080\" \/>\n\t<meta property=\"og:image:height\" content=\"1080\" \/>\n\t<meta property=\"og:image:type\" content=\"image\/png\" \/>\n<meta name=\"twitter:card\" content=\"summary_large_image\" \/>\n<meta name=\"twitter:label1\" content=\"Est. reading time\" \/>\n\t<meta name=\"twitter:data1\" content=\"1 minute\" \/>\n<script type=\"application\/ld+json\" class=\"yoast-schema-graph\">{\"@context\":\"https:\\\/\\\/schema.org\",\"@graph\":[{\"@type\":\"WebPage\",\"@id\":\"https:\\\/\\\/granito.ro\\\/en\\\/product\\\/piatra-cubica\\\/\",\"url\":\"https:\\\/\\\/granito.ro\\\/en\\\/product\\\/piatra-cubica\\\/\",\"name\":\"Piatr\u0103 Cubic\u0103 - Acasa - Granito\",\"isPartOf\":{\"@id\":\"https:\\\/\\\/granito.ro\\\/en\\\/#website\"},\"primaryImageOfPage\":{\"@id\":\"https:\\\/\\\/granito.ro\\\/en\\\/product\\\/piatra-cubica\\\/#primaryimage\"},\"image\":{\"@id\":\"https:\\\/\\\/granito.ro\\\/en\\\/product\\\/piatra-cubica\\\/#primaryimage\"},\"thumbnailUrl\":\"https:\\\/\\\/granito.ro\\\/en\\\/wp-content\\\/uploads\\\/2025\\\/04\\\/PIATRA-CUBICA-8.png\",\"datePublished\":\"2024-07-17T17:33:41+00:00\",\"dateModified\":\"2025-04-23T12:26:24+00:00\",\"breadcrumb\":{\"@id\":\"https:\\\/\\\/granito.ro\\\/en\\\/product\\\/piatra-cubica\\\/#breadcrumb\"},\"inLanguage\":\"en-US\",\"potentialAction\":[{\"@type\":\"ReadAction\",\"target\":[\"https:\\\/\\\/granito.ro\\\/en\\\/product\\\/piatra-cubica\\\/\"]}]},{\"@type\":\"ImageObject\",\"inLanguage\":\"en-US\",\"@id\":\"https:\\\/\\\/granito.ro\\\/en\\\/product\\\/piatra-cubica\\\/#primaryimage\",\"url\":\"https:\\\/\\\/granito.ro\\\/en\\\/wp-content\\\/uploads\\\/2025\\\/04\\\/PIATRA-CUBICA-8.png\",\"contentUrl\":\"https:\\\/\\\/granito.ro\\\/en\\\/wp-content\\\/uploads\\\/2025\\\/04\\\/PIATRA-CUBICA-8.png\",\"width\":1080,\"height\":1080},{\"@type\":\"BreadcrumbList\",\"@id\":\"https:\\\/\\\/granito.ro\\\/en\\\/product\\\/piatra-cubica\\\/#breadcrumb\",\"itemListElement\":[{\"@type\":\"ListItem\",\"position\":1,\"name\":\"Prima pagin\u0103\",\"item\":\"https:\\\/\\\/granito.ro\\\/en\\\/\"},{\"@type\":\"ListItem\",\"position\":2,\"name\":\"Materiale\",\"item\":\"https:\\\/\\\/granito.ro\\\/en\\\/materiale\\\/\"},{\"@type\":\"ListItem\",\"position\":3,\"name\":\"Piatr\u0103 Cubic\u0103\"}]},{\"@type\":\"WebSite\",\"@id\":\"https:\\\/\\\/granito.ro\\\/en\\\/#website\",\"url\":\"https:\\\/\\\/granito.ro\\\/en\\\/\",\"name\":\"Granito\",\"description\":\"\",\"publisher\":{\"@id\":\"https:\\\/\\\/granito.ro\\\/en\\\/#organization\"},\"potentialAction\":[{\"@type\":\"SearchAction\",\"target\":{\"@type\":\"EntryPoint\",\"urlTemplate\":\"https:\\\/\\\/granito.ro\\\/en\\\/?s={search_term_string}\"},\"query-input\":{\"@type\":\"PropertyValueSpecification\",\"valueRequired\":true,\"valueName\":\"search_term_string\"}}],\"inLanguage\":\"en-US\"},{\"@type\":\"Organization\",\"@id\":\"https:\\\/\\\/granito.ro\\\/en\\\/#organization\",\"name\":\"Granito\",\"url\":\"https:\\\/\\\/granito.ro\\\/en\\\/\",\"logo\":{\"@type\":\"ImageObject\",\"inLanguage\":\"en-US\",\"@id\":\"https:\\\/\\\/granito.ro\\\/en\\\/#\\\/schema\\\/logo\\\/image\\\/\",\"url\":\"https:\\\/\\\/granito.ro\\\/en\\\/wp-content\\\/uploads\\\/2024\\\/08\\\/Untitled-1.png\",\"contentUrl\":\"https:\\\/\\\/granito.ro\\\/en\\\/wp-content\\\/uploads\\\/2024\\\/08\\\/Untitled-1.png\",\"width\":500,\"height\":112,\"caption\":\"Granito\"},\"image\":{\"@id\":\"https:\\\/\\\/granito.ro\\\/en\\\/#\\\/schema\\\/logo\\\/image\\\/\"},\"sameAs\":[\"https:\\\/\\\/www.facebook.com\\\/granito.ro\",\"http:\\\/\\\/instagram.com\\\/granito.ro\"]}]}<\/script>\n<!-- \/ Yoast SEO plugin. -->","yoast_head_json":{"title":"Granito","robots":{"index":"index","follow":"follow","max-snippet":"max-snippet:-1","max-image-preview":"max-image-preview:large","max-video-preview":"max-video-preview:-1"},"canonical":"https:\/\/granito.ro\/en\/product\/piatra-cubica\/","og_locale":"en_US","og_type":"article","og_title":"Piatr\u0103 Cubic\u0103 - Acasa - Granito","og_description":"Piatra cubic\u0103, apreciat\u0103 pentru durabilitatea sa excep\u021bional\u0103 \u0219i rezisten\u021ba la condi\u021bii climatice extreme, este solu\u021bia ideal\u0103 pentru pavarea spa\u021biilor exterioare. Cu dimensiuni precise \u0219i o estetic\u0103 robust\u0103, aceasta adaug\u0103 un plus de caracter \u0219i elegan\u021b\u0103 proiectelor de amenajare.  Piatra cubic\u0103 aduce un echilibru perfect \u00eentre func\u021bionalitate \u0219i estetic\u0103, adapt\u00e2ndu-se cu u\u0219urin\u021b\u0103 la diverse tipuri de proiecte. Indiferent de dimensiuni sau stil, aceasta transform\u0103 orice spa\u021biu exterior \u00eentr-o combina\u021bie de durabilitate \u0219i design atemporal.  &nbsp;","og_url":"https:\/\/granito.ro\/en\/product\/piatra-cubica\/","og_site_name":"Acasa - Granito","article_publisher":"https:\/\/www.facebook.com\/granito.ro","article_modified_time":"2025-04-23T12:26:24+00:00","og_image":[{"width":1080,"height":1080,"url":"https:\/\/granito.ro\/en\/wp-content\/uploads\/2025\/04\/PIATRA-CUBICA-8.png","type":"image\/png"}],"twitter_card":"summary_large_image","twitter_misc":{"Est. reading time":"1 minute"},"schema":{"@context":"https:\/\/schema.org","@graph":[{"@type":"WebPage","@id":"https:\/\/granito.ro\/en\/product\/piatra-cubica\/","url":"https:\/\/granito.ro\/en\/product\/piatra-cubica\/","name":"Piatr\u0103 Cubic\u0103 - Acasa - Granito","isPartOf":{"@id":"https:\/\/granito.ro\/en\/#website"},"primaryImageOfPage":{"@id":"https:\/\/granito.ro\/en\/product\/piatra-cubica\/#primaryimage"},"image":{"@id":"https:\/\/granito.ro\/en\/product\/piatra-cubica\/#primaryimage"},"thumbnailUrl":"https:\/\/granito.ro\/en\/wp-content\/uploads\/2025\/04\/PIATRA-CUBICA-8.png","datePublished":"2024-07-17T17:33:41+00:00","dateModified":"2025-04-23T12:26:24+00:00","breadcrumb":{"@id":"https:\/\/granito.ro\/en\/product\/piatra-cubica\/#breadcrumb"},"inLanguage":"en-US","potentialAction":[{"@type":"ReadAction","target":["https:\/\/granito.ro\/en\/product\/piatra-cubica\/"]}]},{"@type":"ImageObject","inLanguage":"en-US","@id":"https:\/\/granito.ro\/en\/product\/piatra-cubica\/#primaryimage","url":"https:\/\/granito.ro\/en\/wp-content\/uploads\/2025\/04\/PIATRA-CUBICA-8.png","contentUrl":"https:\/\/granito.ro\/en\/wp-content\/uploads\/2025\/04\/PIATRA-CUBICA-8.png","width":1080,"height":1080},{"@type":"BreadcrumbList","@id":"https:\/\/granito.ro\/en\/product\/piatra-cubica\/#breadcrumb","itemListElement":[{"@type":"ListItem","position":1,"name":"Prima pagin\u0103","item":"https:\/\/granito.ro\/en\/"},{"@type":"ListItem","position":2,"name":"Materiale","item":"https:\/\/granito.ro\/en\/materiale\/"},{"@type":"ListItem","position":3,"name":"Piatr\u0103 Cubic\u0103"}]},{"@type":"WebSite","@id":"https:\/\/granito.ro\/en\/#website","url":"https:\/\/granito.ro\/en\/","name":"Granito","description":"","publisher":{"@id":"https:\/\/granito.ro\/en\/#organization"},"potentialAction":[{"@type":"SearchAction","target":{"@type":"EntryPoint","urlTemplate":"https:\/\/granito.ro\/en\/?s={search_term_string}"},"query-input":{"@type":"PropertyValueSpecification","valueRequired":true,"valueName":"search_term_string"}}],"inLanguage":"en-US"},{"@type":"Organization","@id":"https:\/\/granito.ro\/en\/#organization","name":"Granito","url":"https:\/\/granito.ro\/en\/","logo":{"@type":"ImageObject","inLanguage":"en-US","@id":"https:\/\/granito.ro\/en\/#\/schema\/logo\/image\/","url":"https:\/\/granito.ro\/en\/wp-content\/uploads\/2024\/08\/Untitled-1.png","contentUrl":"https:\/\/granito.ro\/en\/wp-content\/uploads\/2024\/08\/Untitled-1.png","width":500,"height":112,"caption":"Granito"},"image":{"@id":"https:\/\/granito.ro\/en\/#\/schema\/logo\/image\/"},"sameAs":["https:\/\/www.facebook.com\/granito.ro","http:\/\/instagram.com\/granito.ro"]}]}},"_links":{"self":[{"href":"https:\/\/granito.ro\/en\/wp-json\/wp\/v2\/product\/3320","targetHints":{"allow":["GET"]}}],"collection":[{"href":"https:\/\/granito.ro\/en\/wp-json\/wp\/v2\/product"}],"about":[{"href":"https:\/\/granito.ro\/en\/wp-json\/wp\/v2\/types\/product"}],"wp:featuredmedia":[{"embeddable":true,"href":"https:\/\/granito.ro\/en\/wp-json\/wp\/v2\/media\/7476"}],"wp:attachment":[{"href":"https:\/\/granito.ro\/en\/wp-json\/wp\/v2\/media?parent=3320"}],"wp:term":[{"taxonomy":"product_brand","embeddable":true,"href":"https:\/\/granito.ro\/en\/wp-json\/wp\/v2\/product_brand?post=3320"},{"taxonomy":"product_cat","embeddable":true,"href":"https:\/\/granito.ro\/en\/wp-json\/wp\/v2\/product_cat?post=3320"},{"taxonomy":"product_tag","embeddable":true,"href":"https:\/\/granito.ro\/en\/wp-json\/wp\/v2\/product_tag?post=3320"}],"curies":[{"name":"wp","href":"https:\/\/api.w.org\/{rel}","templated":true}]}}