
{"id":3314,"date":"2024-07-17T17:08:26","date_gmt":"2024-07-17T17:08:26","guid":{"rendered":"https:\/\/granito.ro\/?post_type=product&#038;p=3314"},"modified":"2025-04-24T20:35:18","modified_gmt":"2025-04-24T20:35:18","slug":"scapitat-calcar-vratsa","status":"publish","type":"product","link":"https:\/\/granito.ro\/en\/product\/scapitat-calcar-vratsa\/","title":{"rendered":"\u0218capi\u021bat Calcar Vratsa"},"content":{"rendered":"<p>Calcarul Vratsa este apreciat pentru textura sa fin\u0103 \u0219i tonurile calde de bej, adesea pres\u0103rate cu fosile delicate, care \u00eei confer\u0103 un aspect unic \u0219i organic.<\/p>\n<p>Aceast\u0103 piatr\u0103 natural\u0103, originar\u0103 din Bulgaria, este renumit\u0103 pentru durabilitatea \u0219i adaptabilitatea sa \u00een diverse aplica\u021bii arhitecturale, de la fa\u021bade exterioare la finisaje interioare elegante. Este alegerea ideal\u0103 pentru proiecte care cer un material natural cu estetic\u0103 atemporal\u0103 \u0219i o prezen\u021b\u0103 sofisticat\u0103.<\/p>\n<p><b>Piatra natural\u0103 prezint\u0103 varia\u021bii de nuan\u021b\u0103, motiv pentru care imaginile de prezentare au un caracter strict informativ \u0219i pot s\u0103 nu reflecte cu exactitate aspectul real al produsului.<\/b><\/p>\n<p><br style=\"font-weight: 400;\" \/><br style=\"font-weight: 400;\" \/><\/p>\n","protected":false},"excerpt":{"rendered":"<p><span style=\"font-weight: 400;\">Pl\u0103cile \u0219capi\u021bate, caracterizate prin finisajul lor stratificat \u0219i estetic, aduc o dimensiune organic\u0103 \u0219i o prezen\u021b\u0103 puternic\u0103 \u00een orice proiect de design.<\/span><\/p>\n<p><span style=\"font-weight: 400;\">Nuan\u021bele variate ale \u0219capi\u021batului \u00eembog\u0103\u021besc spa\u021biile cu o estetic\u0103 rafinat\u0103, aduc\u00e2nd un suflu de natur\u0103 \u00een orice design interior sau exterior.<\/span><\/p>\n<p><br style=\"font-weight: 400;\" \/><br style=\"font-weight: 400;\" \/><\/p>\n","protected":false},"featured_media":7501,"template":"","meta":{"_eb_attr":""},"product_brand":[],"product_cat":[219],"product_tag":[128],"class_list":{"0":"post-3314","1":"product","2":"type-product","3":"status-publish","4":"has-post-thumbnail","6":"product_cat-piatra-decorativa","7":"product_tag-scapitat","9":"first","10":"outofstock","11":"shipping-taxable","12":"purchasable","13":"product-type-simple"},"yoast_head":"<!-- This site is optimized with the Yoast SEO plugin v27.4 - https:\/\/yoast.com\/product\/yoast-seo-wordpress\/ -->\n<title>Granito<\/title>\n<meta name=\"robots\" content=\"index, follow, max-snippet:-1, max-image-preview:large, max-video-preview:-1\" \/>\n<link rel=\"canonical\" href=\"https:\/\/granito.ro\/en\/product\/scapitat-calcar-vratsa\/\" \/>\n<meta property=\"og:locale\" content=\"en_US\" \/>\n<meta property=\"og:type\" content=\"article\" \/>\n<meta property=\"og:title\" content=\"\u0218capi\u021bat Calcar Vratsa - Acasa - Granito\" \/>\n<meta property=\"og:description\" content=\"Pl\u0103cile \u0219capi\u021bate, caracterizate prin finisajul lor stratificat \u0219i estetic, aduc o dimensiune organic\u0103 \u0219i o prezen\u021b\u0103 puternic\u0103 \u00een orice proiect de design.  Nuan\u021bele variate ale \u0219capi\u021batului \u00eembog\u0103\u021besc spa\u021biile cu o estetic\u0103 rafinat\u0103, aduc\u00e2nd un suflu de natur\u0103 \u00een orice design interior sau exterior.\" \/>\n<meta property=\"og:url\" content=\"https:\/\/granito.ro\/en\/product\/scapitat-calcar-vratsa\/\" \/>\n<meta property=\"og:site_name\" content=\"Acasa - Granito\" \/>\n<meta property=\"article:publisher\" content=\"https:\/\/www.facebook.com\/granito.ro\" \/>\n<meta property=\"article:modified_time\" content=\"2025-04-24T20:35:18+00:00\" \/>\n<meta property=\"og:image\" content=\"https:\/\/granito.ro\/en\/wp-content\/uploads\/2025\/04\/SCAPITAT_CALCAR_VRATSA_3-768x768.png\" \/>\n\t<meta property=\"og:image:width\" content=\"768\" \/>\n\t<meta property=\"og:image:height\" content=\"768\" \/>\n\t<meta property=\"og:image:type\" content=\"image\/png\" \/>\n<meta name=\"twitter:card\" content=\"summary_large_image\" \/>\n<meta name=\"twitter:label1\" content=\"Est. reading time\" \/>\n\t<meta name=\"twitter:data1\" content=\"1 minute\" \/>\n<script type=\"application\/ld+json\" class=\"yoast-schema-graph\">{\"@context\":\"https:\\\/\\\/schema.org\",\"@graph\":[{\"@type\":\"WebPage\",\"@id\":\"https:\\\/\\\/granito.ro\\\/en\\\/product\\\/scapitat-calcar-vratsa\\\/\",\"url\":\"https:\\\/\\\/granito.ro\\\/en\\\/product\\\/scapitat-calcar-vratsa\\\/\",\"name\":\"\u0218capi\u021bat Calcar Vratsa - Acasa - Granito\",\"isPartOf\":{\"@id\":\"https:\\\/\\\/granito.ro\\\/en\\\/#website\"},\"primaryImageOfPage\":{\"@id\":\"https:\\\/\\\/granito.ro\\\/en\\\/product\\\/scapitat-calcar-vratsa\\\/#primaryimage\"},\"image\":{\"@id\":\"https:\\\/\\\/granito.ro\\\/en\\\/product\\\/scapitat-calcar-vratsa\\\/#primaryimage\"},\"thumbnailUrl\":\"https:\\\/\\\/granito.ro\\\/en\\\/wp-content\\\/uploads\\\/2025\\\/04\\\/SCAPITAT_CALCAR_VRATSA_3.png\",\"datePublished\":\"2024-07-17T17:08:26+00:00\",\"dateModified\":\"2025-04-24T20:35:18+00:00\",\"breadcrumb\":{\"@id\":\"https:\\\/\\\/granito.ro\\\/en\\\/product\\\/scapitat-calcar-vratsa\\\/#breadcrumb\"},\"inLanguage\":\"en-US\",\"potentialAction\":[{\"@type\":\"ReadAction\",\"target\":[\"https:\\\/\\\/granito.ro\\\/en\\\/product\\\/scapitat-calcar-vratsa\\\/\"]}]},{\"@type\":\"ImageObject\",\"inLanguage\":\"en-US\",\"@id\":\"https:\\\/\\\/granito.ro\\\/en\\\/product\\\/scapitat-calcar-vratsa\\\/#primaryimage\",\"url\":\"https:\\\/\\\/granito.ro\\\/en\\\/wp-content\\\/uploads\\\/2025\\\/04\\\/SCAPITAT_CALCAR_VRATSA_3.png\",\"contentUrl\":\"https:\\\/\\\/granito.ro\\\/en\\\/wp-content\\\/uploads\\\/2025\\\/04\\\/SCAPITAT_CALCAR_VRATSA_3.png\",\"width\":2480,\"height\":2480},{\"@type\":\"BreadcrumbList\",\"@id\":\"https:\\\/\\\/granito.ro\\\/en\\\/product\\\/scapitat-calcar-vratsa\\\/#breadcrumb\",\"itemListElement\":[{\"@type\":\"ListItem\",\"position\":1,\"name\":\"Prima pagin\u0103\",\"item\":\"https:\\\/\\\/granito.ro\\\/en\\\/\"},{\"@type\":\"ListItem\",\"position\":2,\"name\":\"Materiale\",\"item\":\"https:\\\/\\\/granito.ro\\\/en\\\/materiale\\\/\"},{\"@type\":\"ListItem\",\"position\":3,\"name\":\"\u0218capi\u021bat Calcar Vratsa\"}]},{\"@type\":\"WebSite\",\"@id\":\"https:\\\/\\\/granito.ro\\\/en\\\/#website\",\"url\":\"https:\\\/\\\/granito.ro\\\/en\\\/\",\"name\":\"Granito\",\"description\":\"\",\"publisher\":{\"@id\":\"https:\\\/\\\/granito.ro\\\/en\\\/#organization\"},\"potentialAction\":[{\"@type\":\"SearchAction\",\"target\":{\"@type\":\"EntryPoint\",\"urlTemplate\":\"https:\\\/\\\/granito.ro\\\/en\\\/?s={search_term_string}\"},\"query-input\":{\"@type\":\"PropertyValueSpecification\",\"valueRequired\":true,\"valueName\":\"search_term_string\"}}],\"inLanguage\":\"en-US\"},{\"@type\":\"Organization\",\"@id\":\"https:\\\/\\\/granito.ro\\\/en\\\/#organization\",\"name\":\"Granito\",\"url\":\"https:\\\/\\\/granito.ro\\\/en\\\/\",\"logo\":{\"@type\":\"ImageObject\",\"inLanguage\":\"en-US\",\"@id\":\"https:\\\/\\\/granito.ro\\\/en\\\/#\\\/schema\\\/logo\\\/image\\\/\",\"url\":\"https:\\\/\\\/granito.ro\\\/en\\\/wp-content\\\/uploads\\\/2024\\\/08\\\/Untitled-1.png\",\"contentUrl\":\"https:\\\/\\\/granito.ro\\\/en\\\/wp-content\\\/uploads\\\/2024\\\/08\\\/Untitled-1.png\",\"width\":500,\"height\":112,\"caption\":\"Granito\"},\"image\":{\"@id\":\"https:\\\/\\\/granito.ro\\\/en\\\/#\\\/schema\\\/logo\\\/image\\\/\"},\"sameAs\":[\"https:\\\/\\\/www.facebook.com\\\/granito.ro\",\"http:\\\/\\\/instagram.com\\\/granito.ro\"]}]}<\/script>\n<!-- \/ Yoast SEO plugin. -->","yoast_head_json":{"title":"Granito","robots":{"index":"index","follow":"follow","max-snippet":"max-snippet:-1","max-image-preview":"max-image-preview:large","max-video-preview":"max-video-preview:-1"},"canonical":"https:\/\/granito.ro\/en\/product\/scapitat-calcar-vratsa\/","og_locale":"en_US","og_type":"article","og_title":"\u0218capi\u021bat Calcar Vratsa - Acasa - Granito","og_description":"Pl\u0103cile \u0219capi\u021bate, caracterizate prin finisajul lor stratificat \u0219i estetic, aduc o dimensiune organic\u0103 \u0219i o prezen\u021b\u0103 puternic\u0103 \u00een orice proiect de design.  Nuan\u021bele variate ale \u0219capi\u021batului \u00eembog\u0103\u021besc spa\u021biile cu o estetic\u0103 rafinat\u0103, aduc\u00e2nd un suflu de natur\u0103 \u00een orice design interior sau exterior.","og_url":"https:\/\/granito.ro\/en\/product\/scapitat-calcar-vratsa\/","og_site_name":"Acasa - Granito","article_publisher":"https:\/\/www.facebook.com\/granito.ro","article_modified_time":"2025-04-24T20:35:18+00:00","og_image":[{"width":768,"height":768,"url":"https:\/\/granito.ro\/en\/wp-content\/uploads\/2025\/04\/SCAPITAT_CALCAR_VRATSA_3-768x768.png","type":"image\/png"}],"twitter_card":"summary_large_image","twitter_misc":{"Est. reading time":"1 minute"},"schema":{"@context":"https:\/\/schema.org","@graph":[{"@type":"WebPage","@id":"https:\/\/granito.ro\/en\/product\/scapitat-calcar-vratsa\/","url":"https:\/\/granito.ro\/en\/product\/scapitat-calcar-vratsa\/","name":"\u0218capi\u021bat Calcar Vratsa - Acasa - Granito","isPartOf":{"@id":"https:\/\/granito.ro\/en\/#website"},"primaryImageOfPage":{"@id":"https:\/\/granito.ro\/en\/product\/scapitat-calcar-vratsa\/#primaryimage"},"image":{"@id":"https:\/\/granito.ro\/en\/product\/scapitat-calcar-vratsa\/#primaryimage"},"thumbnailUrl":"https:\/\/granito.ro\/en\/wp-content\/uploads\/2025\/04\/SCAPITAT_CALCAR_VRATSA_3.png","datePublished":"2024-07-17T17:08:26+00:00","dateModified":"2025-04-24T20:35:18+00:00","breadcrumb":{"@id":"https:\/\/granito.ro\/en\/product\/scapitat-calcar-vratsa\/#breadcrumb"},"inLanguage":"en-US","potentialAction":[{"@type":"ReadAction","target":["https:\/\/granito.ro\/en\/product\/scapitat-calcar-vratsa\/"]}]},{"@type":"ImageObject","inLanguage":"en-US","@id":"https:\/\/granito.ro\/en\/product\/scapitat-calcar-vratsa\/#primaryimage","url":"https:\/\/granito.ro\/en\/wp-content\/uploads\/2025\/04\/SCAPITAT_CALCAR_VRATSA_3.png","contentUrl":"https:\/\/granito.ro\/en\/wp-content\/uploads\/2025\/04\/SCAPITAT_CALCAR_VRATSA_3.png","width":2480,"height":2480},{"@type":"BreadcrumbList","@id":"https:\/\/granito.ro\/en\/product\/scapitat-calcar-vratsa\/#breadcrumb","itemListElement":[{"@type":"ListItem","position":1,"name":"Prima pagin\u0103","item":"https:\/\/granito.ro\/en\/"},{"@type":"ListItem","position":2,"name":"Materiale","item":"https:\/\/granito.ro\/en\/materiale\/"},{"@type":"ListItem","position":3,"name":"\u0218capi\u021bat Calcar Vratsa"}]},{"@type":"WebSite","@id":"https:\/\/granito.ro\/en\/#website","url":"https:\/\/granito.ro\/en\/","name":"Granito","description":"","publisher":{"@id":"https:\/\/granito.ro\/en\/#organization"},"potentialAction":[{"@type":"SearchAction","target":{"@type":"EntryPoint","urlTemplate":"https:\/\/granito.ro\/en\/?s={search_term_string}"},"query-input":{"@type":"PropertyValueSpecification","valueRequired":true,"valueName":"search_term_string"}}],"inLanguage":"en-US"},{"@type":"Organization","@id":"https:\/\/granito.ro\/en\/#organization","name":"Granito","url":"https:\/\/granito.ro\/en\/","logo":{"@type":"ImageObject","inLanguage":"en-US","@id":"https:\/\/granito.ro\/en\/#\/schema\/logo\/image\/","url":"https:\/\/granito.ro\/en\/wp-content\/uploads\/2024\/08\/Untitled-1.png","contentUrl":"https:\/\/granito.ro\/en\/wp-content\/uploads\/2024\/08\/Untitled-1.png","width":500,"height":112,"caption":"Granito"},"image":{"@id":"https:\/\/granito.ro\/en\/#\/schema\/logo\/image\/"},"sameAs":["https:\/\/www.facebook.com\/granito.ro","http:\/\/instagram.com\/granito.ro"]}]}},"_links":{"self":[{"href":"https:\/\/granito.ro\/en\/wp-json\/wp\/v2\/product\/3314","targetHints":{"allow":["GET"]}}],"collection":[{"href":"https:\/\/granito.ro\/en\/wp-json\/wp\/v2\/product"}],"about":[{"href":"https:\/\/granito.ro\/en\/wp-json\/wp\/v2\/types\/product"}],"wp:featuredmedia":[{"embeddable":true,"href":"https:\/\/granito.ro\/en\/wp-json\/wp\/v2\/media\/7501"}],"wp:attachment":[{"href":"https:\/\/granito.ro\/en\/wp-json\/wp\/v2\/media?parent=3314"}],"wp:term":[{"taxonomy":"product_brand","embeddable":true,"href":"https:\/\/granito.ro\/en\/wp-json\/wp\/v2\/product_brand?post=3314"},{"taxonomy":"product_cat","embeddable":true,"href":"https:\/\/granito.ro\/en\/wp-json\/wp\/v2\/product_cat?post=3314"},{"taxonomy":"product_tag","embeddable":true,"href":"https:\/\/granito.ro\/en\/wp-json\/wp\/v2\/product_tag?post=3314"}],"curies":[{"name":"wp","href":"https:\/\/api.w.org\/{rel}","templated":true}]}}