
{"id":3308,"date":"2024-07-17T17:00:27","date_gmt":"2024-07-17T17:00:27","guid":{"rendered":"https:\/\/granito.ro\/?post_type=product&#038;p=3308"},"modified":"2025-04-24T20:32:26","modified_gmt":"2025-04-24T20:32:26","slug":"spalturi-andezit-pietroasa","status":"publish","type":"product","link":"https:\/\/granito.ro\/en\/product\/spalturi-andezit-pietroasa\/","title":{"rendered":"\u0218pal\u021buri Andezit Pietroasa"},"content":{"rendered":"<p><span style=\"font-weight: 400;\">Andezitul de Pietroasa, cu originea \u00een inima mun\u021bilor Apuseni din Rom\u00e2nia, este o roc\u0103 vulcanic\u0103 apreciat\u0103 pentru robuste\u021bea \u0219i estetica sa variat\u0103. Durabilitatea \u0219i aspectul s\u0103u autentic \u00eel recomand\u0103 pentru amenaj\u0103ri care solicit\u0103 un echilibru \u00eentre func\u021bionalitate \u0219i stil natural, rustic.<\/span><\/p>\n<p><b>Piatra natural\u0103 prezint\u0103 varia\u021bii de nuan\u021b\u0103, motiv pentru care imaginile de prezentare au un caracter strict informativ \u0219i pot s\u0103 nu reflecte cu exactitate aspectul real al produsului.<\/b><\/p>\n<p><br style=\"font-weight: 400;\" \/><br style=\"font-weight: 400;\" \/><\/p>\n","protected":false},"excerpt":{"rendered":"<p>\u0218pal\u021burile adaug\u0103 un accent rustic \u0219i un caracter profund oric\u0103rui proiect de design interior sau exterior, fie c\u0103 vorbim de fa\u021bade, \u0219eminee sau detalii decorative interioare. Ele sunt selectate cu grij\u0103 pentru a asigura nu doar estetica, dar \u0219i o calitate \u0219i durabilitate de lung\u0103 durat\u0103.<\/p>\n<p>Disponibile \u00eentr-o varietate de nuan\u021be \u0219i texturi, \u0219pal\u021burile se integreaz\u0103 armonios \u00een orice stil arhitectural. Fiecare pies\u0103 contribuie la crearea unui spa\u021biu autentic \u0219i plin de personalitate.<\/p>\n","protected":false},"featured_media":7522,"template":"","meta":{"_eb_attr":""},"product_brand":[],"product_cat":[219],"product_tag":[127],"class_list":{"0":"post-3308","1":"product","2":"type-product","3":"status-publish","4":"has-post-thumbnail","6":"product_cat-piatra-decorativa","7":"product_tag-spalturi","9":"first","10":"outofstock","11":"shipping-taxable","12":"purchasable","13":"product-type-simple"},"yoast_head":"<!-- This site is optimized with the Yoast SEO plugin v27.4 - https:\/\/yoast.com\/product\/yoast-seo-wordpress\/ -->\n<title>Granito<\/title>\n<meta name=\"robots\" content=\"index, follow, max-snippet:-1, max-image-preview:large, max-video-preview:-1\" \/>\n<link rel=\"canonical\" href=\"https:\/\/granito.ro\/en\/product\/spalturi-andezit-pietroasa\/\" \/>\n<meta property=\"og:locale\" content=\"en_US\" \/>\n<meta property=\"og:type\" content=\"article\" \/>\n<meta property=\"og:title\" content=\"\u0218pal\u021buri Andezit Pietroasa - Acasa - Granito\" \/>\n<meta property=\"og:description\" content=\"\u0218pal\u021burile adaug\u0103 un accent rustic \u0219i un caracter profund oric\u0103rui proiect de design interior sau exterior, fie c\u0103 vorbim de fa\u021bade, \u0219eminee sau detalii decorative interioare. Ele sunt selectate cu grij\u0103 pentru a asigura nu doar estetica, dar \u0219i o calitate \u0219i durabilitate de lung\u0103 durat\u0103.  Disponibile \u00eentr-o varietate de nuan\u021be \u0219i texturi, \u0219pal\u021burile se integreaz\u0103 armonios \u00een orice stil arhitectural. Fiecare pies\u0103 contribuie la crearea unui spa\u021biu autentic \u0219i plin de personalitate.\" \/>\n<meta property=\"og:url\" content=\"https:\/\/granito.ro\/en\/product\/spalturi-andezit-pietroasa\/\" \/>\n<meta property=\"og:site_name\" content=\"Acasa - Granito\" \/>\n<meta property=\"article:publisher\" content=\"https:\/\/www.facebook.com\/granito.ro\" \/>\n<meta property=\"article:modified_time\" content=\"2025-04-24T20:32:26+00:00\" \/>\n<meta property=\"og:image\" content=\"https:\/\/granito.ro\/en\/wp-content\/uploads\/2025\/04\/SPALTURI_ANDEZIT_PIETROASA_3.png\" \/>\n\t<meta property=\"og:image:width\" content=\"1080\" \/>\n\t<meta property=\"og:image:height\" content=\"1080\" \/>\n\t<meta property=\"og:image:type\" content=\"image\/png\" \/>\n<meta name=\"twitter:card\" content=\"summary_large_image\" \/>\n<script type=\"application\/ld+json\" class=\"yoast-schema-graph\">{\"@context\":\"https:\\\/\\\/schema.org\",\"@graph\":[{\"@type\":\"WebPage\",\"@id\":\"https:\\\/\\\/granito.ro\\\/en\\\/product\\\/spalturi-andezit-pietroasa\\\/\",\"url\":\"https:\\\/\\\/granito.ro\\\/en\\\/product\\\/spalturi-andezit-pietroasa\\\/\",\"name\":\"\u0218pal\u021buri Andezit Pietroasa - Acasa - Granito\",\"isPartOf\":{\"@id\":\"https:\\\/\\\/granito.ro\\\/en\\\/#website\"},\"primaryImageOfPage\":{\"@id\":\"https:\\\/\\\/granito.ro\\\/en\\\/product\\\/spalturi-andezit-pietroasa\\\/#primaryimage\"},\"image\":{\"@id\":\"https:\\\/\\\/granito.ro\\\/en\\\/product\\\/spalturi-andezit-pietroasa\\\/#primaryimage\"},\"thumbnailUrl\":\"https:\\\/\\\/granito.ro\\\/en\\\/wp-content\\\/uploads\\\/2025\\\/04\\\/SPALTURI_ANDEZIT_PIETROASA_3.png\",\"datePublished\":\"2024-07-17T17:00:27+00:00\",\"dateModified\":\"2025-04-24T20:32:26+00:00\",\"breadcrumb\":{\"@id\":\"https:\\\/\\\/granito.ro\\\/en\\\/product\\\/spalturi-andezit-pietroasa\\\/#breadcrumb\"},\"inLanguage\":\"en-US\",\"potentialAction\":[{\"@type\":\"ReadAction\",\"target\":[\"https:\\\/\\\/granito.ro\\\/en\\\/product\\\/spalturi-andezit-pietroasa\\\/\"]}]},{\"@type\":\"ImageObject\",\"inLanguage\":\"en-US\",\"@id\":\"https:\\\/\\\/granito.ro\\\/en\\\/product\\\/spalturi-andezit-pietroasa\\\/#primaryimage\",\"url\":\"https:\\\/\\\/granito.ro\\\/en\\\/wp-content\\\/uploads\\\/2025\\\/04\\\/SPALTURI_ANDEZIT_PIETROASA_3.png\",\"contentUrl\":\"https:\\\/\\\/granito.ro\\\/en\\\/wp-content\\\/uploads\\\/2025\\\/04\\\/SPALTURI_ANDEZIT_PIETROASA_3.png\",\"width\":1080,\"height\":1080},{\"@type\":\"BreadcrumbList\",\"@id\":\"https:\\\/\\\/granito.ro\\\/en\\\/product\\\/spalturi-andezit-pietroasa\\\/#breadcrumb\",\"itemListElement\":[{\"@type\":\"ListItem\",\"position\":1,\"name\":\"Prima pagin\u0103\",\"item\":\"https:\\\/\\\/granito.ro\\\/en\\\/\"},{\"@type\":\"ListItem\",\"position\":2,\"name\":\"Materiale\",\"item\":\"https:\\\/\\\/granito.ro\\\/en\\\/materiale\\\/\"},{\"@type\":\"ListItem\",\"position\":3,\"name\":\"\u0218pal\u021buri Andezit Pietroasa\"}]},{\"@type\":\"WebSite\",\"@id\":\"https:\\\/\\\/granito.ro\\\/en\\\/#website\",\"url\":\"https:\\\/\\\/granito.ro\\\/en\\\/\",\"name\":\"Granito\",\"description\":\"\",\"publisher\":{\"@id\":\"https:\\\/\\\/granito.ro\\\/en\\\/#organization\"},\"potentialAction\":[{\"@type\":\"SearchAction\",\"target\":{\"@type\":\"EntryPoint\",\"urlTemplate\":\"https:\\\/\\\/granito.ro\\\/en\\\/?s={search_term_string}\"},\"query-input\":{\"@type\":\"PropertyValueSpecification\",\"valueRequired\":true,\"valueName\":\"search_term_string\"}}],\"inLanguage\":\"en-US\"},{\"@type\":\"Organization\",\"@id\":\"https:\\\/\\\/granito.ro\\\/en\\\/#organization\",\"name\":\"Granito\",\"url\":\"https:\\\/\\\/granito.ro\\\/en\\\/\",\"logo\":{\"@type\":\"ImageObject\",\"inLanguage\":\"en-US\",\"@id\":\"https:\\\/\\\/granito.ro\\\/en\\\/#\\\/schema\\\/logo\\\/image\\\/\",\"url\":\"https:\\\/\\\/granito.ro\\\/en\\\/wp-content\\\/uploads\\\/2024\\\/08\\\/Untitled-1.png\",\"contentUrl\":\"https:\\\/\\\/granito.ro\\\/en\\\/wp-content\\\/uploads\\\/2024\\\/08\\\/Untitled-1.png\",\"width\":500,\"height\":112,\"caption\":\"Granito\"},\"image\":{\"@id\":\"https:\\\/\\\/granito.ro\\\/en\\\/#\\\/schema\\\/logo\\\/image\\\/\"},\"sameAs\":[\"https:\\\/\\\/www.facebook.com\\\/granito.ro\",\"http:\\\/\\\/instagram.com\\\/granito.ro\"]}]}<\/script>\n<!-- \/ Yoast SEO plugin. -->","yoast_head_json":{"title":"Granito","robots":{"index":"index","follow":"follow","max-snippet":"max-snippet:-1","max-image-preview":"max-image-preview:large","max-video-preview":"max-video-preview:-1"},"canonical":"https:\/\/granito.ro\/en\/product\/spalturi-andezit-pietroasa\/","og_locale":"en_US","og_type":"article","og_title":"\u0218pal\u021buri Andezit Pietroasa - Acasa - Granito","og_description":"\u0218pal\u021burile adaug\u0103 un accent rustic \u0219i un caracter profund oric\u0103rui proiect de design interior sau exterior, fie c\u0103 vorbim de fa\u021bade, \u0219eminee sau detalii decorative interioare. Ele sunt selectate cu grij\u0103 pentru a asigura nu doar estetica, dar \u0219i o calitate \u0219i durabilitate de lung\u0103 durat\u0103.  Disponibile \u00eentr-o varietate de nuan\u021be \u0219i texturi, \u0219pal\u021burile se integreaz\u0103 armonios \u00een orice stil arhitectural. Fiecare pies\u0103 contribuie la crearea unui spa\u021biu autentic \u0219i plin de personalitate.","og_url":"https:\/\/granito.ro\/en\/product\/spalturi-andezit-pietroasa\/","og_site_name":"Acasa - Granito","article_publisher":"https:\/\/www.facebook.com\/granito.ro","article_modified_time":"2025-04-24T20:32:26+00:00","og_image":[{"url":"https:\/\/granito.ro\/en\/wp-content\/uploads\/2025\/04\/SPALTURI_ANDEZIT_PIETROASA_3.png","width":1080,"height":1080,"type":"image\/png"}],"twitter_card":"summary_large_image","schema":{"@context":"https:\/\/schema.org","@graph":[{"@type":"WebPage","@id":"https:\/\/granito.ro\/en\/product\/spalturi-andezit-pietroasa\/","url":"https:\/\/granito.ro\/en\/product\/spalturi-andezit-pietroasa\/","name":"\u0218pal\u021buri Andezit Pietroasa - Acasa - Granito","isPartOf":{"@id":"https:\/\/granito.ro\/en\/#website"},"primaryImageOfPage":{"@id":"https:\/\/granito.ro\/en\/product\/spalturi-andezit-pietroasa\/#primaryimage"},"image":{"@id":"https:\/\/granito.ro\/en\/product\/spalturi-andezit-pietroasa\/#primaryimage"},"thumbnailUrl":"https:\/\/granito.ro\/en\/wp-content\/uploads\/2025\/04\/SPALTURI_ANDEZIT_PIETROASA_3.png","datePublished":"2024-07-17T17:00:27+00:00","dateModified":"2025-04-24T20:32:26+00:00","breadcrumb":{"@id":"https:\/\/granito.ro\/en\/product\/spalturi-andezit-pietroasa\/#breadcrumb"},"inLanguage":"en-US","potentialAction":[{"@type":"ReadAction","target":["https:\/\/granito.ro\/en\/product\/spalturi-andezit-pietroasa\/"]}]},{"@type":"ImageObject","inLanguage":"en-US","@id":"https:\/\/granito.ro\/en\/product\/spalturi-andezit-pietroasa\/#primaryimage","url":"https:\/\/granito.ro\/en\/wp-content\/uploads\/2025\/04\/SPALTURI_ANDEZIT_PIETROASA_3.png","contentUrl":"https:\/\/granito.ro\/en\/wp-content\/uploads\/2025\/04\/SPALTURI_ANDEZIT_PIETROASA_3.png","width":1080,"height":1080},{"@type":"BreadcrumbList","@id":"https:\/\/granito.ro\/en\/product\/spalturi-andezit-pietroasa\/#breadcrumb","itemListElement":[{"@type":"ListItem","position":1,"name":"Prima pagin\u0103","item":"https:\/\/granito.ro\/en\/"},{"@type":"ListItem","position":2,"name":"Materiale","item":"https:\/\/granito.ro\/en\/materiale\/"},{"@type":"ListItem","position":3,"name":"\u0218pal\u021buri Andezit Pietroasa"}]},{"@type":"WebSite","@id":"https:\/\/granito.ro\/en\/#website","url":"https:\/\/granito.ro\/en\/","name":"Granito","description":"","publisher":{"@id":"https:\/\/granito.ro\/en\/#organization"},"potentialAction":[{"@type":"SearchAction","target":{"@type":"EntryPoint","urlTemplate":"https:\/\/granito.ro\/en\/?s={search_term_string}"},"query-input":{"@type":"PropertyValueSpecification","valueRequired":true,"valueName":"search_term_string"}}],"inLanguage":"en-US"},{"@type":"Organization","@id":"https:\/\/granito.ro\/en\/#organization","name":"Granito","url":"https:\/\/granito.ro\/en\/","logo":{"@type":"ImageObject","inLanguage":"en-US","@id":"https:\/\/granito.ro\/en\/#\/schema\/logo\/image\/","url":"https:\/\/granito.ro\/en\/wp-content\/uploads\/2024\/08\/Untitled-1.png","contentUrl":"https:\/\/granito.ro\/en\/wp-content\/uploads\/2024\/08\/Untitled-1.png","width":500,"height":112,"caption":"Granito"},"image":{"@id":"https:\/\/granito.ro\/en\/#\/schema\/logo\/image\/"},"sameAs":["https:\/\/www.facebook.com\/granito.ro","http:\/\/instagram.com\/granito.ro"]}]}},"_links":{"self":[{"href":"https:\/\/granito.ro\/en\/wp-json\/wp\/v2\/product\/3308","targetHints":{"allow":["GET"]}}],"collection":[{"href":"https:\/\/granito.ro\/en\/wp-json\/wp\/v2\/product"}],"about":[{"href":"https:\/\/granito.ro\/en\/wp-json\/wp\/v2\/types\/product"}],"wp:featuredmedia":[{"embeddable":true,"href":"https:\/\/granito.ro\/en\/wp-json\/wp\/v2\/media\/7522"}],"wp:attachment":[{"href":"https:\/\/granito.ro\/en\/wp-json\/wp\/v2\/media?parent=3308"}],"wp:term":[{"taxonomy":"product_brand","embeddable":true,"href":"https:\/\/granito.ro\/en\/wp-json\/wp\/v2\/product_brand?post=3308"},{"taxonomy":"product_cat","embeddable":true,"href":"https:\/\/granito.ro\/en\/wp-json\/wp\/v2\/product_cat?post=3308"},{"taxonomy":"product_tag","embeddable":true,"href":"https:\/\/granito.ro\/en\/wp-json\/wp\/v2\/product_tag?post=3308"}],"curies":[{"name":"wp","href":"https:\/\/api.w.org\/{rel}","templated":true}]}}