
{"id":3303,"date":"2024-07-17T16:56:12","date_gmt":"2024-07-17T16:56:12","guid":{"rendered":"https:\/\/granito.ro\/?post_type=product&#038;p=3303"},"modified":"2025-04-24T20:31:49","modified_gmt":"2025-04-24T20:31:49","slug":"spalturi-marmura-ruschita-alb","status":"publish","type":"product","link":"https:\/\/granito.ro\/en\/product\/spalturi-marmura-ruschita-alb\/","title":{"rendered":"\u0218pal\u021buri Marmur\u0103 Ru\u0219chi\u021ba Alb"},"content":{"rendered":"<p><span style=\"font-weight: 400;\">Marmura Ru\u0219chi\u021ba Alb\u0103 ofer\u0103 un fundal pur \u0219i luminos, perfect pentru a crea spa\u021bii aerisite \u0219i deschise. Cu vene subtile care str\u0103bat suprafa\u021ba, adaug\u0103 o not\u0103 de fine\u021be oric\u0103rui proiect arhitectural sau de design interior.<\/span><\/p>\n<p><span style=\"font-weight: 400;\">Extraordinar de rezistent\u0103 \u0219i versatil\u0103, aceast\u0103 marmur\u0103 rom\u00e2neasc\u0103 \u00ee\u0219i g\u0103se\u0219te aplicabilitatea \u00eentr-o gam\u0103 variat\u0103 de proiecte arhitecturale \u0219i artistice, de la monumente \u0219i sculpturi p\u00e2n\u0103 la interioare luxoase \u0219i obiecte de mobilier.<\/span><\/p>\n<p><b>Piatra natural\u0103 prezint\u0103 varia\u021bii de nuan\u021b\u0103, motiv pentru care imaginile de prezentare au un caracter strict informativ \u0219i pot s\u0103 nu reflecte cu exactitate aspectul real al produsului.<\/b><\/p>\n<p><br style=\"font-weight: 400;\" \/><br style=\"font-weight: 400;\" \/><\/p>\n","protected":false},"excerpt":{"rendered":"<p>\u0218pal\u021burile adaug\u0103 un accent rustic \u0219i un caracter profund oric\u0103rui proiect de design interior sau exterior, fie c\u0103 vorbim de fa\u021bade, \u0219eminee sau detalii decorative interioare. Ele sunt selectate cu grij\u0103 pentru a asigura nu doar estetica, dar \u0219i o calitate \u0219i durabilitate de lung\u0103 durat\u0103.<\/p>\n<p>Disponibile \u00eentr-o varietate de nuan\u021be \u0219i texturi, \u0219pal\u021burile se integreaz\u0103 armonios \u00een orice stil arhitectural. Fiecare pies\u0103 contribuie la crearea unui spa\u021biu autentic \u0219i plin de personalitate.<\/p>\n","protected":false},"featured_media":7528,"template":"","meta":{"_eb_attr":""},"product_brand":[],"product_cat":[219],"product_tag":[127],"class_list":{"0":"post-3303","1":"product","2":"type-product","3":"status-publish","4":"has-post-thumbnail","6":"product_cat-piatra-decorativa","7":"product_tag-spalturi","9":"first","10":"outofstock","11":"shipping-taxable","12":"purchasable","13":"product-type-simple"},"yoast_head":"<!-- This site is optimized with the Yoast SEO plugin v27.4 - https:\/\/yoast.com\/product\/yoast-seo-wordpress\/ -->\n<title>Granito<\/title>\n<meta name=\"robots\" content=\"index, follow, max-snippet:-1, max-image-preview:large, max-video-preview:-1\" \/>\n<link rel=\"canonical\" href=\"https:\/\/granito.ro\/en\/product\/spalturi-marmura-ruschita-alb\/\" \/>\n<meta property=\"og:locale\" content=\"en_US\" \/>\n<meta property=\"og:type\" content=\"article\" \/>\n<meta property=\"og:title\" content=\"\u0218pal\u021buri Marmur\u0103 Ru\u0219chi\u021ba Alb - Acasa - Granito\" \/>\n<meta property=\"og:description\" content=\"\u0218pal\u021burile adaug\u0103 un accent rustic \u0219i un caracter profund oric\u0103rui proiect de design interior sau exterior, fie c\u0103 vorbim de fa\u021bade, \u0219eminee sau detalii decorative interioare. Ele sunt selectate cu grij\u0103 pentru a asigura nu doar estetica, dar \u0219i o calitate \u0219i durabilitate de lung\u0103 durat\u0103.  Disponibile \u00eentr-o varietate de nuan\u021be \u0219i texturi, \u0219pal\u021burile se integreaz\u0103 armonios \u00een orice stil arhitectural. Fiecare pies\u0103 contribuie la crearea unui spa\u021biu autentic \u0219i plin de personalitate.\" \/>\n<meta property=\"og:url\" content=\"https:\/\/granito.ro\/en\/product\/spalturi-marmura-ruschita-alb\/\" \/>\n<meta property=\"og:site_name\" content=\"Acasa - Granito\" \/>\n<meta property=\"article:publisher\" content=\"https:\/\/www.facebook.com\/granito.ro\" \/>\n<meta property=\"article:modified_time\" content=\"2025-04-24T20:31:49+00:00\" \/>\n<meta property=\"og:image\" content=\"https:\/\/granito.ro\/en\/wp-content\/uploads\/2025\/04\/SPALTURI_MARMURA_RUSCHITA_ALB1-1600x1600.png\" \/>\n\t<meta property=\"og:image:width\" content=\"1600\" \/>\n\t<meta property=\"og:image:height\" content=\"1600\" \/>\n\t<meta property=\"og:image:type\" content=\"image\/png\" \/>\n<meta name=\"twitter:card\" content=\"summary_large_image\" \/>\n<meta name=\"twitter:label1\" content=\"Est. reading time\" \/>\n\t<meta name=\"twitter:data1\" content=\"1 minute\" \/>\n<script type=\"application\/ld+json\" class=\"yoast-schema-graph\">{\"@context\":\"https:\\\/\\\/schema.org\",\"@graph\":[{\"@type\":\"WebPage\",\"@id\":\"https:\\\/\\\/granito.ro\\\/en\\\/product\\\/spalturi-marmura-ruschita-alb\\\/\",\"url\":\"https:\\\/\\\/granito.ro\\\/en\\\/product\\\/spalturi-marmura-ruschita-alb\\\/\",\"name\":\"\u0218pal\u021buri Marmur\u0103 Ru\u0219chi\u021ba Alb - Acasa - Granito\",\"isPartOf\":{\"@id\":\"https:\\\/\\\/granito.ro\\\/en\\\/#website\"},\"primaryImageOfPage\":{\"@id\":\"https:\\\/\\\/granito.ro\\\/en\\\/product\\\/spalturi-marmura-ruschita-alb\\\/#primaryimage\"},\"image\":{\"@id\":\"https:\\\/\\\/granito.ro\\\/en\\\/product\\\/spalturi-marmura-ruschita-alb\\\/#primaryimage\"},\"thumbnailUrl\":\"https:\\\/\\\/granito.ro\\\/en\\\/wp-content\\\/uploads\\\/2025\\\/04\\\/SPALTURI_MARMURA_RUSCHITA_ALB1.png\",\"datePublished\":\"2024-07-17T16:56:12+00:00\",\"dateModified\":\"2025-04-24T20:31:49+00:00\",\"breadcrumb\":{\"@id\":\"https:\\\/\\\/granito.ro\\\/en\\\/product\\\/spalturi-marmura-ruschita-alb\\\/#breadcrumb\"},\"inLanguage\":\"en-US\",\"potentialAction\":[{\"@type\":\"ReadAction\",\"target\":[\"https:\\\/\\\/granito.ro\\\/en\\\/product\\\/spalturi-marmura-ruschita-alb\\\/\"]}]},{\"@type\":\"ImageObject\",\"inLanguage\":\"en-US\",\"@id\":\"https:\\\/\\\/granito.ro\\\/en\\\/product\\\/spalturi-marmura-ruschita-alb\\\/#primaryimage\",\"url\":\"https:\\\/\\\/granito.ro\\\/en\\\/wp-content\\\/uploads\\\/2025\\\/04\\\/SPALTURI_MARMURA_RUSCHITA_ALB1.png\",\"contentUrl\":\"https:\\\/\\\/granito.ro\\\/en\\\/wp-content\\\/uploads\\\/2025\\\/04\\\/SPALTURI_MARMURA_RUSCHITA_ALB1.png\",\"width\":2480,\"height\":2480},{\"@type\":\"BreadcrumbList\",\"@id\":\"https:\\\/\\\/granito.ro\\\/en\\\/product\\\/spalturi-marmura-ruschita-alb\\\/#breadcrumb\",\"itemListElement\":[{\"@type\":\"ListItem\",\"position\":1,\"name\":\"Prima pagin\u0103\",\"item\":\"https:\\\/\\\/granito.ro\\\/en\\\/\"},{\"@type\":\"ListItem\",\"position\":2,\"name\":\"Materiale\",\"item\":\"https:\\\/\\\/granito.ro\\\/en\\\/materiale\\\/\"},{\"@type\":\"ListItem\",\"position\":3,\"name\":\"\u0218pal\u021buri Marmur\u0103 Ru\u0219chi\u021ba Alb\"}]},{\"@type\":\"WebSite\",\"@id\":\"https:\\\/\\\/granito.ro\\\/en\\\/#website\",\"url\":\"https:\\\/\\\/granito.ro\\\/en\\\/\",\"name\":\"Granito\",\"description\":\"\",\"publisher\":{\"@id\":\"https:\\\/\\\/granito.ro\\\/en\\\/#organization\"},\"potentialAction\":[{\"@type\":\"SearchAction\",\"target\":{\"@type\":\"EntryPoint\",\"urlTemplate\":\"https:\\\/\\\/granito.ro\\\/en\\\/?s={search_term_string}\"},\"query-input\":{\"@type\":\"PropertyValueSpecification\",\"valueRequired\":true,\"valueName\":\"search_term_string\"}}],\"inLanguage\":\"en-US\"},{\"@type\":\"Organization\",\"@id\":\"https:\\\/\\\/granito.ro\\\/en\\\/#organization\",\"name\":\"Granito\",\"url\":\"https:\\\/\\\/granito.ro\\\/en\\\/\",\"logo\":{\"@type\":\"ImageObject\",\"inLanguage\":\"en-US\",\"@id\":\"https:\\\/\\\/granito.ro\\\/en\\\/#\\\/schema\\\/logo\\\/image\\\/\",\"url\":\"https:\\\/\\\/granito.ro\\\/en\\\/wp-content\\\/uploads\\\/2024\\\/08\\\/Untitled-1.png\",\"contentUrl\":\"https:\\\/\\\/granito.ro\\\/en\\\/wp-content\\\/uploads\\\/2024\\\/08\\\/Untitled-1.png\",\"width\":500,\"height\":112,\"caption\":\"Granito\"},\"image\":{\"@id\":\"https:\\\/\\\/granito.ro\\\/en\\\/#\\\/schema\\\/logo\\\/image\\\/\"},\"sameAs\":[\"https:\\\/\\\/www.facebook.com\\\/granito.ro\",\"http:\\\/\\\/instagram.com\\\/granito.ro\"]}]}<\/script>\n<!-- \/ Yoast SEO plugin. -->","yoast_head_json":{"title":"Granito","robots":{"index":"index","follow":"follow","max-snippet":"max-snippet:-1","max-image-preview":"max-image-preview:large","max-video-preview":"max-video-preview:-1"},"canonical":"https:\/\/granito.ro\/en\/product\/spalturi-marmura-ruschita-alb\/","og_locale":"en_US","og_type":"article","og_title":"\u0218pal\u021buri Marmur\u0103 Ru\u0219chi\u021ba Alb - Acasa - Granito","og_description":"\u0218pal\u021burile adaug\u0103 un accent rustic \u0219i un caracter profund oric\u0103rui proiect de design interior sau exterior, fie c\u0103 vorbim de fa\u021bade, \u0219eminee sau detalii decorative interioare. Ele sunt selectate cu grij\u0103 pentru a asigura nu doar estetica, dar \u0219i o calitate \u0219i durabilitate de lung\u0103 durat\u0103.  Disponibile \u00eentr-o varietate de nuan\u021be \u0219i texturi, \u0219pal\u021burile se integreaz\u0103 armonios \u00een orice stil arhitectural. Fiecare pies\u0103 contribuie la crearea unui spa\u021biu autentic \u0219i plin de personalitate.","og_url":"https:\/\/granito.ro\/en\/product\/spalturi-marmura-ruschita-alb\/","og_site_name":"Acasa - Granito","article_publisher":"https:\/\/www.facebook.com\/granito.ro","article_modified_time":"2025-04-24T20:31:49+00:00","og_image":[{"width":1600,"height":1600,"url":"https:\/\/granito.ro\/en\/wp-content\/uploads\/2025\/04\/SPALTURI_MARMURA_RUSCHITA_ALB1-1600x1600.png","type":"image\/png"}],"twitter_card":"summary_large_image","twitter_misc":{"Est. reading time":"1 minute"},"schema":{"@context":"https:\/\/schema.org","@graph":[{"@type":"WebPage","@id":"https:\/\/granito.ro\/en\/product\/spalturi-marmura-ruschita-alb\/","url":"https:\/\/granito.ro\/en\/product\/spalturi-marmura-ruschita-alb\/","name":"\u0218pal\u021buri Marmur\u0103 Ru\u0219chi\u021ba Alb - Acasa - Granito","isPartOf":{"@id":"https:\/\/granito.ro\/en\/#website"},"primaryImageOfPage":{"@id":"https:\/\/granito.ro\/en\/product\/spalturi-marmura-ruschita-alb\/#primaryimage"},"image":{"@id":"https:\/\/granito.ro\/en\/product\/spalturi-marmura-ruschita-alb\/#primaryimage"},"thumbnailUrl":"https:\/\/granito.ro\/en\/wp-content\/uploads\/2025\/04\/SPALTURI_MARMURA_RUSCHITA_ALB1.png","datePublished":"2024-07-17T16:56:12+00:00","dateModified":"2025-04-24T20:31:49+00:00","breadcrumb":{"@id":"https:\/\/granito.ro\/en\/product\/spalturi-marmura-ruschita-alb\/#breadcrumb"},"inLanguage":"en-US","potentialAction":[{"@type":"ReadAction","target":["https:\/\/granito.ro\/en\/product\/spalturi-marmura-ruschita-alb\/"]}]},{"@type":"ImageObject","inLanguage":"en-US","@id":"https:\/\/granito.ro\/en\/product\/spalturi-marmura-ruschita-alb\/#primaryimage","url":"https:\/\/granito.ro\/en\/wp-content\/uploads\/2025\/04\/SPALTURI_MARMURA_RUSCHITA_ALB1.png","contentUrl":"https:\/\/granito.ro\/en\/wp-content\/uploads\/2025\/04\/SPALTURI_MARMURA_RUSCHITA_ALB1.png","width":2480,"height":2480},{"@type":"BreadcrumbList","@id":"https:\/\/granito.ro\/en\/product\/spalturi-marmura-ruschita-alb\/#breadcrumb","itemListElement":[{"@type":"ListItem","position":1,"name":"Prima pagin\u0103","item":"https:\/\/granito.ro\/en\/"},{"@type":"ListItem","position":2,"name":"Materiale","item":"https:\/\/granito.ro\/en\/materiale\/"},{"@type":"ListItem","position":3,"name":"\u0218pal\u021buri Marmur\u0103 Ru\u0219chi\u021ba Alb"}]},{"@type":"WebSite","@id":"https:\/\/granito.ro\/en\/#website","url":"https:\/\/granito.ro\/en\/","name":"Granito","description":"","publisher":{"@id":"https:\/\/granito.ro\/en\/#organization"},"potentialAction":[{"@type":"SearchAction","target":{"@type":"EntryPoint","urlTemplate":"https:\/\/granito.ro\/en\/?s={search_term_string}"},"query-input":{"@type":"PropertyValueSpecification","valueRequired":true,"valueName":"search_term_string"}}],"inLanguage":"en-US"},{"@type":"Organization","@id":"https:\/\/granito.ro\/en\/#organization","name":"Granito","url":"https:\/\/granito.ro\/en\/","logo":{"@type":"ImageObject","inLanguage":"en-US","@id":"https:\/\/granito.ro\/en\/#\/schema\/logo\/image\/","url":"https:\/\/granito.ro\/en\/wp-content\/uploads\/2024\/08\/Untitled-1.png","contentUrl":"https:\/\/granito.ro\/en\/wp-content\/uploads\/2024\/08\/Untitled-1.png","width":500,"height":112,"caption":"Granito"},"image":{"@id":"https:\/\/granito.ro\/en\/#\/schema\/logo\/image\/"},"sameAs":["https:\/\/www.facebook.com\/granito.ro","http:\/\/instagram.com\/granito.ro"]}]}},"_links":{"self":[{"href":"https:\/\/granito.ro\/en\/wp-json\/wp\/v2\/product\/3303","targetHints":{"allow":["GET"]}}],"collection":[{"href":"https:\/\/granito.ro\/en\/wp-json\/wp\/v2\/product"}],"about":[{"href":"https:\/\/granito.ro\/en\/wp-json\/wp\/v2\/types\/product"}],"wp:featuredmedia":[{"embeddable":true,"href":"https:\/\/granito.ro\/en\/wp-json\/wp\/v2\/media\/7528"}],"wp:attachment":[{"href":"https:\/\/granito.ro\/en\/wp-json\/wp\/v2\/media?parent=3303"}],"wp:term":[{"taxonomy":"product_brand","embeddable":true,"href":"https:\/\/granito.ro\/en\/wp-json\/wp\/v2\/product_brand?post=3303"},{"taxonomy":"product_cat","embeddable":true,"href":"https:\/\/granito.ro\/en\/wp-json\/wp\/v2\/product_cat?post=3303"},{"taxonomy":"product_tag","embeddable":true,"href":"https:\/\/granito.ro\/en\/wp-json\/wp\/v2\/product_tag?post=3303"}],"curies":[{"name":"wp","href":"https:\/\/api.w.org\/{rel}","templated":true}]}}