
{"id":3288,"date":"2024-07-16T10:47:34","date_gmt":"2024-07-16T10:47:34","guid":{"rendered":"https:\/\/granito.ro\/?post_type=product&#038;p=3288"},"modified":"2025-02-05T18:48:16","modified_gmt":"2025-02-05T18:48:16","slug":"trepte-si-contratrepte-granit-nero-africa","status":"publish","type":"product","link":"https:\/\/granito.ro\/en\/product\/trepte-si-contratrepte-granit-nero-africa\/","title":{"rendered":"Trepte \u0219i Contratrepte Granit Nero Africa"},"content":{"rendered":"<p>Granitul Nero Africa este extras din cariere situate \u00een diverse regiuni din Africa, origine geografic\u0103 ce \u00eei confer\u0103 unicitate \u0219i caracter distinctiv.<\/p>\n<p>Nero Africa se remarc\u0103 prin culoarea sa predominant\u0103 de negru, \u00eens\u0103 con\u021bine \u0219i accente de gri, albastru sau verde, \u00een func\u021bie de varia\u021biile mineralelor din compozi\u021bia sa. Textura sa poate varia de la granulat\u0103 la uniform\u0103, oferind o gam\u0103 larg\u0103 de op\u021biuni estetice.<\/p>\n<p><b>Piatra natural\u0103 prezint\u0103 varia\u021bii de nuan\u021b\u0103, motiv pentru care imaginile de prezentare au un caracter strict informativ \u0219i pot s\u0103 nu reflecte cu exactitate aspectul real al produsului.<\/b><\/p>\n<p><br style=\"font-weight: 400;\" \/><br style=\"font-weight: 400;\" \/><\/p>\n","protected":false},"excerpt":{"rendered":"<p><span style=\"font-weight: 400;\">Treptele \u0219i contratreptele noastre sunt concepute s\u0103 aduc\u0103 un plus de valoare estetic\u0103 \u0219i practic\u0103 sc\u0103rilor indiferent de loca\u021bie, interior sau exterior. <\/span><\/p>\n<p><span style=\"font-weight: 400;\">Cu o varietate de materiale \u0219i finisaje la alegere, ele sunt adaptabile pentru a \u00eendeplini cerin\u021bele specifice ale fiec\u0103rei case, ad\u0103ug\u00e2nd un accent de durabilitate \u0219i rafinament.<\/span><\/p>\n<p><br style=\"font-weight: 400;\" \/><br style=\"font-weight: 400;\" \/><br style=\"font-weight: 400;\" \/><\/p>\n","protected":false},"featured_media":5689,"template":"","meta":{"_eb_attr":""},"product_brand":[],"product_cat":[101],"product_tag":[126],"class_list":{"0":"post-3288","1":"product","2":"type-product","3":"status-publish","4":"has-post-thumbnail","6":"product_cat-trepte-si-contratrepte","7":"product_tag-trepte-si-contratrepte","9":"first","10":"outofstock","11":"shipping-taxable","12":"purchasable","13":"product-type-simple"},"yoast_head":"<!-- This site is optimized with the Yoast SEO plugin v27.4 - https:\/\/yoast.com\/product\/yoast-seo-wordpress\/ -->\n<title>Granito<\/title>\n<meta name=\"robots\" content=\"index, follow, max-snippet:-1, max-image-preview:large, max-video-preview:-1\" \/>\n<link rel=\"canonical\" href=\"https:\/\/granito.ro\/en\/product\/trepte-si-contratrepte-granit-nero-africa\/\" \/>\n<meta property=\"og:locale\" content=\"en_US\" \/>\n<meta property=\"og:type\" content=\"article\" \/>\n<meta property=\"og:title\" content=\"Trepte \u0219i Contratrepte Granit Nero Africa - Acasa - Granito\" \/>\n<meta property=\"og:description\" content=\"Treptele \u0219i contratreptele noastre sunt concepute s\u0103 aduc\u0103 un plus de valoare estetic\u0103 \u0219i practic\u0103 sc\u0103rilor indiferent de loca\u021bie, interior sau exterior.   Cu o varietate de materiale \u0219i finisaje la alegere, ele sunt adaptabile pentru a \u00eendeplini cerin\u021bele specifice ale fiec\u0103rei case, ad\u0103ug\u00e2nd un accent de durabilitate \u0219i rafinament.\" \/>\n<meta property=\"og:url\" content=\"https:\/\/granito.ro\/en\/product\/trepte-si-contratrepte-granit-nero-africa\/\" \/>\n<meta property=\"og:site_name\" content=\"Acasa - Granito\" \/>\n<meta property=\"article:publisher\" content=\"https:\/\/www.facebook.com\/granito.ro\" \/>\n<meta property=\"article:modified_time\" content=\"2025-02-05T18:48:16+00:00\" \/>\n<meta property=\"og:image\" content=\"https:\/\/granito.ro\/en\/wp-content\/uploads\/2024\/11\/0000s_0031_TREPTE_SI_CONTRATREPTE_GRANIT_NERO_AFRICA.CLOSE_.png\" \/>\n\t<meta property=\"og:image:width\" content=\"1920\" \/>\n\t<meta property=\"og:image:height\" content=\"1920\" \/>\n\t<meta property=\"og:image:type\" content=\"image\/png\" \/>\n<meta name=\"twitter:card\" content=\"summary_large_image\" \/>\n<script type=\"application\/ld+json\" class=\"yoast-schema-graph\">{\"@context\":\"https:\\\/\\\/schema.org\",\"@graph\":[{\"@type\":\"WebPage\",\"@id\":\"https:\\\/\\\/granito.ro\\\/en\\\/product\\\/trepte-si-contratrepte-granit-nero-africa\\\/\",\"url\":\"https:\\\/\\\/granito.ro\\\/en\\\/product\\\/trepte-si-contratrepte-granit-nero-africa\\\/\",\"name\":\"Trepte \u0219i Contratrepte Granit Nero Africa - Acasa - Granito\",\"isPartOf\":{\"@id\":\"https:\\\/\\\/granito.ro\\\/en\\\/#website\"},\"primaryImageOfPage\":{\"@id\":\"https:\\\/\\\/granito.ro\\\/en\\\/product\\\/trepte-si-contratrepte-granit-nero-africa\\\/#primaryimage\"},\"image\":{\"@id\":\"https:\\\/\\\/granito.ro\\\/en\\\/product\\\/trepte-si-contratrepte-granit-nero-africa\\\/#primaryimage\"},\"thumbnailUrl\":\"https:\\\/\\\/granito.ro\\\/en\\\/wp-content\\\/uploads\\\/2024\\\/11\\\/0000s_0031_TREPTE_SI_CONTRATREPTE_GRANIT_NERO_AFRICA.CLOSE_.png\",\"datePublished\":\"2024-07-16T10:47:34+00:00\",\"dateModified\":\"2025-02-05T18:48:16+00:00\",\"breadcrumb\":{\"@id\":\"https:\\\/\\\/granito.ro\\\/en\\\/product\\\/trepte-si-contratrepte-granit-nero-africa\\\/#breadcrumb\"},\"inLanguage\":\"en-US\",\"potentialAction\":[{\"@type\":\"ReadAction\",\"target\":[\"https:\\\/\\\/granito.ro\\\/en\\\/product\\\/trepte-si-contratrepte-granit-nero-africa\\\/\"]}]},{\"@type\":\"ImageObject\",\"inLanguage\":\"en-US\",\"@id\":\"https:\\\/\\\/granito.ro\\\/en\\\/product\\\/trepte-si-contratrepte-granit-nero-africa\\\/#primaryimage\",\"url\":\"https:\\\/\\\/granito.ro\\\/en\\\/wp-content\\\/uploads\\\/2024\\\/11\\\/0000s_0031_TREPTE_SI_CONTRATREPTE_GRANIT_NERO_AFRICA.CLOSE_.png\",\"contentUrl\":\"https:\\\/\\\/granito.ro\\\/en\\\/wp-content\\\/uploads\\\/2024\\\/11\\\/0000s_0031_TREPTE_SI_CONTRATREPTE_GRANIT_NERO_AFRICA.CLOSE_.png\",\"width\":1920,\"height\":1920},{\"@type\":\"BreadcrumbList\",\"@id\":\"https:\\\/\\\/granito.ro\\\/en\\\/product\\\/trepte-si-contratrepte-granit-nero-africa\\\/#breadcrumb\",\"itemListElement\":[{\"@type\":\"ListItem\",\"position\":1,\"name\":\"Prima pagin\u0103\",\"item\":\"https:\\\/\\\/granito.ro\\\/en\\\/\"},{\"@type\":\"ListItem\",\"position\":2,\"name\":\"Materiale\",\"item\":\"https:\\\/\\\/granito.ro\\\/en\\\/materiale\\\/\"},{\"@type\":\"ListItem\",\"position\":3,\"name\":\"Trepte \u0219i Contratrepte Granit Nero Africa\"}]},{\"@type\":\"WebSite\",\"@id\":\"https:\\\/\\\/granito.ro\\\/en\\\/#website\",\"url\":\"https:\\\/\\\/granito.ro\\\/en\\\/\",\"name\":\"Granito\",\"description\":\"\",\"publisher\":{\"@id\":\"https:\\\/\\\/granito.ro\\\/en\\\/#organization\"},\"potentialAction\":[{\"@type\":\"SearchAction\",\"target\":{\"@type\":\"EntryPoint\",\"urlTemplate\":\"https:\\\/\\\/granito.ro\\\/en\\\/?s={search_term_string}\"},\"query-input\":{\"@type\":\"PropertyValueSpecification\",\"valueRequired\":true,\"valueName\":\"search_term_string\"}}],\"inLanguage\":\"en-US\"},{\"@type\":\"Organization\",\"@id\":\"https:\\\/\\\/granito.ro\\\/en\\\/#organization\",\"name\":\"Granito\",\"url\":\"https:\\\/\\\/granito.ro\\\/en\\\/\",\"logo\":{\"@type\":\"ImageObject\",\"inLanguage\":\"en-US\",\"@id\":\"https:\\\/\\\/granito.ro\\\/en\\\/#\\\/schema\\\/logo\\\/image\\\/\",\"url\":\"https:\\\/\\\/granito.ro\\\/en\\\/wp-content\\\/uploads\\\/2024\\\/08\\\/Untitled-1.png\",\"contentUrl\":\"https:\\\/\\\/granito.ro\\\/en\\\/wp-content\\\/uploads\\\/2024\\\/08\\\/Untitled-1.png\",\"width\":500,\"height\":112,\"caption\":\"Granito\"},\"image\":{\"@id\":\"https:\\\/\\\/granito.ro\\\/en\\\/#\\\/schema\\\/logo\\\/image\\\/\"},\"sameAs\":[\"https:\\\/\\\/www.facebook.com\\\/granito.ro\",\"http:\\\/\\\/instagram.com\\\/granito.ro\"]}]}<\/script>\n<!-- \/ Yoast SEO plugin. -->","yoast_head_json":{"title":"Granito","robots":{"index":"index","follow":"follow","max-snippet":"max-snippet:-1","max-image-preview":"max-image-preview:large","max-video-preview":"max-video-preview:-1"},"canonical":"https:\/\/granito.ro\/en\/product\/trepte-si-contratrepte-granit-nero-africa\/","og_locale":"en_US","og_type":"article","og_title":"Trepte \u0219i Contratrepte Granit Nero Africa - Acasa - Granito","og_description":"Treptele \u0219i contratreptele noastre sunt concepute s\u0103 aduc\u0103 un plus de valoare estetic\u0103 \u0219i practic\u0103 sc\u0103rilor indiferent de loca\u021bie, interior sau exterior.   Cu o varietate de materiale \u0219i finisaje la alegere, ele sunt adaptabile pentru a \u00eendeplini cerin\u021bele specifice ale fiec\u0103rei case, ad\u0103ug\u00e2nd un accent de durabilitate \u0219i rafinament.","og_url":"https:\/\/granito.ro\/en\/product\/trepte-si-contratrepte-granit-nero-africa\/","og_site_name":"Acasa - Granito","article_publisher":"https:\/\/www.facebook.com\/granito.ro","article_modified_time":"2025-02-05T18:48:16+00:00","og_image":[{"width":1920,"height":1920,"url":"https:\/\/granito.ro\/en\/wp-content\/uploads\/2024\/11\/0000s_0031_TREPTE_SI_CONTRATREPTE_GRANIT_NERO_AFRICA.CLOSE_.png","type":"image\/png"}],"twitter_card":"summary_large_image","schema":{"@context":"https:\/\/schema.org","@graph":[{"@type":"WebPage","@id":"https:\/\/granito.ro\/en\/product\/trepte-si-contratrepte-granit-nero-africa\/","url":"https:\/\/granito.ro\/en\/product\/trepte-si-contratrepte-granit-nero-africa\/","name":"Trepte \u0219i Contratrepte Granit Nero Africa - Acasa - Granito","isPartOf":{"@id":"https:\/\/granito.ro\/en\/#website"},"primaryImageOfPage":{"@id":"https:\/\/granito.ro\/en\/product\/trepte-si-contratrepte-granit-nero-africa\/#primaryimage"},"image":{"@id":"https:\/\/granito.ro\/en\/product\/trepte-si-contratrepte-granit-nero-africa\/#primaryimage"},"thumbnailUrl":"https:\/\/granito.ro\/en\/wp-content\/uploads\/2024\/11\/0000s_0031_TREPTE_SI_CONTRATREPTE_GRANIT_NERO_AFRICA.CLOSE_.png","datePublished":"2024-07-16T10:47:34+00:00","dateModified":"2025-02-05T18:48:16+00:00","breadcrumb":{"@id":"https:\/\/granito.ro\/en\/product\/trepte-si-contratrepte-granit-nero-africa\/#breadcrumb"},"inLanguage":"en-US","potentialAction":[{"@type":"ReadAction","target":["https:\/\/granito.ro\/en\/product\/trepte-si-contratrepte-granit-nero-africa\/"]}]},{"@type":"ImageObject","inLanguage":"en-US","@id":"https:\/\/granito.ro\/en\/product\/trepte-si-contratrepte-granit-nero-africa\/#primaryimage","url":"https:\/\/granito.ro\/en\/wp-content\/uploads\/2024\/11\/0000s_0031_TREPTE_SI_CONTRATREPTE_GRANIT_NERO_AFRICA.CLOSE_.png","contentUrl":"https:\/\/granito.ro\/en\/wp-content\/uploads\/2024\/11\/0000s_0031_TREPTE_SI_CONTRATREPTE_GRANIT_NERO_AFRICA.CLOSE_.png","width":1920,"height":1920},{"@type":"BreadcrumbList","@id":"https:\/\/granito.ro\/en\/product\/trepte-si-contratrepte-granit-nero-africa\/#breadcrumb","itemListElement":[{"@type":"ListItem","position":1,"name":"Prima pagin\u0103","item":"https:\/\/granito.ro\/en\/"},{"@type":"ListItem","position":2,"name":"Materiale","item":"https:\/\/granito.ro\/en\/materiale\/"},{"@type":"ListItem","position":3,"name":"Trepte \u0219i Contratrepte Granit Nero Africa"}]},{"@type":"WebSite","@id":"https:\/\/granito.ro\/en\/#website","url":"https:\/\/granito.ro\/en\/","name":"Granito","description":"","publisher":{"@id":"https:\/\/granito.ro\/en\/#organization"},"potentialAction":[{"@type":"SearchAction","target":{"@type":"EntryPoint","urlTemplate":"https:\/\/granito.ro\/en\/?s={search_term_string}"},"query-input":{"@type":"PropertyValueSpecification","valueRequired":true,"valueName":"search_term_string"}}],"inLanguage":"en-US"},{"@type":"Organization","@id":"https:\/\/granito.ro\/en\/#organization","name":"Granito","url":"https:\/\/granito.ro\/en\/","logo":{"@type":"ImageObject","inLanguage":"en-US","@id":"https:\/\/granito.ro\/en\/#\/schema\/logo\/image\/","url":"https:\/\/granito.ro\/en\/wp-content\/uploads\/2024\/08\/Untitled-1.png","contentUrl":"https:\/\/granito.ro\/en\/wp-content\/uploads\/2024\/08\/Untitled-1.png","width":500,"height":112,"caption":"Granito"},"image":{"@id":"https:\/\/granito.ro\/en\/#\/schema\/logo\/image\/"},"sameAs":["https:\/\/www.facebook.com\/granito.ro","http:\/\/instagram.com\/granito.ro"]}]}},"_links":{"self":[{"href":"https:\/\/granito.ro\/en\/wp-json\/wp\/v2\/product\/3288","targetHints":{"allow":["GET"]}}],"collection":[{"href":"https:\/\/granito.ro\/en\/wp-json\/wp\/v2\/product"}],"about":[{"href":"https:\/\/granito.ro\/en\/wp-json\/wp\/v2\/types\/product"}],"wp:featuredmedia":[{"embeddable":true,"href":"https:\/\/granito.ro\/en\/wp-json\/wp\/v2\/media\/5689"}],"wp:attachment":[{"href":"https:\/\/granito.ro\/en\/wp-json\/wp\/v2\/media?parent=3288"}],"wp:term":[{"taxonomy":"product_brand","embeddable":true,"href":"https:\/\/granito.ro\/en\/wp-json\/wp\/v2\/product_brand?post=3288"},{"taxonomy":"product_cat","embeddable":true,"href":"https:\/\/granito.ro\/en\/wp-json\/wp\/v2\/product_cat?post=3288"},{"taxonomy":"product_tag","embeddable":true,"href":"https:\/\/granito.ro\/en\/wp-json\/wp\/v2\/product_tag?post=3288"}],"curies":[{"name":"wp","href":"https:\/\/api.w.org\/{rel}","templated":true}]}}