
{"id":3281,"date":"2024-07-16T10:43:55","date_gmt":"2024-07-16T10:43:55","guid":{"rendered":"https:\/\/granito.ro\/?post_type=product&#038;p=3281"},"modified":"2025-04-24T20:38:30","modified_gmt":"2025-04-24T20:38:30","slug":"trepte-si-contratrepte-andezit-pietroasa","status":"publish","type":"product","link":"https:\/\/granito.ro\/en\/product\/trepte-si-contratrepte-andezit-pietroasa\/","title":{"rendered":"Trepte \u0219i Contratrepte Andezit Pietroasa"},"content":{"rendered":"<p>Andezitul Pietroasa se remarc\u0103 prin culoarea sa predominant\u0103 gri-alb\u0103struie care \u00eei confer\u0103 un aspect distinctiv \u0219i atractiv. Aceast\u0103 nuan\u021b\u0103 poate varia de la tonuri mai deschise p\u00e2n\u0103 la cele mai \u00eenchise, ad\u0103ug\u00e2nd profunzime \u0219i caracter proiectelor \u00een care este utilizat.<\/p>\n<p>Unul dintre aspectele remarcabile ale andezitului Pietroasa este durabilitatea sa excep\u021bional\u0103. Acesta este un material extrem de durabil \u0219i rezistent la uzur\u0103, abraziune, umezeal\u0103 \u0219i varia\u021bii de temperatur\u0103, ceea ce \u00eel face potrivit pentru utiliz\u0103ri \u00een diverse medii \u0219i condi\u021bii.<\/p>\n<p><b>Piatra natural\u0103 prezint\u0103 varia\u021bii de nuan\u021b\u0103, motiv pentru care imaginile de prezentare au un caracter strict informativ \u0219i pot s\u0103 nu reflecte cu exactitate aspectul real al produsului.<\/b><\/p>\n<p><br style=\"font-weight: 400;\" \/><br style=\"font-weight: 400;\" \/><\/p>\n","protected":false},"excerpt":{"rendered":"<p><span style=\"font-weight: 400;\">Treptele \u0219i contratreptele noastre sunt concepute s\u0103 aduc\u0103 un plus de valoare estetic\u0103 \u0219i practic\u0103 sc\u0103rilor indiferent de loca\u021bie, interior sau exterior. <\/span><\/p>\n<p><span style=\"font-weight: 400;\">Cu o varietate de materiale \u0219i finisaje la alegere, ele sunt adaptabile pentru a \u00eendeplini cerin\u021bele specifice ale fiec\u0103rei case, ad\u0103ug\u00e2nd un accent de durabilitate \u0219i rafinament.<\/span><\/p>\n<p><br style=\"font-weight: 400;\" \/><br style=\"font-weight: 400;\" \/><br style=\"font-weight: 400;\" \/><\/p>\n","protected":false},"featured_media":5711,"template":"","meta":{"_eb_attr":""},"product_brand":[],"product_cat":[101],"product_tag":[126],"class_list":{"0":"post-3281","1":"product","2":"type-product","3":"status-publish","4":"has-post-thumbnail","6":"product_cat-trepte-si-contratrepte","7":"product_tag-trepte-si-contratrepte","9":"first","10":"outofstock","11":"shipping-taxable","12":"purchasable","13":"product-type-simple"},"yoast_head":"<!-- This site is optimized with the Yoast SEO plugin v27.4 - https:\/\/yoast.com\/product\/yoast-seo-wordpress\/ -->\n<title>Granito<\/title>\n<meta name=\"robots\" content=\"index, follow, max-snippet:-1, max-image-preview:large, max-video-preview:-1\" \/>\n<link rel=\"canonical\" href=\"https:\/\/granito.ro\/en\/product\/trepte-si-contratrepte-andezit-pietroasa\/\" \/>\n<meta property=\"og:locale\" content=\"en_US\" \/>\n<meta property=\"og:type\" content=\"article\" \/>\n<meta property=\"og:title\" content=\"Trepte \u0219i Contratrepte Andezit Pietroasa - Acasa - Granito\" \/>\n<meta property=\"og:description\" content=\"Treptele \u0219i contratreptele noastre sunt concepute s\u0103 aduc\u0103 un plus de valoare estetic\u0103 \u0219i practic\u0103 sc\u0103rilor indiferent de loca\u021bie, interior sau exterior.   Cu o varietate de materiale \u0219i finisaje la alegere, ele sunt adaptabile pentru a \u00eendeplini cerin\u021bele specifice ale fiec\u0103rei case, ad\u0103ug\u00e2nd un accent de durabilitate \u0219i rafinament.\" \/>\n<meta property=\"og:url\" content=\"https:\/\/granito.ro\/en\/product\/trepte-si-contratrepte-andezit-pietroasa\/\" \/>\n<meta property=\"og:site_name\" content=\"Acasa - Granito\" \/>\n<meta property=\"article:publisher\" content=\"https:\/\/www.facebook.com\/granito.ro\" \/>\n<meta property=\"article:modified_time\" content=\"2025-04-24T20:38:30+00:00\" \/>\n<meta property=\"og:image\" content=\"https:\/\/granito.ro\/en\/wp-content\/uploads\/2024\/11\/0000s_0053_TREPTE_SI_CONTRATREPTE_ANDEZIT_PIETROASA_CLOSE-768x768.png\" \/>\n\t<meta property=\"og:image:width\" content=\"768\" \/>\n\t<meta property=\"og:image:height\" content=\"768\" \/>\n\t<meta property=\"og:image:type\" content=\"image\/png\" \/>\n<meta name=\"twitter:card\" content=\"summary_large_image\" \/>\n<meta name=\"twitter:label1\" content=\"Est. reading time\" \/>\n\t<meta name=\"twitter:data1\" content=\"1 minute\" \/>\n<script type=\"application\/ld+json\" class=\"yoast-schema-graph\">{\"@context\":\"https:\\\/\\\/schema.org\",\"@graph\":[{\"@type\":\"WebPage\",\"@id\":\"https:\\\/\\\/granito.ro\\\/en\\\/product\\\/trepte-si-contratrepte-andezit-pietroasa\\\/\",\"url\":\"https:\\\/\\\/granito.ro\\\/en\\\/product\\\/trepte-si-contratrepte-andezit-pietroasa\\\/\",\"name\":\"Trepte \u0219i Contratrepte Andezit Pietroasa - Acasa - Granito\",\"isPartOf\":{\"@id\":\"https:\\\/\\\/granito.ro\\\/en\\\/#website\"},\"primaryImageOfPage\":{\"@id\":\"https:\\\/\\\/granito.ro\\\/en\\\/product\\\/trepte-si-contratrepte-andezit-pietroasa\\\/#primaryimage\"},\"image\":{\"@id\":\"https:\\\/\\\/granito.ro\\\/en\\\/product\\\/trepte-si-contratrepte-andezit-pietroasa\\\/#primaryimage\"},\"thumbnailUrl\":\"https:\\\/\\\/granito.ro\\\/en\\\/wp-content\\\/uploads\\\/2024\\\/11\\\/0000s_0053_TREPTE_SI_CONTRATREPTE_ANDEZIT_PIETROASA_CLOSE.png\",\"datePublished\":\"2024-07-16T10:43:55+00:00\",\"dateModified\":\"2025-04-24T20:38:30+00:00\",\"breadcrumb\":{\"@id\":\"https:\\\/\\\/granito.ro\\\/en\\\/product\\\/trepte-si-contratrepte-andezit-pietroasa\\\/#breadcrumb\"},\"inLanguage\":\"en-US\",\"potentialAction\":[{\"@type\":\"ReadAction\",\"target\":[\"https:\\\/\\\/granito.ro\\\/en\\\/product\\\/trepte-si-contratrepte-andezit-pietroasa\\\/\"]}]},{\"@type\":\"ImageObject\",\"inLanguage\":\"en-US\",\"@id\":\"https:\\\/\\\/granito.ro\\\/en\\\/product\\\/trepte-si-contratrepte-andezit-pietroasa\\\/#primaryimage\",\"url\":\"https:\\\/\\\/granito.ro\\\/en\\\/wp-content\\\/uploads\\\/2024\\\/11\\\/0000s_0053_TREPTE_SI_CONTRATREPTE_ANDEZIT_PIETROASA_CLOSE.png\",\"contentUrl\":\"https:\\\/\\\/granito.ro\\\/en\\\/wp-content\\\/uploads\\\/2024\\\/11\\\/0000s_0053_TREPTE_SI_CONTRATREPTE_ANDEZIT_PIETROASA_CLOSE.png\",\"width\":1920,\"height\":1920},{\"@type\":\"BreadcrumbList\",\"@id\":\"https:\\\/\\\/granito.ro\\\/en\\\/product\\\/trepte-si-contratrepte-andezit-pietroasa\\\/#breadcrumb\",\"itemListElement\":[{\"@type\":\"ListItem\",\"position\":1,\"name\":\"Prima pagin\u0103\",\"item\":\"https:\\\/\\\/granito.ro\\\/en\\\/\"},{\"@type\":\"ListItem\",\"position\":2,\"name\":\"Materiale\",\"item\":\"https:\\\/\\\/granito.ro\\\/en\\\/materiale\\\/\"},{\"@type\":\"ListItem\",\"position\":3,\"name\":\"Trepte \u0219i Contratrepte Andezit Pietroasa\"}]},{\"@type\":\"WebSite\",\"@id\":\"https:\\\/\\\/granito.ro\\\/en\\\/#website\",\"url\":\"https:\\\/\\\/granito.ro\\\/en\\\/\",\"name\":\"Granito\",\"description\":\"\",\"publisher\":{\"@id\":\"https:\\\/\\\/granito.ro\\\/en\\\/#organization\"},\"potentialAction\":[{\"@type\":\"SearchAction\",\"target\":{\"@type\":\"EntryPoint\",\"urlTemplate\":\"https:\\\/\\\/granito.ro\\\/en\\\/?s={search_term_string}\"},\"query-input\":{\"@type\":\"PropertyValueSpecification\",\"valueRequired\":true,\"valueName\":\"search_term_string\"}}],\"inLanguage\":\"en-US\"},{\"@type\":\"Organization\",\"@id\":\"https:\\\/\\\/granito.ro\\\/en\\\/#organization\",\"name\":\"Granito\",\"url\":\"https:\\\/\\\/granito.ro\\\/en\\\/\",\"logo\":{\"@type\":\"ImageObject\",\"inLanguage\":\"en-US\",\"@id\":\"https:\\\/\\\/granito.ro\\\/en\\\/#\\\/schema\\\/logo\\\/image\\\/\",\"url\":\"https:\\\/\\\/granito.ro\\\/en\\\/wp-content\\\/uploads\\\/2024\\\/08\\\/Untitled-1.png\",\"contentUrl\":\"https:\\\/\\\/granito.ro\\\/en\\\/wp-content\\\/uploads\\\/2024\\\/08\\\/Untitled-1.png\",\"width\":500,\"height\":112,\"caption\":\"Granito\"},\"image\":{\"@id\":\"https:\\\/\\\/granito.ro\\\/en\\\/#\\\/schema\\\/logo\\\/image\\\/\"},\"sameAs\":[\"https:\\\/\\\/www.facebook.com\\\/granito.ro\",\"http:\\\/\\\/instagram.com\\\/granito.ro\"]}]}<\/script>\n<!-- \/ Yoast SEO plugin. -->","yoast_head_json":{"title":"Granito","robots":{"index":"index","follow":"follow","max-snippet":"max-snippet:-1","max-image-preview":"max-image-preview:large","max-video-preview":"max-video-preview:-1"},"canonical":"https:\/\/granito.ro\/en\/product\/trepte-si-contratrepte-andezit-pietroasa\/","og_locale":"en_US","og_type":"article","og_title":"Trepte \u0219i Contratrepte Andezit Pietroasa - Acasa - Granito","og_description":"Treptele \u0219i contratreptele noastre sunt concepute s\u0103 aduc\u0103 un plus de valoare estetic\u0103 \u0219i practic\u0103 sc\u0103rilor indiferent de loca\u021bie, interior sau exterior.   Cu o varietate de materiale \u0219i finisaje la alegere, ele sunt adaptabile pentru a \u00eendeplini cerin\u021bele specifice ale fiec\u0103rei case, ad\u0103ug\u00e2nd un accent de durabilitate \u0219i rafinament.","og_url":"https:\/\/granito.ro\/en\/product\/trepte-si-contratrepte-andezit-pietroasa\/","og_site_name":"Acasa - Granito","article_publisher":"https:\/\/www.facebook.com\/granito.ro","article_modified_time":"2025-04-24T20:38:30+00:00","og_image":[{"width":768,"height":768,"url":"https:\/\/granito.ro\/en\/wp-content\/uploads\/2024\/11\/0000s_0053_TREPTE_SI_CONTRATREPTE_ANDEZIT_PIETROASA_CLOSE-768x768.png","type":"image\/png"}],"twitter_card":"summary_large_image","twitter_misc":{"Est. reading time":"1 minute"},"schema":{"@context":"https:\/\/schema.org","@graph":[{"@type":"WebPage","@id":"https:\/\/granito.ro\/en\/product\/trepte-si-contratrepte-andezit-pietroasa\/","url":"https:\/\/granito.ro\/en\/product\/trepte-si-contratrepte-andezit-pietroasa\/","name":"Trepte \u0219i Contratrepte Andezit Pietroasa - Acasa - Granito","isPartOf":{"@id":"https:\/\/granito.ro\/en\/#website"},"primaryImageOfPage":{"@id":"https:\/\/granito.ro\/en\/product\/trepte-si-contratrepte-andezit-pietroasa\/#primaryimage"},"image":{"@id":"https:\/\/granito.ro\/en\/product\/trepte-si-contratrepte-andezit-pietroasa\/#primaryimage"},"thumbnailUrl":"https:\/\/granito.ro\/en\/wp-content\/uploads\/2024\/11\/0000s_0053_TREPTE_SI_CONTRATREPTE_ANDEZIT_PIETROASA_CLOSE.png","datePublished":"2024-07-16T10:43:55+00:00","dateModified":"2025-04-24T20:38:30+00:00","breadcrumb":{"@id":"https:\/\/granito.ro\/en\/product\/trepte-si-contratrepte-andezit-pietroasa\/#breadcrumb"},"inLanguage":"en-US","potentialAction":[{"@type":"ReadAction","target":["https:\/\/granito.ro\/en\/product\/trepte-si-contratrepte-andezit-pietroasa\/"]}]},{"@type":"ImageObject","inLanguage":"en-US","@id":"https:\/\/granito.ro\/en\/product\/trepte-si-contratrepte-andezit-pietroasa\/#primaryimage","url":"https:\/\/granito.ro\/en\/wp-content\/uploads\/2024\/11\/0000s_0053_TREPTE_SI_CONTRATREPTE_ANDEZIT_PIETROASA_CLOSE.png","contentUrl":"https:\/\/granito.ro\/en\/wp-content\/uploads\/2024\/11\/0000s_0053_TREPTE_SI_CONTRATREPTE_ANDEZIT_PIETROASA_CLOSE.png","width":1920,"height":1920},{"@type":"BreadcrumbList","@id":"https:\/\/granito.ro\/en\/product\/trepte-si-contratrepte-andezit-pietroasa\/#breadcrumb","itemListElement":[{"@type":"ListItem","position":1,"name":"Prima pagin\u0103","item":"https:\/\/granito.ro\/en\/"},{"@type":"ListItem","position":2,"name":"Materiale","item":"https:\/\/granito.ro\/en\/materiale\/"},{"@type":"ListItem","position":3,"name":"Trepte \u0219i Contratrepte Andezit Pietroasa"}]},{"@type":"WebSite","@id":"https:\/\/granito.ro\/en\/#website","url":"https:\/\/granito.ro\/en\/","name":"Granito","description":"","publisher":{"@id":"https:\/\/granito.ro\/en\/#organization"},"potentialAction":[{"@type":"SearchAction","target":{"@type":"EntryPoint","urlTemplate":"https:\/\/granito.ro\/en\/?s={search_term_string}"},"query-input":{"@type":"PropertyValueSpecification","valueRequired":true,"valueName":"search_term_string"}}],"inLanguage":"en-US"},{"@type":"Organization","@id":"https:\/\/granito.ro\/en\/#organization","name":"Granito","url":"https:\/\/granito.ro\/en\/","logo":{"@type":"ImageObject","inLanguage":"en-US","@id":"https:\/\/granito.ro\/en\/#\/schema\/logo\/image\/","url":"https:\/\/granito.ro\/en\/wp-content\/uploads\/2024\/08\/Untitled-1.png","contentUrl":"https:\/\/granito.ro\/en\/wp-content\/uploads\/2024\/08\/Untitled-1.png","width":500,"height":112,"caption":"Granito"},"image":{"@id":"https:\/\/granito.ro\/en\/#\/schema\/logo\/image\/"},"sameAs":["https:\/\/www.facebook.com\/granito.ro","http:\/\/instagram.com\/granito.ro"]}]}},"_links":{"self":[{"href":"https:\/\/granito.ro\/en\/wp-json\/wp\/v2\/product\/3281","targetHints":{"allow":["GET"]}}],"collection":[{"href":"https:\/\/granito.ro\/en\/wp-json\/wp\/v2\/product"}],"about":[{"href":"https:\/\/granito.ro\/en\/wp-json\/wp\/v2\/types\/product"}],"wp:featuredmedia":[{"embeddable":true,"href":"https:\/\/granito.ro\/en\/wp-json\/wp\/v2\/media\/5711"}],"wp:attachment":[{"href":"https:\/\/granito.ro\/en\/wp-json\/wp\/v2\/media?parent=3281"}],"wp:term":[{"taxonomy":"product_brand","embeddable":true,"href":"https:\/\/granito.ro\/en\/wp-json\/wp\/v2\/product_brand?post=3281"},{"taxonomy":"product_cat","embeddable":true,"href":"https:\/\/granito.ro\/en\/wp-json\/wp\/v2\/product_cat?post=3281"},{"taxonomy":"product_tag","embeddable":true,"href":"https:\/\/granito.ro\/en\/wp-json\/wp\/v2\/product_tag?post=3281"}],"curies":[{"name":"wp","href":"https:\/\/api.w.org\/{rel}","templated":true}]}}