
{"id":3258,"date":"2024-07-15T20:19:34","date_gmt":"2024-07-15T20:19:34","guid":{"rendered":"https:\/\/granito.ro\/?post_type=product&#038;p=3258"},"modified":"2025-04-25T06:50:18","modified_gmt":"2025-04-25T06:50:18","slug":"glafuri-granit-blue-night","status":"publish","type":"product","link":"https:\/\/granito.ro\/en\/product\/glafuri-granit-blue-night\/","title":{"rendered":"Glafuri Granit Blue Night"},"content":{"rendered":"<p>Granitul Blue Night este cunoscut pentru ad\u00e2ncimea culorii sale negre \u00eembog\u0103\u021bit\u0103 cu modele de vene albe \u0219i gri care par s\u0103 aduc\u0103 la via\u021b\u0103 suprafa\u021ba pietrei. Suprafa\u021ba lustruit\u0103 a granitului Blue Night poate reflecta lumina, ad\u0103ug\u00e2nd o dimensiune vizual\u0103 suplimentar\u0103 \u0219i o str\u0103lucire subtil\u0103 \u00een spa\u021biile \u00een care este folosit.<\/p>\n<p>De\u0219i este un material cu un aspect destul de dominant, se potrive\u0219te cu o varietate de scheme de culori \u0219i stiluri de decor, de la cele clasice la moderne.<\/p>\n<p><b>Piatra natural\u0103 prezint\u0103 varia\u021bii de nuan\u021b\u0103, motiv pentru care imaginile de prezentare au un caracter strict informativ \u0219i pot s\u0103 nu reflecte cu exactitate aspectul real al produsului.<\/b><\/p>\n<p><br style=\"font-weight: 400;\" \/><br style=\"font-weight: 400;\" \/><\/p>\n","protected":false},"excerpt":{"rendered":"<p><span style=\"font-weight: 400;\">Construite din materiale selectate pentru rezisten\u021ba \u0219i frumuse\u021bea lor, glafurile noastre completeaz\u0103 perfect at\u00e2t interioarele, c\u00e2t \u0219i exterioarele.\u00a0<\/span><\/p>\n<p><span style=\"font-weight: 400;\">Ele adaug\u0103 nu doar un strat de protec\u021bie, dar \u0219i unul de estetic\u0103 \u00eembun\u0103t\u0103\u021bit\u0103, fiind realizate pentru a se integra armonios cu arhitectura spa\u021biului.<\/span><\/p>\n<p><br style=\"font-weight: 400;\" \/><br style=\"font-weight: 400;\" \/><br style=\"font-weight: 400;\" \/><br style=\"font-weight: 400;\" \/><\/p>\n","protected":false},"featured_media":4728,"template":"","meta":{"_eb_attr":""},"product_brand":[],"product_cat":[100],"product_tag":[125],"class_list":{"0":"post-3258","1":"product","2":"type-product","3":"status-publish","4":"has-post-thumbnail","6":"product_cat-glafuri","7":"product_tag-glafuri","9":"first","10":"outofstock","11":"shipping-taxable","12":"purchasable","13":"product-type-simple"},"yoast_head":"<!-- This site is optimized with the Yoast SEO plugin v27.4 - https:\/\/yoast.com\/product\/yoast-seo-wordpress\/ -->\n<title>Granito<\/title>\n<meta name=\"robots\" content=\"index, follow, max-snippet:-1, max-image-preview:large, max-video-preview:-1\" \/>\n<link rel=\"canonical\" href=\"https:\/\/granito.ro\/en\/product\/glafuri-granit-blue-night\/\" \/>\n<meta property=\"og:locale\" content=\"en_US\" \/>\n<meta property=\"og:type\" content=\"article\" \/>\n<meta property=\"og:title\" content=\"Glafuri Granit Blue Night - Acasa - Granito\" \/>\n<meta property=\"og:description\" content=\"Construite din materiale selectate pentru rezisten\u021ba \u0219i frumuse\u021bea lor, glafurile noastre completeaz\u0103 perfect at\u00e2t interioarele, c\u00e2t \u0219i exterioarele.\u00a0  Ele adaug\u0103 nu doar un strat de protec\u021bie, dar \u0219i unul de estetic\u0103 \u00eembun\u0103t\u0103\u021bit\u0103, fiind realizate pentru a se integra armonios cu arhitectura spa\u021biului.\" \/>\n<meta property=\"og:url\" content=\"https:\/\/granito.ro\/en\/product\/glafuri-granit-blue-night\/\" \/>\n<meta property=\"og:site_name\" content=\"Acasa - Granito\" \/>\n<meta property=\"article:publisher\" content=\"https:\/\/www.facebook.com\/granito.ro\" \/>\n<meta property=\"article:modified_time\" content=\"2025-04-25T06:50:18+00:00\" \/>\n<meta property=\"og:image\" content=\"https:\/\/granito.ro\/en\/wp-content\/uploads\/2024\/11\/0000s_0059_GLAFURI_GRANIT_BLUE_NIGHT.001.png\" \/>\n\t<meta property=\"og:image:width\" content=\"1620\" \/>\n\t<meta property=\"og:image:height\" content=\"1620\" \/>\n\t<meta property=\"og:image:type\" content=\"image\/png\" \/>\n<meta name=\"twitter:card\" content=\"summary_large_image\" \/>\n<meta name=\"twitter:label1\" content=\"Est. reading time\" \/>\n\t<meta name=\"twitter:data1\" content=\"1 minute\" \/>\n<script type=\"application\/ld+json\" class=\"yoast-schema-graph\">{\"@context\":\"https:\\\/\\\/schema.org\",\"@graph\":[{\"@type\":\"WebPage\",\"@id\":\"https:\\\/\\\/granito.ro\\\/en\\\/product\\\/glafuri-granit-blue-night\\\/\",\"url\":\"https:\\\/\\\/granito.ro\\\/en\\\/product\\\/glafuri-granit-blue-night\\\/\",\"name\":\"Glafuri Granit Blue Night - Acasa - Granito\",\"isPartOf\":{\"@id\":\"https:\\\/\\\/granito.ro\\\/en\\\/#website\"},\"primaryImageOfPage\":{\"@id\":\"https:\\\/\\\/granito.ro\\\/en\\\/product\\\/glafuri-granit-blue-night\\\/#primaryimage\"},\"image\":{\"@id\":\"https:\\\/\\\/granito.ro\\\/en\\\/product\\\/glafuri-granit-blue-night\\\/#primaryimage\"},\"thumbnailUrl\":\"https:\\\/\\\/granito.ro\\\/en\\\/wp-content\\\/uploads\\\/2024\\\/11\\\/0000s_0059_GLAFURI_GRANIT_BLUE_NIGHT.001.png\",\"datePublished\":\"2024-07-15T20:19:34+00:00\",\"dateModified\":\"2025-04-25T06:50:18+00:00\",\"breadcrumb\":{\"@id\":\"https:\\\/\\\/granito.ro\\\/en\\\/product\\\/glafuri-granit-blue-night\\\/#breadcrumb\"},\"inLanguage\":\"en-US\",\"potentialAction\":[{\"@type\":\"ReadAction\",\"target\":[\"https:\\\/\\\/granito.ro\\\/en\\\/product\\\/glafuri-granit-blue-night\\\/\"]}]},{\"@type\":\"ImageObject\",\"inLanguage\":\"en-US\",\"@id\":\"https:\\\/\\\/granito.ro\\\/en\\\/product\\\/glafuri-granit-blue-night\\\/#primaryimage\",\"url\":\"https:\\\/\\\/granito.ro\\\/en\\\/wp-content\\\/uploads\\\/2024\\\/11\\\/0000s_0059_GLAFURI_GRANIT_BLUE_NIGHT.001.png\",\"contentUrl\":\"https:\\\/\\\/granito.ro\\\/en\\\/wp-content\\\/uploads\\\/2024\\\/11\\\/0000s_0059_GLAFURI_GRANIT_BLUE_NIGHT.001.png\",\"width\":1620,\"height\":1620},{\"@type\":\"BreadcrumbList\",\"@id\":\"https:\\\/\\\/granito.ro\\\/en\\\/product\\\/glafuri-granit-blue-night\\\/#breadcrumb\",\"itemListElement\":[{\"@type\":\"ListItem\",\"position\":1,\"name\":\"Prima pagin\u0103\",\"item\":\"https:\\\/\\\/granito.ro\\\/en\\\/\"},{\"@type\":\"ListItem\",\"position\":2,\"name\":\"Materiale\",\"item\":\"https:\\\/\\\/granito.ro\\\/en\\\/materiale\\\/\"},{\"@type\":\"ListItem\",\"position\":3,\"name\":\"Glafuri Granit Blue Night\"}]},{\"@type\":\"WebSite\",\"@id\":\"https:\\\/\\\/granito.ro\\\/en\\\/#website\",\"url\":\"https:\\\/\\\/granito.ro\\\/en\\\/\",\"name\":\"Granito\",\"description\":\"\",\"publisher\":{\"@id\":\"https:\\\/\\\/granito.ro\\\/en\\\/#organization\"},\"potentialAction\":[{\"@type\":\"SearchAction\",\"target\":{\"@type\":\"EntryPoint\",\"urlTemplate\":\"https:\\\/\\\/granito.ro\\\/en\\\/?s={search_term_string}\"},\"query-input\":{\"@type\":\"PropertyValueSpecification\",\"valueRequired\":true,\"valueName\":\"search_term_string\"}}],\"inLanguage\":\"en-US\"},{\"@type\":\"Organization\",\"@id\":\"https:\\\/\\\/granito.ro\\\/en\\\/#organization\",\"name\":\"Granito\",\"url\":\"https:\\\/\\\/granito.ro\\\/en\\\/\",\"logo\":{\"@type\":\"ImageObject\",\"inLanguage\":\"en-US\",\"@id\":\"https:\\\/\\\/granito.ro\\\/en\\\/#\\\/schema\\\/logo\\\/image\\\/\",\"url\":\"https:\\\/\\\/granito.ro\\\/en\\\/wp-content\\\/uploads\\\/2024\\\/08\\\/Untitled-1.png\",\"contentUrl\":\"https:\\\/\\\/granito.ro\\\/en\\\/wp-content\\\/uploads\\\/2024\\\/08\\\/Untitled-1.png\",\"width\":500,\"height\":112,\"caption\":\"Granito\"},\"image\":{\"@id\":\"https:\\\/\\\/granito.ro\\\/en\\\/#\\\/schema\\\/logo\\\/image\\\/\"},\"sameAs\":[\"https:\\\/\\\/www.facebook.com\\\/granito.ro\",\"http:\\\/\\\/instagram.com\\\/granito.ro\"]}]}<\/script>\n<!-- \/ Yoast SEO plugin. -->","yoast_head_json":{"title":"Granito","robots":{"index":"index","follow":"follow","max-snippet":"max-snippet:-1","max-image-preview":"max-image-preview:large","max-video-preview":"max-video-preview:-1"},"canonical":"https:\/\/granito.ro\/en\/product\/glafuri-granit-blue-night\/","og_locale":"en_US","og_type":"article","og_title":"Glafuri Granit Blue Night - Acasa - Granito","og_description":"Construite din materiale selectate pentru rezisten\u021ba \u0219i frumuse\u021bea lor, glafurile noastre completeaz\u0103 perfect at\u00e2t interioarele, c\u00e2t \u0219i exterioarele.\u00a0  Ele adaug\u0103 nu doar un strat de protec\u021bie, dar \u0219i unul de estetic\u0103 \u00eembun\u0103t\u0103\u021bit\u0103, fiind realizate pentru a se integra armonios cu arhitectura spa\u021biului.","og_url":"https:\/\/granito.ro\/en\/product\/glafuri-granit-blue-night\/","og_site_name":"Acasa - Granito","article_publisher":"https:\/\/www.facebook.com\/granito.ro","article_modified_time":"2025-04-25T06:50:18+00:00","og_image":[{"width":1620,"height":1620,"url":"https:\/\/granito.ro\/en\/wp-content\/uploads\/2024\/11\/0000s_0059_GLAFURI_GRANIT_BLUE_NIGHT.001.png","type":"image\/png"}],"twitter_card":"summary_large_image","twitter_misc":{"Est. reading time":"1 minute"},"schema":{"@context":"https:\/\/schema.org","@graph":[{"@type":"WebPage","@id":"https:\/\/granito.ro\/en\/product\/glafuri-granit-blue-night\/","url":"https:\/\/granito.ro\/en\/product\/glafuri-granit-blue-night\/","name":"Glafuri Granit Blue Night - Acasa - Granito","isPartOf":{"@id":"https:\/\/granito.ro\/en\/#website"},"primaryImageOfPage":{"@id":"https:\/\/granito.ro\/en\/product\/glafuri-granit-blue-night\/#primaryimage"},"image":{"@id":"https:\/\/granito.ro\/en\/product\/glafuri-granit-blue-night\/#primaryimage"},"thumbnailUrl":"https:\/\/granito.ro\/en\/wp-content\/uploads\/2024\/11\/0000s_0059_GLAFURI_GRANIT_BLUE_NIGHT.001.png","datePublished":"2024-07-15T20:19:34+00:00","dateModified":"2025-04-25T06:50:18+00:00","breadcrumb":{"@id":"https:\/\/granito.ro\/en\/product\/glafuri-granit-blue-night\/#breadcrumb"},"inLanguage":"en-US","potentialAction":[{"@type":"ReadAction","target":["https:\/\/granito.ro\/en\/product\/glafuri-granit-blue-night\/"]}]},{"@type":"ImageObject","inLanguage":"en-US","@id":"https:\/\/granito.ro\/en\/product\/glafuri-granit-blue-night\/#primaryimage","url":"https:\/\/granito.ro\/en\/wp-content\/uploads\/2024\/11\/0000s_0059_GLAFURI_GRANIT_BLUE_NIGHT.001.png","contentUrl":"https:\/\/granito.ro\/en\/wp-content\/uploads\/2024\/11\/0000s_0059_GLAFURI_GRANIT_BLUE_NIGHT.001.png","width":1620,"height":1620},{"@type":"BreadcrumbList","@id":"https:\/\/granito.ro\/en\/product\/glafuri-granit-blue-night\/#breadcrumb","itemListElement":[{"@type":"ListItem","position":1,"name":"Prima pagin\u0103","item":"https:\/\/granito.ro\/en\/"},{"@type":"ListItem","position":2,"name":"Materiale","item":"https:\/\/granito.ro\/en\/materiale\/"},{"@type":"ListItem","position":3,"name":"Glafuri Granit Blue Night"}]},{"@type":"WebSite","@id":"https:\/\/granito.ro\/en\/#website","url":"https:\/\/granito.ro\/en\/","name":"Granito","description":"","publisher":{"@id":"https:\/\/granito.ro\/en\/#organization"},"potentialAction":[{"@type":"SearchAction","target":{"@type":"EntryPoint","urlTemplate":"https:\/\/granito.ro\/en\/?s={search_term_string}"},"query-input":{"@type":"PropertyValueSpecification","valueRequired":true,"valueName":"search_term_string"}}],"inLanguage":"en-US"},{"@type":"Organization","@id":"https:\/\/granito.ro\/en\/#organization","name":"Granito","url":"https:\/\/granito.ro\/en\/","logo":{"@type":"ImageObject","inLanguage":"en-US","@id":"https:\/\/granito.ro\/en\/#\/schema\/logo\/image\/","url":"https:\/\/granito.ro\/en\/wp-content\/uploads\/2024\/08\/Untitled-1.png","contentUrl":"https:\/\/granito.ro\/en\/wp-content\/uploads\/2024\/08\/Untitled-1.png","width":500,"height":112,"caption":"Granito"},"image":{"@id":"https:\/\/granito.ro\/en\/#\/schema\/logo\/image\/"},"sameAs":["https:\/\/www.facebook.com\/granito.ro","http:\/\/instagram.com\/granito.ro"]}]}},"_links":{"self":[{"href":"https:\/\/granito.ro\/en\/wp-json\/wp\/v2\/product\/3258","targetHints":{"allow":["GET"]}}],"collection":[{"href":"https:\/\/granito.ro\/en\/wp-json\/wp\/v2\/product"}],"about":[{"href":"https:\/\/granito.ro\/en\/wp-json\/wp\/v2\/types\/product"}],"wp:featuredmedia":[{"embeddable":true,"href":"https:\/\/granito.ro\/en\/wp-json\/wp\/v2\/media\/4728"}],"wp:attachment":[{"href":"https:\/\/granito.ro\/en\/wp-json\/wp\/v2\/media?parent=3258"}],"wp:term":[{"taxonomy":"product_brand","embeddable":true,"href":"https:\/\/granito.ro\/en\/wp-json\/wp\/v2\/product_brand?post=3258"},{"taxonomy":"product_cat","embeddable":true,"href":"https:\/\/granito.ro\/en\/wp-json\/wp\/v2\/product_cat?post=3258"},{"taxonomy":"product_tag","embeddable":true,"href":"https:\/\/granito.ro\/en\/wp-json\/wp\/v2\/product_tag?post=3258"}],"curies":[{"name":"wp","href":"https:\/\/api.w.org\/{rel}","templated":true}]}}