
{"id":3247,"date":"2024-07-15T20:13:41","date_gmt":"2024-07-15T20:13:41","guid":{"rendered":"https:\/\/granito.ro\/?post_type=product&#038;p=3247"},"modified":"2025-04-25T07:49:44","modified_gmt":"2025-04-25T07:49:44","slug":"glafuri-marmura-ruschita-roz-intens","status":"publish","type":"product","link":"https:\/\/granito.ro\/en\/product\/glafuri-marmura-ruschita-roz-intens\/","title":{"rendered":"Glafuri Marmur\u0103 Ru\u0219chi\u021ba Roz-Intens"},"content":{"rendered":"<p><span style=\"font-weight: 400;\">Marmura Ruschita Roz-Intens se distinge prin tonuri vibrante de roz care \u00eei confer\u0103 o prezen\u021b\u0103 dramatic\u0103 \u0219i artistic\u0103. Este o alegere \u00eendr\u0103znea\u021b\u0103 care injecteaz\u0103 vitalitate \u0219i un caracter distinctiv \u00een orice spa\u021biu.<\/span><\/p>\n<p><b>Piatra natural\u0103 prezint\u0103 varia\u021bii de nuan\u021b\u0103, motiv pentru care imaginile de prezentare au un caracter strict informativ \u0219i pot s\u0103 nu reflecte cu exactitate aspectul real al produsului.<\/b><\/p>\n<p><br style=\"font-weight: 400;\" \/><br style=\"font-weight: 400;\" \/><\/p>\n","protected":false},"excerpt":{"rendered":"<p><span style=\"font-weight: 400;\">Construite din materiale selectate pentru rezisten\u021ba \u0219i frumuse\u021bea lor, glafurile noastre completeaz\u0103 perfect at\u00e2t interioarele, c\u00e2t \u0219i exterioarele.\u00a0<\/span><\/p>\n<p><span style=\"font-weight: 400;\">Ele adaug\u0103 nu doar un strat de protec\u021bie, dar \u0219i unul de estetic\u0103 \u00eembun\u0103t\u0103\u021bit\u0103, fiind realizate pentru a se integra armonios cu arhitectura spa\u021biului.<\/span><\/p>\n<p><br style=\"font-weight: 400;\" \/><br style=\"font-weight: 400;\" \/><br style=\"font-weight: 400;\" \/><br style=\"font-weight: 400;\" \/><\/p>\n","protected":false},"featured_media":4688,"template":"","meta":{"_eb_attr":""},"product_brand":[],"product_cat":[100],"product_tag":[125],"class_list":{"0":"post-3247","1":"product","2":"type-product","3":"status-publish","4":"has-post-thumbnail","6":"product_cat-glafuri","7":"product_tag-glafuri","9":"first","10":"outofstock","11":"shipping-taxable","12":"purchasable","13":"product-type-simple"},"yoast_head":"<!-- This site is optimized with the Yoast SEO plugin v27.4 - https:\/\/yoast.com\/product\/yoast-seo-wordpress\/ -->\n<title>Granito<\/title>\n<meta name=\"robots\" content=\"index, follow, max-snippet:-1, max-image-preview:large, max-video-preview:-1\" \/>\n<link rel=\"canonical\" href=\"https:\/\/granito.ro\/en\/product\/glafuri-marmura-ruschita-roz-intens\/\" \/>\n<meta property=\"og:locale\" content=\"en_US\" \/>\n<meta property=\"og:type\" content=\"article\" \/>\n<meta property=\"og:title\" content=\"Glafuri Marmur\u0103 Ru\u0219chi\u021ba Roz-Intens - Acasa - Granito\" \/>\n<meta property=\"og:description\" content=\"Construite din materiale selectate pentru rezisten\u021ba \u0219i frumuse\u021bea lor, glafurile noastre completeaz\u0103 perfect at\u00e2t interioarele, c\u00e2t \u0219i exterioarele.\u00a0  Ele adaug\u0103 nu doar un strat de protec\u021bie, dar \u0219i unul de estetic\u0103 \u00eembun\u0103t\u0103\u021bit\u0103, fiind realizate pentru a se integra armonios cu arhitectura spa\u021biului.\" \/>\n<meta property=\"og:url\" content=\"https:\/\/granito.ro\/en\/product\/glafuri-marmura-ruschita-roz-intens\/\" \/>\n<meta property=\"og:site_name\" content=\"Acasa - Granito\" \/>\n<meta property=\"article:publisher\" content=\"https:\/\/www.facebook.com\/granito.ro\" \/>\n<meta property=\"article:modified_time\" content=\"2025-04-25T07:49:44+00:00\" \/>\n<meta property=\"og:image\" content=\"https:\/\/granito.ro\/en\/wp-content\/uploads\/2024\/11\/0000s_0019_GLAFURI_MARMURA_RUSCHITA_ROZ_INTENS.012.png\" \/>\n\t<meta property=\"og:image:width\" content=\"1620\" \/>\n\t<meta property=\"og:image:height\" content=\"1620\" \/>\n\t<meta property=\"og:image:type\" content=\"image\/png\" \/>\n<meta name=\"twitter:card\" content=\"summary_large_image\" \/>\n<script type=\"application\/ld+json\" class=\"yoast-schema-graph\">{\"@context\":\"https:\\\/\\\/schema.org\",\"@graph\":[{\"@type\":\"WebPage\",\"@id\":\"https:\\\/\\\/granito.ro\\\/en\\\/product\\\/glafuri-marmura-ruschita-roz-intens\\\/\",\"url\":\"https:\\\/\\\/granito.ro\\\/en\\\/product\\\/glafuri-marmura-ruschita-roz-intens\\\/\",\"name\":\"Glafuri Marmur\u0103 Ru\u0219chi\u021ba Roz-Intens - Acasa - Granito\",\"isPartOf\":{\"@id\":\"https:\\\/\\\/granito.ro\\\/en\\\/#website\"},\"primaryImageOfPage\":{\"@id\":\"https:\\\/\\\/granito.ro\\\/en\\\/product\\\/glafuri-marmura-ruschita-roz-intens\\\/#primaryimage\"},\"image\":{\"@id\":\"https:\\\/\\\/granito.ro\\\/en\\\/product\\\/glafuri-marmura-ruschita-roz-intens\\\/#primaryimage\"},\"thumbnailUrl\":\"https:\\\/\\\/granito.ro\\\/en\\\/wp-content\\\/uploads\\\/2024\\\/11\\\/0000s_0019_GLAFURI_MARMURA_RUSCHITA_ROZ_INTENS.012.png\",\"datePublished\":\"2024-07-15T20:13:41+00:00\",\"dateModified\":\"2025-04-25T07:49:44+00:00\",\"breadcrumb\":{\"@id\":\"https:\\\/\\\/granito.ro\\\/en\\\/product\\\/glafuri-marmura-ruschita-roz-intens\\\/#breadcrumb\"},\"inLanguage\":\"en-US\",\"potentialAction\":[{\"@type\":\"ReadAction\",\"target\":[\"https:\\\/\\\/granito.ro\\\/en\\\/product\\\/glafuri-marmura-ruschita-roz-intens\\\/\"]}]},{\"@type\":\"ImageObject\",\"inLanguage\":\"en-US\",\"@id\":\"https:\\\/\\\/granito.ro\\\/en\\\/product\\\/glafuri-marmura-ruschita-roz-intens\\\/#primaryimage\",\"url\":\"https:\\\/\\\/granito.ro\\\/en\\\/wp-content\\\/uploads\\\/2024\\\/11\\\/0000s_0019_GLAFURI_MARMURA_RUSCHITA_ROZ_INTENS.012.png\",\"contentUrl\":\"https:\\\/\\\/granito.ro\\\/en\\\/wp-content\\\/uploads\\\/2024\\\/11\\\/0000s_0019_GLAFURI_MARMURA_RUSCHITA_ROZ_INTENS.012.png\",\"width\":1620,\"height\":1620},{\"@type\":\"BreadcrumbList\",\"@id\":\"https:\\\/\\\/granito.ro\\\/en\\\/product\\\/glafuri-marmura-ruschita-roz-intens\\\/#breadcrumb\",\"itemListElement\":[{\"@type\":\"ListItem\",\"position\":1,\"name\":\"Prima pagin\u0103\",\"item\":\"https:\\\/\\\/granito.ro\\\/en\\\/\"},{\"@type\":\"ListItem\",\"position\":2,\"name\":\"Materiale\",\"item\":\"https:\\\/\\\/granito.ro\\\/en\\\/materiale\\\/\"},{\"@type\":\"ListItem\",\"position\":3,\"name\":\"Glafuri Marmur\u0103 Ru\u0219chi\u021ba Roz-Intens\"}]},{\"@type\":\"WebSite\",\"@id\":\"https:\\\/\\\/granito.ro\\\/en\\\/#website\",\"url\":\"https:\\\/\\\/granito.ro\\\/en\\\/\",\"name\":\"Granito\",\"description\":\"\",\"publisher\":{\"@id\":\"https:\\\/\\\/granito.ro\\\/en\\\/#organization\"},\"potentialAction\":[{\"@type\":\"SearchAction\",\"target\":{\"@type\":\"EntryPoint\",\"urlTemplate\":\"https:\\\/\\\/granito.ro\\\/en\\\/?s={search_term_string}\"},\"query-input\":{\"@type\":\"PropertyValueSpecification\",\"valueRequired\":true,\"valueName\":\"search_term_string\"}}],\"inLanguage\":\"en-US\"},{\"@type\":\"Organization\",\"@id\":\"https:\\\/\\\/granito.ro\\\/en\\\/#organization\",\"name\":\"Granito\",\"url\":\"https:\\\/\\\/granito.ro\\\/en\\\/\",\"logo\":{\"@type\":\"ImageObject\",\"inLanguage\":\"en-US\",\"@id\":\"https:\\\/\\\/granito.ro\\\/en\\\/#\\\/schema\\\/logo\\\/image\\\/\",\"url\":\"https:\\\/\\\/granito.ro\\\/en\\\/wp-content\\\/uploads\\\/2024\\\/08\\\/Untitled-1.png\",\"contentUrl\":\"https:\\\/\\\/granito.ro\\\/en\\\/wp-content\\\/uploads\\\/2024\\\/08\\\/Untitled-1.png\",\"width\":500,\"height\":112,\"caption\":\"Granito\"},\"image\":{\"@id\":\"https:\\\/\\\/granito.ro\\\/en\\\/#\\\/schema\\\/logo\\\/image\\\/\"},\"sameAs\":[\"https:\\\/\\\/www.facebook.com\\\/granito.ro\",\"http:\\\/\\\/instagram.com\\\/granito.ro\"]}]}<\/script>\n<!-- \/ Yoast SEO plugin. -->","yoast_head_json":{"title":"Granito","robots":{"index":"index","follow":"follow","max-snippet":"max-snippet:-1","max-image-preview":"max-image-preview:large","max-video-preview":"max-video-preview:-1"},"canonical":"https:\/\/granito.ro\/en\/product\/glafuri-marmura-ruschita-roz-intens\/","og_locale":"en_US","og_type":"article","og_title":"Glafuri Marmur\u0103 Ru\u0219chi\u021ba Roz-Intens - Acasa - Granito","og_description":"Construite din materiale selectate pentru rezisten\u021ba \u0219i frumuse\u021bea lor, glafurile noastre completeaz\u0103 perfect at\u00e2t interioarele, c\u00e2t \u0219i exterioarele.\u00a0  Ele adaug\u0103 nu doar un strat de protec\u021bie, dar \u0219i unul de estetic\u0103 \u00eembun\u0103t\u0103\u021bit\u0103, fiind realizate pentru a se integra armonios cu arhitectura spa\u021biului.","og_url":"https:\/\/granito.ro\/en\/product\/glafuri-marmura-ruschita-roz-intens\/","og_site_name":"Acasa - Granito","article_publisher":"https:\/\/www.facebook.com\/granito.ro","article_modified_time":"2025-04-25T07:49:44+00:00","og_image":[{"width":1620,"height":1620,"url":"https:\/\/granito.ro\/en\/wp-content\/uploads\/2024\/11\/0000s_0019_GLAFURI_MARMURA_RUSCHITA_ROZ_INTENS.012.png","type":"image\/png"}],"twitter_card":"summary_large_image","schema":{"@context":"https:\/\/schema.org","@graph":[{"@type":"WebPage","@id":"https:\/\/granito.ro\/en\/product\/glafuri-marmura-ruschita-roz-intens\/","url":"https:\/\/granito.ro\/en\/product\/glafuri-marmura-ruschita-roz-intens\/","name":"Glafuri Marmur\u0103 Ru\u0219chi\u021ba Roz-Intens - Acasa - Granito","isPartOf":{"@id":"https:\/\/granito.ro\/en\/#website"},"primaryImageOfPage":{"@id":"https:\/\/granito.ro\/en\/product\/glafuri-marmura-ruschita-roz-intens\/#primaryimage"},"image":{"@id":"https:\/\/granito.ro\/en\/product\/glafuri-marmura-ruschita-roz-intens\/#primaryimage"},"thumbnailUrl":"https:\/\/granito.ro\/en\/wp-content\/uploads\/2024\/11\/0000s_0019_GLAFURI_MARMURA_RUSCHITA_ROZ_INTENS.012.png","datePublished":"2024-07-15T20:13:41+00:00","dateModified":"2025-04-25T07:49:44+00:00","breadcrumb":{"@id":"https:\/\/granito.ro\/en\/product\/glafuri-marmura-ruschita-roz-intens\/#breadcrumb"},"inLanguage":"en-US","potentialAction":[{"@type":"ReadAction","target":["https:\/\/granito.ro\/en\/product\/glafuri-marmura-ruschita-roz-intens\/"]}]},{"@type":"ImageObject","inLanguage":"en-US","@id":"https:\/\/granito.ro\/en\/product\/glafuri-marmura-ruschita-roz-intens\/#primaryimage","url":"https:\/\/granito.ro\/en\/wp-content\/uploads\/2024\/11\/0000s_0019_GLAFURI_MARMURA_RUSCHITA_ROZ_INTENS.012.png","contentUrl":"https:\/\/granito.ro\/en\/wp-content\/uploads\/2024\/11\/0000s_0019_GLAFURI_MARMURA_RUSCHITA_ROZ_INTENS.012.png","width":1620,"height":1620},{"@type":"BreadcrumbList","@id":"https:\/\/granito.ro\/en\/product\/glafuri-marmura-ruschita-roz-intens\/#breadcrumb","itemListElement":[{"@type":"ListItem","position":1,"name":"Prima pagin\u0103","item":"https:\/\/granito.ro\/en\/"},{"@type":"ListItem","position":2,"name":"Materiale","item":"https:\/\/granito.ro\/en\/materiale\/"},{"@type":"ListItem","position":3,"name":"Glafuri Marmur\u0103 Ru\u0219chi\u021ba Roz-Intens"}]},{"@type":"WebSite","@id":"https:\/\/granito.ro\/en\/#website","url":"https:\/\/granito.ro\/en\/","name":"Granito","description":"","publisher":{"@id":"https:\/\/granito.ro\/en\/#organization"},"potentialAction":[{"@type":"SearchAction","target":{"@type":"EntryPoint","urlTemplate":"https:\/\/granito.ro\/en\/?s={search_term_string}"},"query-input":{"@type":"PropertyValueSpecification","valueRequired":true,"valueName":"search_term_string"}}],"inLanguage":"en-US"},{"@type":"Organization","@id":"https:\/\/granito.ro\/en\/#organization","name":"Granito","url":"https:\/\/granito.ro\/en\/","logo":{"@type":"ImageObject","inLanguage":"en-US","@id":"https:\/\/granito.ro\/en\/#\/schema\/logo\/image\/","url":"https:\/\/granito.ro\/en\/wp-content\/uploads\/2024\/08\/Untitled-1.png","contentUrl":"https:\/\/granito.ro\/en\/wp-content\/uploads\/2024\/08\/Untitled-1.png","width":500,"height":112,"caption":"Granito"},"image":{"@id":"https:\/\/granito.ro\/en\/#\/schema\/logo\/image\/"},"sameAs":["https:\/\/www.facebook.com\/granito.ro","http:\/\/instagram.com\/granito.ro"]}]}},"_links":{"self":[{"href":"https:\/\/granito.ro\/en\/wp-json\/wp\/v2\/product\/3247","targetHints":{"allow":["GET"]}}],"collection":[{"href":"https:\/\/granito.ro\/en\/wp-json\/wp\/v2\/product"}],"about":[{"href":"https:\/\/granito.ro\/en\/wp-json\/wp\/v2\/types\/product"}],"wp:featuredmedia":[{"embeddable":true,"href":"https:\/\/granito.ro\/en\/wp-json\/wp\/v2\/media\/4688"}],"wp:attachment":[{"href":"https:\/\/granito.ro\/en\/wp-json\/wp\/v2\/media?parent=3247"}],"wp:term":[{"taxonomy":"product_brand","embeddable":true,"href":"https:\/\/granito.ro\/en\/wp-json\/wp\/v2\/product_brand?post=3247"},{"taxonomy":"product_cat","embeddable":true,"href":"https:\/\/granito.ro\/en\/wp-json\/wp\/v2\/product_cat?post=3247"},{"taxonomy":"product_tag","embeddable":true,"href":"https:\/\/granito.ro\/en\/wp-json\/wp\/v2\/product_tag?post=3247"}],"curies":[{"name":"wp","href":"https:\/\/api.w.org\/{rel}","templated":true}]}}