
{"id":3227,"date":"2024-07-15T19:16:23","date_gmt":"2024-07-15T19:16:23","guid":{"rendered":"https:\/\/granito.ro\/?post_type=product&#038;p=3227"},"modified":"2025-04-25T15:11:19","modified_gmt":"2025-04-25T15:11:19","slug":"mese-granit-negru-absolut","status":"publish","type":"product","link":"https:\/\/granito.ro\/en\/product\/mese-granit-negru-absolut\/","title":{"rendered":"Mese Granit Negru Absolut"},"content":{"rendered":"<p>Granitul negru absolut se remarc\u0103 prin culoarea sa profund\u0103 \u0219i uniform\u0103, oferind un aspect elegant \u0219i sofisticat. Aceast\u0103 caracteristic\u0103 distinctiv\u0103 \u00eel face s\u0103 fie foarte apreciat \u00een designul interior \u0219i exterior pentru aspectul s\u0103u rafinat \u0219i atemporal.<\/p>\n<p>Granitul negru absolut poate fi utilizat \u00eentr-o varietate de stiluri de design, de la contemporan \u0219i minimalist p\u00e2n\u0103 la clasic \u0219i luxos. Se \u00eembin\u0103 armonios cu o gam\u0103 larg\u0103 de culori \u0219i materiale, oferind designerilor posibilitatea de a crea spa\u021bii unice \u0219i captivante.<\/p>\n<p><b>Piatra natural\u0103 prezint\u0103 varia\u021bii de nuan\u021b\u0103, motiv pentru care imaginile de prezentare au un caracter strict informativ \u0219i pot s\u0103 nu reflecte cu exactitate aspectul real al produsului.<\/b><\/p>\n<p><br style=\"font-weight: 400;\" \/><br style=\"font-weight: 400;\" \/><\/p>\n","protected":false},"excerpt":{"rendered":"<p><span style=\"font-weight: 400;\">Mesele noastre, realizate din materiale de piatr\u0103 naturale variate, r\u0103spund exigen\u021belor estetice \u0219i func\u021bionale ale vie\u021bii contemporane.<\/span><\/p>\n<p><span style=\"font-weight: 400;\">Indiferent dac\u0103 dori\u021bi o mas\u0103 pentru sufragerie, buc\u0103t\u0103rie sau un spa\u021biu exterior, fiecare este conceput\u0103 pentru a completa \u0219i a \u00eembog\u0103\u021bi decorul \u0219i stilul de via\u021b\u0103 unic al spa\u021biului dumneavoastr\u0103.<\/span><\/p>\n<p><br style=\"font-weight: 400;\" \/><br style=\"font-weight: 400;\" \/><\/p>\n","protected":false},"featured_media":5193,"template":"","meta":{"_eb_attr":""},"product_brand":[],"product_cat":[99],"product_tag":[124],"class_list":{"0":"post-3227","1":"product","2":"type-product","3":"status-publish","4":"has-post-thumbnail","6":"product_cat-mese","7":"product_tag-mese","9":"first","10":"outofstock","11":"shipping-taxable","12":"purchasable","13":"product-type-simple"},"yoast_head":"<!-- This site is optimized with the Yoast SEO plugin v27.4 - https:\/\/yoast.com\/product\/yoast-seo-wordpress\/ -->\n<title>Granito<\/title>\n<meta name=\"robots\" content=\"index, follow, max-snippet:-1, max-image-preview:large, max-video-preview:-1\" \/>\n<link rel=\"canonical\" href=\"https:\/\/granito.ro\/en\/product\/mese-granit-negru-absolut\/\" \/>\n<meta property=\"og:locale\" content=\"en_US\" \/>\n<meta property=\"og:type\" content=\"article\" \/>\n<meta property=\"og:title\" content=\"Mese Granit Negru Absolut - Acasa - Granito\" \/>\n<meta property=\"og:description\" content=\"Mesele noastre, realizate din materiale de piatr\u0103 naturale variate, r\u0103spund exigen\u021belor estetice \u0219i func\u021bionale ale vie\u021bii contemporane.  Indiferent dac\u0103 dori\u021bi o mas\u0103 pentru sufragerie, buc\u0103t\u0103rie sau un spa\u021biu exterior, fiecare este conceput\u0103 pentru a completa \u0219i a \u00eembog\u0103\u021bi decorul \u0219i stilul de via\u021b\u0103 unic al spa\u021biului dumneavoastr\u0103.\" \/>\n<meta property=\"og:url\" content=\"https:\/\/granito.ro\/en\/product\/mese-granit-negru-absolut\/\" \/>\n<meta property=\"og:site_name\" content=\"Acasa - Granito\" \/>\n<meta property=\"article:publisher\" content=\"https:\/\/www.facebook.com\/granito.ro\" \/>\n<meta property=\"article:modified_time\" content=\"2025-04-25T15:11:19+00:00\" \/>\n<meta property=\"og:image\" content=\"https:\/\/granito.ro\/en\/wp-content\/uploads\/2024\/11\/WEB_0000s_0072_MESE_GRANIT-NEGRU-ABSOLUT.050.png\" \/>\n\t<meta property=\"og:image:width\" content=\"1920\" \/>\n\t<meta property=\"og:image:height\" content=\"1920\" \/>\n\t<meta property=\"og:image:type\" content=\"image\/png\" \/>\n<meta name=\"twitter:card\" content=\"summary_large_image\" \/>\n<meta name=\"twitter:label1\" content=\"Est. reading time\" \/>\n\t<meta name=\"twitter:data1\" content=\"1 minute\" \/>\n<script type=\"application\/ld+json\" class=\"yoast-schema-graph\">{\"@context\":\"https:\\\/\\\/schema.org\",\"@graph\":[{\"@type\":\"WebPage\",\"@id\":\"https:\\\/\\\/granito.ro\\\/en\\\/product\\\/mese-granit-negru-absolut\\\/\",\"url\":\"https:\\\/\\\/granito.ro\\\/en\\\/product\\\/mese-granit-negru-absolut\\\/\",\"name\":\"Mese Granit Negru Absolut - Acasa - Granito\",\"isPartOf\":{\"@id\":\"https:\\\/\\\/granito.ro\\\/en\\\/#website\"},\"primaryImageOfPage\":{\"@id\":\"https:\\\/\\\/granito.ro\\\/en\\\/product\\\/mese-granit-negru-absolut\\\/#primaryimage\"},\"image\":{\"@id\":\"https:\\\/\\\/granito.ro\\\/en\\\/product\\\/mese-granit-negru-absolut\\\/#primaryimage\"},\"thumbnailUrl\":\"https:\\\/\\\/granito.ro\\\/en\\\/wp-content\\\/uploads\\\/2024\\\/11\\\/WEB_0000s_0072_MESE_GRANIT-NEGRU-ABSOLUT.050.png\",\"datePublished\":\"2024-07-15T19:16:23+00:00\",\"dateModified\":\"2025-04-25T15:11:19+00:00\",\"breadcrumb\":{\"@id\":\"https:\\\/\\\/granito.ro\\\/en\\\/product\\\/mese-granit-negru-absolut\\\/#breadcrumb\"},\"inLanguage\":\"en-US\",\"potentialAction\":[{\"@type\":\"ReadAction\",\"target\":[\"https:\\\/\\\/granito.ro\\\/en\\\/product\\\/mese-granit-negru-absolut\\\/\"]}]},{\"@type\":\"ImageObject\",\"inLanguage\":\"en-US\",\"@id\":\"https:\\\/\\\/granito.ro\\\/en\\\/product\\\/mese-granit-negru-absolut\\\/#primaryimage\",\"url\":\"https:\\\/\\\/granito.ro\\\/en\\\/wp-content\\\/uploads\\\/2024\\\/11\\\/WEB_0000s_0072_MESE_GRANIT-NEGRU-ABSOLUT.050.png\",\"contentUrl\":\"https:\\\/\\\/granito.ro\\\/en\\\/wp-content\\\/uploads\\\/2024\\\/11\\\/WEB_0000s_0072_MESE_GRANIT-NEGRU-ABSOLUT.050.png\",\"width\":1920,\"height\":1920},{\"@type\":\"BreadcrumbList\",\"@id\":\"https:\\\/\\\/granito.ro\\\/en\\\/product\\\/mese-granit-negru-absolut\\\/#breadcrumb\",\"itemListElement\":[{\"@type\":\"ListItem\",\"position\":1,\"name\":\"Prima pagin\u0103\",\"item\":\"https:\\\/\\\/granito.ro\\\/en\\\/\"},{\"@type\":\"ListItem\",\"position\":2,\"name\":\"Materiale\",\"item\":\"https:\\\/\\\/granito.ro\\\/en\\\/materiale\\\/\"},{\"@type\":\"ListItem\",\"position\":3,\"name\":\"Mese Granit Negru Absolut\"}]},{\"@type\":\"WebSite\",\"@id\":\"https:\\\/\\\/granito.ro\\\/en\\\/#website\",\"url\":\"https:\\\/\\\/granito.ro\\\/en\\\/\",\"name\":\"Granito\",\"description\":\"\",\"publisher\":{\"@id\":\"https:\\\/\\\/granito.ro\\\/en\\\/#organization\"},\"potentialAction\":[{\"@type\":\"SearchAction\",\"target\":{\"@type\":\"EntryPoint\",\"urlTemplate\":\"https:\\\/\\\/granito.ro\\\/en\\\/?s={search_term_string}\"},\"query-input\":{\"@type\":\"PropertyValueSpecification\",\"valueRequired\":true,\"valueName\":\"search_term_string\"}}],\"inLanguage\":\"en-US\"},{\"@type\":\"Organization\",\"@id\":\"https:\\\/\\\/granito.ro\\\/en\\\/#organization\",\"name\":\"Granito\",\"url\":\"https:\\\/\\\/granito.ro\\\/en\\\/\",\"logo\":{\"@type\":\"ImageObject\",\"inLanguage\":\"en-US\",\"@id\":\"https:\\\/\\\/granito.ro\\\/en\\\/#\\\/schema\\\/logo\\\/image\\\/\",\"url\":\"https:\\\/\\\/granito.ro\\\/en\\\/wp-content\\\/uploads\\\/2024\\\/08\\\/Untitled-1.png\",\"contentUrl\":\"https:\\\/\\\/granito.ro\\\/en\\\/wp-content\\\/uploads\\\/2024\\\/08\\\/Untitled-1.png\",\"width\":500,\"height\":112,\"caption\":\"Granito\"},\"image\":{\"@id\":\"https:\\\/\\\/granito.ro\\\/en\\\/#\\\/schema\\\/logo\\\/image\\\/\"},\"sameAs\":[\"https:\\\/\\\/www.facebook.com\\\/granito.ro\",\"http:\\\/\\\/instagram.com\\\/granito.ro\"]}]}<\/script>\n<!-- \/ Yoast SEO plugin. -->","yoast_head_json":{"title":"Granito","robots":{"index":"index","follow":"follow","max-snippet":"max-snippet:-1","max-image-preview":"max-image-preview:large","max-video-preview":"max-video-preview:-1"},"canonical":"https:\/\/granito.ro\/en\/product\/mese-granit-negru-absolut\/","og_locale":"en_US","og_type":"article","og_title":"Mese Granit Negru Absolut - Acasa - Granito","og_description":"Mesele noastre, realizate din materiale de piatr\u0103 naturale variate, r\u0103spund exigen\u021belor estetice \u0219i func\u021bionale ale vie\u021bii contemporane.  Indiferent dac\u0103 dori\u021bi o mas\u0103 pentru sufragerie, buc\u0103t\u0103rie sau un spa\u021biu exterior, fiecare este conceput\u0103 pentru a completa \u0219i a \u00eembog\u0103\u021bi decorul \u0219i stilul de via\u021b\u0103 unic al spa\u021biului dumneavoastr\u0103.","og_url":"https:\/\/granito.ro\/en\/product\/mese-granit-negru-absolut\/","og_site_name":"Acasa - Granito","article_publisher":"https:\/\/www.facebook.com\/granito.ro","article_modified_time":"2025-04-25T15:11:19+00:00","og_image":[{"width":1920,"height":1920,"url":"https:\/\/granito.ro\/en\/wp-content\/uploads\/2024\/11\/WEB_0000s_0072_MESE_GRANIT-NEGRU-ABSOLUT.050.png","type":"image\/png"}],"twitter_card":"summary_large_image","twitter_misc":{"Est. reading time":"1 minute"},"schema":{"@context":"https:\/\/schema.org","@graph":[{"@type":"WebPage","@id":"https:\/\/granito.ro\/en\/product\/mese-granit-negru-absolut\/","url":"https:\/\/granito.ro\/en\/product\/mese-granit-negru-absolut\/","name":"Mese Granit Negru Absolut - Acasa - Granito","isPartOf":{"@id":"https:\/\/granito.ro\/en\/#website"},"primaryImageOfPage":{"@id":"https:\/\/granito.ro\/en\/product\/mese-granit-negru-absolut\/#primaryimage"},"image":{"@id":"https:\/\/granito.ro\/en\/product\/mese-granit-negru-absolut\/#primaryimage"},"thumbnailUrl":"https:\/\/granito.ro\/en\/wp-content\/uploads\/2024\/11\/WEB_0000s_0072_MESE_GRANIT-NEGRU-ABSOLUT.050.png","datePublished":"2024-07-15T19:16:23+00:00","dateModified":"2025-04-25T15:11:19+00:00","breadcrumb":{"@id":"https:\/\/granito.ro\/en\/product\/mese-granit-negru-absolut\/#breadcrumb"},"inLanguage":"en-US","potentialAction":[{"@type":"ReadAction","target":["https:\/\/granito.ro\/en\/product\/mese-granit-negru-absolut\/"]}]},{"@type":"ImageObject","inLanguage":"en-US","@id":"https:\/\/granito.ro\/en\/product\/mese-granit-negru-absolut\/#primaryimage","url":"https:\/\/granito.ro\/en\/wp-content\/uploads\/2024\/11\/WEB_0000s_0072_MESE_GRANIT-NEGRU-ABSOLUT.050.png","contentUrl":"https:\/\/granito.ro\/en\/wp-content\/uploads\/2024\/11\/WEB_0000s_0072_MESE_GRANIT-NEGRU-ABSOLUT.050.png","width":1920,"height":1920},{"@type":"BreadcrumbList","@id":"https:\/\/granito.ro\/en\/product\/mese-granit-negru-absolut\/#breadcrumb","itemListElement":[{"@type":"ListItem","position":1,"name":"Prima pagin\u0103","item":"https:\/\/granito.ro\/en\/"},{"@type":"ListItem","position":2,"name":"Materiale","item":"https:\/\/granito.ro\/en\/materiale\/"},{"@type":"ListItem","position":3,"name":"Mese Granit Negru Absolut"}]},{"@type":"WebSite","@id":"https:\/\/granito.ro\/en\/#website","url":"https:\/\/granito.ro\/en\/","name":"Granito","description":"","publisher":{"@id":"https:\/\/granito.ro\/en\/#organization"},"potentialAction":[{"@type":"SearchAction","target":{"@type":"EntryPoint","urlTemplate":"https:\/\/granito.ro\/en\/?s={search_term_string}"},"query-input":{"@type":"PropertyValueSpecification","valueRequired":true,"valueName":"search_term_string"}}],"inLanguage":"en-US"},{"@type":"Organization","@id":"https:\/\/granito.ro\/en\/#organization","name":"Granito","url":"https:\/\/granito.ro\/en\/","logo":{"@type":"ImageObject","inLanguage":"en-US","@id":"https:\/\/granito.ro\/en\/#\/schema\/logo\/image\/","url":"https:\/\/granito.ro\/en\/wp-content\/uploads\/2024\/08\/Untitled-1.png","contentUrl":"https:\/\/granito.ro\/en\/wp-content\/uploads\/2024\/08\/Untitled-1.png","width":500,"height":112,"caption":"Granito"},"image":{"@id":"https:\/\/granito.ro\/en\/#\/schema\/logo\/image\/"},"sameAs":["https:\/\/www.facebook.com\/granito.ro","http:\/\/instagram.com\/granito.ro"]}]}},"_links":{"self":[{"href":"https:\/\/granito.ro\/en\/wp-json\/wp\/v2\/product\/3227","targetHints":{"allow":["GET"]}}],"collection":[{"href":"https:\/\/granito.ro\/en\/wp-json\/wp\/v2\/product"}],"about":[{"href":"https:\/\/granito.ro\/en\/wp-json\/wp\/v2\/types\/product"}],"wp:featuredmedia":[{"embeddable":true,"href":"https:\/\/granito.ro\/en\/wp-json\/wp\/v2\/media\/5193"}],"wp:attachment":[{"href":"https:\/\/granito.ro\/en\/wp-json\/wp\/v2\/media?parent=3227"}],"wp:term":[{"taxonomy":"product_brand","embeddable":true,"href":"https:\/\/granito.ro\/en\/wp-json\/wp\/v2\/product_brand?post=3227"},{"taxonomy":"product_cat","embeddable":true,"href":"https:\/\/granito.ro\/en\/wp-json\/wp\/v2\/product_cat?post=3227"},{"taxonomy":"product_tag","embeddable":true,"href":"https:\/\/granito.ro\/en\/wp-json\/wp\/v2\/product_tag?post=3227"}],"curies":[{"name":"wp","href":"https:\/\/api.w.org\/{rel}","templated":true}]}}