
{"id":3189,"date":"2024-07-12T07:02:58","date_gmt":"2024-07-12T07:02:58","guid":{"rendered":"https:\/\/granito.ro\/?post_type=product&#038;p=3189"},"modified":"2025-04-25T15:13:54","modified_gmt":"2025-04-25T15:13:54","slug":"blaturi-de-bucatarie-si-insule-marmura-breccia-sarda","status":"publish","type":"product","link":"https:\/\/granito.ro\/en\/product\/blaturi-de-bucatarie-si-insule-marmura-breccia-sarda\/","title":{"rendered":"Blaturi de Buc\u0103t\u0103rie \u0219i Insule Marmur\u0103 Breccia Sarda"},"content":{"rendered":"<p><span style=\"font-weight: 400;\">Marmura Breccia Sarda este recunoscut\u0103 pe plan interna\u021bional pentru calitatea sa superioar\u0103 \u0219i aspectul s\u0103u elegant. Apreciat\u0103 pentru textura sa unic\u0103 \u0219i varietatea culorilor, aceast\u0103 marmur\u0103 este adesea preferat\u0103 pentru proiectele de design care caut\u0103 s\u0103 aduc\u0103 un plus de rafinament \u0219i sofisticare.<\/span><\/p>\n<p><b>Piatra natural\u0103 prezint\u0103 varia\u021bii de nuan\u021b\u0103, motiv pentru care imaginile de prezentare au un caracter strict informativ \u0219i pot s\u0103 nu reflecte cu exactitate aspectul real al produsului.<\/b><\/p>\n<p><br style=\"font-weight: 400;\" \/><br style=\"font-weight: 400;\" \/><\/p>\n","protected":false},"excerpt":{"rendered":"<p><span style=\"font-weight: 400;\">Blaturile \u0219i insulele noastre de buc\u0103t\u0103rie sunt mai mult dec\u00e2t simple elemente de func\u021bionalitate; ele devin elemente esen\u021biale care definesc estetica \u00eentregului spa\u021biu culinar.\u00a0<\/span><\/p>\n<p><span style=\"font-weight: 400;\">Fiecare component\u0103, creat\u0103 cu o aten\u021bie deosebit\u0103 la detalii, combin\u0103 stilul \u0219i utilitatea, transform\u00e2nd buc\u0103t\u0103ria \u00eentr-un spa\u021biu unde designul elegant se \u00eembin\u0103 armonios cu func\u021bionalitatea. <\/span><span style=\"font-weight: 400;\">Blaturile \u0219i insulele se completeaz\u0103 reciproc pentru a maximiza eficien\u021ba \u00een buc\u0103t\u0103rie, ad\u0103ug\u00e2nd \u00een acela\u0219i timp o prezen\u021b\u0103 vizual\u0103 impresionant\u0103.<\/span><\/p>\n<p><br style=\"font-weight: 400;\" \/><br style=\"font-weight: 400;\" \/><\/p>\n","protected":false},"featured_media":6224,"template":"","meta":{"_eb_attr":""},"product_brand":[],"product_cat":[98],"product_tag":[123],"class_list":{"0":"post-3189","1":"product","2":"type-product","3":"status-publish","4":"has-post-thumbnail","6":"product_cat-blaturi-de-bucatarie-si-insule","7":"product_tag-blaturi-de-bucatarie-si-insule","9":"first","10":"outofstock","11":"shipping-taxable","12":"purchasable","13":"product-type-simple"},"yoast_head":"<!-- This site is optimized with the Yoast SEO plugin v27.4 - https:\/\/yoast.com\/product\/yoast-seo-wordpress\/ -->\n<title>Granito<\/title>\n<meta name=\"robots\" content=\"index, follow, max-snippet:-1, max-image-preview:large, max-video-preview:-1\" \/>\n<link rel=\"canonical\" href=\"https:\/\/granito.ro\/en\/product\/blaturi-de-bucatarie-si-insule-marmura-breccia-sarda\/\" \/>\n<meta property=\"og:locale\" content=\"en_US\" \/>\n<meta property=\"og:type\" content=\"article\" \/>\n<meta property=\"og:title\" content=\"Blaturi de Buc\u0103t\u0103rie \u0219i Insule Marmur\u0103 Breccia Sarda - Acasa - Granito\" \/>\n<meta property=\"og:description\" content=\"Blaturile \u0219i insulele noastre de buc\u0103t\u0103rie sunt mai mult dec\u00e2t simple elemente de func\u021bionalitate; ele devin elemente esen\u021biale care definesc estetica \u00eentregului spa\u021biu culinar.\u00a0  Fiecare component\u0103, creat\u0103 cu o aten\u021bie deosebit\u0103 la detalii, combin\u0103 stilul \u0219i utilitatea, transform\u00e2nd buc\u0103t\u0103ria \u00eentr-un spa\u021biu unde designul elegant se \u00eembin\u0103 armonios cu func\u021bionalitatea. Blaturile \u0219i insulele se completeaz\u0103 reciproc pentru a maximiza eficien\u021ba \u00een buc\u0103t\u0103rie, ad\u0103ug\u00e2nd \u00een acela\u0219i timp o prezen\u021b\u0103 vizual\u0103 impresionant\u0103.\" \/>\n<meta property=\"og:url\" content=\"https:\/\/granito.ro\/en\/product\/blaturi-de-bucatarie-si-insule-marmura-breccia-sarda\/\" \/>\n<meta property=\"og:site_name\" content=\"Acasa - Granito\" \/>\n<meta property=\"article:publisher\" content=\"https:\/\/www.facebook.com\/granito.ro\" \/>\n<meta property=\"article:modified_time\" content=\"2025-04-25T15:13:54+00:00\" \/>\n<meta property=\"og:image\" content=\"https:\/\/granito.ro\/en\/wp-content\/uploads\/2025\/02\/BLATURI_INSULE_MARMURA_BRECCIA_SARDA.033-768x768.png\" \/>\n\t<meta property=\"og:image:width\" content=\"768\" \/>\n\t<meta property=\"og:image:height\" content=\"768\" \/>\n\t<meta property=\"og:image:type\" content=\"image\/png\" \/>\n<meta name=\"twitter:card\" content=\"summary_large_image\" \/>\n<script type=\"application\/ld+json\" class=\"yoast-schema-graph\">{\"@context\":\"https:\\\/\\\/schema.org\",\"@graph\":[{\"@type\":\"WebPage\",\"@id\":\"https:\\\/\\\/granito.ro\\\/en\\\/product\\\/blaturi-de-bucatarie-si-insule-marmura-breccia-sarda\\\/\",\"url\":\"https:\\\/\\\/granito.ro\\\/en\\\/product\\\/blaturi-de-bucatarie-si-insule-marmura-breccia-sarda\\\/\",\"name\":\"Blaturi de Buc\u0103t\u0103rie \u0219i Insule Marmur\u0103 Breccia Sarda - Acasa - Granito\",\"isPartOf\":{\"@id\":\"https:\\\/\\\/granito.ro\\\/en\\\/#website\"},\"primaryImageOfPage\":{\"@id\":\"https:\\\/\\\/granito.ro\\\/en\\\/product\\\/blaturi-de-bucatarie-si-insule-marmura-breccia-sarda\\\/#primaryimage\"},\"image\":{\"@id\":\"https:\\\/\\\/granito.ro\\\/en\\\/product\\\/blaturi-de-bucatarie-si-insule-marmura-breccia-sarda\\\/#primaryimage\"},\"thumbnailUrl\":\"https:\\\/\\\/granito.ro\\\/en\\\/wp-content\\\/uploads\\\/2025\\\/02\\\/BLATURI_INSULE_MARMURA_BRECCIA_SARDA.033.png\",\"datePublished\":\"2024-07-12T07:02:58+00:00\",\"dateModified\":\"2025-04-25T15:13:54+00:00\",\"breadcrumb\":{\"@id\":\"https:\\\/\\\/granito.ro\\\/en\\\/product\\\/blaturi-de-bucatarie-si-insule-marmura-breccia-sarda\\\/#breadcrumb\"},\"inLanguage\":\"en-US\",\"potentialAction\":[{\"@type\":\"ReadAction\",\"target\":[\"https:\\\/\\\/granito.ro\\\/en\\\/product\\\/blaturi-de-bucatarie-si-insule-marmura-breccia-sarda\\\/\"]}]},{\"@type\":\"ImageObject\",\"inLanguage\":\"en-US\",\"@id\":\"https:\\\/\\\/granito.ro\\\/en\\\/product\\\/blaturi-de-bucatarie-si-insule-marmura-breccia-sarda\\\/#primaryimage\",\"url\":\"https:\\\/\\\/granito.ro\\\/en\\\/wp-content\\\/uploads\\\/2025\\\/02\\\/BLATURI_INSULE_MARMURA_BRECCIA_SARDA.033.png\",\"contentUrl\":\"https:\\\/\\\/granito.ro\\\/en\\\/wp-content\\\/uploads\\\/2025\\\/02\\\/BLATURI_INSULE_MARMURA_BRECCIA_SARDA.033.png\",\"width\":1920,\"height\":1920},{\"@type\":\"BreadcrumbList\",\"@id\":\"https:\\\/\\\/granito.ro\\\/en\\\/product\\\/blaturi-de-bucatarie-si-insule-marmura-breccia-sarda\\\/#breadcrumb\",\"itemListElement\":[{\"@type\":\"ListItem\",\"position\":1,\"name\":\"Prima pagin\u0103\",\"item\":\"https:\\\/\\\/granito.ro\\\/en\\\/\"},{\"@type\":\"ListItem\",\"position\":2,\"name\":\"Materiale\",\"item\":\"https:\\\/\\\/granito.ro\\\/en\\\/materiale\\\/\"},{\"@type\":\"ListItem\",\"position\":3,\"name\":\"Blaturi de Buc\u0103t\u0103rie \u0219i Insule Marmur\u0103 Breccia Sarda\"}]},{\"@type\":\"WebSite\",\"@id\":\"https:\\\/\\\/granito.ro\\\/en\\\/#website\",\"url\":\"https:\\\/\\\/granito.ro\\\/en\\\/\",\"name\":\"Granito\",\"description\":\"\",\"publisher\":{\"@id\":\"https:\\\/\\\/granito.ro\\\/en\\\/#organization\"},\"potentialAction\":[{\"@type\":\"SearchAction\",\"target\":{\"@type\":\"EntryPoint\",\"urlTemplate\":\"https:\\\/\\\/granito.ro\\\/en\\\/?s={search_term_string}\"},\"query-input\":{\"@type\":\"PropertyValueSpecification\",\"valueRequired\":true,\"valueName\":\"search_term_string\"}}],\"inLanguage\":\"en-US\"},{\"@type\":\"Organization\",\"@id\":\"https:\\\/\\\/granito.ro\\\/en\\\/#organization\",\"name\":\"Granito\",\"url\":\"https:\\\/\\\/granito.ro\\\/en\\\/\",\"logo\":{\"@type\":\"ImageObject\",\"inLanguage\":\"en-US\",\"@id\":\"https:\\\/\\\/granito.ro\\\/en\\\/#\\\/schema\\\/logo\\\/image\\\/\",\"url\":\"https:\\\/\\\/granito.ro\\\/en\\\/wp-content\\\/uploads\\\/2024\\\/08\\\/Untitled-1.png\",\"contentUrl\":\"https:\\\/\\\/granito.ro\\\/en\\\/wp-content\\\/uploads\\\/2024\\\/08\\\/Untitled-1.png\",\"width\":500,\"height\":112,\"caption\":\"Granito\"},\"image\":{\"@id\":\"https:\\\/\\\/granito.ro\\\/en\\\/#\\\/schema\\\/logo\\\/image\\\/\"},\"sameAs\":[\"https:\\\/\\\/www.facebook.com\\\/granito.ro\",\"http:\\\/\\\/instagram.com\\\/granito.ro\"]}]}<\/script>\n<!-- \/ Yoast SEO plugin. -->","yoast_head_json":{"title":"Granito","robots":{"index":"index","follow":"follow","max-snippet":"max-snippet:-1","max-image-preview":"max-image-preview:large","max-video-preview":"max-video-preview:-1"},"canonical":"https:\/\/granito.ro\/en\/product\/blaturi-de-bucatarie-si-insule-marmura-breccia-sarda\/","og_locale":"en_US","og_type":"article","og_title":"Blaturi de Buc\u0103t\u0103rie \u0219i Insule Marmur\u0103 Breccia Sarda - Acasa - Granito","og_description":"Blaturile \u0219i insulele noastre de buc\u0103t\u0103rie sunt mai mult dec\u00e2t simple elemente de func\u021bionalitate; ele devin elemente esen\u021biale care definesc estetica \u00eentregului spa\u021biu culinar.\u00a0  Fiecare component\u0103, creat\u0103 cu o aten\u021bie deosebit\u0103 la detalii, combin\u0103 stilul \u0219i utilitatea, transform\u00e2nd buc\u0103t\u0103ria \u00eentr-un spa\u021biu unde designul elegant se \u00eembin\u0103 armonios cu func\u021bionalitatea. Blaturile \u0219i insulele se completeaz\u0103 reciproc pentru a maximiza eficien\u021ba \u00een buc\u0103t\u0103rie, ad\u0103ug\u00e2nd \u00een acela\u0219i timp o prezen\u021b\u0103 vizual\u0103 impresionant\u0103.","og_url":"https:\/\/granito.ro\/en\/product\/blaturi-de-bucatarie-si-insule-marmura-breccia-sarda\/","og_site_name":"Acasa - Granito","article_publisher":"https:\/\/www.facebook.com\/granito.ro","article_modified_time":"2025-04-25T15:13:54+00:00","og_image":[{"width":768,"height":768,"url":"https:\/\/granito.ro\/en\/wp-content\/uploads\/2025\/02\/BLATURI_INSULE_MARMURA_BRECCIA_SARDA.033-768x768.png","type":"image\/png"}],"twitter_card":"summary_large_image","schema":{"@context":"https:\/\/schema.org","@graph":[{"@type":"WebPage","@id":"https:\/\/granito.ro\/en\/product\/blaturi-de-bucatarie-si-insule-marmura-breccia-sarda\/","url":"https:\/\/granito.ro\/en\/product\/blaturi-de-bucatarie-si-insule-marmura-breccia-sarda\/","name":"Blaturi de Buc\u0103t\u0103rie \u0219i Insule Marmur\u0103 Breccia Sarda - Acasa - Granito","isPartOf":{"@id":"https:\/\/granito.ro\/en\/#website"},"primaryImageOfPage":{"@id":"https:\/\/granito.ro\/en\/product\/blaturi-de-bucatarie-si-insule-marmura-breccia-sarda\/#primaryimage"},"image":{"@id":"https:\/\/granito.ro\/en\/product\/blaturi-de-bucatarie-si-insule-marmura-breccia-sarda\/#primaryimage"},"thumbnailUrl":"https:\/\/granito.ro\/en\/wp-content\/uploads\/2025\/02\/BLATURI_INSULE_MARMURA_BRECCIA_SARDA.033.png","datePublished":"2024-07-12T07:02:58+00:00","dateModified":"2025-04-25T15:13:54+00:00","breadcrumb":{"@id":"https:\/\/granito.ro\/en\/product\/blaturi-de-bucatarie-si-insule-marmura-breccia-sarda\/#breadcrumb"},"inLanguage":"en-US","potentialAction":[{"@type":"ReadAction","target":["https:\/\/granito.ro\/en\/product\/blaturi-de-bucatarie-si-insule-marmura-breccia-sarda\/"]}]},{"@type":"ImageObject","inLanguage":"en-US","@id":"https:\/\/granito.ro\/en\/product\/blaturi-de-bucatarie-si-insule-marmura-breccia-sarda\/#primaryimage","url":"https:\/\/granito.ro\/en\/wp-content\/uploads\/2025\/02\/BLATURI_INSULE_MARMURA_BRECCIA_SARDA.033.png","contentUrl":"https:\/\/granito.ro\/en\/wp-content\/uploads\/2025\/02\/BLATURI_INSULE_MARMURA_BRECCIA_SARDA.033.png","width":1920,"height":1920},{"@type":"BreadcrumbList","@id":"https:\/\/granito.ro\/en\/product\/blaturi-de-bucatarie-si-insule-marmura-breccia-sarda\/#breadcrumb","itemListElement":[{"@type":"ListItem","position":1,"name":"Prima pagin\u0103","item":"https:\/\/granito.ro\/en\/"},{"@type":"ListItem","position":2,"name":"Materiale","item":"https:\/\/granito.ro\/en\/materiale\/"},{"@type":"ListItem","position":3,"name":"Blaturi de Buc\u0103t\u0103rie \u0219i Insule Marmur\u0103 Breccia Sarda"}]},{"@type":"WebSite","@id":"https:\/\/granito.ro\/en\/#website","url":"https:\/\/granito.ro\/en\/","name":"Granito","description":"","publisher":{"@id":"https:\/\/granito.ro\/en\/#organization"},"potentialAction":[{"@type":"SearchAction","target":{"@type":"EntryPoint","urlTemplate":"https:\/\/granito.ro\/en\/?s={search_term_string}"},"query-input":{"@type":"PropertyValueSpecification","valueRequired":true,"valueName":"search_term_string"}}],"inLanguage":"en-US"},{"@type":"Organization","@id":"https:\/\/granito.ro\/en\/#organization","name":"Granito","url":"https:\/\/granito.ro\/en\/","logo":{"@type":"ImageObject","inLanguage":"en-US","@id":"https:\/\/granito.ro\/en\/#\/schema\/logo\/image\/","url":"https:\/\/granito.ro\/en\/wp-content\/uploads\/2024\/08\/Untitled-1.png","contentUrl":"https:\/\/granito.ro\/en\/wp-content\/uploads\/2024\/08\/Untitled-1.png","width":500,"height":112,"caption":"Granito"},"image":{"@id":"https:\/\/granito.ro\/en\/#\/schema\/logo\/image\/"},"sameAs":["https:\/\/www.facebook.com\/granito.ro","http:\/\/instagram.com\/granito.ro"]}]}},"_links":{"self":[{"href":"https:\/\/granito.ro\/en\/wp-json\/wp\/v2\/product\/3189","targetHints":{"allow":["GET"]}}],"collection":[{"href":"https:\/\/granito.ro\/en\/wp-json\/wp\/v2\/product"}],"about":[{"href":"https:\/\/granito.ro\/en\/wp-json\/wp\/v2\/types\/product"}],"wp:featuredmedia":[{"embeddable":true,"href":"https:\/\/granito.ro\/en\/wp-json\/wp\/v2\/media\/6224"}],"wp:attachment":[{"href":"https:\/\/granito.ro\/en\/wp-json\/wp\/v2\/media?parent=3189"}],"wp:term":[{"taxonomy":"product_brand","embeddable":true,"href":"https:\/\/granito.ro\/en\/wp-json\/wp\/v2\/product_brand?post=3189"},{"taxonomy":"product_cat","embeddable":true,"href":"https:\/\/granito.ro\/en\/wp-json\/wp\/v2\/product_cat?post=3189"},{"taxonomy":"product_tag","embeddable":true,"href":"https:\/\/granito.ro\/en\/wp-json\/wp\/v2\/product_tag?post=3189"}],"curies":[{"name":"wp","href":"https:\/\/api.w.org\/{rel}","templated":true}]}}