
{"id":3173,"date":"2024-07-11T20:22:27","date_gmt":"2024-07-11T20:22:27","guid":{"rendered":"https:\/\/granito.ro\/?post_type=product&#038;p=3173"},"modified":"2025-09-01T20:02:29","modified_gmt":"2025-09-01T20:02:29","slug":"placaj-tip-tesut-2x2","status":"publish","type":"product","link":"https:\/\/granito.ro\/en\/product\/placaj-tip-tesut-2x2\/","title":{"rendered":"Placaj tip \u021aesut 2&#215;2"},"content":{"rendered":"<p>Placajul tip \u021besut 2&#215;2 se remarc\u0103 printr-un model repetitiv \u0219i simetric, care ofer\u0103 un efect vizual atr\u0103g\u0103tor \u0219i echilibrat. Acesta este potrivit at\u00e2t pentru amenaj\u0103ri interioare, c\u00e2t \u0219i pentru cele exterioare, complet\u00e2nd orice proiect cu un design armonios.<\/p>\n<p>Modelul poate fi realizat din acela\u0219i material pentru un aspect uniform sau prin combinarea diferitelor texturi \u0219i culori pentru un efect unic. Placajul tip \u021besut 2&#215;2 adaug\u0103 o not\u0103 de versatilitate \u0219i rafinament, adapt\u00e2ndu-se cu u\u0219urin\u021b\u0103 la diverse stiluri \u0219i concepte arhitecturale<\/p>\n<p><b>Piatra natural\u0103 prezint\u0103 varia\u021bii de nuan\u021b\u0103, motiv pentru care imaginile de prezentare au un caracter strict informativ \u0219i pot s\u0103 nu reflecte cu exactitate aspectul real al produsului.<\/b><\/p>\n<p><br style=\"font-weight: 400;\" \/><br style=\"font-weight: 400;\" \/><\/p>\n","protected":false},"excerpt":{"rendered":"<p>Placajul tip \u021besut este o alegere elegant\u0103 \u0219i func\u021bional\u0103 pentru amenaj\u0103ri interioare \u0219i exterioare, caracterizat prin aranjamentul distinct al pl\u0103cilor \u00een seturi bine definite. Fiecare plac\u0103 este t\u0103iat\u0103 \u00een dimensiuni identice, oferind un aspect uniform \u0219i un model deosebit.<\/p>\n<p>Acest tip de placaj creeaz\u0103 o suprafa\u021b\u0103 echilibrat\u0103 \u0219i atractiv\u0103, potrivit\u0103 pentru proiecte care necesit\u0103 at\u00e2t durabilitate, c\u00e2t \u0219i estetic\u0103. Dispunerea pl\u0103cilor \u00een structuri organizate adaug\u0103 profunzime \u0219i detalii vizuale impresionante oric\u0103rui spa\u021biu.<\/p>\n","protected":false},"featured_media":7425,"template":"","meta":{"_eb_attr":""},"product_brand":[],"product_cat":[216],"product_tag":[217],"class_list":{"0":"post-3173","1":"product","2":"type-product","3":"status-publish","4":"has-post-thumbnail","6":"product_cat-placaje-cu-model","7":"product_tag-placaje-cu-model","9":"first","10":"outofstock","11":"shipping-taxable","12":"purchasable","13":"product-type-simple"},"yoast_head":"<!-- This site is optimized with the Yoast SEO plugin v27.4 - https:\/\/yoast.com\/product\/yoast-seo-wordpress\/ -->\n<title>Granito<\/title>\n<meta name=\"robots\" content=\"index, follow, max-snippet:-1, max-image-preview:large, max-video-preview:-1\" \/>\n<link rel=\"canonical\" href=\"https:\/\/granito.ro\/en\/product\/placaj-tip-tesut-2x2\/\" \/>\n<meta property=\"og:locale\" content=\"en_US\" \/>\n<meta property=\"og:type\" content=\"article\" \/>\n<meta property=\"og:title\" content=\"Placaj tip \u021aesut 2x2 - Acasa - Granito\" \/>\n<meta property=\"og:description\" content=\"Placajul tip \u021besut este o alegere elegant\u0103 \u0219i func\u021bional\u0103 pentru amenaj\u0103ri interioare \u0219i exterioare, caracterizat prin aranjamentul distinct al pl\u0103cilor \u00een seturi bine definite. Fiecare plac\u0103 este t\u0103iat\u0103 \u00een dimensiuni identice, oferind un aspect uniform \u0219i un model deosebit.  Acest tip de placaj creeaz\u0103 o suprafa\u021b\u0103 echilibrat\u0103 \u0219i atractiv\u0103, potrivit\u0103 pentru proiecte care necesit\u0103 at\u00e2t durabilitate, c\u00e2t \u0219i estetic\u0103. Dispunerea pl\u0103cilor \u00een structuri organizate adaug\u0103 profunzime \u0219i detalii vizuale impresionante oric\u0103rui spa\u021biu.\" \/>\n<meta property=\"og:url\" content=\"https:\/\/granito.ro\/en\/product\/placaj-tip-tesut-2x2\/\" \/>\n<meta property=\"og:site_name\" content=\"Acasa - Granito\" \/>\n<meta property=\"article:publisher\" content=\"https:\/\/www.facebook.com\/granito.ro\" \/>\n<meta property=\"article:modified_time\" content=\"2025-09-01T20:02:29+00:00\" \/>\n<meta property=\"og:image\" content=\"https:\/\/granito.ro\/en\/wp-content\/uploads\/2025\/04\/WEAVE_2X2_R-TA_ALB-BLUE_NIGHT_NORMAL.011-LIGHT-768x768.png\" \/>\n\t<meta property=\"og:image:width\" content=\"768\" \/>\n\t<meta property=\"og:image:height\" content=\"768\" \/>\n\t<meta property=\"og:image:type\" content=\"image\/png\" \/>\n<meta name=\"twitter:card\" content=\"summary_large_image\" \/>\n<meta name=\"twitter:label1\" content=\"Est. reading time\" \/>\n\t<meta name=\"twitter:data1\" content=\"1 minute\" \/>\n<script type=\"application\/ld+json\" class=\"yoast-schema-graph\">{\"@context\":\"https:\\\/\\\/schema.org\",\"@graph\":[{\"@type\":\"WebPage\",\"@id\":\"https:\\\/\\\/granito.ro\\\/en\\\/product\\\/placaj-tip-tesut-2x2\\\/\",\"url\":\"https:\\\/\\\/granito.ro\\\/en\\\/product\\\/placaj-tip-tesut-2x2\\\/\",\"name\":\"Placaj tip \u021aesut 2x2 - Acasa - Granito\",\"isPartOf\":{\"@id\":\"https:\\\/\\\/granito.ro\\\/en\\\/#website\"},\"primaryImageOfPage\":{\"@id\":\"https:\\\/\\\/granito.ro\\\/en\\\/product\\\/placaj-tip-tesut-2x2\\\/#primaryimage\"},\"image\":{\"@id\":\"https:\\\/\\\/granito.ro\\\/en\\\/product\\\/placaj-tip-tesut-2x2\\\/#primaryimage\"},\"thumbnailUrl\":\"https:\\\/\\\/granito.ro\\\/en\\\/wp-content\\\/uploads\\\/2025\\\/04\\\/WEAVE_2X2_R-TA_ALB-BLUE_NIGHT_NORMAL.011-LIGHT.png\",\"datePublished\":\"2024-07-11T20:22:27+00:00\",\"dateModified\":\"2025-09-01T20:02:29+00:00\",\"breadcrumb\":{\"@id\":\"https:\\\/\\\/granito.ro\\\/en\\\/product\\\/placaj-tip-tesut-2x2\\\/#breadcrumb\"},\"inLanguage\":\"en-US\",\"potentialAction\":[{\"@type\":\"ReadAction\",\"target\":[\"https:\\\/\\\/granito.ro\\\/en\\\/product\\\/placaj-tip-tesut-2x2\\\/\"]}]},{\"@type\":\"ImageObject\",\"inLanguage\":\"en-US\",\"@id\":\"https:\\\/\\\/granito.ro\\\/en\\\/product\\\/placaj-tip-tesut-2x2\\\/#primaryimage\",\"url\":\"https:\\\/\\\/granito.ro\\\/en\\\/wp-content\\\/uploads\\\/2025\\\/04\\\/WEAVE_2X2_R-TA_ALB-BLUE_NIGHT_NORMAL.011-LIGHT.png\",\"contentUrl\":\"https:\\\/\\\/granito.ro\\\/en\\\/wp-content\\\/uploads\\\/2025\\\/04\\\/WEAVE_2X2_R-TA_ALB-BLUE_NIGHT_NORMAL.011-LIGHT.png\",\"width\":1920,\"height\":1920},{\"@type\":\"BreadcrumbList\",\"@id\":\"https:\\\/\\\/granito.ro\\\/en\\\/product\\\/placaj-tip-tesut-2x2\\\/#breadcrumb\",\"itemListElement\":[{\"@type\":\"ListItem\",\"position\":1,\"name\":\"Prima pagin\u0103\",\"item\":\"https:\\\/\\\/granito.ro\\\/en\\\/\"},{\"@type\":\"ListItem\",\"position\":2,\"name\":\"Materiale\",\"item\":\"https:\\\/\\\/granito.ro\\\/en\\\/materiale\\\/\"},{\"@type\":\"ListItem\",\"position\":3,\"name\":\"Placaj tip \u021aesut 2&#215;2\"}]},{\"@type\":\"WebSite\",\"@id\":\"https:\\\/\\\/granito.ro\\\/en\\\/#website\",\"url\":\"https:\\\/\\\/granito.ro\\\/en\\\/\",\"name\":\"Granito\",\"description\":\"\",\"publisher\":{\"@id\":\"https:\\\/\\\/granito.ro\\\/en\\\/#organization\"},\"potentialAction\":[{\"@type\":\"SearchAction\",\"target\":{\"@type\":\"EntryPoint\",\"urlTemplate\":\"https:\\\/\\\/granito.ro\\\/en\\\/?s={search_term_string}\"},\"query-input\":{\"@type\":\"PropertyValueSpecification\",\"valueRequired\":true,\"valueName\":\"search_term_string\"}}],\"inLanguage\":\"en-US\"},{\"@type\":\"Organization\",\"@id\":\"https:\\\/\\\/granito.ro\\\/en\\\/#organization\",\"name\":\"Granito\",\"url\":\"https:\\\/\\\/granito.ro\\\/en\\\/\",\"logo\":{\"@type\":\"ImageObject\",\"inLanguage\":\"en-US\",\"@id\":\"https:\\\/\\\/granito.ro\\\/en\\\/#\\\/schema\\\/logo\\\/image\\\/\",\"url\":\"https:\\\/\\\/granito.ro\\\/en\\\/wp-content\\\/uploads\\\/2024\\\/08\\\/Untitled-1.png\",\"contentUrl\":\"https:\\\/\\\/granito.ro\\\/en\\\/wp-content\\\/uploads\\\/2024\\\/08\\\/Untitled-1.png\",\"width\":500,\"height\":112,\"caption\":\"Granito\"},\"image\":{\"@id\":\"https:\\\/\\\/granito.ro\\\/en\\\/#\\\/schema\\\/logo\\\/image\\\/\"},\"sameAs\":[\"https:\\\/\\\/www.facebook.com\\\/granito.ro\",\"http:\\\/\\\/instagram.com\\\/granito.ro\"]}]}<\/script>\n<!-- \/ Yoast SEO plugin. -->","yoast_head_json":{"title":"Granito","robots":{"index":"index","follow":"follow","max-snippet":"max-snippet:-1","max-image-preview":"max-image-preview:large","max-video-preview":"max-video-preview:-1"},"canonical":"https:\/\/granito.ro\/en\/product\/placaj-tip-tesut-2x2\/","og_locale":"en_US","og_type":"article","og_title":"Placaj tip \u021aesut 2x2 - Acasa - Granito","og_description":"Placajul tip \u021besut este o alegere elegant\u0103 \u0219i func\u021bional\u0103 pentru amenaj\u0103ri interioare \u0219i exterioare, caracterizat prin aranjamentul distinct al pl\u0103cilor \u00een seturi bine definite. Fiecare plac\u0103 este t\u0103iat\u0103 \u00een dimensiuni identice, oferind un aspect uniform \u0219i un model deosebit.  Acest tip de placaj creeaz\u0103 o suprafa\u021b\u0103 echilibrat\u0103 \u0219i atractiv\u0103, potrivit\u0103 pentru proiecte care necesit\u0103 at\u00e2t durabilitate, c\u00e2t \u0219i estetic\u0103. Dispunerea pl\u0103cilor \u00een structuri organizate adaug\u0103 profunzime \u0219i detalii vizuale impresionante oric\u0103rui spa\u021biu.","og_url":"https:\/\/granito.ro\/en\/product\/placaj-tip-tesut-2x2\/","og_site_name":"Acasa - Granito","article_publisher":"https:\/\/www.facebook.com\/granito.ro","article_modified_time":"2025-09-01T20:02:29+00:00","og_image":[{"width":768,"height":768,"url":"https:\/\/granito.ro\/en\/wp-content\/uploads\/2025\/04\/WEAVE_2X2_R-TA_ALB-BLUE_NIGHT_NORMAL.011-LIGHT-768x768.png","type":"image\/png"}],"twitter_card":"summary_large_image","twitter_misc":{"Est. reading time":"1 minute"},"schema":{"@context":"https:\/\/schema.org","@graph":[{"@type":"WebPage","@id":"https:\/\/granito.ro\/en\/product\/placaj-tip-tesut-2x2\/","url":"https:\/\/granito.ro\/en\/product\/placaj-tip-tesut-2x2\/","name":"Placaj tip \u021aesut 2x2 - Acasa - Granito","isPartOf":{"@id":"https:\/\/granito.ro\/en\/#website"},"primaryImageOfPage":{"@id":"https:\/\/granito.ro\/en\/product\/placaj-tip-tesut-2x2\/#primaryimage"},"image":{"@id":"https:\/\/granito.ro\/en\/product\/placaj-tip-tesut-2x2\/#primaryimage"},"thumbnailUrl":"https:\/\/granito.ro\/en\/wp-content\/uploads\/2025\/04\/WEAVE_2X2_R-TA_ALB-BLUE_NIGHT_NORMAL.011-LIGHT.png","datePublished":"2024-07-11T20:22:27+00:00","dateModified":"2025-09-01T20:02:29+00:00","breadcrumb":{"@id":"https:\/\/granito.ro\/en\/product\/placaj-tip-tesut-2x2\/#breadcrumb"},"inLanguage":"en-US","potentialAction":[{"@type":"ReadAction","target":["https:\/\/granito.ro\/en\/product\/placaj-tip-tesut-2x2\/"]}]},{"@type":"ImageObject","inLanguage":"en-US","@id":"https:\/\/granito.ro\/en\/product\/placaj-tip-tesut-2x2\/#primaryimage","url":"https:\/\/granito.ro\/en\/wp-content\/uploads\/2025\/04\/WEAVE_2X2_R-TA_ALB-BLUE_NIGHT_NORMAL.011-LIGHT.png","contentUrl":"https:\/\/granito.ro\/en\/wp-content\/uploads\/2025\/04\/WEAVE_2X2_R-TA_ALB-BLUE_NIGHT_NORMAL.011-LIGHT.png","width":1920,"height":1920},{"@type":"BreadcrumbList","@id":"https:\/\/granito.ro\/en\/product\/placaj-tip-tesut-2x2\/#breadcrumb","itemListElement":[{"@type":"ListItem","position":1,"name":"Prima pagin\u0103","item":"https:\/\/granito.ro\/en\/"},{"@type":"ListItem","position":2,"name":"Materiale","item":"https:\/\/granito.ro\/en\/materiale\/"},{"@type":"ListItem","position":3,"name":"Placaj tip \u021aesut 2&#215;2"}]},{"@type":"WebSite","@id":"https:\/\/granito.ro\/en\/#website","url":"https:\/\/granito.ro\/en\/","name":"Granito","description":"","publisher":{"@id":"https:\/\/granito.ro\/en\/#organization"},"potentialAction":[{"@type":"SearchAction","target":{"@type":"EntryPoint","urlTemplate":"https:\/\/granito.ro\/en\/?s={search_term_string}"},"query-input":{"@type":"PropertyValueSpecification","valueRequired":true,"valueName":"search_term_string"}}],"inLanguage":"en-US"},{"@type":"Organization","@id":"https:\/\/granito.ro\/en\/#organization","name":"Granito","url":"https:\/\/granito.ro\/en\/","logo":{"@type":"ImageObject","inLanguage":"en-US","@id":"https:\/\/granito.ro\/en\/#\/schema\/logo\/image\/","url":"https:\/\/granito.ro\/en\/wp-content\/uploads\/2024\/08\/Untitled-1.png","contentUrl":"https:\/\/granito.ro\/en\/wp-content\/uploads\/2024\/08\/Untitled-1.png","width":500,"height":112,"caption":"Granito"},"image":{"@id":"https:\/\/granito.ro\/en\/#\/schema\/logo\/image\/"},"sameAs":["https:\/\/www.facebook.com\/granito.ro","http:\/\/instagram.com\/granito.ro"]}]}},"_links":{"self":[{"href":"https:\/\/granito.ro\/en\/wp-json\/wp\/v2\/product\/3173","targetHints":{"allow":["GET"]}}],"collection":[{"href":"https:\/\/granito.ro\/en\/wp-json\/wp\/v2\/product"}],"about":[{"href":"https:\/\/granito.ro\/en\/wp-json\/wp\/v2\/types\/product"}],"wp:featuredmedia":[{"embeddable":true,"href":"https:\/\/granito.ro\/en\/wp-json\/wp\/v2\/media\/7425"}],"wp:attachment":[{"href":"https:\/\/granito.ro\/en\/wp-json\/wp\/v2\/media?parent=3173"}],"wp:term":[{"taxonomy":"product_brand","embeddable":true,"href":"https:\/\/granito.ro\/en\/wp-json\/wp\/v2\/product_brand?post=3173"},{"taxonomy":"product_cat","embeddable":true,"href":"https:\/\/granito.ro\/en\/wp-json\/wp\/v2\/product_cat?post=3173"},{"taxonomy":"product_tag","embeddable":true,"href":"https:\/\/granito.ro\/en\/wp-json\/wp\/v2\/product_tag?post=3173"}],"curies":[{"name":"wp","href":"https:\/\/api.w.org\/{rel}","templated":true}]}}