
{"id":3140,"date":"2024-07-04T08:51:41","date_gmt":"2024-07-04T08:51:41","guid":{"rendered":"https:\/\/granito.ro\/?post_type=product&#038;p=3140"},"modified":"2025-09-01T20:02:16","modified_gmt":"2025-09-01T20:02:16","slug":"placaj-tip-herringbone-dublu","status":"publish","type":"product","link":"https:\/\/granito.ro\/en\/product\/placaj-tip-herringbone-dublu\/","title":{"rendered":"Placaj tip Herringbone Dublu"},"content":{"rendered":"<p>Montajul s\u0103u permite \u00eembinarea pl\u0103cilor la 90 de grade pentru un aspect echilibrat sau la 45 de grade pentru mai mult dinamism. Aceast\u0103 versatilitate face din Herringbone Dublu o solu\u021bie ideal\u0103 pentru proiecte creative \u0219i personalizate.<\/p>\n<p>Aleg\u00e2nd acest tip de placaj, ob\u021bii un produs care combin\u0103 estetica sofisticat\u0103 cu func\u021bionalitatea. Fiecare detaliu este conceput pentru a aduce valoare spa\u021biilor, oferind un rezultat care impresioneaz\u0103 prin designul s\u0103u unic \u0219i rezisten\u021ba de lung\u0103 durat\u0103.<\/p>\n<p><b>Piatra natural\u0103 prezint\u0103 varia\u021bii de nuan\u021b\u0103, motiv pentru care imaginile de prezentare au un caracter strict informativ \u0219i pot s\u0103 nu reflecte cu exactitate aspectul real al produsului.<\/b><\/p>\n<p><br style=\"font-weight: 400;\" \/><br style=\"font-weight: 400;\" \/><\/p>\n","protected":false},"excerpt":{"rendered":"<p>Placajul tip Herringbone Dublu redefine\u0219te designul clasic, folosind dou\u0103 pl\u0103ci pentru fiecare element al modelului s\u0103u distinct. Textura amplificat\u0103 \u0219i profunzimea vizual\u0103 transform\u0103 orice spa\u021biu \u00eentr-un exemplu de elegan\u021b\u0103, potrivindu-se at\u00e2t proiectelor reziden\u021biale, c\u00e2t \u0219i celor comerciale.<\/p>\n<p>Disponibil \u00eentr-o varietate de materiale naturale, acest model ofer\u0103 durabilitate \u0219i estetic\u0103 premium. Adaptabil at\u00e2t pentru spa\u021bii interioare, c\u00e2t \u0219i exterioare, Herringbone Dublu se integreaz\u0103 perfect \u00een diverse stiluri de design, de la contemporan la tradi\u021bional.<\/p>\n","protected":false},"featured_media":7288,"template":"","meta":{"_eb_attr":""},"product_brand":[],"product_cat":[216],"product_tag":[217],"class_list":{"0":"post-3140","1":"product","2":"type-product","3":"status-publish","4":"has-post-thumbnail","6":"product_cat-placaje-cu-model","7":"product_tag-placaje-cu-model","9":"first","10":"outofstock","11":"shipping-taxable","12":"purchasable","13":"product-type-simple"},"yoast_head":"<!-- This site is optimized with the Yoast SEO plugin v27.4 - https:\/\/yoast.com\/product\/yoast-seo-wordpress\/ -->\n<title>Granito<\/title>\n<meta name=\"robots\" content=\"index, follow, max-snippet:-1, max-image-preview:large, max-video-preview:-1\" \/>\n<link rel=\"canonical\" href=\"https:\/\/granito.ro\/en\/product\/placaj-tip-herringbone-dublu\/\" \/>\n<meta property=\"og:locale\" content=\"en_US\" \/>\n<meta property=\"og:type\" content=\"article\" \/>\n<meta property=\"og:title\" content=\"Placaj tip Herringbone Dublu - Acasa - Granito\" \/>\n<meta property=\"og:description\" content=\"Placajul tip Herringbone Dublu redefine\u0219te designul clasic, folosind dou\u0103 pl\u0103ci pentru fiecare element al modelului s\u0103u distinct. Textura amplificat\u0103 \u0219i profunzimea vizual\u0103 transform\u0103 orice spa\u021biu \u00eentr-un exemplu de elegan\u021b\u0103, potrivindu-se at\u00e2t proiectelor reziden\u021biale, c\u00e2t \u0219i celor comerciale.  Disponibil \u00eentr-o varietate de materiale naturale, acest model ofer\u0103 durabilitate \u0219i estetic\u0103 premium. Adaptabil at\u00e2t pentru spa\u021bii interioare, c\u00e2t \u0219i exterioare, Herringbone Dublu se integreaz\u0103 perfect \u00een diverse stiluri de design, de la contemporan la tradi\u021bional.\" \/>\n<meta property=\"og:url\" content=\"https:\/\/granito.ro\/en\/product\/placaj-tip-herringbone-dublu\/\" \/>\n<meta property=\"og:site_name\" content=\"Acasa - Granito\" \/>\n<meta property=\"article:publisher\" content=\"https:\/\/www.facebook.com\/granito.ro\" \/>\n<meta property=\"article:modified_time\" content=\"2025-09-01T20:02:16+00:00\" \/>\n<meta property=\"og:image\" content=\"https:\/\/granito.ro\/en\/wp-content\/uploads\/2025\/04\/PATTERNS_DOUBLE-HERRINGBONE_SUNNY.030-DARK-768x768.png\" \/>\n\t<meta property=\"og:image:width\" content=\"768\" \/>\n\t<meta property=\"og:image:height\" content=\"768\" \/>\n\t<meta property=\"og:image:type\" content=\"image\/png\" \/>\n<meta name=\"twitter:card\" content=\"summary_large_image\" \/>\n<meta name=\"twitter:label1\" content=\"Est. reading time\" \/>\n\t<meta name=\"twitter:data1\" content=\"1 minute\" \/>\n<script type=\"application\/ld+json\" class=\"yoast-schema-graph\">{\"@context\":\"https:\\\/\\\/schema.org\",\"@graph\":[{\"@type\":\"WebPage\",\"@id\":\"https:\\\/\\\/granito.ro\\\/en\\\/product\\\/placaj-tip-herringbone-dublu\\\/\",\"url\":\"https:\\\/\\\/granito.ro\\\/en\\\/product\\\/placaj-tip-herringbone-dublu\\\/\",\"name\":\"Placaj tip Herringbone Dublu - Acasa - Granito\",\"isPartOf\":{\"@id\":\"https:\\\/\\\/granito.ro\\\/en\\\/#website\"},\"primaryImageOfPage\":{\"@id\":\"https:\\\/\\\/granito.ro\\\/en\\\/product\\\/placaj-tip-herringbone-dublu\\\/#primaryimage\"},\"image\":{\"@id\":\"https:\\\/\\\/granito.ro\\\/en\\\/product\\\/placaj-tip-herringbone-dublu\\\/#primaryimage\"},\"thumbnailUrl\":\"https:\\\/\\\/granito.ro\\\/en\\\/wp-content\\\/uploads\\\/2025\\\/04\\\/PATTERNS_DOUBLE-HERRINGBONE_SUNNY.030-DARK.png\",\"datePublished\":\"2024-07-04T08:51:41+00:00\",\"dateModified\":\"2025-09-01T20:02:16+00:00\",\"breadcrumb\":{\"@id\":\"https:\\\/\\\/granito.ro\\\/en\\\/product\\\/placaj-tip-herringbone-dublu\\\/#breadcrumb\"},\"inLanguage\":\"en-US\",\"potentialAction\":[{\"@type\":\"ReadAction\",\"target\":[\"https:\\\/\\\/granito.ro\\\/en\\\/product\\\/placaj-tip-herringbone-dublu\\\/\"]}]},{\"@type\":\"ImageObject\",\"inLanguage\":\"en-US\",\"@id\":\"https:\\\/\\\/granito.ro\\\/en\\\/product\\\/placaj-tip-herringbone-dublu\\\/#primaryimage\",\"url\":\"https:\\\/\\\/granito.ro\\\/en\\\/wp-content\\\/uploads\\\/2025\\\/04\\\/PATTERNS_DOUBLE-HERRINGBONE_SUNNY.030-DARK.png\",\"contentUrl\":\"https:\\\/\\\/granito.ro\\\/en\\\/wp-content\\\/uploads\\\/2025\\\/04\\\/PATTERNS_DOUBLE-HERRINGBONE_SUNNY.030-DARK.png\",\"width\":1920,\"height\":1920},{\"@type\":\"BreadcrumbList\",\"@id\":\"https:\\\/\\\/granito.ro\\\/en\\\/product\\\/placaj-tip-herringbone-dublu\\\/#breadcrumb\",\"itemListElement\":[{\"@type\":\"ListItem\",\"position\":1,\"name\":\"Prima pagin\u0103\",\"item\":\"https:\\\/\\\/granito.ro\\\/en\\\/\"},{\"@type\":\"ListItem\",\"position\":2,\"name\":\"Materiale\",\"item\":\"https:\\\/\\\/granito.ro\\\/en\\\/materiale\\\/\"},{\"@type\":\"ListItem\",\"position\":3,\"name\":\"Placaj tip Herringbone Dublu\"}]},{\"@type\":\"WebSite\",\"@id\":\"https:\\\/\\\/granito.ro\\\/en\\\/#website\",\"url\":\"https:\\\/\\\/granito.ro\\\/en\\\/\",\"name\":\"Granito\",\"description\":\"\",\"publisher\":{\"@id\":\"https:\\\/\\\/granito.ro\\\/en\\\/#organization\"},\"potentialAction\":[{\"@type\":\"SearchAction\",\"target\":{\"@type\":\"EntryPoint\",\"urlTemplate\":\"https:\\\/\\\/granito.ro\\\/en\\\/?s={search_term_string}\"},\"query-input\":{\"@type\":\"PropertyValueSpecification\",\"valueRequired\":true,\"valueName\":\"search_term_string\"}}],\"inLanguage\":\"en-US\"},{\"@type\":\"Organization\",\"@id\":\"https:\\\/\\\/granito.ro\\\/en\\\/#organization\",\"name\":\"Granito\",\"url\":\"https:\\\/\\\/granito.ro\\\/en\\\/\",\"logo\":{\"@type\":\"ImageObject\",\"inLanguage\":\"en-US\",\"@id\":\"https:\\\/\\\/granito.ro\\\/en\\\/#\\\/schema\\\/logo\\\/image\\\/\",\"url\":\"https:\\\/\\\/granito.ro\\\/en\\\/wp-content\\\/uploads\\\/2024\\\/08\\\/Untitled-1.png\",\"contentUrl\":\"https:\\\/\\\/granito.ro\\\/en\\\/wp-content\\\/uploads\\\/2024\\\/08\\\/Untitled-1.png\",\"width\":500,\"height\":112,\"caption\":\"Granito\"},\"image\":{\"@id\":\"https:\\\/\\\/granito.ro\\\/en\\\/#\\\/schema\\\/logo\\\/image\\\/\"},\"sameAs\":[\"https:\\\/\\\/www.facebook.com\\\/granito.ro\",\"http:\\\/\\\/instagram.com\\\/granito.ro\"]}]}<\/script>\n<!-- \/ Yoast SEO plugin. -->","yoast_head_json":{"title":"Granito","robots":{"index":"index","follow":"follow","max-snippet":"max-snippet:-1","max-image-preview":"max-image-preview:large","max-video-preview":"max-video-preview:-1"},"canonical":"https:\/\/granito.ro\/en\/product\/placaj-tip-herringbone-dublu\/","og_locale":"en_US","og_type":"article","og_title":"Placaj tip Herringbone Dublu - Acasa - Granito","og_description":"Placajul tip Herringbone Dublu redefine\u0219te designul clasic, folosind dou\u0103 pl\u0103ci pentru fiecare element al modelului s\u0103u distinct. Textura amplificat\u0103 \u0219i profunzimea vizual\u0103 transform\u0103 orice spa\u021biu \u00eentr-un exemplu de elegan\u021b\u0103, potrivindu-se at\u00e2t proiectelor reziden\u021biale, c\u00e2t \u0219i celor comerciale.  Disponibil \u00eentr-o varietate de materiale naturale, acest model ofer\u0103 durabilitate \u0219i estetic\u0103 premium. Adaptabil at\u00e2t pentru spa\u021bii interioare, c\u00e2t \u0219i exterioare, Herringbone Dublu se integreaz\u0103 perfect \u00een diverse stiluri de design, de la contemporan la tradi\u021bional.","og_url":"https:\/\/granito.ro\/en\/product\/placaj-tip-herringbone-dublu\/","og_site_name":"Acasa - Granito","article_publisher":"https:\/\/www.facebook.com\/granito.ro","article_modified_time":"2025-09-01T20:02:16+00:00","og_image":[{"width":768,"height":768,"url":"https:\/\/granito.ro\/en\/wp-content\/uploads\/2025\/04\/PATTERNS_DOUBLE-HERRINGBONE_SUNNY.030-DARK-768x768.png","type":"image\/png"}],"twitter_card":"summary_large_image","twitter_misc":{"Est. reading time":"1 minute"},"schema":{"@context":"https:\/\/schema.org","@graph":[{"@type":"WebPage","@id":"https:\/\/granito.ro\/en\/product\/placaj-tip-herringbone-dublu\/","url":"https:\/\/granito.ro\/en\/product\/placaj-tip-herringbone-dublu\/","name":"Placaj tip Herringbone Dublu - Acasa - Granito","isPartOf":{"@id":"https:\/\/granito.ro\/en\/#website"},"primaryImageOfPage":{"@id":"https:\/\/granito.ro\/en\/product\/placaj-tip-herringbone-dublu\/#primaryimage"},"image":{"@id":"https:\/\/granito.ro\/en\/product\/placaj-tip-herringbone-dublu\/#primaryimage"},"thumbnailUrl":"https:\/\/granito.ro\/en\/wp-content\/uploads\/2025\/04\/PATTERNS_DOUBLE-HERRINGBONE_SUNNY.030-DARK.png","datePublished":"2024-07-04T08:51:41+00:00","dateModified":"2025-09-01T20:02:16+00:00","breadcrumb":{"@id":"https:\/\/granito.ro\/en\/product\/placaj-tip-herringbone-dublu\/#breadcrumb"},"inLanguage":"en-US","potentialAction":[{"@type":"ReadAction","target":["https:\/\/granito.ro\/en\/product\/placaj-tip-herringbone-dublu\/"]}]},{"@type":"ImageObject","inLanguage":"en-US","@id":"https:\/\/granito.ro\/en\/product\/placaj-tip-herringbone-dublu\/#primaryimage","url":"https:\/\/granito.ro\/en\/wp-content\/uploads\/2025\/04\/PATTERNS_DOUBLE-HERRINGBONE_SUNNY.030-DARK.png","contentUrl":"https:\/\/granito.ro\/en\/wp-content\/uploads\/2025\/04\/PATTERNS_DOUBLE-HERRINGBONE_SUNNY.030-DARK.png","width":1920,"height":1920},{"@type":"BreadcrumbList","@id":"https:\/\/granito.ro\/en\/product\/placaj-tip-herringbone-dublu\/#breadcrumb","itemListElement":[{"@type":"ListItem","position":1,"name":"Prima pagin\u0103","item":"https:\/\/granito.ro\/en\/"},{"@type":"ListItem","position":2,"name":"Materiale","item":"https:\/\/granito.ro\/en\/materiale\/"},{"@type":"ListItem","position":3,"name":"Placaj tip Herringbone Dublu"}]},{"@type":"WebSite","@id":"https:\/\/granito.ro\/en\/#website","url":"https:\/\/granito.ro\/en\/","name":"Granito","description":"","publisher":{"@id":"https:\/\/granito.ro\/en\/#organization"},"potentialAction":[{"@type":"SearchAction","target":{"@type":"EntryPoint","urlTemplate":"https:\/\/granito.ro\/en\/?s={search_term_string}"},"query-input":{"@type":"PropertyValueSpecification","valueRequired":true,"valueName":"search_term_string"}}],"inLanguage":"en-US"},{"@type":"Organization","@id":"https:\/\/granito.ro\/en\/#organization","name":"Granito","url":"https:\/\/granito.ro\/en\/","logo":{"@type":"ImageObject","inLanguage":"en-US","@id":"https:\/\/granito.ro\/en\/#\/schema\/logo\/image\/","url":"https:\/\/granito.ro\/en\/wp-content\/uploads\/2024\/08\/Untitled-1.png","contentUrl":"https:\/\/granito.ro\/en\/wp-content\/uploads\/2024\/08\/Untitled-1.png","width":500,"height":112,"caption":"Granito"},"image":{"@id":"https:\/\/granito.ro\/en\/#\/schema\/logo\/image\/"},"sameAs":["https:\/\/www.facebook.com\/granito.ro","http:\/\/instagram.com\/granito.ro"]}]}},"_links":{"self":[{"href":"https:\/\/granito.ro\/en\/wp-json\/wp\/v2\/product\/3140","targetHints":{"allow":["GET"]}}],"collection":[{"href":"https:\/\/granito.ro\/en\/wp-json\/wp\/v2\/product"}],"about":[{"href":"https:\/\/granito.ro\/en\/wp-json\/wp\/v2\/types\/product"}],"wp:featuredmedia":[{"embeddable":true,"href":"https:\/\/granito.ro\/en\/wp-json\/wp\/v2\/media\/7288"}],"wp:attachment":[{"href":"https:\/\/granito.ro\/en\/wp-json\/wp\/v2\/media?parent=3140"}],"wp:term":[{"taxonomy":"product_brand","embeddable":true,"href":"https:\/\/granito.ro\/en\/wp-json\/wp\/v2\/product_brand?post=3140"},{"taxonomy":"product_cat","embeddable":true,"href":"https:\/\/granito.ro\/en\/wp-json\/wp\/v2\/product_cat?post=3140"},{"taxonomy":"product_tag","embeddable":true,"href":"https:\/\/granito.ro\/en\/wp-json\/wp\/v2\/product_tag?post=3140"}],"curies":[{"name":"wp","href":"https:\/\/api.w.org\/{rel}","templated":true}]}}