
{"id":3109,"date":"2024-06-25T13:16:41","date_gmt":"2024-06-25T13:16:41","guid":{"rendered":"https:\/\/granito.ro\/?post_type=product&#038;p=3109"},"modified":"2025-09-01T20:02:04","modified_gmt":"2025-09-01T20:02:04","slug":"placaj-tip-herringbone-drept","status":"publish","type":"product","link":"https:\/\/granito.ro\/en\/product\/placaj-tip-herringbone-drept\/","title":{"rendered":"Placaj tip Herringbone Drept"},"content":{"rendered":"<p>Disponibil \u00eentr-o selec\u021bie variat\u0103 de materiale naturale, placajul Herringbone Drept aduce un aspect organizat \u0219i echilibrat \u00een amenaj\u0103rile tale. Fiecare material contribuie la un design armonios, pun\u00e2nd accent pe claritate \u0219i durabilitate, oferind posibilitatea de a personaliza spa\u021biul dup\u0103 preferin\u021be.<\/p>\n<p>Ideal at\u00e2t pentru proiectele interioare, c\u00e2t \u0219i pentru cele exterioare, acest model combin\u0103 practicitatea cu un stil atemporal. Alege Herringbone Drept pentru a-\u021bi redefini spa\u021biul printr-un design curat, care \u00eembin\u0103 estetica ordonat\u0103 cu rezisten\u021ba materialelor naturale.<\/p>\n<p><b>Piatra natural\u0103 prezint\u0103 varia\u021bii de nuan\u021b\u0103, motiv pentru care imaginile de prezentare au un caracter strict informativ \u0219i pot s\u0103 nu reflecte cu exactitate aspectul real al produsului.<\/b><\/p>\n<p><br style=\"font-weight: 400;\" \/><br style=\"font-weight: 400;\" \/><\/p>\n","protected":false},"excerpt":{"rendered":"<p><span style=\"font-weight: 400;\">Placajul tip Herringbone, cu modelul s\u0103u distinct \u00een forma de V, aduce un plus de elegan\u021b\u0103 \u0219i dinamism oric\u0103rui spa\u021biu, perfect pentru a ad\u0103uga profunzime \u0219i un stil care traverseaz\u0103 timpul, fiind at\u00e2t clasic, c\u00e2t \u0219i modern.<\/span><\/p>\n<p><span style=\"font-weight: 400;\">Placajul Herringbone drept, caracterizat prin montajul pl\u0103cilor la un unghi de 90 de grade, creeaz\u0103 un model de V ordonat \u0219i echilibrat, aduc\u00e2nd o structur\u0103 vizual\u0103 clar\u0103 \u0219i atractiv\u0103 oric\u0103rui proiect de design.<\/span><\/p>\n","protected":false},"featured_media":7270,"template":"","meta":{"_eb_attr":""},"product_brand":[],"product_cat":[216],"product_tag":[217],"class_list":{"0":"post-3109","1":"product","2":"type-product","3":"status-publish","4":"has-post-thumbnail","6":"product_cat-placaje-cu-model","7":"product_tag-placaje-cu-model","9":"first","10":"outofstock","11":"shipping-taxable","12":"purchasable","13":"product-type-simple"},"yoast_head":"<!-- This site is optimized with the Yoast SEO plugin v27.4 - https:\/\/yoast.com\/product\/yoast-seo-wordpress\/ -->\n<title>Granito<\/title>\n<meta name=\"robots\" content=\"index, follow, max-snippet:-1, max-image-preview:large, max-video-preview:-1\" \/>\n<link rel=\"canonical\" href=\"https:\/\/granito.ro\/en\/product\/placaj-tip-herringbone-drept\/\" \/>\n<meta property=\"og:locale\" content=\"en_US\" \/>\n<meta property=\"og:type\" content=\"article\" \/>\n<meta property=\"og:title\" content=\"Placaj tip Herringbone Drept - Acasa - Granito\" \/>\n<meta property=\"og:description\" content=\"Placajul tip Herringbone, cu modelul s\u0103u distinct \u00een forma de V, aduce un plus de elegan\u021b\u0103 \u0219i dinamism oric\u0103rui spa\u021biu, perfect pentru a ad\u0103uga profunzime \u0219i un stil care traverseaz\u0103 timpul, fiind at\u00e2t clasic, c\u00e2t \u0219i modern.  Placajul Herringbone drept, caracterizat prin montajul pl\u0103cilor la un unghi de 90 de grade, creeaz\u0103 un model de V ordonat \u0219i echilibrat, aduc\u00e2nd o structur\u0103 vizual\u0103 clar\u0103 \u0219i atractiv\u0103 oric\u0103rui proiect de design.\" \/>\n<meta property=\"og:url\" content=\"https:\/\/granito.ro\/en\/product\/placaj-tip-herringbone-drept\/\" \/>\n<meta property=\"og:site_name\" content=\"Acasa - Granito\" \/>\n<meta property=\"article:publisher\" content=\"https:\/\/www.facebook.com\/granito.ro\" \/>\n<meta property=\"article:modified_time\" content=\"2025-09-01T20:02:04+00:00\" \/>\n<meta property=\"og:image\" content=\"https:\/\/granito.ro\/en\/wp-content\/uploads\/2025\/04\/PATTERNS_HERRINGBONE_DREPT_ROZ_PAL.007-LIGHT-768x768.png\" \/>\n\t<meta property=\"og:image:width\" content=\"768\" \/>\n\t<meta property=\"og:image:height\" content=\"768\" \/>\n\t<meta property=\"og:image:type\" content=\"image\/png\" \/>\n<meta name=\"twitter:card\" content=\"summary_large_image\" \/>\n<meta name=\"twitter:label1\" content=\"Est. reading time\" \/>\n\t<meta name=\"twitter:data1\" content=\"1 minute\" \/>\n<script type=\"application\/ld+json\" class=\"yoast-schema-graph\">{\"@context\":\"https:\\\/\\\/schema.org\",\"@graph\":[{\"@type\":\"WebPage\",\"@id\":\"https:\\\/\\\/granito.ro\\\/en\\\/product\\\/placaj-tip-herringbone-drept\\\/\",\"url\":\"https:\\\/\\\/granito.ro\\\/en\\\/product\\\/placaj-tip-herringbone-drept\\\/\",\"name\":\"Placaj tip Herringbone Drept - Acasa - Granito\",\"isPartOf\":{\"@id\":\"https:\\\/\\\/granito.ro\\\/en\\\/#website\"},\"primaryImageOfPage\":{\"@id\":\"https:\\\/\\\/granito.ro\\\/en\\\/product\\\/placaj-tip-herringbone-drept\\\/#primaryimage\"},\"image\":{\"@id\":\"https:\\\/\\\/granito.ro\\\/en\\\/product\\\/placaj-tip-herringbone-drept\\\/#primaryimage\"},\"thumbnailUrl\":\"https:\\\/\\\/granito.ro\\\/en\\\/wp-content\\\/uploads\\\/2025\\\/04\\\/PATTERNS_HERRINGBONE_DREPT_ROZ_PAL.007-LIGHT.png\",\"datePublished\":\"2024-06-25T13:16:41+00:00\",\"dateModified\":\"2025-09-01T20:02:04+00:00\",\"breadcrumb\":{\"@id\":\"https:\\\/\\\/granito.ro\\\/en\\\/product\\\/placaj-tip-herringbone-drept\\\/#breadcrumb\"},\"inLanguage\":\"en-US\",\"potentialAction\":[{\"@type\":\"ReadAction\",\"target\":[\"https:\\\/\\\/granito.ro\\\/en\\\/product\\\/placaj-tip-herringbone-drept\\\/\"]}]},{\"@type\":\"ImageObject\",\"inLanguage\":\"en-US\",\"@id\":\"https:\\\/\\\/granito.ro\\\/en\\\/product\\\/placaj-tip-herringbone-drept\\\/#primaryimage\",\"url\":\"https:\\\/\\\/granito.ro\\\/en\\\/wp-content\\\/uploads\\\/2025\\\/04\\\/PATTERNS_HERRINGBONE_DREPT_ROZ_PAL.007-LIGHT.png\",\"contentUrl\":\"https:\\\/\\\/granito.ro\\\/en\\\/wp-content\\\/uploads\\\/2025\\\/04\\\/PATTERNS_HERRINGBONE_DREPT_ROZ_PAL.007-LIGHT.png\",\"width\":1920,\"height\":1920},{\"@type\":\"BreadcrumbList\",\"@id\":\"https:\\\/\\\/granito.ro\\\/en\\\/product\\\/placaj-tip-herringbone-drept\\\/#breadcrumb\",\"itemListElement\":[{\"@type\":\"ListItem\",\"position\":1,\"name\":\"Prima pagin\u0103\",\"item\":\"https:\\\/\\\/granito.ro\\\/en\\\/\"},{\"@type\":\"ListItem\",\"position\":2,\"name\":\"Materiale\",\"item\":\"https:\\\/\\\/granito.ro\\\/en\\\/materiale\\\/\"},{\"@type\":\"ListItem\",\"position\":3,\"name\":\"Placaj tip Herringbone Drept\"}]},{\"@type\":\"WebSite\",\"@id\":\"https:\\\/\\\/granito.ro\\\/en\\\/#website\",\"url\":\"https:\\\/\\\/granito.ro\\\/en\\\/\",\"name\":\"Granito\",\"description\":\"\",\"publisher\":{\"@id\":\"https:\\\/\\\/granito.ro\\\/en\\\/#organization\"},\"potentialAction\":[{\"@type\":\"SearchAction\",\"target\":{\"@type\":\"EntryPoint\",\"urlTemplate\":\"https:\\\/\\\/granito.ro\\\/en\\\/?s={search_term_string}\"},\"query-input\":{\"@type\":\"PropertyValueSpecification\",\"valueRequired\":true,\"valueName\":\"search_term_string\"}}],\"inLanguage\":\"en-US\"},{\"@type\":\"Organization\",\"@id\":\"https:\\\/\\\/granito.ro\\\/en\\\/#organization\",\"name\":\"Granito\",\"url\":\"https:\\\/\\\/granito.ro\\\/en\\\/\",\"logo\":{\"@type\":\"ImageObject\",\"inLanguage\":\"en-US\",\"@id\":\"https:\\\/\\\/granito.ro\\\/en\\\/#\\\/schema\\\/logo\\\/image\\\/\",\"url\":\"https:\\\/\\\/granito.ro\\\/en\\\/wp-content\\\/uploads\\\/2024\\\/08\\\/Untitled-1.png\",\"contentUrl\":\"https:\\\/\\\/granito.ro\\\/en\\\/wp-content\\\/uploads\\\/2024\\\/08\\\/Untitled-1.png\",\"width\":500,\"height\":112,\"caption\":\"Granito\"},\"image\":{\"@id\":\"https:\\\/\\\/granito.ro\\\/en\\\/#\\\/schema\\\/logo\\\/image\\\/\"},\"sameAs\":[\"https:\\\/\\\/www.facebook.com\\\/granito.ro\",\"http:\\\/\\\/instagram.com\\\/granito.ro\"]}]}<\/script>\n<!-- \/ Yoast SEO plugin. -->","yoast_head_json":{"title":"Granito","robots":{"index":"index","follow":"follow","max-snippet":"max-snippet:-1","max-image-preview":"max-image-preview:large","max-video-preview":"max-video-preview:-1"},"canonical":"https:\/\/granito.ro\/en\/product\/placaj-tip-herringbone-drept\/","og_locale":"en_US","og_type":"article","og_title":"Placaj tip Herringbone Drept - Acasa - Granito","og_description":"Placajul tip Herringbone, cu modelul s\u0103u distinct \u00een forma de V, aduce un plus de elegan\u021b\u0103 \u0219i dinamism oric\u0103rui spa\u021biu, perfect pentru a ad\u0103uga profunzime \u0219i un stil care traverseaz\u0103 timpul, fiind at\u00e2t clasic, c\u00e2t \u0219i modern.  Placajul Herringbone drept, caracterizat prin montajul pl\u0103cilor la un unghi de 90 de grade, creeaz\u0103 un model de V ordonat \u0219i echilibrat, aduc\u00e2nd o structur\u0103 vizual\u0103 clar\u0103 \u0219i atractiv\u0103 oric\u0103rui proiect de design.","og_url":"https:\/\/granito.ro\/en\/product\/placaj-tip-herringbone-drept\/","og_site_name":"Acasa - Granito","article_publisher":"https:\/\/www.facebook.com\/granito.ro","article_modified_time":"2025-09-01T20:02:04+00:00","og_image":[{"width":768,"height":768,"url":"https:\/\/granito.ro\/en\/wp-content\/uploads\/2025\/04\/PATTERNS_HERRINGBONE_DREPT_ROZ_PAL.007-LIGHT-768x768.png","type":"image\/png"}],"twitter_card":"summary_large_image","twitter_misc":{"Est. reading time":"1 minute"},"schema":{"@context":"https:\/\/schema.org","@graph":[{"@type":"WebPage","@id":"https:\/\/granito.ro\/en\/product\/placaj-tip-herringbone-drept\/","url":"https:\/\/granito.ro\/en\/product\/placaj-tip-herringbone-drept\/","name":"Placaj tip Herringbone Drept - Acasa - Granito","isPartOf":{"@id":"https:\/\/granito.ro\/en\/#website"},"primaryImageOfPage":{"@id":"https:\/\/granito.ro\/en\/product\/placaj-tip-herringbone-drept\/#primaryimage"},"image":{"@id":"https:\/\/granito.ro\/en\/product\/placaj-tip-herringbone-drept\/#primaryimage"},"thumbnailUrl":"https:\/\/granito.ro\/en\/wp-content\/uploads\/2025\/04\/PATTERNS_HERRINGBONE_DREPT_ROZ_PAL.007-LIGHT.png","datePublished":"2024-06-25T13:16:41+00:00","dateModified":"2025-09-01T20:02:04+00:00","breadcrumb":{"@id":"https:\/\/granito.ro\/en\/product\/placaj-tip-herringbone-drept\/#breadcrumb"},"inLanguage":"en-US","potentialAction":[{"@type":"ReadAction","target":["https:\/\/granito.ro\/en\/product\/placaj-tip-herringbone-drept\/"]}]},{"@type":"ImageObject","inLanguage":"en-US","@id":"https:\/\/granito.ro\/en\/product\/placaj-tip-herringbone-drept\/#primaryimage","url":"https:\/\/granito.ro\/en\/wp-content\/uploads\/2025\/04\/PATTERNS_HERRINGBONE_DREPT_ROZ_PAL.007-LIGHT.png","contentUrl":"https:\/\/granito.ro\/en\/wp-content\/uploads\/2025\/04\/PATTERNS_HERRINGBONE_DREPT_ROZ_PAL.007-LIGHT.png","width":1920,"height":1920},{"@type":"BreadcrumbList","@id":"https:\/\/granito.ro\/en\/product\/placaj-tip-herringbone-drept\/#breadcrumb","itemListElement":[{"@type":"ListItem","position":1,"name":"Prima pagin\u0103","item":"https:\/\/granito.ro\/en\/"},{"@type":"ListItem","position":2,"name":"Materiale","item":"https:\/\/granito.ro\/en\/materiale\/"},{"@type":"ListItem","position":3,"name":"Placaj tip Herringbone Drept"}]},{"@type":"WebSite","@id":"https:\/\/granito.ro\/en\/#website","url":"https:\/\/granito.ro\/en\/","name":"Granito","description":"","publisher":{"@id":"https:\/\/granito.ro\/en\/#organization"},"potentialAction":[{"@type":"SearchAction","target":{"@type":"EntryPoint","urlTemplate":"https:\/\/granito.ro\/en\/?s={search_term_string}"},"query-input":{"@type":"PropertyValueSpecification","valueRequired":true,"valueName":"search_term_string"}}],"inLanguage":"en-US"},{"@type":"Organization","@id":"https:\/\/granito.ro\/en\/#organization","name":"Granito","url":"https:\/\/granito.ro\/en\/","logo":{"@type":"ImageObject","inLanguage":"en-US","@id":"https:\/\/granito.ro\/en\/#\/schema\/logo\/image\/","url":"https:\/\/granito.ro\/en\/wp-content\/uploads\/2024\/08\/Untitled-1.png","contentUrl":"https:\/\/granito.ro\/en\/wp-content\/uploads\/2024\/08\/Untitled-1.png","width":500,"height":112,"caption":"Granito"},"image":{"@id":"https:\/\/granito.ro\/en\/#\/schema\/logo\/image\/"},"sameAs":["https:\/\/www.facebook.com\/granito.ro","http:\/\/instagram.com\/granito.ro"]}]}},"_links":{"self":[{"href":"https:\/\/granito.ro\/en\/wp-json\/wp\/v2\/product\/3109","targetHints":{"allow":["GET"]}}],"collection":[{"href":"https:\/\/granito.ro\/en\/wp-json\/wp\/v2\/product"}],"about":[{"href":"https:\/\/granito.ro\/en\/wp-json\/wp\/v2\/types\/product"}],"wp:featuredmedia":[{"embeddable":true,"href":"https:\/\/granito.ro\/en\/wp-json\/wp\/v2\/media\/7270"}],"wp:attachment":[{"href":"https:\/\/granito.ro\/en\/wp-json\/wp\/v2\/media?parent=3109"}],"wp:term":[{"taxonomy":"product_brand","embeddable":true,"href":"https:\/\/granito.ro\/en\/wp-json\/wp\/v2\/product_brand?post=3109"},{"taxonomy":"product_cat","embeddable":true,"href":"https:\/\/granito.ro\/en\/wp-json\/wp\/v2\/product_cat?post=3109"},{"taxonomy":"product_tag","embeddable":true,"href":"https:\/\/granito.ro\/en\/wp-json\/wp\/v2\/product_tag?post=3109"}],"curies":[{"name":"wp","href":"https:\/\/api.w.org\/{rel}","templated":true}]}}