
{"id":3076,"date":"2024-06-20T20:43:56","date_gmt":"2024-06-20T20:43:56","guid":{"rendered":"https:\/\/granito.ro\/?post_type=product&#038;p=3076"},"modified":"2025-09-01T20:01:51","modified_gmt":"2025-09-01T20:01:51","slug":"placaj-tip-herringbone-diagonal","status":"publish","type":"product","link":"https:\/\/granito.ro\/en\/product\/placaj-tip-herringbone-diagonal\/","title":{"rendered":"Placaj tip Herringbone Diagonal"},"content":{"rendered":"<p>Disponibil \u00eentr-o gam\u0103 variat\u0103 de materiale naturale, placajul Herringbone Diagonal ofer\u0103 flexibilitate pentru a se integra \u00een orice tip de proiect. Fiecare material folosit contribuie la ob\u021binerea unui design echilibrat, pun\u00e2nd \u00een valoare at\u00e2t estetica, c\u00e2t \u0219i func\u021bionalitatea.<\/p>\n<p>Acest tip de placaj este potrivit pentru o diversitate de aplica\u021bii, aduc\u00e2nd un plus de valoare vizual\u0103 \u0219i practic\u0103 fiec\u0103rui spa\u021biu. Alege Herringbone Diagonal pentru a-\u021bi transforma ideile \u00een realitate \u0219i pentru a crea amenaj\u0103ri ce \u00eembin\u0103 armonios stilul unic cu durabilitatea.<\/p>\n<p><b>Piatra natural\u0103 prezint\u0103 varia\u021bii de nuan\u021b\u0103, motiv pentru care imaginile de prezentare au un caracter strict informativ \u0219i pot s\u0103 nu reflecte cu exactitate aspectul real al produsului.<\/b><\/p>\n<p><br style=\"font-weight: 400;\" \/><br style=\"font-weight: 400;\" \/><\/p>\n","protected":false},"excerpt":{"rendered":"<p><span style=\"font-weight: 400;\">Placajul tip Herringbone, cu modelul s\u0103u distinct \u00een forma de V, aduce un plus de elegan\u021b\u0103 \u0219i dinamism oric\u0103rui spa\u021biu, perfect pentru a ad\u0103uga profunzime \u0219i un stil care traverseaz\u0103 timpul, fiind at\u00e2t clasic, c\u00e2t \u0219i modern.<\/span><\/p>\n<p><span style=\"font-weight: 400;\">Placajul tip Herringbone montat diagonal se caracterizeaz\u0103 prin \u00eembinarea pl\u0103cilor la un unghi de 45 de grade, cre\u00e2nd un model distinct \u00een forma de V care adaug\u0103 profunzime \u0219i un stil elegant.<\/span><\/p>\n","protected":false},"featured_media":7253,"template":"","meta":{"_eb_attr":""},"product_brand":[],"product_cat":[216],"product_tag":[217],"class_list":{"0":"post-3076","1":"product","2":"type-product","3":"status-publish","4":"has-post-thumbnail","6":"product_cat-placaje-cu-model","7":"product_tag-placaje-cu-model","9":"first","10":"outofstock","11":"shipping-taxable","12":"purchasable","13":"product-type-simple"},"yoast_head":"<!-- This site is optimized with the Yoast SEO plugin v27.4 - https:\/\/yoast.com\/product\/yoast-seo-wordpress\/ -->\n<title>Granito<\/title>\n<meta name=\"robots\" content=\"index, follow, max-snippet:-1, max-image-preview:large, max-video-preview:-1\" \/>\n<link rel=\"canonical\" href=\"https:\/\/granito.ro\/en\/product\/placaj-tip-herringbone-diagonal\/\" \/>\n<meta property=\"og:locale\" content=\"en_US\" \/>\n<meta property=\"og:type\" content=\"article\" \/>\n<meta property=\"og:title\" content=\"Placaj tip Herringbone Diagonal - Acasa - Granito\" \/>\n<meta property=\"og:description\" content=\"Placajul tip Herringbone, cu modelul s\u0103u distinct \u00een forma de V, aduce un plus de elegan\u021b\u0103 \u0219i dinamism oric\u0103rui spa\u021biu, perfect pentru a ad\u0103uga profunzime \u0219i un stil care traverseaz\u0103 timpul, fiind at\u00e2t clasic, c\u00e2t \u0219i modern.  Placajul tip Herringbone montat diagonal se caracterizeaz\u0103 prin \u00eembinarea pl\u0103cilor la un unghi de 45 de grade, cre\u00e2nd un model distinct \u00een forma de V care adaug\u0103 profunzime \u0219i un stil elegant.\" \/>\n<meta property=\"og:url\" content=\"https:\/\/granito.ro\/en\/product\/placaj-tip-herringbone-diagonal\/\" \/>\n<meta property=\"og:site_name\" content=\"Acasa - Granito\" \/>\n<meta property=\"article:publisher\" content=\"https:\/\/www.facebook.com\/granito.ro\" \/>\n<meta property=\"article:modified_time\" content=\"2025-09-01T20:01:51+00:00\" \/>\n<meta property=\"og:image\" content=\"https:\/\/granito.ro\/en\/wp-content\/uploads\/2025\/04\/PATTERNS_HERRINGBONE_DIAGONAL_BRECCIA_SARDA.003-DARK-768x768.png\" \/>\n\t<meta property=\"og:image:width\" content=\"768\" \/>\n\t<meta property=\"og:image:height\" content=\"768\" \/>\n\t<meta property=\"og:image:type\" content=\"image\/png\" \/>\n<meta name=\"twitter:card\" content=\"summary_large_image\" \/>\n<meta name=\"twitter:label1\" content=\"Est. reading time\" \/>\n\t<meta name=\"twitter:data1\" content=\"1 minute\" \/>\n<script type=\"application\/ld+json\" class=\"yoast-schema-graph\">{\"@context\":\"https:\\\/\\\/schema.org\",\"@graph\":[{\"@type\":\"WebPage\",\"@id\":\"https:\\\/\\\/granito.ro\\\/en\\\/product\\\/placaj-tip-herringbone-diagonal\\\/\",\"url\":\"https:\\\/\\\/granito.ro\\\/en\\\/product\\\/placaj-tip-herringbone-diagonal\\\/\",\"name\":\"Placaj tip Herringbone Diagonal - Acasa - Granito\",\"isPartOf\":{\"@id\":\"https:\\\/\\\/granito.ro\\\/en\\\/#website\"},\"primaryImageOfPage\":{\"@id\":\"https:\\\/\\\/granito.ro\\\/en\\\/product\\\/placaj-tip-herringbone-diagonal\\\/#primaryimage\"},\"image\":{\"@id\":\"https:\\\/\\\/granito.ro\\\/en\\\/product\\\/placaj-tip-herringbone-diagonal\\\/#primaryimage\"},\"thumbnailUrl\":\"https:\\\/\\\/granito.ro\\\/en\\\/wp-content\\\/uploads\\\/2025\\\/04\\\/PATTERNS_HERRINGBONE_DIAGONAL_BRECCIA_SARDA.003-DARK.png\",\"datePublished\":\"2024-06-20T20:43:56+00:00\",\"dateModified\":\"2025-09-01T20:01:51+00:00\",\"breadcrumb\":{\"@id\":\"https:\\\/\\\/granito.ro\\\/en\\\/product\\\/placaj-tip-herringbone-diagonal\\\/#breadcrumb\"},\"inLanguage\":\"en-US\",\"potentialAction\":[{\"@type\":\"ReadAction\",\"target\":[\"https:\\\/\\\/granito.ro\\\/en\\\/product\\\/placaj-tip-herringbone-diagonal\\\/\"]}]},{\"@type\":\"ImageObject\",\"inLanguage\":\"en-US\",\"@id\":\"https:\\\/\\\/granito.ro\\\/en\\\/product\\\/placaj-tip-herringbone-diagonal\\\/#primaryimage\",\"url\":\"https:\\\/\\\/granito.ro\\\/en\\\/wp-content\\\/uploads\\\/2025\\\/04\\\/PATTERNS_HERRINGBONE_DIAGONAL_BRECCIA_SARDA.003-DARK.png\",\"contentUrl\":\"https:\\\/\\\/granito.ro\\\/en\\\/wp-content\\\/uploads\\\/2025\\\/04\\\/PATTERNS_HERRINGBONE_DIAGONAL_BRECCIA_SARDA.003-DARK.png\",\"width\":1920,\"height\":1920},{\"@type\":\"BreadcrumbList\",\"@id\":\"https:\\\/\\\/granito.ro\\\/en\\\/product\\\/placaj-tip-herringbone-diagonal\\\/#breadcrumb\",\"itemListElement\":[{\"@type\":\"ListItem\",\"position\":1,\"name\":\"Prima pagin\u0103\",\"item\":\"https:\\\/\\\/granito.ro\\\/en\\\/\"},{\"@type\":\"ListItem\",\"position\":2,\"name\":\"Materiale\",\"item\":\"https:\\\/\\\/granito.ro\\\/en\\\/materiale\\\/\"},{\"@type\":\"ListItem\",\"position\":3,\"name\":\"Placaj tip Herringbone Diagonal\"}]},{\"@type\":\"WebSite\",\"@id\":\"https:\\\/\\\/granito.ro\\\/en\\\/#website\",\"url\":\"https:\\\/\\\/granito.ro\\\/en\\\/\",\"name\":\"Granito\",\"description\":\"\",\"publisher\":{\"@id\":\"https:\\\/\\\/granito.ro\\\/en\\\/#organization\"},\"potentialAction\":[{\"@type\":\"SearchAction\",\"target\":{\"@type\":\"EntryPoint\",\"urlTemplate\":\"https:\\\/\\\/granito.ro\\\/en\\\/?s={search_term_string}\"},\"query-input\":{\"@type\":\"PropertyValueSpecification\",\"valueRequired\":true,\"valueName\":\"search_term_string\"}}],\"inLanguage\":\"en-US\"},{\"@type\":\"Organization\",\"@id\":\"https:\\\/\\\/granito.ro\\\/en\\\/#organization\",\"name\":\"Granito\",\"url\":\"https:\\\/\\\/granito.ro\\\/en\\\/\",\"logo\":{\"@type\":\"ImageObject\",\"inLanguage\":\"en-US\",\"@id\":\"https:\\\/\\\/granito.ro\\\/en\\\/#\\\/schema\\\/logo\\\/image\\\/\",\"url\":\"https:\\\/\\\/granito.ro\\\/en\\\/wp-content\\\/uploads\\\/2024\\\/08\\\/Untitled-1.png\",\"contentUrl\":\"https:\\\/\\\/granito.ro\\\/en\\\/wp-content\\\/uploads\\\/2024\\\/08\\\/Untitled-1.png\",\"width\":500,\"height\":112,\"caption\":\"Granito\"},\"image\":{\"@id\":\"https:\\\/\\\/granito.ro\\\/en\\\/#\\\/schema\\\/logo\\\/image\\\/\"},\"sameAs\":[\"https:\\\/\\\/www.facebook.com\\\/granito.ro\",\"http:\\\/\\\/instagram.com\\\/granito.ro\"]}]}<\/script>\n<!-- \/ Yoast SEO plugin. -->","yoast_head_json":{"title":"Granito","robots":{"index":"index","follow":"follow","max-snippet":"max-snippet:-1","max-image-preview":"max-image-preview:large","max-video-preview":"max-video-preview:-1"},"canonical":"https:\/\/granito.ro\/en\/product\/placaj-tip-herringbone-diagonal\/","og_locale":"en_US","og_type":"article","og_title":"Placaj tip Herringbone Diagonal - Acasa - Granito","og_description":"Placajul tip Herringbone, cu modelul s\u0103u distinct \u00een forma de V, aduce un plus de elegan\u021b\u0103 \u0219i dinamism oric\u0103rui spa\u021biu, perfect pentru a ad\u0103uga profunzime \u0219i un stil care traverseaz\u0103 timpul, fiind at\u00e2t clasic, c\u00e2t \u0219i modern.  Placajul tip Herringbone montat diagonal se caracterizeaz\u0103 prin \u00eembinarea pl\u0103cilor la un unghi de 45 de grade, cre\u00e2nd un model distinct \u00een forma de V care adaug\u0103 profunzime \u0219i un stil elegant.","og_url":"https:\/\/granito.ro\/en\/product\/placaj-tip-herringbone-diagonal\/","og_site_name":"Acasa - Granito","article_publisher":"https:\/\/www.facebook.com\/granito.ro","article_modified_time":"2025-09-01T20:01:51+00:00","og_image":[{"width":768,"height":768,"url":"https:\/\/granito.ro\/en\/wp-content\/uploads\/2025\/04\/PATTERNS_HERRINGBONE_DIAGONAL_BRECCIA_SARDA.003-DARK-768x768.png","type":"image\/png"}],"twitter_card":"summary_large_image","twitter_misc":{"Est. reading time":"1 minute"},"schema":{"@context":"https:\/\/schema.org","@graph":[{"@type":"WebPage","@id":"https:\/\/granito.ro\/en\/product\/placaj-tip-herringbone-diagonal\/","url":"https:\/\/granito.ro\/en\/product\/placaj-tip-herringbone-diagonal\/","name":"Placaj tip Herringbone Diagonal - Acasa - Granito","isPartOf":{"@id":"https:\/\/granito.ro\/en\/#website"},"primaryImageOfPage":{"@id":"https:\/\/granito.ro\/en\/product\/placaj-tip-herringbone-diagonal\/#primaryimage"},"image":{"@id":"https:\/\/granito.ro\/en\/product\/placaj-tip-herringbone-diagonal\/#primaryimage"},"thumbnailUrl":"https:\/\/granito.ro\/en\/wp-content\/uploads\/2025\/04\/PATTERNS_HERRINGBONE_DIAGONAL_BRECCIA_SARDA.003-DARK.png","datePublished":"2024-06-20T20:43:56+00:00","dateModified":"2025-09-01T20:01:51+00:00","breadcrumb":{"@id":"https:\/\/granito.ro\/en\/product\/placaj-tip-herringbone-diagonal\/#breadcrumb"},"inLanguage":"en-US","potentialAction":[{"@type":"ReadAction","target":["https:\/\/granito.ro\/en\/product\/placaj-tip-herringbone-diagonal\/"]}]},{"@type":"ImageObject","inLanguage":"en-US","@id":"https:\/\/granito.ro\/en\/product\/placaj-tip-herringbone-diagonal\/#primaryimage","url":"https:\/\/granito.ro\/en\/wp-content\/uploads\/2025\/04\/PATTERNS_HERRINGBONE_DIAGONAL_BRECCIA_SARDA.003-DARK.png","contentUrl":"https:\/\/granito.ro\/en\/wp-content\/uploads\/2025\/04\/PATTERNS_HERRINGBONE_DIAGONAL_BRECCIA_SARDA.003-DARK.png","width":1920,"height":1920},{"@type":"BreadcrumbList","@id":"https:\/\/granito.ro\/en\/product\/placaj-tip-herringbone-diagonal\/#breadcrumb","itemListElement":[{"@type":"ListItem","position":1,"name":"Prima pagin\u0103","item":"https:\/\/granito.ro\/en\/"},{"@type":"ListItem","position":2,"name":"Materiale","item":"https:\/\/granito.ro\/en\/materiale\/"},{"@type":"ListItem","position":3,"name":"Placaj tip Herringbone Diagonal"}]},{"@type":"WebSite","@id":"https:\/\/granito.ro\/en\/#website","url":"https:\/\/granito.ro\/en\/","name":"Granito","description":"","publisher":{"@id":"https:\/\/granito.ro\/en\/#organization"},"potentialAction":[{"@type":"SearchAction","target":{"@type":"EntryPoint","urlTemplate":"https:\/\/granito.ro\/en\/?s={search_term_string}"},"query-input":{"@type":"PropertyValueSpecification","valueRequired":true,"valueName":"search_term_string"}}],"inLanguage":"en-US"},{"@type":"Organization","@id":"https:\/\/granito.ro\/en\/#organization","name":"Granito","url":"https:\/\/granito.ro\/en\/","logo":{"@type":"ImageObject","inLanguage":"en-US","@id":"https:\/\/granito.ro\/en\/#\/schema\/logo\/image\/","url":"https:\/\/granito.ro\/en\/wp-content\/uploads\/2024\/08\/Untitled-1.png","contentUrl":"https:\/\/granito.ro\/en\/wp-content\/uploads\/2024\/08\/Untitled-1.png","width":500,"height":112,"caption":"Granito"},"image":{"@id":"https:\/\/granito.ro\/en\/#\/schema\/logo\/image\/"},"sameAs":["https:\/\/www.facebook.com\/granito.ro","http:\/\/instagram.com\/granito.ro"]}]}},"_links":{"self":[{"href":"https:\/\/granito.ro\/en\/wp-json\/wp\/v2\/product\/3076","targetHints":{"allow":["GET"]}}],"collection":[{"href":"https:\/\/granito.ro\/en\/wp-json\/wp\/v2\/product"}],"about":[{"href":"https:\/\/granito.ro\/en\/wp-json\/wp\/v2\/types\/product"}],"wp:featuredmedia":[{"embeddable":true,"href":"https:\/\/granito.ro\/en\/wp-json\/wp\/v2\/media\/7253"}],"wp:attachment":[{"href":"https:\/\/granito.ro\/en\/wp-json\/wp\/v2\/media?parent=3076"}],"wp:term":[{"taxonomy":"product_brand","embeddable":true,"href":"https:\/\/granito.ro\/en\/wp-json\/wp\/v2\/product_brand?post=3076"},{"taxonomy":"product_cat","embeddable":true,"href":"https:\/\/granito.ro\/en\/wp-json\/wp\/v2\/product_cat?post=3076"},{"taxonomy":"product_tag","embeddable":true,"href":"https:\/\/granito.ro\/en\/wp-json\/wp\/v2\/product_tag?post=3076"}],"curies":[{"name":"wp","href":"https:\/\/api.w.org\/{rel}","templated":true}]}}