
{"id":3042,"date":"2024-06-20T19:36:06","date_gmt":"2024-06-20T19:36:06","guid":{"rendered":"https:\/\/granito.ro\/?post_type=product&#038;p=3042"},"modified":"2025-09-01T20:01:21","modified_gmt":"2025-09-01T20:01:21","slug":"placaj-patrat-tip-romb","status":"publish","type":"product","link":"https:\/\/granito.ro\/en\/product\/placaj-patrat-tip-romb\/","title":{"rendered":"Placaj P\u0103trat tip Romb"},"content":{"rendered":"<p>Placajul p\u0103trat montat \u00een stil romb creeaz\u0103 un efect vizual dinamic \u0219i elegant, cu pl\u0103cile dispuse la un unghi de 45 de grade fa\u021b\u0103 de axele standard. Aceast\u0103 tehnic\u0103 ofer\u0103 spa\u021biului un aspect sofisticat, ad\u0103ug\u00e2nd profunzime \u0219i un sentiment de mi\u0219care subtil\u0103.<\/p>\n<p>Ideal pentru suprafe\u021be interioare \u0219i exterioare, montajul romb scoate \u00een eviden\u021b\u0103 liniile geometrice clare \u0219i echilibrate. Acest stil deosebit transform\u0103 orice proiect \u00eentr-un spa\u021biu memorabil, combin\u00e2nd func\u021bionalitatea cu designul de impact.<\/p>\n<p><b>Piatra natural\u0103 prezint\u0103 varia\u021bii de nuan\u021b\u0103, motiv pentru care imaginile de prezentare au un caracter strict informativ \u0219i pot s\u0103 nu reflecte cu exactitate aspectul real al produsului.<\/b><\/p>\n<p><br style=\"font-weight: 400;\" \/><br style=\"font-weight: 400;\" \/><\/p>\n","protected":false},"excerpt":{"rendered":"<p>Placajele p\u0103trate, cu design simplu \u0219i dimensiuni uniforme, reprezint\u0103 o alegere versatil\u0103 pentru diverse proiecte de amenajare. Acestea ofer\u0103 un echilibru \u00eentre func\u021bionalitate \u0219i estetic\u0103, fiind ideale pentru spa\u021bii care necesit\u0103 durabilitate \u0219i stil.<\/p>\n<p>Disponibile \u00eentr-o gam\u0103 variat\u0103 de materiale naturale, aceste placaje adaug\u0103 un aspect armonios \u0219i atemporal oric\u0103rui spa\u021biu. Fiecare plac\u0103 este atent prelucrat\u0103, asigur\u00e2nd o integrare perfect\u0103 \u00een proiectele interioare sau exterioare.<\/p>\n","protected":false},"featured_media":7380,"template":"","meta":{"_eb_attr":""},"product_brand":[],"product_cat":[216],"product_tag":[217],"class_list":{"0":"post-3042","1":"product","2":"type-product","3":"status-publish","4":"has-post-thumbnail","6":"product_cat-placaje-cu-model","7":"product_tag-placaje-cu-model","9":"first","10":"outofstock","11":"shipping-taxable","12":"purchasable","13":"product-type-simple"},"yoast_head":"<!-- This site is optimized with the Yoast SEO plugin v27.4 - https:\/\/yoast.com\/product\/yoast-seo-wordpress\/ -->\n<title>Granito<\/title>\n<meta name=\"robots\" content=\"index, follow, max-snippet:-1, max-image-preview:large, max-video-preview:-1\" \/>\n<link rel=\"canonical\" href=\"https:\/\/granito.ro\/en\/product\/placaj-patrat-tip-romb\/\" \/>\n<meta property=\"og:locale\" content=\"en_US\" \/>\n<meta property=\"og:type\" content=\"article\" \/>\n<meta property=\"og:title\" content=\"Placaj P\u0103trat tip Romb - Acasa - Granito\" \/>\n<meta property=\"og:description\" content=\"Placajele p\u0103trate, cu design simplu \u0219i dimensiuni uniforme, reprezint\u0103 o alegere versatil\u0103 pentru diverse proiecte de amenajare. Acestea ofer\u0103 un echilibru \u00eentre func\u021bionalitate \u0219i estetic\u0103, fiind ideale pentru spa\u021bii care necesit\u0103 durabilitate \u0219i stil.  Disponibile \u00eentr-o gam\u0103 variat\u0103 de materiale naturale, aceste placaje adaug\u0103 un aspect armonios \u0219i atemporal oric\u0103rui spa\u021biu. Fiecare plac\u0103 este atent prelucrat\u0103, asigur\u00e2nd o integrare perfect\u0103 \u00een proiectele interioare sau exterioare.\" \/>\n<meta property=\"og:url\" content=\"https:\/\/granito.ro\/en\/product\/placaj-patrat-tip-romb\/\" \/>\n<meta property=\"og:site_name\" content=\"Acasa - Granito\" \/>\n<meta property=\"article:publisher\" content=\"https:\/\/www.facebook.com\/granito.ro\" \/>\n<meta property=\"article:modified_time\" content=\"2025-09-01T20:01:21+00:00\" \/>\n<meta property=\"og:image\" content=\"https:\/\/granito.ro\/en\/wp-content\/uploads\/2025\/04\/SQUARE_ROMBUS_RTA_ALBBLUE_NIGHT.012-LIGHT-768x768.png\" \/>\n\t<meta property=\"og:image:width\" content=\"768\" \/>\n\t<meta property=\"og:image:height\" content=\"768\" \/>\n\t<meta property=\"og:image:type\" content=\"image\/png\" \/>\n<meta name=\"twitter:card\" content=\"summary_large_image\" \/>\n<meta name=\"twitter:label1\" content=\"Est. reading time\" \/>\n\t<meta name=\"twitter:data1\" content=\"1 minute\" \/>\n<script type=\"application\/ld+json\" class=\"yoast-schema-graph\">{\"@context\":\"https:\\\/\\\/schema.org\",\"@graph\":[{\"@type\":\"WebPage\",\"@id\":\"https:\\\/\\\/granito.ro\\\/en\\\/product\\\/placaj-patrat-tip-romb\\\/\",\"url\":\"https:\\\/\\\/granito.ro\\\/en\\\/product\\\/placaj-patrat-tip-romb\\\/\",\"name\":\"Placaj P\u0103trat tip Romb - Acasa - Granito\",\"isPartOf\":{\"@id\":\"https:\\\/\\\/granito.ro\\\/en\\\/#website\"},\"primaryImageOfPage\":{\"@id\":\"https:\\\/\\\/granito.ro\\\/en\\\/product\\\/placaj-patrat-tip-romb\\\/#primaryimage\"},\"image\":{\"@id\":\"https:\\\/\\\/granito.ro\\\/en\\\/product\\\/placaj-patrat-tip-romb\\\/#primaryimage\"},\"thumbnailUrl\":\"https:\\\/\\\/granito.ro\\\/en\\\/wp-content\\\/uploads\\\/2025\\\/04\\\/SQUARE_ROMBUS_RTA_ALBBLUE_NIGHT.012-LIGHT.png\",\"datePublished\":\"2024-06-20T19:36:06+00:00\",\"dateModified\":\"2025-09-01T20:01:21+00:00\",\"breadcrumb\":{\"@id\":\"https:\\\/\\\/granito.ro\\\/en\\\/product\\\/placaj-patrat-tip-romb\\\/#breadcrumb\"},\"inLanguage\":\"en-US\",\"potentialAction\":[{\"@type\":\"ReadAction\",\"target\":[\"https:\\\/\\\/granito.ro\\\/en\\\/product\\\/placaj-patrat-tip-romb\\\/\"]}]},{\"@type\":\"ImageObject\",\"inLanguage\":\"en-US\",\"@id\":\"https:\\\/\\\/granito.ro\\\/en\\\/product\\\/placaj-patrat-tip-romb\\\/#primaryimage\",\"url\":\"https:\\\/\\\/granito.ro\\\/en\\\/wp-content\\\/uploads\\\/2025\\\/04\\\/SQUARE_ROMBUS_RTA_ALBBLUE_NIGHT.012-LIGHT.png\",\"contentUrl\":\"https:\\\/\\\/granito.ro\\\/en\\\/wp-content\\\/uploads\\\/2025\\\/04\\\/SQUARE_ROMBUS_RTA_ALBBLUE_NIGHT.012-LIGHT.png\",\"width\":1920,\"height\":1920},{\"@type\":\"BreadcrumbList\",\"@id\":\"https:\\\/\\\/granito.ro\\\/en\\\/product\\\/placaj-patrat-tip-romb\\\/#breadcrumb\",\"itemListElement\":[{\"@type\":\"ListItem\",\"position\":1,\"name\":\"Prima pagin\u0103\",\"item\":\"https:\\\/\\\/granito.ro\\\/en\\\/\"},{\"@type\":\"ListItem\",\"position\":2,\"name\":\"Materiale\",\"item\":\"https:\\\/\\\/granito.ro\\\/en\\\/materiale\\\/\"},{\"@type\":\"ListItem\",\"position\":3,\"name\":\"Placaj P\u0103trat tip Romb\"}]},{\"@type\":\"WebSite\",\"@id\":\"https:\\\/\\\/granito.ro\\\/en\\\/#website\",\"url\":\"https:\\\/\\\/granito.ro\\\/en\\\/\",\"name\":\"Granito\",\"description\":\"\",\"publisher\":{\"@id\":\"https:\\\/\\\/granito.ro\\\/en\\\/#organization\"},\"potentialAction\":[{\"@type\":\"SearchAction\",\"target\":{\"@type\":\"EntryPoint\",\"urlTemplate\":\"https:\\\/\\\/granito.ro\\\/en\\\/?s={search_term_string}\"},\"query-input\":{\"@type\":\"PropertyValueSpecification\",\"valueRequired\":true,\"valueName\":\"search_term_string\"}}],\"inLanguage\":\"en-US\"},{\"@type\":\"Organization\",\"@id\":\"https:\\\/\\\/granito.ro\\\/en\\\/#organization\",\"name\":\"Granito\",\"url\":\"https:\\\/\\\/granito.ro\\\/en\\\/\",\"logo\":{\"@type\":\"ImageObject\",\"inLanguage\":\"en-US\",\"@id\":\"https:\\\/\\\/granito.ro\\\/en\\\/#\\\/schema\\\/logo\\\/image\\\/\",\"url\":\"https:\\\/\\\/granito.ro\\\/en\\\/wp-content\\\/uploads\\\/2024\\\/08\\\/Untitled-1.png\",\"contentUrl\":\"https:\\\/\\\/granito.ro\\\/en\\\/wp-content\\\/uploads\\\/2024\\\/08\\\/Untitled-1.png\",\"width\":500,\"height\":112,\"caption\":\"Granito\"},\"image\":{\"@id\":\"https:\\\/\\\/granito.ro\\\/en\\\/#\\\/schema\\\/logo\\\/image\\\/\"},\"sameAs\":[\"https:\\\/\\\/www.facebook.com\\\/granito.ro\",\"http:\\\/\\\/instagram.com\\\/granito.ro\"]}]}<\/script>\n<!-- \/ Yoast SEO plugin. -->","yoast_head_json":{"title":"Granito","robots":{"index":"index","follow":"follow","max-snippet":"max-snippet:-1","max-image-preview":"max-image-preview:large","max-video-preview":"max-video-preview:-1"},"canonical":"https:\/\/granito.ro\/en\/product\/placaj-patrat-tip-romb\/","og_locale":"en_US","og_type":"article","og_title":"Placaj P\u0103trat tip Romb - Acasa - Granito","og_description":"Placajele p\u0103trate, cu design simplu \u0219i dimensiuni uniforme, reprezint\u0103 o alegere versatil\u0103 pentru diverse proiecte de amenajare. Acestea ofer\u0103 un echilibru \u00eentre func\u021bionalitate \u0219i estetic\u0103, fiind ideale pentru spa\u021bii care necesit\u0103 durabilitate \u0219i stil.  Disponibile \u00eentr-o gam\u0103 variat\u0103 de materiale naturale, aceste placaje adaug\u0103 un aspect armonios \u0219i atemporal oric\u0103rui spa\u021biu. Fiecare plac\u0103 este atent prelucrat\u0103, asigur\u00e2nd o integrare perfect\u0103 \u00een proiectele interioare sau exterioare.","og_url":"https:\/\/granito.ro\/en\/product\/placaj-patrat-tip-romb\/","og_site_name":"Acasa - Granito","article_publisher":"https:\/\/www.facebook.com\/granito.ro","article_modified_time":"2025-09-01T20:01:21+00:00","og_image":[{"width":768,"height":768,"url":"https:\/\/granito.ro\/en\/wp-content\/uploads\/2025\/04\/SQUARE_ROMBUS_RTA_ALBBLUE_NIGHT.012-LIGHT-768x768.png","type":"image\/png"}],"twitter_card":"summary_large_image","twitter_misc":{"Est. reading time":"1 minute"},"schema":{"@context":"https:\/\/schema.org","@graph":[{"@type":"WebPage","@id":"https:\/\/granito.ro\/en\/product\/placaj-patrat-tip-romb\/","url":"https:\/\/granito.ro\/en\/product\/placaj-patrat-tip-romb\/","name":"Placaj P\u0103trat tip Romb - Acasa - Granito","isPartOf":{"@id":"https:\/\/granito.ro\/en\/#website"},"primaryImageOfPage":{"@id":"https:\/\/granito.ro\/en\/product\/placaj-patrat-tip-romb\/#primaryimage"},"image":{"@id":"https:\/\/granito.ro\/en\/product\/placaj-patrat-tip-romb\/#primaryimage"},"thumbnailUrl":"https:\/\/granito.ro\/en\/wp-content\/uploads\/2025\/04\/SQUARE_ROMBUS_RTA_ALBBLUE_NIGHT.012-LIGHT.png","datePublished":"2024-06-20T19:36:06+00:00","dateModified":"2025-09-01T20:01:21+00:00","breadcrumb":{"@id":"https:\/\/granito.ro\/en\/product\/placaj-patrat-tip-romb\/#breadcrumb"},"inLanguage":"en-US","potentialAction":[{"@type":"ReadAction","target":["https:\/\/granito.ro\/en\/product\/placaj-patrat-tip-romb\/"]}]},{"@type":"ImageObject","inLanguage":"en-US","@id":"https:\/\/granito.ro\/en\/product\/placaj-patrat-tip-romb\/#primaryimage","url":"https:\/\/granito.ro\/en\/wp-content\/uploads\/2025\/04\/SQUARE_ROMBUS_RTA_ALBBLUE_NIGHT.012-LIGHT.png","contentUrl":"https:\/\/granito.ro\/en\/wp-content\/uploads\/2025\/04\/SQUARE_ROMBUS_RTA_ALBBLUE_NIGHT.012-LIGHT.png","width":1920,"height":1920},{"@type":"BreadcrumbList","@id":"https:\/\/granito.ro\/en\/product\/placaj-patrat-tip-romb\/#breadcrumb","itemListElement":[{"@type":"ListItem","position":1,"name":"Prima pagin\u0103","item":"https:\/\/granito.ro\/en\/"},{"@type":"ListItem","position":2,"name":"Materiale","item":"https:\/\/granito.ro\/en\/materiale\/"},{"@type":"ListItem","position":3,"name":"Placaj P\u0103trat tip Romb"}]},{"@type":"WebSite","@id":"https:\/\/granito.ro\/en\/#website","url":"https:\/\/granito.ro\/en\/","name":"Granito","description":"","publisher":{"@id":"https:\/\/granito.ro\/en\/#organization"},"potentialAction":[{"@type":"SearchAction","target":{"@type":"EntryPoint","urlTemplate":"https:\/\/granito.ro\/en\/?s={search_term_string}"},"query-input":{"@type":"PropertyValueSpecification","valueRequired":true,"valueName":"search_term_string"}}],"inLanguage":"en-US"},{"@type":"Organization","@id":"https:\/\/granito.ro\/en\/#organization","name":"Granito","url":"https:\/\/granito.ro\/en\/","logo":{"@type":"ImageObject","inLanguage":"en-US","@id":"https:\/\/granito.ro\/en\/#\/schema\/logo\/image\/","url":"https:\/\/granito.ro\/en\/wp-content\/uploads\/2024\/08\/Untitled-1.png","contentUrl":"https:\/\/granito.ro\/en\/wp-content\/uploads\/2024\/08\/Untitled-1.png","width":500,"height":112,"caption":"Granito"},"image":{"@id":"https:\/\/granito.ro\/en\/#\/schema\/logo\/image\/"},"sameAs":["https:\/\/www.facebook.com\/granito.ro","http:\/\/instagram.com\/granito.ro"]}]}},"_links":{"self":[{"href":"https:\/\/granito.ro\/en\/wp-json\/wp\/v2\/product\/3042","targetHints":{"allow":["GET"]}}],"collection":[{"href":"https:\/\/granito.ro\/en\/wp-json\/wp\/v2\/product"}],"about":[{"href":"https:\/\/granito.ro\/en\/wp-json\/wp\/v2\/types\/product"}],"wp:featuredmedia":[{"embeddable":true,"href":"https:\/\/granito.ro\/en\/wp-json\/wp\/v2\/media\/7380"}],"wp:attachment":[{"href":"https:\/\/granito.ro\/en\/wp-json\/wp\/v2\/media?parent=3042"}],"wp:term":[{"taxonomy":"product_brand","embeddable":true,"href":"https:\/\/granito.ro\/en\/wp-json\/wp\/v2\/product_brand?post=3042"},{"taxonomy":"product_cat","embeddable":true,"href":"https:\/\/granito.ro\/en\/wp-json\/wp\/v2\/product_cat?post=3042"},{"taxonomy":"product_tag","embeddable":true,"href":"https:\/\/granito.ro\/en\/wp-json\/wp\/v2\/product_tag?post=3042"}],"curies":[{"name":"wp","href":"https:\/\/api.w.org\/{rel}","templated":true}]}}