
{"id":3008,"date":"2024-06-18T20:25:26","date_gmt":"2024-06-18T20:25:26","guid":{"rendered":"https:\/\/granito.ro\/?post_type=product&#038;p=3008"},"modified":"2025-09-01T20:01:07","modified_gmt":"2025-09-01T20:01:07","slug":"placaj-french-pattern-tip-2","status":"publish","type":"product","link":"https:\/\/granito.ro\/en\/product\/placaj-french-pattern-tip-2\/","title":{"rendered":"Placaj French Pattern tip 2"},"content":{"rendered":"<p>French Pattern, configurat din patru dimensiuni, este o alegere ideal\u0103 pentru a aduce un aer sofisticat \u0219i vibrant spa\u021biilor tale. Cu o dispunere diferit\u0103 fa\u021b\u0103 de primul tip, acest model de placaj acoper\u0103 o suprafa\u021b\u0103 mai mare, oferind un impact vizual amplu \u0219i elegant.<\/p>\n<p>Fie c\u0103 \u00eel folose\u0219ti pentru terase, alei, cur\u021bi sau spa\u021bii interioare, designul s\u0103u versatil permite adaptarea la diverse stiluri arhitecturale, de la clasic la modern. Placajul nu doar \u00eembun\u0103t\u0103\u021be\u0219te estetica, ci adaug\u0103 \u0219i func\u021bionalitate prin durabilitatea sa, fiind rezistent \u00een timp \u0219i u\u0219or de \u00eentre\u021binut.<\/p>\n<p><b>Piatra natural\u0103 prezint\u0103 varia\u021bii de nuan\u021b\u0103, motiv pentru care imaginile de prezentare au un caracter strict informativ \u0219i pot s\u0103 nu reflecte cu exactitate aspectul real al produsului.<\/b><\/p>\n<p><br style=\"font-weight: 400;\" \/><br style=\"font-weight: 400;\" \/><\/p>\n","protected":false},"excerpt":{"rendered":"<p><span style=\"font-weight: 400;\">Placajele French Pattern, configurate din patru dimensiuni, sunt concepute pentru a oferi un aspect deosebit \u0219i plin de via\u021b\u0103 pavajului. <\/span><\/p>\n<p><span style=\"font-weight: 400;\">Aceste pl\u0103ci nu doar c\u0103 \u00eembun\u0103t\u0103\u021besc estetica unui spa\u021biu, dar adaug\u0103 \u0219i durabilitate \u0219i valoare pe termen lung la orice proiect.<\/span><\/p>\n","protected":false},"featured_media":7722,"template":"","meta":{"_eb_attr":""},"product_brand":[],"product_cat":[216],"product_tag":[217],"class_list":{"0":"post-3008","1":"product","2":"type-product","3":"status-publish","4":"has-post-thumbnail","6":"product_cat-placaje-cu-model","7":"product_tag-placaje-cu-model","9":"first","10":"outofstock","11":"shipping-taxable","12":"purchasable","13":"product-type-simple"},"yoast_head":"<!-- This site is optimized with the Yoast SEO plugin v27.4 - https:\/\/yoast.com\/product\/yoast-seo-wordpress\/ -->\n<title>Granito<\/title>\n<meta name=\"robots\" content=\"index, follow, max-snippet:-1, max-image-preview:large, max-video-preview:-1\" \/>\n<link rel=\"canonical\" href=\"https:\/\/granito.ro\/en\/product\/placaj-french-pattern-tip-2\/\" \/>\n<meta property=\"og:locale\" content=\"en_US\" \/>\n<meta property=\"og:type\" content=\"article\" \/>\n<meta property=\"og:title\" content=\"Placaj French Pattern tip 2 - Acasa - Granito\" \/>\n<meta property=\"og:description\" content=\"Placajele French Pattern, configurate din patru dimensiuni, sunt concepute pentru a oferi un aspect deosebit \u0219i plin de via\u021b\u0103 pavajului.   Aceste pl\u0103ci nu doar c\u0103 \u00eembun\u0103t\u0103\u021besc estetica unui spa\u021biu, dar adaug\u0103 \u0219i durabilitate \u0219i valoare pe termen lung la orice proiect.\" \/>\n<meta property=\"og:url\" content=\"https:\/\/granito.ro\/en\/product\/placaj-french-pattern-tip-2\/\" \/>\n<meta property=\"og:site_name\" content=\"Acasa - Granito\" \/>\n<meta property=\"article:publisher\" content=\"https:\/\/www.facebook.com\/granito.ro\" \/>\n<meta property=\"article:modified_time\" content=\"2025-09-01T20:01:07+00:00\" \/>\n<meta property=\"og:image\" content=\"https:\/\/granito.ro\/en\/wp-content\/uploads\/2025\/04\/FRENCH-PATTERN-2-VRATSA-1-label-dark.png\" \/>\n\t<meta property=\"og:image:width\" content=\"1080\" \/>\n\t<meta property=\"og:image:height\" content=\"1080\" \/>\n\t<meta property=\"og:image:type\" content=\"image\/png\" \/>\n<meta name=\"twitter:card\" content=\"summary_large_image\" \/>\n<meta name=\"twitter:label1\" content=\"Est. reading time\" \/>\n\t<meta name=\"twitter:data1\" content=\"1 minute\" \/>\n<script type=\"application\/ld+json\" class=\"yoast-schema-graph\">{\"@context\":\"https:\\\/\\\/schema.org\",\"@graph\":[{\"@type\":\"WebPage\",\"@id\":\"https:\\\/\\\/granito.ro\\\/en\\\/product\\\/placaj-french-pattern-tip-2\\\/\",\"url\":\"https:\\\/\\\/granito.ro\\\/en\\\/product\\\/placaj-french-pattern-tip-2\\\/\",\"name\":\"Placaj French Pattern tip 2 - Acasa - Granito\",\"isPartOf\":{\"@id\":\"https:\\\/\\\/granito.ro\\\/en\\\/#website\"},\"primaryImageOfPage\":{\"@id\":\"https:\\\/\\\/granito.ro\\\/en\\\/product\\\/placaj-french-pattern-tip-2\\\/#primaryimage\"},\"image\":{\"@id\":\"https:\\\/\\\/granito.ro\\\/en\\\/product\\\/placaj-french-pattern-tip-2\\\/#primaryimage\"},\"thumbnailUrl\":\"https:\\\/\\\/granito.ro\\\/en\\\/wp-content\\\/uploads\\\/2025\\\/04\\\/FRENCH-PATTERN-2-VRATSA-1-label-dark.png\",\"datePublished\":\"2024-06-18T20:25:26+00:00\",\"dateModified\":\"2025-09-01T20:01:07+00:00\",\"breadcrumb\":{\"@id\":\"https:\\\/\\\/granito.ro\\\/en\\\/product\\\/placaj-french-pattern-tip-2\\\/#breadcrumb\"},\"inLanguage\":\"en-US\",\"potentialAction\":[{\"@type\":\"ReadAction\",\"target\":[\"https:\\\/\\\/granito.ro\\\/en\\\/product\\\/placaj-french-pattern-tip-2\\\/\"]}]},{\"@type\":\"ImageObject\",\"inLanguage\":\"en-US\",\"@id\":\"https:\\\/\\\/granito.ro\\\/en\\\/product\\\/placaj-french-pattern-tip-2\\\/#primaryimage\",\"url\":\"https:\\\/\\\/granito.ro\\\/en\\\/wp-content\\\/uploads\\\/2025\\\/04\\\/FRENCH-PATTERN-2-VRATSA-1-label-dark.png\",\"contentUrl\":\"https:\\\/\\\/granito.ro\\\/en\\\/wp-content\\\/uploads\\\/2025\\\/04\\\/FRENCH-PATTERN-2-VRATSA-1-label-dark.png\",\"width\":1080,\"height\":1080},{\"@type\":\"BreadcrumbList\",\"@id\":\"https:\\\/\\\/granito.ro\\\/en\\\/product\\\/placaj-french-pattern-tip-2\\\/#breadcrumb\",\"itemListElement\":[{\"@type\":\"ListItem\",\"position\":1,\"name\":\"Prima pagin\u0103\",\"item\":\"https:\\\/\\\/granito.ro\\\/en\\\/\"},{\"@type\":\"ListItem\",\"position\":2,\"name\":\"Materiale\",\"item\":\"https:\\\/\\\/granito.ro\\\/en\\\/materiale\\\/\"},{\"@type\":\"ListItem\",\"position\":3,\"name\":\"Placaj French Pattern tip 2\"}]},{\"@type\":\"WebSite\",\"@id\":\"https:\\\/\\\/granito.ro\\\/en\\\/#website\",\"url\":\"https:\\\/\\\/granito.ro\\\/en\\\/\",\"name\":\"Granito\",\"description\":\"\",\"publisher\":{\"@id\":\"https:\\\/\\\/granito.ro\\\/en\\\/#organization\"},\"potentialAction\":[{\"@type\":\"SearchAction\",\"target\":{\"@type\":\"EntryPoint\",\"urlTemplate\":\"https:\\\/\\\/granito.ro\\\/en\\\/?s={search_term_string}\"},\"query-input\":{\"@type\":\"PropertyValueSpecification\",\"valueRequired\":true,\"valueName\":\"search_term_string\"}}],\"inLanguage\":\"en-US\"},{\"@type\":\"Organization\",\"@id\":\"https:\\\/\\\/granito.ro\\\/en\\\/#organization\",\"name\":\"Granito\",\"url\":\"https:\\\/\\\/granito.ro\\\/en\\\/\",\"logo\":{\"@type\":\"ImageObject\",\"inLanguage\":\"en-US\",\"@id\":\"https:\\\/\\\/granito.ro\\\/en\\\/#\\\/schema\\\/logo\\\/image\\\/\",\"url\":\"https:\\\/\\\/granito.ro\\\/en\\\/wp-content\\\/uploads\\\/2024\\\/08\\\/Untitled-1.png\",\"contentUrl\":\"https:\\\/\\\/granito.ro\\\/en\\\/wp-content\\\/uploads\\\/2024\\\/08\\\/Untitled-1.png\",\"width\":500,\"height\":112,\"caption\":\"Granito\"},\"image\":{\"@id\":\"https:\\\/\\\/granito.ro\\\/en\\\/#\\\/schema\\\/logo\\\/image\\\/\"},\"sameAs\":[\"https:\\\/\\\/www.facebook.com\\\/granito.ro\",\"http:\\\/\\\/instagram.com\\\/granito.ro\"]}]}<\/script>\n<!-- \/ Yoast SEO plugin. -->","yoast_head_json":{"title":"Granito","robots":{"index":"index","follow":"follow","max-snippet":"max-snippet:-1","max-image-preview":"max-image-preview:large","max-video-preview":"max-video-preview:-1"},"canonical":"https:\/\/granito.ro\/en\/product\/placaj-french-pattern-tip-2\/","og_locale":"en_US","og_type":"article","og_title":"Placaj French Pattern tip 2 - Acasa - Granito","og_description":"Placajele French Pattern, configurate din patru dimensiuni, sunt concepute pentru a oferi un aspect deosebit \u0219i plin de via\u021b\u0103 pavajului.   Aceste pl\u0103ci nu doar c\u0103 \u00eembun\u0103t\u0103\u021besc estetica unui spa\u021biu, dar adaug\u0103 \u0219i durabilitate \u0219i valoare pe termen lung la orice proiect.","og_url":"https:\/\/granito.ro\/en\/product\/placaj-french-pattern-tip-2\/","og_site_name":"Acasa - Granito","article_publisher":"https:\/\/www.facebook.com\/granito.ro","article_modified_time":"2025-09-01T20:01:07+00:00","og_image":[{"url":"https:\/\/granito.ro\/en\/wp-content\/uploads\/2025\/04\/FRENCH-PATTERN-2-VRATSA-1-label-dark.png","width":1080,"height":1080,"type":"image\/png"}],"twitter_card":"summary_large_image","twitter_misc":{"Est. reading time":"1 minute"},"schema":{"@context":"https:\/\/schema.org","@graph":[{"@type":"WebPage","@id":"https:\/\/granito.ro\/en\/product\/placaj-french-pattern-tip-2\/","url":"https:\/\/granito.ro\/en\/product\/placaj-french-pattern-tip-2\/","name":"Placaj French Pattern tip 2 - Acasa - Granito","isPartOf":{"@id":"https:\/\/granito.ro\/en\/#website"},"primaryImageOfPage":{"@id":"https:\/\/granito.ro\/en\/product\/placaj-french-pattern-tip-2\/#primaryimage"},"image":{"@id":"https:\/\/granito.ro\/en\/product\/placaj-french-pattern-tip-2\/#primaryimage"},"thumbnailUrl":"https:\/\/granito.ro\/en\/wp-content\/uploads\/2025\/04\/FRENCH-PATTERN-2-VRATSA-1-label-dark.png","datePublished":"2024-06-18T20:25:26+00:00","dateModified":"2025-09-01T20:01:07+00:00","breadcrumb":{"@id":"https:\/\/granito.ro\/en\/product\/placaj-french-pattern-tip-2\/#breadcrumb"},"inLanguage":"en-US","potentialAction":[{"@type":"ReadAction","target":["https:\/\/granito.ro\/en\/product\/placaj-french-pattern-tip-2\/"]}]},{"@type":"ImageObject","inLanguage":"en-US","@id":"https:\/\/granito.ro\/en\/product\/placaj-french-pattern-tip-2\/#primaryimage","url":"https:\/\/granito.ro\/en\/wp-content\/uploads\/2025\/04\/FRENCH-PATTERN-2-VRATSA-1-label-dark.png","contentUrl":"https:\/\/granito.ro\/en\/wp-content\/uploads\/2025\/04\/FRENCH-PATTERN-2-VRATSA-1-label-dark.png","width":1080,"height":1080},{"@type":"BreadcrumbList","@id":"https:\/\/granito.ro\/en\/product\/placaj-french-pattern-tip-2\/#breadcrumb","itemListElement":[{"@type":"ListItem","position":1,"name":"Prima pagin\u0103","item":"https:\/\/granito.ro\/en\/"},{"@type":"ListItem","position":2,"name":"Materiale","item":"https:\/\/granito.ro\/en\/materiale\/"},{"@type":"ListItem","position":3,"name":"Placaj French Pattern tip 2"}]},{"@type":"WebSite","@id":"https:\/\/granito.ro\/en\/#website","url":"https:\/\/granito.ro\/en\/","name":"Granito","description":"","publisher":{"@id":"https:\/\/granito.ro\/en\/#organization"},"potentialAction":[{"@type":"SearchAction","target":{"@type":"EntryPoint","urlTemplate":"https:\/\/granito.ro\/en\/?s={search_term_string}"},"query-input":{"@type":"PropertyValueSpecification","valueRequired":true,"valueName":"search_term_string"}}],"inLanguage":"en-US"},{"@type":"Organization","@id":"https:\/\/granito.ro\/en\/#organization","name":"Granito","url":"https:\/\/granito.ro\/en\/","logo":{"@type":"ImageObject","inLanguage":"en-US","@id":"https:\/\/granito.ro\/en\/#\/schema\/logo\/image\/","url":"https:\/\/granito.ro\/en\/wp-content\/uploads\/2024\/08\/Untitled-1.png","contentUrl":"https:\/\/granito.ro\/en\/wp-content\/uploads\/2024\/08\/Untitled-1.png","width":500,"height":112,"caption":"Granito"},"image":{"@id":"https:\/\/granito.ro\/en\/#\/schema\/logo\/image\/"},"sameAs":["https:\/\/www.facebook.com\/granito.ro","http:\/\/instagram.com\/granito.ro"]}]}},"_links":{"self":[{"href":"https:\/\/granito.ro\/en\/wp-json\/wp\/v2\/product\/3008","targetHints":{"allow":["GET"]}}],"collection":[{"href":"https:\/\/granito.ro\/en\/wp-json\/wp\/v2\/product"}],"about":[{"href":"https:\/\/granito.ro\/en\/wp-json\/wp\/v2\/types\/product"}],"wp:featuredmedia":[{"embeddable":true,"href":"https:\/\/granito.ro\/en\/wp-json\/wp\/v2\/media\/7722"}],"wp:attachment":[{"href":"https:\/\/granito.ro\/en\/wp-json\/wp\/v2\/media?parent=3008"}],"wp:term":[{"taxonomy":"product_brand","embeddable":true,"href":"https:\/\/granito.ro\/en\/wp-json\/wp\/v2\/product_brand?post=3008"},{"taxonomy":"product_cat","embeddable":true,"href":"https:\/\/granito.ro\/en\/wp-json\/wp\/v2\/product_cat?post=3008"},{"taxonomy":"product_tag","embeddable":true,"href":"https:\/\/granito.ro\/en\/wp-json\/wp\/v2\/product_tag?post=3008"}],"curies":[{"name":"wp","href":"https:\/\/api.w.org\/{rel}","templated":true}]}}