
{"id":2914,"date":"2024-06-18T17:33:27","date_gmt":"2024-06-18T17:33:27","guid":{"rendered":"https:\/\/granito.ro\/?post_type=product&#038;p=2914"},"modified":"2025-07-08T20:21:38","modified_gmt":"2025-07-08T20:21:38","slug":"placaje-interior-granit","status":"publish","type":"product","link":"https:\/\/granito.ro\/en\/product\/placaje-interior-granit\/","title":{"rendered":"Placaje Interior Granit"},"content":{"rendered":"<p>Placajele din granit se remarc\u0103 prin diversitatea nuan\u021belor \u0219i texturilor, de la tonuri calde de bej \u0219i auriu p\u00e2n\u0103 la culori vibrante precum ro\u0219u \u0219i negru intens. Aceast\u0103 varietate permite integrarea lor \u00een numeroase proiecte, aduc\u00e2nd un plus de elegan\u021b\u0103 \u0219i rafinament oric\u0103rui spa\u021biu.<\/p>\n<p>Fiind o roc\u0103 natural\u0103 extrem de dur\u0103 \u0219i rezistent\u0103, granitul este ideal pentru utiliz\u0103ri de lung\u0103 durat\u0103, suport\u00e2nd uzura zilnic\u0103 f\u0103r\u0103 a-\u0219i pierde frumuse\u021bea. Placajele de granit sunt alegerea perfect\u0103 pentru amenaj\u0103ri care necesit\u0103 un material de \u00eencredere, ce combin\u0103 durabilitatea cu un design unic \u0219i versatil.<\/p>\n<p><b>Piatra natural\u0103 prezint\u0103 varia\u021bii de nuan\u021b\u0103, motiv pentru care imaginile de prezentare au un caracter strict informativ \u0219i pot s\u0103 nu reflecte cu exactitate aspectul real al produsului.<\/b><\/p>\n<p><br style=\"font-weight: 400;\" \/><br style=\"font-weight: 400;\" \/><\/p>\n","protected":false},"excerpt":{"rendered":"<p>Placajele de interior sunt solu\u021bia perfect\u0103 pentru amenaj\u0103ri care necesit\u0103 elegan\u021b\u0103 \u0219i func\u021bionalitate. De la pardoseli \u0219i pere\u021bi p\u00e2n\u0103 la terase, acestea \u00eembin\u0103 estetica pl\u0103cut\u0103 cu durabilitatea necesar\u0103 \u00een spa\u021biile de interior.<\/p>\n<p>Disponibile \u00eentr-o varietate de materiale naturale \u0219i dimensiuni, placajele de interior sunt atent prelucrate pentru a oferi finisaje de calitate superioar\u0103. Indiferent de stilul dorit, acestea adaug\u0103 valoare fiec\u0103rui proiect, transform\u00e2nd spa\u021biile \u00een adev\u0103rate zone de confort \u0219i stil.<\/p>\n","protected":false},"featured_media":6907,"template":"","meta":{"_eb_attr":""},"product_brand":[],"product_cat":[208],"product_tag":[209],"class_list":{"0":"post-2914","1":"product","2":"type-product","3":"status-publish","4":"has-post-thumbnail","6":"product_cat-placaje-interior","7":"product_tag-placaje-interior","9":"first","10":"outofstock","11":"shipping-taxable","12":"purchasable","13":"product-type-simple"},"yoast_head":"<!-- This site is optimized with the Yoast SEO plugin v27.4 - https:\/\/yoast.com\/product\/yoast-seo-wordpress\/ -->\n<title>Granito<\/title>\n<meta name=\"robots\" content=\"index, follow, max-snippet:-1, max-image-preview:large, max-video-preview:-1\" \/>\n<link rel=\"canonical\" href=\"https:\/\/granito.ro\/en\/product\/placaje-interior-granit\/\" \/>\n<meta property=\"og:locale\" content=\"en_US\" \/>\n<meta property=\"og:type\" content=\"article\" \/>\n<meta property=\"og:title\" content=\"Placaje Interior Granit - Acasa - Granito\" \/>\n<meta property=\"og:description\" content=\"Placajele de interior sunt solu\u021bia perfect\u0103 pentru amenaj\u0103ri care necesit\u0103 elegan\u021b\u0103 \u0219i func\u021bionalitate. De la pardoseli \u0219i pere\u021bi p\u00e2n\u0103 la terase, acestea \u00eembin\u0103 estetica pl\u0103cut\u0103 cu durabilitatea necesar\u0103 \u00een spa\u021biile de interior.  Disponibile \u00eentr-o varietate de materiale naturale \u0219i dimensiuni, placajele de interior sunt atent prelucrate pentru a oferi finisaje de calitate superioar\u0103. Indiferent de stilul dorit, acestea adaug\u0103 valoare fiec\u0103rui proiect, transform\u00e2nd spa\u021biile \u00een adev\u0103rate zone de confort \u0219i stil.\" \/>\n<meta property=\"og:url\" content=\"https:\/\/granito.ro\/en\/product\/placaje-interior-granit\/\" \/>\n<meta property=\"og:site_name\" content=\"Acasa - Granito\" \/>\n<meta property=\"article:publisher\" content=\"https:\/\/www.facebook.com\/granito.ro\" \/>\n<meta property=\"article:modified_time\" content=\"2025-07-08T20:21:38+00:00\" \/>\n<meta property=\"og:image\" content=\"https:\/\/granito.ro\/en\/wp-content\/uploads\/2025\/04\/G.-BLUE-NIGHT_-LUNGIME-LIBERA-_-INTERIOR.030-768x768.png\" \/>\n\t<meta property=\"og:image:width\" content=\"768\" \/>\n\t<meta property=\"og:image:height\" content=\"768\" \/>\n\t<meta property=\"og:image:type\" content=\"image\/png\" \/>\n<meta name=\"twitter:card\" content=\"summary_large_image\" \/>\n<meta name=\"twitter:label1\" content=\"Est. reading time\" \/>\n\t<meta name=\"twitter:data1\" content=\"1 minute\" \/>\n<script type=\"application\/ld+json\" class=\"yoast-schema-graph\">{\"@context\":\"https:\\\/\\\/schema.org\",\"@graph\":[{\"@type\":\"WebPage\",\"@id\":\"https:\\\/\\\/granito.ro\\\/en\\\/product\\\/placaje-interior-granit\\\/\",\"url\":\"https:\\\/\\\/granito.ro\\\/en\\\/product\\\/placaje-interior-granit\\\/\",\"name\":\"Placaje Interior Granit - Acasa - Granito\",\"isPartOf\":{\"@id\":\"https:\\\/\\\/granito.ro\\\/en\\\/#website\"},\"primaryImageOfPage\":{\"@id\":\"https:\\\/\\\/granito.ro\\\/en\\\/product\\\/placaje-interior-granit\\\/#primaryimage\"},\"image\":{\"@id\":\"https:\\\/\\\/granito.ro\\\/en\\\/product\\\/placaje-interior-granit\\\/#primaryimage\"},\"thumbnailUrl\":\"https:\\\/\\\/granito.ro\\\/en\\\/wp-content\\\/uploads\\\/2025\\\/04\\\/G.-BLUE-NIGHT_-LUNGIME-LIBERA-_-INTERIOR.030.png\",\"datePublished\":\"2024-06-18T17:33:27+00:00\",\"dateModified\":\"2025-07-08T20:21:38+00:00\",\"breadcrumb\":{\"@id\":\"https:\\\/\\\/granito.ro\\\/en\\\/product\\\/placaje-interior-granit\\\/#breadcrumb\"},\"inLanguage\":\"en-US\",\"potentialAction\":[{\"@type\":\"ReadAction\",\"target\":[\"https:\\\/\\\/granito.ro\\\/en\\\/product\\\/placaje-interior-granit\\\/\"]}]},{\"@type\":\"ImageObject\",\"inLanguage\":\"en-US\",\"@id\":\"https:\\\/\\\/granito.ro\\\/en\\\/product\\\/placaje-interior-granit\\\/#primaryimage\",\"url\":\"https:\\\/\\\/granito.ro\\\/en\\\/wp-content\\\/uploads\\\/2025\\\/04\\\/G.-BLUE-NIGHT_-LUNGIME-LIBERA-_-INTERIOR.030.png\",\"contentUrl\":\"https:\\\/\\\/granito.ro\\\/en\\\/wp-content\\\/uploads\\\/2025\\\/04\\\/G.-BLUE-NIGHT_-LUNGIME-LIBERA-_-INTERIOR.030.png\",\"width\":1920,\"height\":1920},{\"@type\":\"BreadcrumbList\",\"@id\":\"https:\\\/\\\/granito.ro\\\/en\\\/product\\\/placaje-interior-granit\\\/#breadcrumb\",\"itemListElement\":[{\"@type\":\"ListItem\",\"position\":1,\"name\":\"Prima pagin\u0103\",\"item\":\"https:\\\/\\\/granito.ro\\\/en\\\/\"},{\"@type\":\"ListItem\",\"position\":2,\"name\":\"Materiale\",\"item\":\"https:\\\/\\\/granito.ro\\\/en\\\/materiale\\\/\"},{\"@type\":\"ListItem\",\"position\":3,\"name\":\"Placaje Interior Granit\"}]},{\"@type\":\"WebSite\",\"@id\":\"https:\\\/\\\/granito.ro\\\/en\\\/#website\",\"url\":\"https:\\\/\\\/granito.ro\\\/en\\\/\",\"name\":\"Granito\",\"description\":\"\",\"publisher\":{\"@id\":\"https:\\\/\\\/granito.ro\\\/en\\\/#organization\"},\"potentialAction\":[{\"@type\":\"SearchAction\",\"target\":{\"@type\":\"EntryPoint\",\"urlTemplate\":\"https:\\\/\\\/granito.ro\\\/en\\\/?s={search_term_string}\"},\"query-input\":{\"@type\":\"PropertyValueSpecification\",\"valueRequired\":true,\"valueName\":\"search_term_string\"}}],\"inLanguage\":\"en-US\"},{\"@type\":\"Organization\",\"@id\":\"https:\\\/\\\/granito.ro\\\/en\\\/#organization\",\"name\":\"Granito\",\"url\":\"https:\\\/\\\/granito.ro\\\/en\\\/\",\"logo\":{\"@type\":\"ImageObject\",\"inLanguage\":\"en-US\",\"@id\":\"https:\\\/\\\/granito.ro\\\/en\\\/#\\\/schema\\\/logo\\\/image\\\/\",\"url\":\"https:\\\/\\\/granito.ro\\\/en\\\/wp-content\\\/uploads\\\/2024\\\/08\\\/Untitled-1.png\",\"contentUrl\":\"https:\\\/\\\/granito.ro\\\/en\\\/wp-content\\\/uploads\\\/2024\\\/08\\\/Untitled-1.png\",\"width\":500,\"height\":112,\"caption\":\"Granito\"},\"image\":{\"@id\":\"https:\\\/\\\/granito.ro\\\/en\\\/#\\\/schema\\\/logo\\\/image\\\/\"},\"sameAs\":[\"https:\\\/\\\/www.facebook.com\\\/granito.ro\",\"http:\\\/\\\/instagram.com\\\/granito.ro\"]}]}<\/script>\n<!-- \/ Yoast SEO plugin. -->","yoast_head_json":{"title":"Granito","robots":{"index":"index","follow":"follow","max-snippet":"max-snippet:-1","max-image-preview":"max-image-preview:large","max-video-preview":"max-video-preview:-1"},"canonical":"https:\/\/granito.ro\/en\/product\/placaje-interior-granit\/","og_locale":"en_US","og_type":"article","og_title":"Placaje Interior Granit - Acasa - Granito","og_description":"Placajele de interior sunt solu\u021bia perfect\u0103 pentru amenaj\u0103ri care necesit\u0103 elegan\u021b\u0103 \u0219i func\u021bionalitate. De la pardoseli \u0219i pere\u021bi p\u00e2n\u0103 la terase, acestea \u00eembin\u0103 estetica pl\u0103cut\u0103 cu durabilitatea necesar\u0103 \u00een spa\u021biile de interior.  Disponibile \u00eentr-o varietate de materiale naturale \u0219i dimensiuni, placajele de interior sunt atent prelucrate pentru a oferi finisaje de calitate superioar\u0103. Indiferent de stilul dorit, acestea adaug\u0103 valoare fiec\u0103rui proiect, transform\u00e2nd spa\u021biile \u00een adev\u0103rate zone de confort \u0219i stil.","og_url":"https:\/\/granito.ro\/en\/product\/placaje-interior-granit\/","og_site_name":"Acasa - Granito","article_publisher":"https:\/\/www.facebook.com\/granito.ro","article_modified_time":"2025-07-08T20:21:38+00:00","og_image":[{"width":768,"height":768,"url":"https:\/\/granito.ro\/en\/wp-content\/uploads\/2025\/04\/G.-BLUE-NIGHT_-LUNGIME-LIBERA-_-INTERIOR.030-768x768.png","type":"image\/png"}],"twitter_card":"summary_large_image","twitter_misc":{"Est. reading time":"1 minute"},"schema":{"@context":"https:\/\/schema.org","@graph":[{"@type":"WebPage","@id":"https:\/\/granito.ro\/en\/product\/placaje-interior-granit\/","url":"https:\/\/granito.ro\/en\/product\/placaje-interior-granit\/","name":"Placaje Interior Granit - Acasa - Granito","isPartOf":{"@id":"https:\/\/granito.ro\/en\/#website"},"primaryImageOfPage":{"@id":"https:\/\/granito.ro\/en\/product\/placaje-interior-granit\/#primaryimage"},"image":{"@id":"https:\/\/granito.ro\/en\/product\/placaje-interior-granit\/#primaryimage"},"thumbnailUrl":"https:\/\/granito.ro\/en\/wp-content\/uploads\/2025\/04\/G.-BLUE-NIGHT_-LUNGIME-LIBERA-_-INTERIOR.030.png","datePublished":"2024-06-18T17:33:27+00:00","dateModified":"2025-07-08T20:21:38+00:00","breadcrumb":{"@id":"https:\/\/granito.ro\/en\/product\/placaje-interior-granit\/#breadcrumb"},"inLanguage":"en-US","potentialAction":[{"@type":"ReadAction","target":["https:\/\/granito.ro\/en\/product\/placaje-interior-granit\/"]}]},{"@type":"ImageObject","inLanguage":"en-US","@id":"https:\/\/granito.ro\/en\/product\/placaje-interior-granit\/#primaryimage","url":"https:\/\/granito.ro\/en\/wp-content\/uploads\/2025\/04\/G.-BLUE-NIGHT_-LUNGIME-LIBERA-_-INTERIOR.030.png","contentUrl":"https:\/\/granito.ro\/en\/wp-content\/uploads\/2025\/04\/G.-BLUE-NIGHT_-LUNGIME-LIBERA-_-INTERIOR.030.png","width":1920,"height":1920},{"@type":"BreadcrumbList","@id":"https:\/\/granito.ro\/en\/product\/placaje-interior-granit\/#breadcrumb","itemListElement":[{"@type":"ListItem","position":1,"name":"Prima pagin\u0103","item":"https:\/\/granito.ro\/en\/"},{"@type":"ListItem","position":2,"name":"Materiale","item":"https:\/\/granito.ro\/en\/materiale\/"},{"@type":"ListItem","position":3,"name":"Placaje Interior Granit"}]},{"@type":"WebSite","@id":"https:\/\/granito.ro\/en\/#website","url":"https:\/\/granito.ro\/en\/","name":"Granito","description":"","publisher":{"@id":"https:\/\/granito.ro\/en\/#organization"},"potentialAction":[{"@type":"SearchAction","target":{"@type":"EntryPoint","urlTemplate":"https:\/\/granito.ro\/en\/?s={search_term_string}"},"query-input":{"@type":"PropertyValueSpecification","valueRequired":true,"valueName":"search_term_string"}}],"inLanguage":"en-US"},{"@type":"Organization","@id":"https:\/\/granito.ro\/en\/#organization","name":"Granito","url":"https:\/\/granito.ro\/en\/","logo":{"@type":"ImageObject","inLanguage":"en-US","@id":"https:\/\/granito.ro\/en\/#\/schema\/logo\/image\/","url":"https:\/\/granito.ro\/en\/wp-content\/uploads\/2024\/08\/Untitled-1.png","contentUrl":"https:\/\/granito.ro\/en\/wp-content\/uploads\/2024\/08\/Untitled-1.png","width":500,"height":112,"caption":"Granito"},"image":{"@id":"https:\/\/granito.ro\/en\/#\/schema\/logo\/image\/"},"sameAs":["https:\/\/www.facebook.com\/granito.ro","http:\/\/instagram.com\/granito.ro"]}]}},"_links":{"self":[{"href":"https:\/\/granito.ro\/en\/wp-json\/wp\/v2\/product\/2914","targetHints":{"allow":["GET"]}}],"collection":[{"href":"https:\/\/granito.ro\/en\/wp-json\/wp\/v2\/product"}],"about":[{"href":"https:\/\/granito.ro\/en\/wp-json\/wp\/v2\/types\/product"}],"wp:featuredmedia":[{"embeddable":true,"href":"https:\/\/granito.ro\/en\/wp-json\/wp\/v2\/media\/6907"}],"wp:attachment":[{"href":"https:\/\/granito.ro\/en\/wp-json\/wp\/v2\/media?parent=2914"}],"wp:term":[{"taxonomy":"product_brand","embeddable":true,"href":"https:\/\/granito.ro\/en\/wp-json\/wp\/v2\/product_brand?post=2914"},{"taxonomy":"product_cat","embeddable":true,"href":"https:\/\/granito.ro\/en\/wp-json\/wp\/v2\/product_cat?post=2914"},{"taxonomy":"product_tag","embeddable":true,"href":"https:\/\/granito.ro\/en\/wp-json\/wp\/v2\/product_tag?post=2914"}],"curies":[{"name":"wp","href":"https:\/\/api.w.org\/{rel}","templated":true}]}}