
{"id":2848,"date":"2024-06-05T09:19:28","date_gmt":"2024-06-05T09:19:28","guid":{"rendered":"https:\/\/granito.ro\/?post_type=product&#038;p=2848"},"modified":"2025-04-26T00:35:50","modified_gmt":"2025-04-26T00:35:50","slug":"marmura-emperador-dark","status":"publish","type":"product","link":"https:\/\/granito.ro\/en\/product\/marmura-emperador-dark\/","title":{"rendered":"Marmur\u0103 Emperador Dark"},"content":{"rendered":"<p><span style=\"font-weight: 400;\">Marmura Emperador Dark este versatil\u0103, ad\u0103ug\u00e2nd profunzime \u0219i c\u0103ldur\u0103 at\u00e2t spa\u021biilor tradi\u021bionale, c\u00e2t \u0219i celor contemporane. Este utilizat\u0103 frecvent pentru pardoseli, plac\u0103ri de perete, blaturi, sp\u0103tare de buc\u0103t\u0103rie, \u00een jurul \u0219emineelor \u0219i alte elemente decorative. <\/span><\/p>\n<p><span style=\"font-weight: 400;\">Durabilitatea \u0219i rezisten\u021ba sa la zg\u00e2rieturi \u0219i c\u0103ldur\u0103 o fac potrivit\u0103 pentru zonele cu trafic intens. Aceast\u0103 marmur\u0103 adaug\u0103 o not\u0103 de rafinament \u0219i elegan\u021b\u0103 oric\u0103rui design interior, men\u021bin\u00e2ndu-\u0219i aspectul elegant de-a lungul anilor cu \u00eengrijirea corespunz\u0103toare.<\/span><\/p>\n<p><b>Piatra natural\u0103 prezint\u0103 varia\u021bii de nuan\u021b\u0103, motiv pentru care imaginile de prezentare au un caracter strict informativ \u0219i pot s\u0103 nu reflecte cu exactitate aspectul real al produsului.<\/b><\/p>\n","protected":false},"excerpt":{"rendered":"<p><span style=\"font-weight: 400;\">Marmura Emperador Dark este o piatr\u0103 natural\u0103 foarte apreciat\u0103 pentru tonurile sale \u00eenchise \u0219i modelele captivante de venaturi. Aceasta prezint\u0103 o baz\u0103 de culoare maro \u00eenchis sau espresso, cu venaturi proeminente \u00een nuan\u021be de alb, crem sau maro deschis. Venaturile pot fi fine \u0219i delicate sau \u00eendr\u0103zne\u021be \u0219i pronun\u021bate, cre\u00e2nd un contrast impresionant cu fundalul \u00eentunecat.<\/span><\/p>\n<p>&nbsp;<\/p>\n<p><a href=\"https:\/\/granito.ro\/produse\/?filter_material=marmura-emperador-dark&amp;query_type_material=or\"><img loading=\"lazy\" decoding=\"async\" class=\"alignnone wp-image-6077\" src=\"https:\/\/granito.ro\/wp-content\/uploads\/2025\/01\/MARMURA-EMPERADOR-GALALA-300x74.png\" alt=\"\" width=\"610\" height=\"150\" srcset=\"https:\/\/granito.ro\/en\/wp-content\/uploads\/2025\/01\/MARMURA-EMPERADOR-GALALA-300x74.png 300w, https:\/\/granito.ro\/en\/wp-content\/uploads\/2025\/01\/MARMURA-EMPERADOR-GALALA-800x196.png 800w, https:\/\/granito.ro\/en\/wp-content\/uploads\/2025\/01\/MARMURA-EMPERADOR-GALALA-1600x392.png 1600w, https:\/\/granito.ro\/en\/wp-content\/uploads\/2025\/01\/MARMURA-EMPERADOR-GALALA-768x188.png 768w, https:\/\/granito.ro\/en\/wp-content\/uploads\/2025\/01\/MARMURA-EMPERADOR-GALALA-1536x376.png 1536w, https:\/\/granito.ro\/en\/wp-content\/uploads\/2025\/01\/MARMURA-EMPERADOR-GALALA-600x147.png 600w, https:\/\/granito.ro\/en\/wp-content\/uploads\/2025\/01\/MARMURA-EMPERADOR-GALALA.png 1791w\" sizes=\"auto, (max-width: 610px) 100vw, 610px\" \/><\/a><\/p>\n<p><span style=\"font-weight: 400;\">\u00a0<\/span><\/p>\n<p>&nbsp;<\/p>\n","protected":false},"featured_media":6706,"template":"","meta":{"_eb_attr":""},"product_brand":[],"product_cat":[51],"product_tag":[57],"class_list":{"0":"post-2848","1":"product","2":"type-product","3":"status-publish","4":"has-post-thumbnail","6":"product_cat-marmura","7":"product_tag-marmura","9":"first","10":"instock","11":"shipping-taxable","12":"purchasable","13":"product-type-simple"},"yoast_head":"<!-- This site is optimized with the Yoast SEO plugin v27.4 - https:\/\/yoast.com\/product\/yoast-seo-wordpress\/ -->\n<title>Granito<\/title>\n<meta name=\"robots\" content=\"index, follow, max-snippet:-1, max-image-preview:large, max-video-preview:-1\" \/>\n<link rel=\"canonical\" href=\"https:\/\/granito.ro\/en\/product\/marmura-emperador-dark\/\" \/>\n<meta property=\"og:locale\" content=\"en_US\" \/>\n<meta property=\"og:type\" content=\"article\" \/>\n<meta property=\"og:title\" content=\"Marmur\u0103 Emperador Dark - Acasa - Granito\" \/>\n<meta property=\"og:description\" content=\"Marmura Emperador Dark este o piatr\u0103 natural\u0103 foarte apreciat\u0103 pentru tonurile sale \u00eenchise \u0219i modelele captivante de venaturi. Aceasta prezint\u0103 o baz\u0103 de culoare maro \u00eenchis sau espresso, cu venaturi proeminente \u00een nuan\u021be de alb, crem sau maro deschis. Venaturile pot fi fine \u0219i delicate sau \u00eendr\u0103zne\u021be \u0219i pronun\u021bate, cre\u00e2nd un contrast impresionant cu fundalul \u00eentunecat.  &nbsp;    \u00a0  &nbsp;\" \/>\n<meta property=\"og:url\" content=\"https:\/\/granito.ro\/en\/product\/marmura-emperador-dark\/\" \/>\n<meta property=\"og:site_name\" content=\"Acasa - Granito\" \/>\n<meta property=\"article:publisher\" content=\"https:\/\/www.facebook.com\/granito.ro\" \/>\n<meta property=\"article:modified_time\" content=\"2025-04-26T00:35:50+00:00\" \/>\n<meta property=\"og:image\" content=\"https:\/\/granito.ro\/en\/wp-content\/uploads\/2025\/02\/MARMURA-EMPERADOR-DARK.png\" \/>\n\t<meta property=\"og:image:width\" content=\"960\" \/>\n\t<meta property=\"og:image:height\" content=\"960\" \/>\n\t<meta property=\"og:image:type\" content=\"image\/png\" \/>\n<meta name=\"twitter:card\" content=\"summary_large_image\" \/>\n<meta name=\"twitter:label1\" content=\"Est. reading time\" \/>\n\t<meta name=\"twitter:data1\" content=\"1 minute\" \/>\n<script type=\"application\/ld+json\" class=\"yoast-schema-graph\">{\"@context\":\"https:\\\/\\\/schema.org\",\"@graph\":[{\"@type\":\"WebPage\",\"@id\":\"https:\\\/\\\/granito.ro\\\/en\\\/product\\\/marmura-emperador-dark\\\/\",\"url\":\"https:\\\/\\\/granito.ro\\\/en\\\/product\\\/marmura-emperador-dark\\\/\",\"name\":\"Marmur\u0103 Emperador Dark - Acasa - Granito\",\"isPartOf\":{\"@id\":\"https:\\\/\\\/granito.ro\\\/en\\\/#website\"},\"primaryImageOfPage\":{\"@id\":\"https:\\\/\\\/granito.ro\\\/en\\\/product\\\/marmura-emperador-dark\\\/#primaryimage\"},\"image\":{\"@id\":\"https:\\\/\\\/granito.ro\\\/en\\\/product\\\/marmura-emperador-dark\\\/#primaryimage\"},\"thumbnailUrl\":\"https:\\\/\\\/granito.ro\\\/en\\\/wp-content\\\/uploads\\\/2025\\\/02\\\/MARMURA-EMPERADOR-DARK.png\",\"datePublished\":\"2024-06-05T09:19:28+00:00\",\"dateModified\":\"2025-04-26T00:35:50+00:00\",\"breadcrumb\":{\"@id\":\"https:\\\/\\\/granito.ro\\\/en\\\/product\\\/marmura-emperador-dark\\\/#breadcrumb\"},\"inLanguage\":\"en-US\",\"potentialAction\":[{\"@type\":\"ReadAction\",\"target\":[\"https:\\\/\\\/granito.ro\\\/en\\\/product\\\/marmura-emperador-dark\\\/\"]}]},{\"@type\":\"ImageObject\",\"inLanguage\":\"en-US\",\"@id\":\"https:\\\/\\\/granito.ro\\\/en\\\/product\\\/marmura-emperador-dark\\\/#primaryimage\",\"url\":\"https:\\\/\\\/granito.ro\\\/en\\\/wp-content\\\/uploads\\\/2025\\\/02\\\/MARMURA-EMPERADOR-DARK.png\",\"contentUrl\":\"https:\\\/\\\/granito.ro\\\/en\\\/wp-content\\\/uploads\\\/2025\\\/02\\\/MARMURA-EMPERADOR-DARK.png\",\"width\":960,\"height\":960},{\"@type\":\"BreadcrumbList\",\"@id\":\"https:\\\/\\\/granito.ro\\\/en\\\/product\\\/marmura-emperador-dark\\\/#breadcrumb\",\"itemListElement\":[{\"@type\":\"ListItem\",\"position\":1,\"name\":\"Prima pagin\u0103\",\"item\":\"https:\\\/\\\/granito.ro\\\/en\\\/\"},{\"@type\":\"ListItem\",\"position\":2,\"name\":\"Materiale\",\"item\":\"https:\\\/\\\/granito.ro\\\/en\\\/materiale\\\/\"},{\"@type\":\"ListItem\",\"position\":3,\"name\":\"Marmur\u0103 Emperador Dark\"}]},{\"@type\":\"WebSite\",\"@id\":\"https:\\\/\\\/granito.ro\\\/en\\\/#website\",\"url\":\"https:\\\/\\\/granito.ro\\\/en\\\/\",\"name\":\"Granito\",\"description\":\"\",\"publisher\":{\"@id\":\"https:\\\/\\\/granito.ro\\\/en\\\/#organization\"},\"potentialAction\":[{\"@type\":\"SearchAction\",\"target\":{\"@type\":\"EntryPoint\",\"urlTemplate\":\"https:\\\/\\\/granito.ro\\\/en\\\/?s={search_term_string}\"},\"query-input\":{\"@type\":\"PropertyValueSpecification\",\"valueRequired\":true,\"valueName\":\"search_term_string\"}}],\"inLanguage\":\"en-US\"},{\"@type\":\"Organization\",\"@id\":\"https:\\\/\\\/granito.ro\\\/en\\\/#organization\",\"name\":\"Granito\",\"url\":\"https:\\\/\\\/granito.ro\\\/en\\\/\",\"logo\":{\"@type\":\"ImageObject\",\"inLanguage\":\"en-US\",\"@id\":\"https:\\\/\\\/granito.ro\\\/en\\\/#\\\/schema\\\/logo\\\/image\\\/\",\"url\":\"https:\\\/\\\/granito.ro\\\/en\\\/wp-content\\\/uploads\\\/2024\\\/08\\\/Untitled-1.png\",\"contentUrl\":\"https:\\\/\\\/granito.ro\\\/en\\\/wp-content\\\/uploads\\\/2024\\\/08\\\/Untitled-1.png\",\"width\":500,\"height\":112,\"caption\":\"Granito\"},\"image\":{\"@id\":\"https:\\\/\\\/granito.ro\\\/en\\\/#\\\/schema\\\/logo\\\/image\\\/\"},\"sameAs\":[\"https:\\\/\\\/www.facebook.com\\\/granito.ro\",\"http:\\\/\\\/instagram.com\\\/granito.ro\"]}]}<\/script>\n<!-- \/ Yoast SEO plugin. -->","yoast_head_json":{"title":"Granito","robots":{"index":"index","follow":"follow","max-snippet":"max-snippet:-1","max-image-preview":"max-image-preview:large","max-video-preview":"max-video-preview:-1"},"canonical":"https:\/\/granito.ro\/en\/product\/marmura-emperador-dark\/","og_locale":"en_US","og_type":"article","og_title":"Marmur\u0103 Emperador Dark - Acasa - Granito","og_description":"Marmura Emperador Dark este o piatr\u0103 natural\u0103 foarte apreciat\u0103 pentru tonurile sale \u00eenchise \u0219i modelele captivante de venaturi. Aceasta prezint\u0103 o baz\u0103 de culoare maro \u00eenchis sau espresso, cu venaturi proeminente \u00een nuan\u021be de alb, crem sau maro deschis. Venaturile pot fi fine \u0219i delicate sau \u00eendr\u0103zne\u021be \u0219i pronun\u021bate, cre\u00e2nd un contrast impresionant cu fundalul \u00eentunecat.  &nbsp;    \u00a0  &nbsp;","og_url":"https:\/\/granito.ro\/en\/product\/marmura-emperador-dark\/","og_site_name":"Acasa - Granito","article_publisher":"https:\/\/www.facebook.com\/granito.ro","article_modified_time":"2025-04-26T00:35:50+00:00","og_image":[{"width":960,"height":960,"url":"https:\/\/granito.ro\/en\/wp-content\/uploads\/2025\/02\/MARMURA-EMPERADOR-DARK.png","type":"image\/png"}],"twitter_card":"summary_large_image","twitter_misc":{"Est. reading time":"1 minute"},"schema":{"@context":"https:\/\/schema.org","@graph":[{"@type":"WebPage","@id":"https:\/\/granito.ro\/en\/product\/marmura-emperador-dark\/","url":"https:\/\/granito.ro\/en\/product\/marmura-emperador-dark\/","name":"Marmur\u0103 Emperador Dark - Acasa - Granito","isPartOf":{"@id":"https:\/\/granito.ro\/en\/#website"},"primaryImageOfPage":{"@id":"https:\/\/granito.ro\/en\/product\/marmura-emperador-dark\/#primaryimage"},"image":{"@id":"https:\/\/granito.ro\/en\/product\/marmura-emperador-dark\/#primaryimage"},"thumbnailUrl":"https:\/\/granito.ro\/en\/wp-content\/uploads\/2025\/02\/MARMURA-EMPERADOR-DARK.png","datePublished":"2024-06-05T09:19:28+00:00","dateModified":"2025-04-26T00:35:50+00:00","breadcrumb":{"@id":"https:\/\/granito.ro\/en\/product\/marmura-emperador-dark\/#breadcrumb"},"inLanguage":"en-US","potentialAction":[{"@type":"ReadAction","target":["https:\/\/granito.ro\/en\/product\/marmura-emperador-dark\/"]}]},{"@type":"ImageObject","inLanguage":"en-US","@id":"https:\/\/granito.ro\/en\/product\/marmura-emperador-dark\/#primaryimage","url":"https:\/\/granito.ro\/en\/wp-content\/uploads\/2025\/02\/MARMURA-EMPERADOR-DARK.png","contentUrl":"https:\/\/granito.ro\/en\/wp-content\/uploads\/2025\/02\/MARMURA-EMPERADOR-DARK.png","width":960,"height":960},{"@type":"BreadcrumbList","@id":"https:\/\/granito.ro\/en\/product\/marmura-emperador-dark\/#breadcrumb","itemListElement":[{"@type":"ListItem","position":1,"name":"Prima pagin\u0103","item":"https:\/\/granito.ro\/en\/"},{"@type":"ListItem","position":2,"name":"Materiale","item":"https:\/\/granito.ro\/en\/materiale\/"},{"@type":"ListItem","position":3,"name":"Marmur\u0103 Emperador Dark"}]},{"@type":"WebSite","@id":"https:\/\/granito.ro\/en\/#website","url":"https:\/\/granito.ro\/en\/","name":"Granito","description":"","publisher":{"@id":"https:\/\/granito.ro\/en\/#organization"},"potentialAction":[{"@type":"SearchAction","target":{"@type":"EntryPoint","urlTemplate":"https:\/\/granito.ro\/en\/?s={search_term_string}"},"query-input":{"@type":"PropertyValueSpecification","valueRequired":true,"valueName":"search_term_string"}}],"inLanguage":"en-US"},{"@type":"Organization","@id":"https:\/\/granito.ro\/en\/#organization","name":"Granito","url":"https:\/\/granito.ro\/en\/","logo":{"@type":"ImageObject","inLanguage":"en-US","@id":"https:\/\/granito.ro\/en\/#\/schema\/logo\/image\/","url":"https:\/\/granito.ro\/en\/wp-content\/uploads\/2024\/08\/Untitled-1.png","contentUrl":"https:\/\/granito.ro\/en\/wp-content\/uploads\/2024\/08\/Untitled-1.png","width":500,"height":112,"caption":"Granito"},"image":{"@id":"https:\/\/granito.ro\/en\/#\/schema\/logo\/image\/"},"sameAs":["https:\/\/www.facebook.com\/granito.ro","http:\/\/instagram.com\/granito.ro"]}]}},"_links":{"self":[{"href":"https:\/\/granito.ro\/en\/wp-json\/wp\/v2\/product\/2848","targetHints":{"allow":["GET"]}}],"collection":[{"href":"https:\/\/granito.ro\/en\/wp-json\/wp\/v2\/product"}],"about":[{"href":"https:\/\/granito.ro\/en\/wp-json\/wp\/v2\/types\/product"}],"wp:featuredmedia":[{"embeddable":true,"href":"https:\/\/granito.ro\/en\/wp-json\/wp\/v2\/media\/6706"}],"wp:attachment":[{"href":"https:\/\/granito.ro\/en\/wp-json\/wp\/v2\/media?parent=2848"}],"wp:term":[{"taxonomy":"product_brand","embeddable":true,"href":"https:\/\/granito.ro\/en\/wp-json\/wp\/v2\/product_brand?post=2848"},{"taxonomy":"product_cat","embeddable":true,"href":"https:\/\/granito.ro\/en\/wp-json\/wp\/v2\/product_cat?post=2848"},{"taxonomy":"product_tag","embeddable":true,"href":"https:\/\/granito.ro\/en\/wp-json\/wp\/v2\/product_tag?post=2848"}],"curies":[{"name":"wp","href":"https:\/\/api.w.org\/{rel}","templated":true}]}}