
{"id":2846,"date":"2024-06-05T09:15:12","date_gmt":"2024-06-05T09:15:12","guid":{"rendered":"https:\/\/granito.ro\/?post_type=product&#038;p=2846"},"modified":"2025-04-26T00:37:15","modified_gmt":"2025-04-26T00:37:15","slug":"marmura-sunny","status":"publish","type":"product","link":"https:\/\/granito.ro\/en\/product\/marmura-sunny\/","title":{"rendered":"Marmur\u0103 Sunny"},"content":{"rendered":"<p><span style=\"font-weight: 400;\">Marmura Sunny necesit\u0103 \u00eentre\u021binere minim\u0103, fiind o alegere practic\u0103 pentru proprietarii ocupa\u021bi. Disponibil\u0103 \u00een diferite dimensiuni \u0219i finisaje, aceast\u0103 marmur\u0103 poate fi adaptat\u0103 pentru a se potrivi oric\u0103ror cerin\u021be de proiect, ad\u0103ug\u00e2nd o not\u0103 de rafinament \u0219i lux fiec\u0103rui design.\u00a0<\/span><\/p>\n<p><span style=\"font-weight: 400;\">Marmura Sunny combin\u0103 elegan\u021ba atemporal\u0103 cu caracteristici practice, fiind extrem de rezistent\u0103 \u0219i durabil\u0103. Este ideal\u0103 pentru diverse utiliz\u0103ri, at\u00e2t \u00een interior, c\u00e2t \u0219i \u00een exterior, cum ar fi pardoseli, b\u0103i, sc\u0103ri, \u0219eminee \u0219i aplica\u021bii exterioare.<\/span><\/p>\n<p><b>Piatra natural\u0103 prezint\u0103 varia\u021bii de nuan\u021b\u0103, motiv pentru care imaginile de prezentare au un caracter strict informativ \u0219i pot s\u0103 nu reflecte cu exactitate aspectul real al produsului.\u00a0<\/b><\/p>\n","protected":false},"excerpt":{"rendered":"<p><span style=\"font-weight: 400;\">Marmura Sunny, extras\u0103 din carierele de\u0219ertului egiptean, este renumit\u0103 pentru frumuse\u021bea, durabilitatea \u0219i versatilitatea sa. Aceast\u0103 piatr\u0103 captivant\u0103 prezint\u0103 un amestec hipnotizant de tonuri de bej \u0219i crem, \u00eempodobite cu vene subtile \u0219i pete care adaug\u0103 profunzime \u0219i caracter oric\u0103rui spa\u021biu.<\/span><\/p>\n<p><span style=\"font-weight: 400;\">Marmura Sunny \u00eembin\u0103 perfect estetica cu func\u021bionalitatea, transform\u00e2nd orice spa\u021biu \u00eentr-un loc elegant \u0219i sofisticat.<\/span><\/p>\n<p>&nbsp;<\/p>\n<p><a href=\"https:\/\/granito.ro\/produse\/?filter_material=marmura-sunny&amp;query_type_material=or\"><img loading=\"lazy\" decoding=\"async\" class=\"alignnone wp-image-6079\" src=\"https:\/\/granito.ro\/wp-content\/uploads\/2025\/01\/MARMURA-SUNNY-300x74.png\" alt=\"\" width=\"610\" height=\"151\" srcset=\"https:\/\/granito.ro\/en\/wp-content\/uploads\/2025\/01\/MARMURA-SUNNY-300x74.png 300w, https:\/\/granito.ro\/en\/wp-content\/uploads\/2025\/01\/MARMURA-SUNNY-800x198.png 800w, https:\/\/granito.ro\/en\/wp-content\/uploads\/2025\/01\/MARMURA-SUNNY-1600x397.png 1600w, https:\/\/granito.ro\/en\/wp-content\/uploads\/2025\/01\/MARMURA-SUNNY-768x190.png 768w, https:\/\/granito.ro\/en\/wp-content\/uploads\/2025\/01\/MARMURA-SUNNY-1536x381.png 1536w, https:\/\/granito.ro\/en\/wp-content\/uploads\/2025\/01\/MARMURA-SUNNY-600x149.png 600w, https:\/\/granito.ro\/en\/wp-content\/uploads\/2025\/01\/MARMURA-SUNNY.png 1791w\" sizes=\"auto, (max-width: 610px) 100vw, 610px\" \/><\/a><\/p>\n<p>&nbsp;<\/p>\n","protected":false},"featured_media":6712,"template":"","meta":{"_eb_attr":""},"product_brand":[],"product_cat":[51],"product_tag":[198,57],"class_list":{"0":"post-2846","1":"product","2":"type-product","3":"status-publish","4":"has-post-thumbnail","6":"product_cat-marmura","7":"product_tag-calcar_related","8":"product_tag-marmura","10":"first","11":"instock","12":"shipping-taxable","13":"purchasable","14":"product-type-simple"},"yoast_head":"<!-- This site is optimized with the Yoast SEO plugin v27.4 - https:\/\/yoast.com\/product\/yoast-seo-wordpress\/ -->\n<title>Granito<\/title>\n<meta name=\"robots\" content=\"index, follow, max-snippet:-1, max-image-preview:large, max-video-preview:-1\" \/>\n<link rel=\"canonical\" href=\"https:\/\/granito.ro\/en\/product\/marmura-sunny\/\" \/>\n<meta property=\"og:locale\" content=\"en_US\" \/>\n<meta property=\"og:type\" content=\"article\" \/>\n<meta property=\"og:title\" content=\"Marmur\u0103 Sunny - Acasa - Granito\" \/>\n<meta property=\"og:description\" content=\"Marmura Sunny, extras\u0103 din carierele de\u0219ertului egiptean, este renumit\u0103 pentru frumuse\u021bea, durabilitatea \u0219i versatilitatea sa. Aceast\u0103 piatr\u0103 captivant\u0103 prezint\u0103 un amestec hipnotizant de tonuri de bej \u0219i crem, \u00eempodobite cu vene subtile \u0219i pete care adaug\u0103 profunzime \u0219i caracter oric\u0103rui spa\u021biu.  Marmura Sunny \u00eembin\u0103 perfect estetica cu func\u021bionalitatea, transform\u00e2nd orice spa\u021biu \u00eentr-un loc elegant \u0219i sofisticat.  &nbsp;    &nbsp;\" \/>\n<meta property=\"og:url\" content=\"https:\/\/granito.ro\/en\/product\/marmura-sunny\/\" \/>\n<meta property=\"og:site_name\" content=\"Acasa - Granito\" \/>\n<meta property=\"article:publisher\" content=\"https:\/\/www.facebook.com\/granito.ro\" \/>\n<meta property=\"article:modified_time\" content=\"2025-04-26T00:37:15+00:00\" \/>\n<meta property=\"og:image\" content=\"https:\/\/granito.ro\/en\/wp-content\/uploads\/2025\/02\/MARMURA-SUNNY.png\" \/>\n\t<meta property=\"og:image:width\" content=\"960\" \/>\n\t<meta property=\"og:image:height\" content=\"960\" \/>\n\t<meta property=\"og:image:type\" content=\"image\/png\" \/>\n<meta name=\"twitter:card\" content=\"summary_large_image\" \/>\n<meta name=\"twitter:label1\" content=\"Est. reading time\" \/>\n\t<meta name=\"twitter:data1\" content=\"1 minute\" \/>\n<script type=\"application\/ld+json\" class=\"yoast-schema-graph\">{\"@context\":\"https:\\\/\\\/schema.org\",\"@graph\":[{\"@type\":\"WebPage\",\"@id\":\"https:\\\/\\\/granito.ro\\\/en\\\/product\\\/marmura-sunny\\\/\",\"url\":\"https:\\\/\\\/granito.ro\\\/en\\\/product\\\/marmura-sunny\\\/\",\"name\":\"Marmur\u0103 Sunny - Acasa - Granito\",\"isPartOf\":{\"@id\":\"https:\\\/\\\/granito.ro\\\/en\\\/#website\"},\"primaryImageOfPage\":{\"@id\":\"https:\\\/\\\/granito.ro\\\/en\\\/product\\\/marmura-sunny\\\/#primaryimage\"},\"image\":{\"@id\":\"https:\\\/\\\/granito.ro\\\/en\\\/product\\\/marmura-sunny\\\/#primaryimage\"},\"thumbnailUrl\":\"https:\\\/\\\/granito.ro\\\/en\\\/wp-content\\\/uploads\\\/2025\\\/02\\\/MARMURA-SUNNY.png\",\"datePublished\":\"2024-06-05T09:15:12+00:00\",\"dateModified\":\"2025-04-26T00:37:15+00:00\",\"breadcrumb\":{\"@id\":\"https:\\\/\\\/granito.ro\\\/en\\\/product\\\/marmura-sunny\\\/#breadcrumb\"},\"inLanguage\":\"en-US\",\"potentialAction\":[{\"@type\":\"ReadAction\",\"target\":[\"https:\\\/\\\/granito.ro\\\/en\\\/product\\\/marmura-sunny\\\/\"]}]},{\"@type\":\"ImageObject\",\"inLanguage\":\"en-US\",\"@id\":\"https:\\\/\\\/granito.ro\\\/en\\\/product\\\/marmura-sunny\\\/#primaryimage\",\"url\":\"https:\\\/\\\/granito.ro\\\/en\\\/wp-content\\\/uploads\\\/2025\\\/02\\\/MARMURA-SUNNY.png\",\"contentUrl\":\"https:\\\/\\\/granito.ro\\\/en\\\/wp-content\\\/uploads\\\/2025\\\/02\\\/MARMURA-SUNNY.png\",\"width\":960,\"height\":960},{\"@type\":\"BreadcrumbList\",\"@id\":\"https:\\\/\\\/granito.ro\\\/en\\\/product\\\/marmura-sunny\\\/#breadcrumb\",\"itemListElement\":[{\"@type\":\"ListItem\",\"position\":1,\"name\":\"Prima pagin\u0103\",\"item\":\"https:\\\/\\\/granito.ro\\\/en\\\/\"},{\"@type\":\"ListItem\",\"position\":2,\"name\":\"Materiale\",\"item\":\"https:\\\/\\\/granito.ro\\\/en\\\/materiale\\\/\"},{\"@type\":\"ListItem\",\"position\":3,\"name\":\"Marmur\u0103 Sunny\"}]},{\"@type\":\"WebSite\",\"@id\":\"https:\\\/\\\/granito.ro\\\/en\\\/#website\",\"url\":\"https:\\\/\\\/granito.ro\\\/en\\\/\",\"name\":\"Granito\",\"description\":\"\",\"publisher\":{\"@id\":\"https:\\\/\\\/granito.ro\\\/en\\\/#organization\"},\"potentialAction\":[{\"@type\":\"SearchAction\",\"target\":{\"@type\":\"EntryPoint\",\"urlTemplate\":\"https:\\\/\\\/granito.ro\\\/en\\\/?s={search_term_string}\"},\"query-input\":{\"@type\":\"PropertyValueSpecification\",\"valueRequired\":true,\"valueName\":\"search_term_string\"}}],\"inLanguage\":\"en-US\"},{\"@type\":\"Organization\",\"@id\":\"https:\\\/\\\/granito.ro\\\/en\\\/#organization\",\"name\":\"Granito\",\"url\":\"https:\\\/\\\/granito.ro\\\/en\\\/\",\"logo\":{\"@type\":\"ImageObject\",\"inLanguage\":\"en-US\",\"@id\":\"https:\\\/\\\/granito.ro\\\/en\\\/#\\\/schema\\\/logo\\\/image\\\/\",\"url\":\"https:\\\/\\\/granito.ro\\\/en\\\/wp-content\\\/uploads\\\/2024\\\/08\\\/Untitled-1.png\",\"contentUrl\":\"https:\\\/\\\/granito.ro\\\/en\\\/wp-content\\\/uploads\\\/2024\\\/08\\\/Untitled-1.png\",\"width\":500,\"height\":112,\"caption\":\"Granito\"},\"image\":{\"@id\":\"https:\\\/\\\/granito.ro\\\/en\\\/#\\\/schema\\\/logo\\\/image\\\/\"},\"sameAs\":[\"https:\\\/\\\/www.facebook.com\\\/granito.ro\",\"http:\\\/\\\/instagram.com\\\/granito.ro\"]}]}<\/script>\n<!-- \/ Yoast SEO plugin. -->","yoast_head_json":{"title":"Granito","robots":{"index":"index","follow":"follow","max-snippet":"max-snippet:-1","max-image-preview":"max-image-preview:large","max-video-preview":"max-video-preview:-1"},"canonical":"https:\/\/granito.ro\/en\/product\/marmura-sunny\/","og_locale":"en_US","og_type":"article","og_title":"Marmur\u0103 Sunny - Acasa - Granito","og_description":"Marmura Sunny, extras\u0103 din carierele de\u0219ertului egiptean, este renumit\u0103 pentru frumuse\u021bea, durabilitatea \u0219i versatilitatea sa. Aceast\u0103 piatr\u0103 captivant\u0103 prezint\u0103 un amestec hipnotizant de tonuri de bej \u0219i crem, \u00eempodobite cu vene subtile \u0219i pete care adaug\u0103 profunzime \u0219i caracter oric\u0103rui spa\u021biu.  Marmura Sunny \u00eembin\u0103 perfect estetica cu func\u021bionalitatea, transform\u00e2nd orice spa\u021biu \u00eentr-un loc elegant \u0219i sofisticat.  &nbsp;    &nbsp;","og_url":"https:\/\/granito.ro\/en\/product\/marmura-sunny\/","og_site_name":"Acasa - Granito","article_publisher":"https:\/\/www.facebook.com\/granito.ro","article_modified_time":"2025-04-26T00:37:15+00:00","og_image":[{"width":960,"height":960,"url":"https:\/\/granito.ro\/en\/wp-content\/uploads\/2025\/02\/MARMURA-SUNNY.png","type":"image\/png"}],"twitter_card":"summary_large_image","twitter_misc":{"Est. reading time":"1 minute"},"schema":{"@context":"https:\/\/schema.org","@graph":[{"@type":"WebPage","@id":"https:\/\/granito.ro\/en\/product\/marmura-sunny\/","url":"https:\/\/granito.ro\/en\/product\/marmura-sunny\/","name":"Marmur\u0103 Sunny - Acasa - Granito","isPartOf":{"@id":"https:\/\/granito.ro\/en\/#website"},"primaryImageOfPage":{"@id":"https:\/\/granito.ro\/en\/product\/marmura-sunny\/#primaryimage"},"image":{"@id":"https:\/\/granito.ro\/en\/product\/marmura-sunny\/#primaryimage"},"thumbnailUrl":"https:\/\/granito.ro\/en\/wp-content\/uploads\/2025\/02\/MARMURA-SUNNY.png","datePublished":"2024-06-05T09:15:12+00:00","dateModified":"2025-04-26T00:37:15+00:00","breadcrumb":{"@id":"https:\/\/granito.ro\/en\/product\/marmura-sunny\/#breadcrumb"},"inLanguage":"en-US","potentialAction":[{"@type":"ReadAction","target":["https:\/\/granito.ro\/en\/product\/marmura-sunny\/"]}]},{"@type":"ImageObject","inLanguage":"en-US","@id":"https:\/\/granito.ro\/en\/product\/marmura-sunny\/#primaryimage","url":"https:\/\/granito.ro\/en\/wp-content\/uploads\/2025\/02\/MARMURA-SUNNY.png","contentUrl":"https:\/\/granito.ro\/en\/wp-content\/uploads\/2025\/02\/MARMURA-SUNNY.png","width":960,"height":960},{"@type":"BreadcrumbList","@id":"https:\/\/granito.ro\/en\/product\/marmura-sunny\/#breadcrumb","itemListElement":[{"@type":"ListItem","position":1,"name":"Prima pagin\u0103","item":"https:\/\/granito.ro\/en\/"},{"@type":"ListItem","position":2,"name":"Materiale","item":"https:\/\/granito.ro\/en\/materiale\/"},{"@type":"ListItem","position":3,"name":"Marmur\u0103 Sunny"}]},{"@type":"WebSite","@id":"https:\/\/granito.ro\/en\/#website","url":"https:\/\/granito.ro\/en\/","name":"Granito","description":"","publisher":{"@id":"https:\/\/granito.ro\/en\/#organization"},"potentialAction":[{"@type":"SearchAction","target":{"@type":"EntryPoint","urlTemplate":"https:\/\/granito.ro\/en\/?s={search_term_string}"},"query-input":{"@type":"PropertyValueSpecification","valueRequired":true,"valueName":"search_term_string"}}],"inLanguage":"en-US"},{"@type":"Organization","@id":"https:\/\/granito.ro\/en\/#organization","name":"Granito","url":"https:\/\/granito.ro\/en\/","logo":{"@type":"ImageObject","inLanguage":"en-US","@id":"https:\/\/granito.ro\/en\/#\/schema\/logo\/image\/","url":"https:\/\/granito.ro\/en\/wp-content\/uploads\/2024\/08\/Untitled-1.png","contentUrl":"https:\/\/granito.ro\/en\/wp-content\/uploads\/2024\/08\/Untitled-1.png","width":500,"height":112,"caption":"Granito"},"image":{"@id":"https:\/\/granito.ro\/en\/#\/schema\/logo\/image\/"},"sameAs":["https:\/\/www.facebook.com\/granito.ro","http:\/\/instagram.com\/granito.ro"]}]}},"_links":{"self":[{"href":"https:\/\/granito.ro\/en\/wp-json\/wp\/v2\/product\/2846","targetHints":{"allow":["GET"]}}],"collection":[{"href":"https:\/\/granito.ro\/en\/wp-json\/wp\/v2\/product"}],"about":[{"href":"https:\/\/granito.ro\/en\/wp-json\/wp\/v2\/types\/product"}],"wp:featuredmedia":[{"embeddable":true,"href":"https:\/\/granito.ro\/en\/wp-json\/wp\/v2\/media\/6712"}],"wp:attachment":[{"href":"https:\/\/granito.ro\/en\/wp-json\/wp\/v2\/media?parent=2846"}],"wp:term":[{"taxonomy":"product_brand","embeddable":true,"href":"https:\/\/granito.ro\/en\/wp-json\/wp\/v2\/product_brand?post=2846"},{"taxonomy":"product_cat","embeddable":true,"href":"https:\/\/granito.ro\/en\/wp-json\/wp\/v2\/product_cat?post=2846"},{"taxonomy":"product_tag","embeddable":true,"href":"https:\/\/granito.ro\/en\/wp-json\/wp\/v2\/product_tag?post=2846"}],"curies":[{"name":"wp","href":"https:\/\/api.w.org\/{rel}","templated":true}]}}