
{"id":2608,"date":"2024-03-16T18:10:45","date_gmt":"2024-03-16T18:10:45","guid":{"rendered":"https:\/\/granito.ro\/?post_type=product&#038;p=2608"},"modified":"2025-04-26T01:50:56","modified_gmt":"2025-04-26T01:50:56","slug":"granit-blue-night","status":"publish","type":"product","link":"https:\/\/granito.ro\/en\/product\/granit-blue-night\/","title":{"rendered":"Granit Blue Night"},"content":{"rendered":"<p><span style=\"font-weight: 400;\">Granitul este cunoscut pentru durabilitatea sa excep\u021bional\u0103 \u0219i rezisten\u021ba la uzur\u0103 \u0219i deteriorare. Acesta este un material ideal pentru utiliz\u0103ri \u00een interior \u0219i exterior, deoarece poate rezista la condi\u021bii extreme, inclusiv la temperaturi ridicate, \u00eenghe\u021b \u0219i expunere la soare.<\/span><\/p>\n<p><span style=\"font-weight: 400;\">Granitul prezint\u0103 o varietate bogat\u0103 de culori \u0219i modele, datorit\u0103 diversit\u0103\u021bii mineralelor care \u00eel compun \u0219i proceselor geologice complexe care au avut loc \u00een timpul form\u0103rii sale. <\/span><span style=\"font-weight: 400;\">Granitul a fost folosit de mii de ani \u00een construc\u021bia de structuri impresionante \u0219i monumente durabile. Din piramidele din Egipt p\u00e2n\u0103 la cl\u0103dirile contemporane de \u00eenalt\u0103 tehnologie, granitul a fost apreciat pentru rezisten\u021ba sa \u0219i aspectul s\u0103u elegant.<\/span><\/p>\n<p><b>Piatra natural\u0103 prezint\u0103 varia\u021bii de nuan\u021b\u0103, motiv pentru care imaginile de prezentare au un caracter strict informativ \u0219i pot s\u0103 nu reflecte cu exactitate aspectul real al produsului.<\/b><\/p>\n","protected":false},"excerpt":{"rendered":"<p>Granitul Blue Night este extras din cariere din Brazilia, o \u021bar\u0103 renumit\u0103 pentru bog\u0103\u021bia resurselor sale naturale \u0219i calitatea granitelor. Acest granit se remarc\u0103 prin ad\u00e2ncimea culorii sale negre, completat\u0103 de vene albe \u0219i gri care confer\u0103 un aspect vibrant \u0219i unic.<\/p>\n<p>Suprafa\u021ba lustruit\u0103 a granitului Blue Night reflect\u0103 lumina, ad\u0103ug\u00e2nd o str\u0103lucire subtil\u0103 \u0219i o dimensiune vizual\u0103 aparte. De\u0219i are un aspect impun\u0103tor, acest material se integreaz\u0103 armonios \u00eentr-o gam\u0103 variat\u0103 de stiluri de decor, de la cele clasice la moderne.<\/p>\n<p>&nbsp;<\/p>\n<p><a href=\"https:\/\/granito.ro\/produse\/?filter_material=granit-blue-night&amp;query_type_material=or\"><img loading=\"lazy\" decoding=\"async\" class=\"alignnone wp-image-6075\" src=\"https:\/\/granito.ro\/wp-content\/uploads\/2025\/01\/GRANIT-PRODUCTS-800x197.png\" alt=\"\" width=\"610\" height=\"150\" srcset=\"https:\/\/granito.ro\/en\/wp-content\/uploads\/2025\/01\/GRANIT-PRODUCTS-800x197.png 800w, https:\/\/granito.ro\/en\/wp-content\/uploads\/2025\/01\/GRANIT-PRODUCTS-1600x393.png 1600w, https:\/\/granito.ro\/en\/wp-content\/uploads\/2025\/01\/GRANIT-PRODUCTS-300x74.png 300w, https:\/\/granito.ro\/en\/wp-content\/uploads\/2025\/01\/GRANIT-PRODUCTS-768x189.png 768w, https:\/\/granito.ro\/en\/wp-content\/uploads\/2025\/01\/GRANIT-PRODUCTS-1536x377.png 1536w, https:\/\/granito.ro\/en\/wp-content\/uploads\/2025\/01\/GRANIT-PRODUCTS-600x147.png 600w, https:\/\/granito.ro\/en\/wp-content\/uploads\/2025\/01\/GRANIT-PRODUCTS.png 1791w\" sizes=\"auto, (max-width: 610px) 100vw, 610px\" \/><\/a><\/p>\n<p>&nbsp;<\/p>\n<p><br style=\"font-weight: 400;\" \/><br style=\"font-weight: 400;\" \/><\/p>\n","protected":false},"featured_media":6697,"template":"","meta":{"_eb_attr":""},"product_brand":[],"product_cat":[55],"product_tag":[56],"class_list":{"0":"post-2608","1":"product","2":"type-product","3":"status-publish","4":"has-post-thumbnail","6":"product_cat-granit","7":"product_tag-granit","9":"first","10":"instock","11":"shipping-taxable","12":"purchasable","13":"product-type-simple"},"yoast_head":"<!-- This site is optimized with the Yoast SEO plugin v27.4 - https:\/\/yoast.com\/product\/yoast-seo-wordpress\/ -->\n<title>Granito<\/title>\n<meta name=\"robots\" content=\"index, follow, max-snippet:-1, max-image-preview:large, max-video-preview:-1\" \/>\n<link rel=\"canonical\" href=\"https:\/\/granito.ro\/en\/product\/granit-blue-night\/\" \/>\n<meta property=\"og:locale\" content=\"en_US\" \/>\n<meta property=\"og:type\" content=\"article\" \/>\n<meta property=\"og:title\" content=\"Granit Blue Night - Acasa - Granito\" \/>\n<meta property=\"og:description\" content=\"Granitul Blue Night este extras din cariere din Brazilia, o \u021bar\u0103 renumit\u0103 pentru bog\u0103\u021bia resurselor sale naturale \u0219i calitatea granitelor. Acest granit se remarc\u0103 prin ad\u00e2ncimea culorii sale negre, completat\u0103 de vene albe \u0219i gri care confer\u0103 un aspect vibrant \u0219i unic.  Suprafa\u021ba lustruit\u0103 a granitului Blue Night reflect\u0103 lumina, ad\u0103ug\u00e2nd o str\u0103lucire subtil\u0103 \u0219i o dimensiune vizual\u0103 aparte. De\u0219i are un aspect impun\u0103tor, acest material se integreaz\u0103 armonios \u00eentr-o gam\u0103 variat\u0103 de stiluri de decor, de la cele clasice la moderne.  &nbsp;    &nbsp;\" \/>\n<meta property=\"og:url\" content=\"https:\/\/granito.ro\/en\/product\/granit-blue-night\/\" \/>\n<meta property=\"og:site_name\" content=\"Acasa - Granito\" \/>\n<meta property=\"article:publisher\" content=\"https:\/\/www.facebook.com\/granito.ro\" \/>\n<meta property=\"article:modified_time\" content=\"2025-04-26T01:50:56+00:00\" \/>\n<meta property=\"og:image\" content=\"https:\/\/granito.ro\/en\/wp-content\/uploads\/2025\/02\/GRANIT-BLUE-NIGHT.png\" \/>\n\t<meta property=\"og:image:width\" content=\"960\" \/>\n\t<meta property=\"og:image:height\" content=\"960\" \/>\n\t<meta property=\"og:image:type\" content=\"image\/png\" \/>\n<meta name=\"twitter:card\" content=\"summary_large_image\" \/>\n<meta name=\"twitter:label1\" content=\"Est. reading time\" \/>\n\t<meta name=\"twitter:data1\" content=\"1 minute\" \/>\n<script type=\"application\/ld+json\" class=\"yoast-schema-graph\">{\"@context\":\"https:\\\/\\\/schema.org\",\"@graph\":[{\"@type\":\"WebPage\",\"@id\":\"https:\\\/\\\/granito.ro\\\/en\\\/product\\\/granit-blue-night\\\/\",\"url\":\"https:\\\/\\\/granito.ro\\\/en\\\/product\\\/granit-blue-night\\\/\",\"name\":\"Granit Blue Night - Acasa - Granito\",\"isPartOf\":{\"@id\":\"https:\\\/\\\/granito.ro\\\/en\\\/#website\"},\"primaryImageOfPage\":{\"@id\":\"https:\\\/\\\/granito.ro\\\/en\\\/product\\\/granit-blue-night\\\/#primaryimage\"},\"image\":{\"@id\":\"https:\\\/\\\/granito.ro\\\/en\\\/product\\\/granit-blue-night\\\/#primaryimage\"},\"thumbnailUrl\":\"https:\\\/\\\/granito.ro\\\/en\\\/wp-content\\\/uploads\\\/2025\\\/02\\\/GRANIT-BLUE-NIGHT.png\",\"datePublished\":\"2024-03-16T18:10:45+00:00\",\"dateModified\":\"2025-04-26T01:50:56+00:00\",\"breadcrumb\":{\"@id\":\"https:\\\/\\\/granito.ro\\\/en\\\/product\\\/granit-blue-night\\\/#breadcrumb\"},\"inLanguage\":\"en-US\",\"potentialAction\":[{\"@type\":\"ReadAction\",\"target\":[\"https:\\\/\\\/granito.ro\\\/en\\\/product\\\/granit-blue-night\\\/\"]}]},{\"@type\":\"ImageObject\",\"inLanguage\":\"en-US\",\"@id\":\"https:\\\/\\\/granito.ro\\\/en\\\/product\\\/granit-blue-night\\\/#primaryimage\",\"url\":\"https:\\\/\\\/granito.ro\\\/en\\\/wp-content\\\/uploads\\\/2025\\\/02\\\/GRANIT-BLUE-NIGHT.png\",\"contentUrl\":\"https:\\\/\\\/granito.ro\\\/en\\\/wp-content\\\/uploads\\\/2025\\\/02\\\/GRANIT-BLUE-NIGHT.png\",\"width\":960,\"height\":960},{\"@type\":\"BreadcrumbList\",\"@id\":\"https:\\\/\\\/granito.ro\\\/en\\\/product\\\/granit-blue-night\\\/#breadcrumb\",\"itemListElement\":[{\"@type\":\"ListItem\",\"position\":1,\"name\":\"Prima pagin\u0103\",\"item\":\"https:\\\/\\\/granito.ro\\\/en\\\/\"},{\"@type\":\"ListItem\",\"position\":2,\"name\":\"Materiale\",\"item\":\"https:\\\/\\\/granito.ro\\\/en\\\/materiale\\\/\"},{\"@type\":\"ListItem\",\"position\":3,\"name\":\"Granit Blue Night\"}]},{\"@type\":\"WebSite\",\"@id\":\"https:\\\/\\\/granito.ro\\\/en\\\/#website\",\"url\":\"https:\\\/\\\/granito.ro\\\/en\\\/\",\"name\":\"Granito\",\"description\":\"\",\"publisher\":{\"@id\":\"https:\\\/\\\/granito.ro\\\/en\\\/#organization\"},\"potentialAction\":[{\"@type\":\"SearchAction\",\"target\":{\"@type\":\"EntryPoint\",\"urlTemplate\":\"https:\\\/\\\/granito.ro\\\/en\\\/?s={search_term_string}\"},\"query-input\":{\"@type\":\"PropertyValueSpecification\",\"valueRequired\":true,\"valueName\":\"search_term_string\"}}],\"inLanguage\":\"en-US\"},{\"@type\":\"Organization\",\"@id\":\"https:\\\/\\\/granito.ro\\\/en\\\/#organization\",\"name\":\"Granito\",\"url\":\"https:\\\/\\\/granito.ro\\\/en\\\/\",\"logo\":{\"@type\":\"ImageObject\",\"inLanguage\":\"en-US\",\"@id\":\"https:\\\/\\\/granito.ro\\\/en\\\/#\\\/schema\\\/logo\\\/image\\\/\",\"url\":\"https:\\\/\\\/granito.ro\\\/en\\\/wp-content\\\/uploads\\\/2024\\\/08\\\/Untitled-1.png\",\"contentUrl\":\"https:\\\/\\\/granito.ro\\\/en\\\/wp-content\\\/uploads\\\/2024\\\/08\\\/Untitled-1.png\",\"width\":500,\"height\":112,\"caption\":\"Granito\"},\"image\":{\"@id\":\"https:\\\/\\\/granito.ro\\\/en\\\/#\\\/schema\\\/logo\\\/image\\\/\"},\"sameAs\":[\"https:\\\/\\\/www.facebook.com\\\/granito.ro\",\"http:\\\/\\\/instagram.com\\\/granito.ro\"]}]}<\/script>\n<!-- \/ Yoast SEO plugin. -->","yoast_head_json":{"title":"Granito","robots":{"index":"index","follow":"follow","max-snippet":"max-snippet:-1","max-image-preview":"max-image-preview:large","max-video-preview":"max-video-preview:-1"},"canonical":"https:\/\/granito.ro\/en\/product\/granit-blue-night\/","og_locale":"en_US","og_type":"article","og_title":"Granit Blue Night - Acasa - Granito","og_description":"Granitul Blue Night este extras din cariere din Brazilia, o \u021bar\u0103 renumit\u0103 pentru bog\u0103\u021bia resurselor sale naturale \u0219i calitatea granitelor. Acest granit se remarc\u0103 prin ad\u00e2ncimea culorii sale negre, completat\u0103 de vene albe \u0219i gri care confer\u0103 un aspect vibrant \u0219i unic.  Suprafa\u021ba lustruit\u0103 a granitului Blue Night reflect\u0103 lumina, ad\u0103ug\u00e2nd o str\u0103lucire subtil\u0103 \u0219i o dimensiune vizual\u0103 aparte. De\u0219i are un aspect impun\u0103tor, acest material se integreaz\u0103 armonios \u00eentr-o gam\u0103 variat\u0103 de stiluri de decor, de la cele clasice la moderne.  &nbsp;    &nbsp;","og_url":"https:\/\/granito.ro\/en\/product\/granit-blue-night\/","og_site_name":"Acasa - Granito","article_publisher":"https:\/\/www.facebook.com\/granito.ro","article_modified_time":"2025-04-26T01:50:56+00:00","og_image":[{"width":960,"height":960,"url":"https:\/\/granito.ro\/en\/wp-content\/uploads\/2025\/02\/GRANIT-BLUE-NIGHT.png","type":"image\/png"}],"twitter_card":"summary_large_image","twitter_misc":{"Est. reading time":"1 minute"},"schema":{"@context":"https:\/\/schema.org","@graph":[{"@type":"WebPage","@id":"https:\/\/granito.ro\/en\/product\/granit-blue-night\/","url":"https:\/\/granito.ro\/en\/product\/granit-blue-night\/","name":"Granit Blue Night - Acasa - Granito","isPartOf":{"@id":"https:\/\/granito.ro\/en\/#website"},"primaryImageOfPage":{"@id":"https:\/\/granito.ro\/en\/product\/granit-blue-night\/#primaryimage"},"image":{"@id":"https:\/\/granito.ro\/en\/product\/granit-blue-night\/#primaryimage"},"thumbnailUrl":"https:\/\/granito.ro\/en\/wp-content\/uploads\/2025\/02\/GRANIT-BLUE-NIGHT.png","datePublished":"2024-03-16T18:10:45+00:00","dateModified":"2025-04-26T01:50:56+00:00","breadcrumb":{"@id":"https:\/\/granito.ro\/en\/product\/granit-blue-night\/#breadcrumb"},"inLanguage":"en-US","potentialAction":[{"@type":"ReadAction","target":["https:\/\/granito.ro\/en\/product\/granit-blue-night\/"]}]},{"@type":"ImageObject","inLanguage":"en-US","@id":"https:\/\/granito.ro\/en\/product\/granit-blue-night\/#primaryimage","url":"https:\/\/granito.ro\/en\/wp-content\/uploads\/2025\/02\/GRANIT-BLUE-NIGHT.png","contentUrl":"https:\/\/granito.ro\/en\/wp-content\/uploads\/2025\/02\/GRANIT-BLUE-NIGHT.png","width":960,"height":960},{"@type":"BreadcrumbList","@id":"https:\/\/granito.ro\/en\/product\/granit-blue-night\/#breadcrumb","itemListElement":[{"@type":"ListItem","position":1,"name":"Prima pagin\u0103","item":"https:\/\/granito.ro\/en\/"},{"@type":"ListItem","position":2,"name":"Materiale","item":"https:\/\/granito.ro\/en\/materiale\/"},{"@type":"ListItem","position":3,"name":"Granit Blue Night"}]},{"@type":"WebSite","@id":"https:\/\/granito.ro\/en\/#website","url":"https:\/\/granito.ro\/en\/","name":"Granito","description":"","publisher":{"@id":"https:\/\/granito.ro\/en\/#organization"},"potentialAction":[{"@type":"SearchAction","target":{"@type":"EntryPoint","urlTemplate":"https:\/\/granito.ro\/en\/?s={search_term_string}"},"query-input":{"@type":"PropertyValueSpecification","valueRequired":true,"valueName":"search_term_string"}}],"inLanguage":"en-US"},{"@type":"Organization","@id":"https:\/\/granito.ro\/en\/#organization","name":"Granito","url":"https:\/\/granito.ro\/en\/","logo":{"@type":"ImageObject","inLanguage":"en-US","@id":"https:\/\/granito.ro\/en\/#\/schema\/logo\/image\/","url":"https:\/\/granito.ro\/en\/wp-content\/uploads\/2024\/08\/Untitled-1.png","contentUrl":"https:\/\/granito.ro\/en\/wp-content\/uploads\/2024\/08\/Untitled-1.png","width":500,"height":112,"caption":"Granito"},"image":{"@id":"https:\/\/granito.ro\/en\/#\/schema\/logo\/image\/"},"sameAs":["https:\/\/www.facebook.com\/granito.ro","http:\/\/instagram.com\/granito.ro"]}]}},"_links":{"self":[{"href":"https:\/\/granito.ro\/en\/wp-json\/wp\/v2\/product\/2608","targetHints":{"allow":["GET"]}}],"collection":[{"href":"https:\/\/granito.ro\/en\/wp-json\/wp\/v2\/product"}],"about":[{"href":"https:\/\/granito.ro\/en\/wp-json\/wp\/v2\/types\/product"}],"wp:featuredmedia":[{"embeddable":true,"href":"https:\/\/granito.ro\/en\/wp-json\/wp\/v2\/media\/6697"}],"wp:attachment":[{"href":"https:\/\/granito.ro\/en\/wp-json\/wp\/v2\/media?parent=2608"}],"wp:term":[{"taxonomy":"product_brand","embeddable":true,"href":"https:\/\/granito.ro\/en\/wp-json\/wp\/v2\/product_brand?post=2608"},{"taxonomy":"product_cat","embeddable":true,"href":"https:\/\/granito.ro\/en\/wp-json\/wp\/v2\/product_cat?post=2608"},{"taxonomy":"product_tag","embeddable":true,"href":"https:\/\/granito.ro\/en\/wp-json\/wp\/v2\/product_tag?post=2608"}],"curies":[{"name":"wp","href":"https:\/\/api.w.org\/{rel}","templated":true}]}}