
{"id":2606,"date":"2024-03-16T18:10:31","date_gmt":"2024-03-16T18:10:31","guid":{"rendered":"https:\/\/granito.ro\/?post_type=product&#038;p=2606"},"modified":"2025-04-26T01:51:37","modified_gmt":"2025-04-26T01:51:37","slug":"granit-nero-africa","status":"publish","type":"product","link":"https:\/\/granito.ro\/en\/product\/granit-nero-africa\/","title":{"rendered":"Granit Nero Africa"},"content":{"rendered":"<p><span style=\"font-weight: 400;\">Granitul este cunoscut pentru durabilitatea sa excep\u021bional\u0103 \u0219i rezisten\u021ba la uzur\u0103 \u0219i deteriorare. Acesta este un material ideal pentru utiliz\u0103ri \u00een interior \u0219i exterior, deoarece poate rezista la condi\u021bii extreme, inclusiv la temperaturi ridicate, \u00eenghe\u021b \u0219i expunere la soare.<\/span><\/p>\n<p><span style=\"font-weight: 400;\">Granitul prezint\u0103 o varietate bogat\u0103 de culori \u0219i modele, datorit\u0103 diversit\u0103\u021bii mineralelor care \u00eel compun \u0219i proceselor geologice complexe care au avut loc \u00een timpul form\u0103rii sale. <\/span><span style=\"font-weight: 400;\">Granitul a fost folosit de mii de ani \u00een construc\u021bia de structuri impresionante \u0219i monumente durabile. Din piramidele din Egipt p\u00e2n\u0103 la cl\u0103dirile contemporane de \u00eenalt\u0103 tehnologie, granitul a fost apreciat pentru rezisten\u021ba sa \u0219i aspectul s\u0103u elegant.<\/span><\/p>\n<p><b>Piatra natural\u0103 prezint\u0103 varia\u021bii de nuan\u021b\u0103, motiv pentru care imaginile de prezentare au un caracter strict informativ \u0219i pot s\u0103 nu reflecte cu exactitate aspectul real al produsului.<\/b><\/p>\n<p>&nbsp;<\/p>\n","protected":false},"excerpt":{"rendered":"<p><span style=\"font-weight: 400;\">Granitul Nero Africa este extras din cariere situate \u00een diverse regiuni din Africa, origine geografic\u0103 ce \u00eei confer\u0103 unicitate \u0219i caracter distinctiv. <\/span><span style=\"font-weight: 400;\">Nero Africa se remarc\u0103 prin culoarea sa predominant\u0103 de negru, \u00eens\u0103 con\u021bine \u0219i accente de gri, albastru sau verde, \u00een func\u021bie de varia\u021biile mineralelor din compozi\u021bia sa.<\/span><\/p>\n<p><span style=\"font-weight: 400;\">Granitul Nero Africa este adesea asociat cu un aspect modern \u0219i elegant \u00een designul interior \u0219i arhitectur\u0103. Culorile sale profunde \u0219i luciul s\u0103u natural \u00eei confer\u0103 un aer de rafinament \u0219i lux, fiind apreciat \u00een special \u00een proiectele contemporane sau de inspira\u021bie minimalist\u0103.<\/span><\/p>\n<p>&nbsp;<\/p>\n<p><a href=\"https:\/\/granito.ro\/produse\/?filter_material=granit-nero-africa&amp;query_type_material=or\"><img loading=\"lazy\" decoding=\"async\" class=\"alignnone wp-image-6075\" src=\"https:\/\/granito.ro\/wp-content\/uploads\/2025\/01\/GRANIT-PRODUCTS-800x197.png\" alt=\"\" width=\"610\" height=\"150\" srcset=\"https:\/\/granito.ro\/en\/wp-content\/uploads\/2025\/01\/GRANIT-PRODUCTS-800x197.png 800w, https:\/\/granito.ro\/en\/wp-content\/uploads\/2025\/01\/GRANIT-PRODUCTS-1600x393.png 1600w, https:\/\/granito.ro\/en\/wp-content\/uploads\/2025\/01\/GRANIT-PRODUCTS-300x74.png 300w, https:\/\/granito.ro\/en\/wp-content\/uploads\/2025\/01\/GRANIT-PRODUCTS-768x189.png 768w, https:\/\/granito.ro\/en\/wp-content\/uploads\/2025\/01\/GRANIT-PRODUCTS-1536x377.png 1536w, https:\/\/granito.ro\/en\/wp-content\/uploads\/2025\/01\/GRANIT-PRODUCTS-600x147.png 600w, https:\/\/granito.ro\/en\/wp-content\/uploads\/2025\/01\/GRANIT-PRODUCTS.png 1791w\" sizes=\"auto, (max-width: 610px) 100vw, 610px\" \/><\/a><\/p>\n","protected":false},"featured_media":6701,"template":"","meta":{"_eb_attr":""},"product_brand":[],"product_cat":[55],"product_tag":[56],"class_list":{"0":"post-2606","1":"product","2":"type-product","3":"status-publish","4":"has-post-thumbnail","6":"product_cat-granit","7":"product_tag-granit","9":"first","10":"instock","11":"shipping-taxable","12":"purchasable","13":"product-type-simple"},"yoast_head":"<!-- This site is optimized with the Yoast SEO plugin v27.4 - https:\/\/yoast.com\/product\/yoast-seo-wordpress\/ -->\n<title>Granito<\/title>\n<meta name=\"robots\" content=\"index, follow, max-snippet:-1, max-image-preview:large, max-video-preview:-1\" \/>\n<link rel=\"canonical\" href=\"https:\/\/granito.ro\/en\/product\/granit-nero-africa\/\" \/>\n<meta property=\"og:locale\" content=\"en_US\" \/>\n<meta property=\"og:type\" content=\"article\" \/>\n<meta property=\"og:title\" content=\"Granit Nero Africa - Acasa - Granito\" \/>\n<meta property=\"og:description\" content=\"Granitul Nero Africa este extras din cariere situate \u00een diverse regiuni din Africa, origine geografic\u0103 ce \u00eei confer\u0103 unicitate \u0219i caracter distinctiv. Nero Africa se remarc\u0103 prin culoarea sa predominant\u0103 de negru, \u00eens\u0103 con\u021bine \u0219i accente de gri, albastru sau verde, \u00een func\u021bie de varia\u021biile mineralelor din compozi\u021bia sa.  Granitul Nero Africa este adesea asociat cu un aspect modern \u0219i elegant \u00een designul interior \u0219i arhitectur\u0103. Culorile sale profunde \u0219i luciul s\u0103u natural \u00eei confer\u0103 un aer de rafinament \u0219i lux, fiind apreciat \u00een special \u00een proiectele contemporane sau de inspira\u021bie minimalist\u0103.  &nbsp;\" \/>\n<meta property=\"og:url\" content=\"https:\/\/granito.ro\/en\/product\/granit-nero-africa\/\" \/>\n<meta property=\"og:site_name\" content=\"Acasa - Granito\" \/>\n<meta property=\"article:publisher\" content=\"https:\/\/www.facebook.com\/granito.ro\" \/>\n<meta property=\"article:modified_time\" content=\"2025-04-26T01:51:37+00:00\" \/>\n<meta property=\"og:image\" content=\"https:\/\/granito.ro\/en\/wp-content\/uploads\/2025\/02\/GRANIT-NERO-AFRICA.png\" \/>\n\t<meta property=\"og:image:width\" content=\"960\" \/>\n\t<meta property=\"og:image:height\" content=\"960\" \/>\n\t<meta property=\"og:image:type\" content=\"image\/png\" \/>\n<meta name=\"twitter:card\" content=\"summary_large_image\" \/>\n<meta name=\"twitter:label1\" content=\"Est. reading time\" \/>\n\t<meta name=\"twitter:data1\" content=\"1 minute\" \/>\n<script type=\"application\/ld+json\" class=\"yoast-schema-graph\">{\"@context\":\"https:\\\/\\\/schema.org\",\"@graph\":[{\"@type\":\"WebPage\",\"@id\":\"https:\\\/\\\/granito.ro\\\/en\\\/product\\\/granit-nero-africa\\\/\",\"url\":\"https:\\\/\\\/granito.ro\\\/en\\\/product\\\/granit-nero-africa\\\/\",\"name\":\"Granit Nero Africa - Acasa - Granito\",\"isPartOf\":{\"@id\":\"https:\\\/\\\/granito.ro\\\/en\\\/#website\"},\"primaryImageOfPage\":{\"@id\":\"https:\\\/\\\/granito.ro\\\/en\\\/product\\\/granit-nero-africa\\\/#primaryimage\"},\"image\":{\"@id\":\"https:\\\/\\\/granito.ro\\\/en\\\/product\\\/granit-nero-africa\\\/#primaryimage\"},\"thumbnailUrl\":\"https:\\\/\\\/granito.ro\\\/en\\\/wp-content\\\/uploads\\\/2025\\\/02\\\/GRANIT-NERO-AFRICA.png\",\"datePublished\":\"2024-03-16T18:10:31+00:00\",\"dateModified\":\"2025-04-26T01:51:37+00:00\",\"breadcrumb\":{\"@id\":\"https:\\\/\\\/granito.ro\\\/en\\\/product\\\/granit-nero-africa\\\/#breadcrumb\"},\"inLanguage\":\"en-US\",\"potentialAction\":[{\"@type\":\"ReadAction\",\"target\":[\"https:\\\/\\\/granito.ro\\\/en\\\/product\\\/granit-nero-africa\\\/\"]}]},{\"@type\":\"ImageObject\",\"inLanguage\":\"en-US\",\"@id\":\"https:\\\/\\\/granito.ro\\\/en\\\/product\\\/granit-nero-africa\\\/#primaryimage\",\"url\":\"https:\\\/\\\/granito.ro\\\/en\\\/wp-content\\\/uploads\\\/2025\\\/02\\\/GRANIT-NERO-AFRICA.png\",\"contentUrl\":\"https:\\\/\\\/granito.ro\\\/en\\\/wp-content\\\/uploads\\\/2025\\\/02\\\/GRANIT-NERO-AFRICA.png\",\"width\":960,\"height\":960},{\"@type\":\"BreadcrumbList\",\"@id\":\"https:\\\/\\\/granito.ro\\\/en\\\/product\\\/granit-nero-africa\\\/#breadcrumb\",\"itemListElement\":[{\"@type\":\"ListItem\",\"position\":1,\"name\":\"Prima pagin\u0103\",\"item\":\"https:\\\/\\\/granito.ro\\\/en\\\/\"},{\"@type\":\"ListItem\",\"position\":2,\"name\":\"Materiale\",\"item\":\"https:\\\/\\\/granito.ro\\\/en\\\/materiale\\\/\"},{\"@type\":\"ListItem\",\"position\":3,\"name\":\"Granit Nero Africa\"}]},{\"@type\":\"WebSite\",\"@id\":\"https:\\\/\\\/granito.ro\\\/en\\\/#website\",\"url\":\"https:\\\/\\\/granito.ro\\\/en\\\/\",\"name\":\"Granito\",\"description\":\"\",\"publisher\":{\"@id\":\"https:\\\/\\\/granito.ro\\\/en\\\/#organization\"},\"potentialAction\":[{\"@type\":\"SearchAction\",\"target\":{\"@type\":\"EntryPoint\",\"urlTemplate\":\"https:\\\/\\\/granito.ro\\\/en\\\/?s={search_term_string}\"},\"query-input\":{\"@type\":\"PropertyValueSpecification\",\"valueRequired\":true,\"valueName\":\"search_term_string\"}}],\"inLanguage\":\"en-US\"},{\"@type\":\"Organization\",\"@id\":\"https:\\\/\\\/granito.ro\\\/en\\\/#organization\",\"name\":\"Granito\",\"url\":\"https:\\\/\\\/granito.ro\\\/en\\\/\",\"logo\":{\"@type\":\"ImageObject\",\"inLanguage\":\"en-US\",\"@id\":\"https:\\\/\\\/granito.ro\\\/en\\\/#\\\/schema\\\/logo\\\/image\\\/\",\"url\":\"https:\\\/\\\/granito.ro\\\/en\\\/wp-content\\\/uploads\\\/2024\\\/08\\\/Untitled-1.png\",\"contentUrl\":\"https:\\\/\\\/granito.ro\\\/en\\\/wp-content\\\/uploads\\\/2024\\\/08\\\/Untitled-1.png\",\"width\":500,\"height\":112,\"caption\":\"Granito\"},\"image\":{\"@id\":\"https:\\\/\\\/granito.ro\\\/en\\\/#\\\/schema\\\/logo\\\/image\\\/\"},\"sameAs\":[\"https:\\\/\\\/www.facebook.com\\\/granito.ro\",\"http:\\\/\\\/instagram.com\\\/granito.ro\"]}]}<\/script>\n<!-- \/ Yoast SEO plugin. -->","yoast_head_json":{"title":"Granito","robots":{"index":"index","follow":"follow","max-snippet":"max-snippet:-1","max-image-preview":"max-image-preview:large","max-video-preview":"max-video-preview:-1"},"canonical":"https:\/\/granito.ro\/en\/product\/granit-nero-africa\/","og_locale":"en_US","og_type":"article","og_title":"Granit Nero Africa - Acasa - Granito","og_description":"Granitul Nero Africa este extras din cariere situate \u00een diverse regiuni din Africa, origine geografic\u0103 ce \u00eei confer\u0103 unicitate \u0219i caracter distinctiv. Nero Africa se remarc\u0103 prin culoarea sa predominant\u0103 de negru, \u00eens\u0103 con\u021bine \u0219i accente de gri, albastru sau verde, \u00een func\u021bie de varia\u021biile mineralelor din compozi\u021bia sa.  Granitul Nero Africa este adesea asociat cu un aspect modern \u0219i elegant \u00een designul interior \u0219i arhitectur\u0103. Culorile sale profunde \u0219i luciul s\u0103u natural \u00eei confer\u0103 un aer de rafinament \u0219i lux, fiind apreciat \u00een special \u00een proiectele contemporane sau de inspira\u021bie minimalist\u0103.  &nbsp;","og_url":"https:\/\/granito.ro\/en\/product\/granit-nero-africa\/","og_site_name":"Acasa - Granito","article_publisher":"https:\/\/www.facebook.com\/granito.ro","article_modified_time":"2025-04-26T01:51:37+00:00","og_image":[{"width":960,"height":960,"url":"https:\/\/granito.ro\/en\/wp-content\/uploads\/2025\/02\/GRANIT-NERO-AFRICA.png","type":"image\/png"}],"twitter_card":"summary_large_image","twitter_misc":{"Est. reading time":"1 minute"},"schema":{"@context":"https:\/\/schema.org","@graph":[{"@type":"WebPage","@id":"https:\/\/granito.ro\/en\/product\/granit-nero-africa\/","url":"https:\/\/granito.ro\/en\/product\/granit-nero-africa\/","name":"Granit Nero Africa - Acasa - Granito","isPartOf":{"@id":"https:\/\/granito.ro\/en\/#website"},"primaryImageOfPage":{"@id":"https:\/\/granito.ro\/en\/product\/granit-nero-africa\/#primaryimage"},"image":{"@id":"https:\/\/granito.ro\/en\/product\/granit-nero-africa\/#primaryimage"},"thumbnailUrl":"https:\/\/granito.ro\/en\/wp-content\/uploads\/2025\/02\/GRANIT-NERO-AFRICA.png","datePublished":"2024-03-16T18:10:31+00:00","dateModified":"2025-04-26T01:51:37+00:00","breadcrumb":{"@id":"https:\/\/granito.ro\/en\/product\/granit-nero-africa\/#breadcrumb"},"inLanguage":"en-US","potentialAction":[{"@type":"ReadAction","target":["https:\/\/granito.ro\/en\/product\/granit-nero-africa\/"]}]},{"@type":"ImageObject","inLanguage":"en-US","@id":"https:\/\/granito.ro\/en\/product\/granit-nero-africa\/#primaryimage","url":"https:\/\/granito.ro\/en\/wp-content\/uploads\/2025\/02\/GRANIT-NERO-AFRICA.png","contentUrl":"https:\/\/granito.ro\/en\/wp-content\/uploads\/2025\/02\/GRANIT-NERO-AFRICA.png","width":960,"height":960},{"@type":"BreadcrumbList","@id":"https:\/\/granito.ro\/en\/product\/granit-nero-africa\/#breadcrumb","itemListElement":[{"@type":"ListItem","position":1,"name":"Prima pagin\u0103","item":"https:\/\/granito.ro\/en\/"},{"@type":"ListItem","position":2,"name":"Materiale","item":"https:\/\/granito.ro\/en\/materiale\/"},{"@type":"ListItem","position":3,"name":"Granit Nero Africa"}]},{"@type":"WebSite","@id":"https:\/\/granito.ro\/en\/#website","url":"https:\/\/granito.ro\/en\/","name":"Granito","description":"","publisher":{"@id":"https:\/\/granito.ro\/en\/#organization"},"potentialAction":[{"@type":"SearchAction","target":{"@type":"EntryPoint","urlTemplate":"https:\/\/granito.ro\/en\/?s={search_term_string}"},"query-input":{"@type":"PropertyValueSpecification","valueRequired":true,"valueName":"search_term_string"}}],"inLanguage":"en-US"},{"@type":"Organization","@id":"https:\/\/granito.ro\/en\/#organization","name":"Granito","url":"https:\/\/granito.ro\/en\/","logo":{"@type":"ImageObject","inLanguage":"en-US","@id":"https:\/\/granito.ro\/en\/#\/schema\/logo\/image\/","url":"https:\/\/granito.ro\/en\/wp-content\/uploads\/2024\/08\/Untitled-1.png","contentUrl":"https:\/\/granito.ro\/en\/wp-content\/uploads\/2024\/08\/Untitled-1.png","width":500,"height":112,"caption":"Granito"},"image":{"@id":"https:\/\/granito.ro\/en\/#\/schema\/logo\/image\/"},"sameAs":["https:\/\/www.facebook.com\/granito.ro","http:\/\/instagram.com\/granito.ro"]}]}},"_links":{"self":[{"href":"https:\/\/granito.ro\/en\/wp-json\/wp\/v2\/product\/2606","targetHints":{"allow":["GET"]}}],"collection":[{"href":"https:\/\/granito.ro\/en\/wp-json\/wp\/v2\/product"}],"about":[{"href":"https:\/\/granito.ro\/en\/wp-json\/wp\/v2\/types\/product"}],"wp:featuredmedia":[{"embeddable":true,"href":"https:\/\/granito.ro\/en\/wp-json\/wp\/v2\/media\/6701"}],"wp:attachment":[{"href":"https:\/\/granito.ro\/en\/wp-json\/wp\/v2\/media?parent=2606"}],"wp:term":[{"taxonomy":"product_brand","embeddable":true,"href":"https:\/\/granito.ro\/en\/wp-json\/wp\/v2\/product_brand?post=2606"},{"taxonomy":"product_cat","embeddable":true,"href":"https:\/\/granito.ro\/en\/wp-json\/wp\/v2\/product_cat?post=2606"},{"taxonomy":"product_tag","embeddable":true,"href":"https:\/\/granito.ro\/en\/wp-json\/wp\/v2\/product_tag?post=2606"}],"curies":[{"name":"wp","href":"https:\/\/api.w.org\/{rel}","templated":true}]}}