
{"id":2604,"date":"2024-03-16T18:09:34","date_gmt":"2024-03-16T18:09:34","guid":{"rendered":"https:\/\/granito.ro\/?post_type=product&#038;p=2604"},"modified":"2025-04-26T01:53:08","modified_gmt":"2025-04-26T01:53:08","slug":"marmura-breccia-sarda","status":"publish","type":"product","link":"https:\/\/granito.ro\/en\/product\/marmura-breccia-sarda\/","title":{"rendered":"Marmur\u0103 Breccia Sarda"},"content":{"rendered":"<p><span style=\"font-weight: 400;\">Datorit\u0103 aspectului s\u0103u vizual interesant \u0219i diversificat, marmura Breccia Sarda este utilizat\u0103 \u00eentr-o varietate de aplica\u021bii \u00een designul interior \u0219i exterior. Aceste includ pardoseli, blaturi de buc\u0103t\u0103rie, blaturi de baie, obiecte decorative \u0219i chiar fa\u021bade de cl\u0103diri.<\/span><\/p>\n<p><span style=\"font-weight: 400;\">Marmura Breccia Sarda este recunoscut\u0103 pe plan interna\u021bional pentru calitatea sa superioar\u0103 \u0219i aspectul s\u0103u elegant. Apreciat\u0103 pentru textura sa unic\u0103 \u0219i varietatea culorilor, aceast\u0103 marmur\u0103 este adesea preferat\u0103 pentru proiectele de design care caut\u0103 s\u0103 aduc\u0103 un plus de rafinament \u0219i sofisticare.<\/span><\/p>\n<p><b>Piatra natural\u0103 prezint\u0103 varia\u021bii de nuan\u021b\u0103, motiv pentru care imaginile de prezentare au un caracter strict informativ \u0219i pot s\u0103 nu reflecte cu exactitate aspectul real al produsului.<\/b><\/p>\n","protected":false},"excerpt":{"rendered":"<p><span style=\"font-weight: 400;\">Marmura Breccia Sarda provine din regiunea Sardiniei din Italia, unde se g\u0103sesc depozite naturale ale acestei pietre pre\u021bioase. Sardinia este renumit\u0103 pentru varietatea sa bogat\u0103 de marmur\u0103, iar Breccia Sarda se num\u0103r\u0103 printre cele mai valoroase \u0219i mai recunoscute tipuri.<\/span><\/p>\n<p><span style=\"font-weight: 400;\">Breccia Sarda este cunoscut\u0103 pentru aspectul s\u0103u distinctiv, caracterizat de inser\u021bii de culori variate, cum ar fi bej, crem, maro \u0219i gri, dispuse \u00een modele str\u0103lucitoare \u0219i spectaculoase.<\/span><\/p>\n<p>&nbsp;<\/p>\n<p><a href=\"https:\/\/granito.ro\/produse\/?filter_material=marmura-breccia-sarda&amp;query_type_material=or\"><img loading=\"lazy\" decoding=\"async\" class=\"alignnone wp-image-6076\" src=\"https:\/\/granito.ro\/wp-content\/uploads\/2025\/01\/MARMURA-BRECCIA-SARDA-800x196.png\" alt=\"\" width=\"610\" height=\"149\" srcset=\"https:\/\/granito.ro\/en\/wp-content\/uploads\/2025\/01\/MARMURA-BRECCIA-SARDA-800x196.png 800w, https:\/\/granito.ro\/en\/wp-content\/uploads\/2025\/01\/MARMURA-BRECCIA-SARDA-1600x392.png 1600w, https:\/\/granito.ro\/en\/wp-content\/uploads\/2025\/01\/MARMURA-BRECCIA-SARDA-300x73.png 300w, https:\/\/granito.ro\/en\/wp-content\/uploads\/2025\/01\/MARMURA-BRECCIA-SARDA-768x188.png 768w, https:\/\/granito.ro\/en\/wp-content\/uploads\/2025\/01\/MARMURA-BRECCIA-SARDA-1536x376.png 1536w, https:\/\/granito.ro\/en\/wp-content\/uploads\/2025\/01\/MARMURA-BRECCIA-SARDA-600x147.png 600w, https:\/\/granito.ro\/en\/wp-content\/uploads\/2025\/01\/MARMURA-BRECCIA-SARDA.png 1792w\" sizes=\"auto, (max-width: 610px) 100vw, 610px\" \/><\/a><\/p>\n<p>&nbsp;<\/p>\n<p>&nbsp;<\/p>\n<p>&nbsp;<\/p>\n","protected":false},"featured_media":6705,"template":"","meta":{"_eb_attr":""},"product_brand":[],"product_cat":[51],"product_tag":[57],"class_list":{"0":"post-2604","1":"product","2":"type-product","3":"status-publish","4":"has-post-thumbnail","6":"product_cat-marmura","7":"product_tag-marmura","9":"first","10":"instock","11":"shipping-taxable","12":"purchasable","13":"product-type-simple"},"yoast_head":"<!-- This site is optimized with the Yoast SEO plugin v27.4 - https:\/\/yoast.com\/product\/yoast-seo-wordpress\/ -->\n<title>Granito<\/title>\n<meta name=\"robots\" content=\"index, follow, max-snippet:-1, max-image-preview:large, max-video-preview:-1\" \/>\n<link rel=\"canonical\" href=\"https:\/\/granito.ro\/en\/product\/marmura-breccia-sarda\/\" \/>\n<meta property=\"og:locale\" content=\"en_US\" \/>\n<meta property=\"og:type\" content=\"article\" \/>\n<meta property=\"og:title\" content=\"Marmur\u0103 Breccia Sarda - Acasa - Granito\" \/>\n<meta property=\"og:description\" content=\"Marmura Breccia Sarda provine din regiunea Sardiniei din Italia, unde se g\u0103sesc depozite naturale ale acestei pietre pre\u021bioase. Sardinia este renumit\u0103 pentru varietatea sa bogat\u0103 de marmur\u0103, iar Breccia Sarda se num\u0103r\u0103 printre cele mai valoroase \u0219i mai recunoscute tipuri.  Breccia Sarda este cunoscut\u0103 pentru aspectul s\u0103u distinctiv, caracterizat de inser\u021bii de culori variate, cum ar fi bej, crem, maro \u0219i gri, dispuse \u00een modele str\u0103lucitoare \u0219i spectaculoase.  &nbsp;    &nbsp;  &nbsp;  &nbsp;\" \/>\n<meta property=\"og:url\" content=\"https:\/\/granito.ro\/en\/product\/marmura-breccia-sarda\/\" \/>\n<meta property=\"og:site_name\" content=\"Acasa - Granito\" \/>\n<meta property=\"article:publisher\" content=\"https:\/\/www.facebook.com\/granito.ro\" \/>\n<meta property=\"article:modified_time\" content=\"2025-04-26T01:53:08+00:00\" \/>\n<meta property=\"og:image\" content=\"https:\/\/granito.ro\/en\/wp-content\/uploads\/2025\/02\/MARMURA-BRECCIA-SARDA.png\" \/>\n\t<meta property=\"og:image:width\" content=\"960\" \/>\n\t<meta property=\"og:image:height\" content=\"960\" \/>\n\t<meta property=\"og:image:type\" content=\"image\/png\" \/>\n<meta name=\"twitter:card\" content=\"summary_large_image\" \/>\n<meta name=\"twitter:label1\" content=\"Est. reading time\" \/>\n\t<meta name=\"twitter:data1\" content=\"1 minute\" \/>\n<script type=\"application\/ld+json\" class=\"yoast-schema-graph\">{\"@context\":\"https:\\\/\\\/schema.org\",\"@graph\":[{\"@type\":\"WebPage\",\"@id\":\"https:\\\/\\\/granito.ro\\\/en\\\/product\\\/marmura-breccia-sarda\\\/\",\"url\":\"https:\\\/\\\/granito.ro\\\/en\\\/product\\\/marmura-breccia-sarda\\\/\",\"name\":\"Marmur\u0103 Breccia Sarda - Acasa - Granito\",\"isPartOf\":{\"@id\":\"https:\\\/\\\/granito.ro\\\/en\\\/#website\"},\"primaryImageOfPage\":{\"@id\":\"https:\\\/\\\/granito.ro\\\/en\\\/product\\\/marmura-breccia-sarda\\\/#primaryimage\"},\"image\":{\"@id\":\"https:\\\/\\\/granito.ro\\\/en\\\/product\\\/marmura-breccia-sarda\\\/#primaryimage\"},\"thumbnailUrl\":\"https:\\\/\\\/granito.ro\\\/en\\\/wp-content\\\/uploads\\\/2025\\\/02\\\/MARMURA-BRECCIA-SARDA.png\",\"datePublished\":\"2024-03-16T18:09:34+00:00\",\"dateModified\":\"2025-04-26T01:53:08+00:00\",\"breadcrumb\":{\"@id\":\"https:\\\/\\\/granito.ro\\\/en\\\/product\\\/marmura-breccia-sarda\\\/#breadcrumb\"},\"inLanguage\":\"en-US\",\"potentialAction\":[{\"@type\":\"ReadAction\",\"target\":[\"https:\\\/\\\/granito.ro\\\/en\\\/product\\\/marmura-breccia-sarda\\\/\"]}]},{\"@type\":\"ImageObject\",\"inLanguage\":\"en-US\",\"@id\":\"https:\\\/\\\/granito.ro\\\/en\\\/product\\\/marmura-breccia-sarda\\\/#primaryimage\",\"url\":\"https:\\\/\\\/granito.ro\\\/en\\\/wp-content\\\/uploads\\\/2025\\\/02\\\/MARMURA-BRECCIA-SARDA.png\",\"contentUrl\":\"https:\\\/\\\/granito.ro\\\/en\\\/wp-content\\\/uploads\\\/2025\\\/02\\\/MARMURA-BRECCIA-SARDA.png\",\"width\":960,\"height\":960},{\"@type\":\"BreadcrumbList\",\"@id\":\"https:\\\/\\\/granito.ro\\\/en\\\/product\\\/marmura-breccia-sarda\\\/#breadcrumb\",\"itemListElement\":[{\"@type\":\"ListItem\",\"position\":1,\"name\":\"Prima pagin\u0103\",\"item\":\"https:\\\/\\\/granito.ro\\\/en\\\/\"},{\"@type\":\"ListItem\",\"position\":2,\"name\":\"Materiale\",\"item\":\"https:\\\/\\\/granito.ro\\\/en\\\/materiale\\\/\"},{\"@type\":\"ListItem\",\"position\":3,\"name\":\"Marmur\u0103 Breccia Sarda\"}]},{\"@type\":\"WebSite\",\"@id\":\"https:\\\/\\\/granito.ro\\\/en\\\/#website\",\"url\":\"https:\\\/\\\/granito.ro\\\/en\\\/\",\"name\":\"Granito\",\"description\":\"\",\"publisher\":{\"@id\":\"https:\\\/\\\/granito.ro\\\/en\\\/#organization\"},\"potentialAction\":[{\"@type\":\"SearchAction\",\"target\":{\"@type\":\"EntryPoint\",\"urlTemplate\":\"https:\\\/\\\/granito.ro\\\/en\\\/?s={search_term_string}\"},\"query-input\":{\"@type\":\"PropertyValueSpecification\",\"valueRequired\":true,\"valueName\":\"search_term_string\"}}],\"inLanguage\":\"en-US\"},{\"@type\":\"Organization\",\"@id\":\"https:\\\/\\\/granito.ro\\\/en\\\/#organization\",\"name\":\"Granito\",\"url\":\"https:\\\/\\\/granito.ro\\\/en\\\/\",\"logo\":{\"@type\":\"ImageObject\",\"inLanguage\":\"en-US\",\"@id\":\"https:\\\/\\\/granito.ro\\\/en\\\/#\\\/schema\\\/logo\\\/image\\\/\",\"url\":\"https:\\\/\\\/granito.ro\\\/en\\\/wp-content\\\/uploads\\\/2024\\\/08\\\/Untitled-1.png\",\"contentUrl\":\"https:\\\/\\\/granito.ro\\\/en\\\/wp-content\\\/uploads\\\/2024\\\/08\\\/Untitled-1.png\",\"width\":500,\"height\":112,\"caption\":\"Granito\"},\"image\":{\"@id\":\"https:\\\/\\\/granito.ro\\\/en\\\/#\\\/schema\\\/logo\\\/image\\\/\"},\"sameAs\":[\"https:\\\/\\\/www.facebook.com\\\/granito.ro\",\"http:\\\/\\\/instagram.com\\\/granito.ro\"]}]}<\/script>\n<!-- \/ Yoast SEO plugin. -->","yoast_head_json":{"title":"Granito","robots":{"index":"index","follow":"follow","max-snippet":"max-snippet:-1","max-image-preview":"max-image-preview:large","max-video-preview":"max-video-preview:-1"},"canonical":"https:\/\/granito.ro\/en\/product\/marmura-breccia-sarda\/","og_locale":"en_US","og_type":"article","og_title":"Marmur\u0103 Breccia Sarda - Acasa - Granito","og_description":"Marmura Breccia Sarda provine din regiunea Sardiniei din Italia, unde se g\u0103sesc depozite naturale ale acestei pietre pre\u021bioase. Sardinia este renumit\u0103 pentru varietatea sa bogat\u0103 de marmur\u0103, iar Breccia Sarda se num\u0103r\u0103 printre cele mai valoroase \u0219i mai recunoscute tipuri.  Breccia Sarda este cunoscut\u0103 pentru aspectul s\u0103u distinctiv, caracterizat de inser\u021bii de culori variate, cum ar fi bej, crem, maro \u0219i gri, dispuse \u00een modele str\u0103lucitoare \u0219i spectaculoase.  &nbsp;    &nbsp;  &nbsp;  &nbsp;","og_url":"https:\/\/granito.ro\/en\/product\/marmura-breccia-sarda\/","og_site_name":"Acasa - Granito","article_publisher":"https:\/\/www.facebook.com\/granito.ro","article_modified_time":"2025-04-26T01:53:08+00:00","og_image":[{"width":960,"height":960,"url":"https:\/\/granito.ro\/en\/wp-content\/uploads\/2025\/02\/MARMURA-BRECCIA-SARDA.png","type":"image\/png"}],"twitter_card":"summary_large_image","twitter_misc":{"Est. reading time":"1 minute"},"schema":{"@context":"https:\/\/schema.org","@graph":[{"@type":"WebPage","@id":"https:\/\/granito.ro\/en\/product\/marmura-breccia-sarda\/","url":"https:\/\/granito.ro\/en\/product\/marmura-breccia-sarda\/","name":"Marmur\u0103 Breccia Sarda - Acasa - Granito","isPartOf":{"@id":"https:\/\/granito.ro\/en\/#website"},"primaryImageOfPage":{"@id":"https:\/\/granito.ro\/en\/product\/marmura-breccia-sarda\/#primaryimage"},"image":{"@id":"https:\/\/granito.ro\/en\/product\/marmura-breccia-sarda\/#primaryimage"},"thumbnailUrl":"https:\/\/granito.ro\/en\/wp-content\/uploads\/2025\/02\/MARMURA-BRECCIA-SARDA.png","datePublished":"2024-03-16T18:09:34+00:00","dateModified":"2025-04-26T01:53:08+00:00","breadcrumb":{"@id":"https:\/\/granito.ro\/en\/product\/marmura-breccia-sarda\/#breadcrumb"},"inLanguage":"en-US","potentialAction":[{"@type":"ReadAction","target":["https:\/\/granito.ro\/en\/product\/marmura-breccia-sarda\/"]}]},{"@type":"ImageObject","inLanguage":"en-US","@id":"https:\/\/granito.ro\/en\/product\/marmura-breccia-sarda\/#primaryimage","url":"https:\/\/granito.ro\/en\/wp-content\/uploads\/2025\/02\/MARMURA-BRECCIA-SARDA.png","contentUrl":"https:\/\/granito.ro\/en\/wp-content\/uploads\/2025\/02\/MARMURA-BRECCIA-SARDA.png","width":960,"height":960},{"@type":"BreadcrumbList","@id":"https:\/\/granito.ro\/en\/product\/marmura-breccia-sarda\/#breadcrumb","itemListElement":[{"@type":"ListItem","position":1,"name":"Prima pagin\u0103","item":"https:\/\/granito.ro\/en\/"},{"@type":"ListItem","position":2,"name":"Materiale","item":"https:\/\/granito.ro\/en\/materiale\/"},{"@type":"ListItem","position":3,"name":"Marmur\u0103 Breccia Sarda"}]},{"@type":"WebSite","@id":"https:\/\/granito.ro\/en\/#website","url":"https:\/\/granito.ro\/en\/","name":"Granito","description":"","publisher":{"@id":"https:\/\/granito.ro\/en\/#organization"},"potentialAction":[{"@type":"SearchAction","target":{"@type":"EntryPoint","urlTemplate":"https:\/\/granito.ro\/en\/?s={search_term_string}"},"query-input":{"@type":"PropertyValueSpecification","valueRequired":true,"valueName":"search_term_string"}}],"inLanguage":"en-US"},{"@type":"Organization","@id":"https:\/\/granito.ro\/en\/#organization","name":"Granito","url":"https:\/\/granito.ro\/en\/","logo":{"@type":"ImageObject","inLanguage":"en-US","@id":"https:\/\/granito.ro\/en\/#\/schema\/logo\/image\/","url":"https:\/\/granito.ro\/en\/wp-content\/uploads\/2024\/08\/Untitled-1.png","contentUrl":"https:\/\/granito.ro\/en\/wp-content\/uploads\/2024\/08\/Untitled-1.png","width":500,"height":112,"caption":"Granito"},"image":{"@id":"https:\/\/granito.ro\/en\/#\/schema\/logo\/image\/"},"sameAs":["https:\/\/www.facebook.com\/granito.ro","http:\/\/instagram.com\/granito.ro"]}]}},"_links":{"self":[{"href":"https:\/\/granito.ro\/en\/wp-json\/wp\/v2\/product\/2604","targetHints":{"allow":["GET"]}}],"collection":[{"href":"https:\/\/granito.ro\/en\/wp-json\/wp\/v2\/product"}],"about":[{"href":"https:\/\/granito.ro\/en\/wp-json\/wp\/v2\/types\/product"}],"wp:featuredmedia":[{"embeddable":true,"href":"https:\/\/granito.ro\/en\/wp-json\/wp\/v2\/media\/6705"}],"wp:attachment":[{"href":"https:\/\/granito.ro\/en\/wp-json\/wp\/v2\/media?parent=2604"}],"wp:term":[{"taxonomy":"product_brand","embeddable":true,"href":"https:\/\/granito.ro\/en\/wp-json\/wp\/v2\/product_brand?post=2604"},{"taxonomy":"product_cat","embeddable":true,"href":"https:\/\/granito.ro\/en\/wp-json\/wp\/v2\/product_cat?post=2604"},{"taxonomy":"product_tag","embeddable":true,"href":"https:\/\/granito.ro\/en\/wp-json\/wp\/v2\/product_tag?post=2604"}],"curies":[{"name":"wp","href":"https:\/\/api.w.org\/{rel}","templated":true}]}}