
{"id":2601,"date":"2024-03-16T18:08:40","date_gmt":"2024-03-16T18:08:40","guid":{"rendered":"https:\/\/granito.ro\/?post_type=product&#038;p=2601"},"modified":"2025-04-26T01:55:16","modified_gmt":"2025-04-26T01:55:16","slug":"marmura-ruschita-alb-galbui","status":"publish","type":"product","link":"https:\/\/granito.ro\/en\/product\/marmura-ruschita-alb-galbui\/","title":{"rendered":"Marmur\u0103 Ru\u0219chi\u021ba Alb-G\u0103lbui"},"content":{"rendered":"<p><span style=\"font-weight: 400;\">Marmura este o roc\u0103 metamorfic\u0103 format\u0103 prin recristalizarea carbona\u021bilor, \u00een principal carbonatul de calciu, \u0219i se formeaz\u0103 \u00een mod natural \u00een regiuni cu activitate geologic\u0103 intens\u0103, cum ar fi mun\u021bii \u0219i zonele de subduc\u021bie.<\/span><\/p>\n<p><span style=\"font-weight: 400;\">Marmura a fost folosit\u0103 de-a lungul istoriei \u00een sculptur\u0103, arhitectur\u0103 \u0219i alte forme de art\u0103. De la anticele sculpturi grece\u0219ti \u0219i romane p\u00e2n\u0103 la cl\u0103dirile \u0219i monumentele moderne, marmura a fost \u00eentotdeauna asociat\u0103 cu luxul, elegan\u021ba \u0219i rafinamentul.<\/span><\/p>\n<p><b>Piatra natural\u0103 prezint\u0103 varia\u021bii de nuan\u021b\u0103, motiv pentru care imaginile de prezentare au un caracter strict informativ \u0219i pot s\u0103 nu reflecte cu exactitate aspectul real al produsului.<\/b><\/p>\n","protected":false},"excerpt":{"rendered":"<p><span style=\"font-weight: 400;\">Marmura Ru\u0219chi\u021ba Alb-G\u0103lbui \u00eembin\u0103 nuan\u021be calde de crem cu accente galbene, cre\u00e2nd spa\u021bii primitoare at\u00e2t \u00een interior c\u00e2t \u0219i \u00een exterior. Aceast\u0103 marmur\u0103 aduce o senza\u021bie de confort \u0219i luminozitate, perfect\u0103 pentru crearea unui mediu clasic \u0219i elegant.<\/span><\/p>\n<p><span style=\"font-weight: 400;\">Marmura Ru\u0219chi\u021ba este prelucrat\u0103 cu aten\u021bie de c\u0103tre artizani locali \u0219i speciali\u0219ti \u00een prelucrarea pietrei pentru a fi utilizat\u0103 \u00een diverse aplica\u021bii, cum ar fi blaturi de buc\u0103t\u0103rie, pardoseli, sc\u0103ri, obiecte decorative \u0219i sculpturi. De asemenea, marmura Ru\u0219chi\u021ba este apreciat\u0103 pentru utilizarea sa \u00een arhitectura monumental\u0103 \u0219i religioas\u0103.<\/span><\/p>\n<p>&nbsp;<\/p>\n<p><a href=\"https:\/\/granito.ro\/produse\/?filter_material=marmura-ruschita-alb-galbui&amp;query_type_material=or\"><img loading=\"lazy\" decoding=\"async\" class=\"alignnone wp-image-6078\" src=\"https:\/\/granito.ro\/wp-content\/uploads\/2025\/01\/MARMURA-RTA.-ALB-G-ROZ-I-800x196.png\" alt=\"\" width=\"610\" height=\"150\" srcset=\"https:\/\/granito.ro\/en\/wp-content\/uploads\/2025\/01\/MARMURA-RTA.-ALB-G-ROZ-I-800x196.png 800w, https:\/\/granito.ro\/en\/wp-content\/uploads\/2025\/01\/MARMURA-RTA.-ALB-G-ROZ-I-1600x392.png 1600w, https:\/\/granito.ro\/en\/wp-content\/uploads\/2025\/01\/MARMURA-RTA.-ALB-G-ROZ-I-300x74.png 300w, https:\/\/granito.ro\/en\/wp-content\/uploads\/2025\/01\/MARMURA-RTA.-ALB-G-ROZ-I-768x188.png 768w, https:\/\/granito.ro\/en\/wp-content\/uploads\/2025\/01\/MARMURA-RTA.-ALB-G-ROZ-I-1536x376.png 1536w, https:\/\/granito.ro\/en\/wp-content\/uploads\/2025\/01\/MARMURA-RTA.-ALB-G-ROZ-I-600x147.png 600w, https:\/\/granito.ro\/en\/wp-content\/uploads\/2025\/01\/MARMURA-RTA.-ALB-G-ROZ-I.png 1791w\" sizes=\"auto, (max-width: 610px) 100vw, 610px\" \/><\/a><\/p>\n<p>&nbsp;<\/p>\n","protected":false},"featured_media":6708,"template":"","meta":{"_eb_attr":""},"product_brand":[],"product_cat":[51],"product_tag":[57],"class_list":{"0":"post-2601","1":"product","2":"type-product","3":"status-publish","4":"has-post-thumbnail","6":"product_cat-marmura","7":"product_tag-marmura","9":"first","10":"instock","11":"shipping-taxable","12":"purchasable","13":"product-type-simple"},"yoast_head":"<!-- This site is optimized with the Yoast SEO plugin v27.4 - https:\/\/yoast.com\/product\/yoast-seo-wordpress\/ -->\n<title>Granito<\/title>\n<meta name=\"robots\" content=\"index, follow, max-snippet:-1, max-image-preview:large, max-video-preview:-1\" \/>\n<link rel=\"canonical\" href=\"https:\/\/granito.ro\/en\/product\/marmura-ruschita-alb-galbui\/\" \/>\n<meta property=\"og:locale\" content=\"en_US\" \/>\n<meta property=\"og:type\" content=\"article\" \/>\n<meta property=\"og:title\" content=\"Marmur\u0103 Ru\u0219chi\u021ba Alb-G\u0103lbui - Acasa - Granito\" \/>\n<meta property=\"og:description\" content=\"Marmura Ru\u0219chi\u021ba Alb-G\u0103lbui \u00eembin\u0103 nuan\u021be calde de crem cu accente galbene, cre\u00e2nd spa\u021bii primitoare at\u00e2t \u00een interior c\u00e2t \u0219i \u00een exterior. Aceast\u0103 marmur\u0103 aduce o senza\u021bie de confort \u0219i luminozitate, perfect\u0103 pentru crearea unui mediu clasic \u0219i elegant.  Marmura Ru\u0219chi\u021ba este prelucrat\u0103 cu aten\u021bie de c\u0103tre artizani locali \u0219i speciali\u0219ti \u00een prelucrarea pietrei pentru a fi utilizat\u0103 \u00een diverse aplica\u021bii, cum ar fi blaturi de buc\u0103t\u0103rie, pardoseli, sc\u0103ri, obiecte decorative \u0219i sculpturi. De asemenea, marmura Ru\u0219chi\u021ba este apreciat\u0103 pentru utilizarea sa \u00een arhitectura monumental\u0103 \u0219i religioas\u0103.  &nbsp;    &nbsp;\" \/>\n<meta property=\"og:url\" content=\"https:\/\/granito.ro\/en\/product\/marmura-ruschita-alb-galbui\/\" \/>\n<meta property=\"og:site_name\" content=\"Acasa - Granito\" \/>\n<meta property=\"article:publisher\" content=\"https:\/\/www.facebook.com\/granito.ro\" \/>\n<meta property=\"article:modified_time\" content=\"2025-04-26T01:55:16+00:00\" \/>\n<meta property=\"og:image\" content=\"https:\/\/granito.ro\/en\/wp-content\/uploads\/2025\/02\/MARMURA-RUSCHITA-ALB-GALBUI.png\" \/>\n\t<meta property=\"og:image:width\" content=\"960\" \/>\n\t<meta property=\"og:image:height\" content=\"960\" \/>\n\t<meta property=\"og:image:type\" content=\"image\/png\" \/>\n<meta name=\"twitter:card\" content=\"summary_large_image\" \/>\n<meta name=\"twitter:label1\" content=\"Est. reading time\" \/>\n\t<meta name=\"twitter:data1\" content=\"1 minute\" \/>\n<script type=\"application\/ld+json\" class=\"yoast-schema-graph\">{\"@context\":\"https:\\\/\\\/schema.org\",\"@graph\":[{\"@type\":\"WebPage\",\"@id\":\"https:\\\/\\\/granito.ro\\\/en\\\/product\\\/marmura-ruschita-alb-galbui\\\/\",\"url\":\"https:\\\/\\\/granito.ro\\\/en\\\/product\\\/marmura-ruschita-alb-galbui\\\/\",\"name\":\"Marmur\u0103 Ru\u0219chi\u021ba Alb-G\u0103lbui - Acasa - Granito\",\"isPartOf\":{\"@id\":\"https:\\\/\\\/granito.ro\\\/en\\\/#website\"},\"primaryImageOfPage\":{\"@id\":\"https:\\\/\\\/granito.ro\\\/en\\\/product\\\/marmura-ruschita-alb-galbui\\\/#primaryimage\"},\"image\":{\"@id\":\"https:\\\/\\\/granito.ro\\\/en\\\/product\\\/marmura-ruschita-alb-galbui\\\/#primaryimage\"},\"thumbnailUrl\":\"https:\\\/\\\/granito.ro\\\/en\\\/wp-content\\\/uploads\\\/2025\\\/02\\\/MARMURA-RUSCHITA-ALB-GALBUI.png\",\"datePublished\":\"2024-03-16T18:08:40+00:00\",\"dateModified\":\"2025-04-26T01:55:16+00:00\",\"breadcrumb\":{\"@id\":\"https:\\\/\\\/granito.ro\\\/en\\\/product\\\/marmura-ruschita-alb-galbui\\\/#breadcrumb\"},\"inLanguage\":\"en-US\",\"potentialAction\":[{\"@type\":\"ReadAction\",\"target\":[\"https:\\\/\\\/granito.ro\\\/en\\\/product\\\/marmura-ruschita-alb-galbui\\\/\"]}]},{\"@type\":\"ImageObject\",\"inLanguage\":\"en-US\",\"@id\":\"https:\\\/\\\/granito.ro\\\/en\\\/product\\\/marmura-ruschita-alb-galbui\\\/#primaryimage\",\"url\":\"https:\\\/\\\/granito.ro\\\/en\\\/wp-content\\\/uploads\\\/2025\\\/02\\\/MARMURA-RUSCHITA-ALB-GALBUI.png\",\"contentUrl\":\"https:\\\/\\\/granito.ro\\\/en\\\/wp-content\\\/uploads\\\/2025\\\/02\\\/MARMURA-RUSCHITA-ALB-GALBUI.png\",\"width\":960,\"height\":960},{\"@type\":\"BreadcrumbList\",\"@id\":\"https:\\\/\\\/granito.ro\\\/en\\\/product\\\/marmura-ruschita-alb-galbui\\\/#breadcrumb\",\"itemListElement\":[{\"@type\":\"ListItem\",\"position\":1,\"name\":\"Prima pagin\u0103\",\"item\":\"https:\\\/\\\/granito.ro\\\/en\\\/\"},{\"@type\":\"ListItem\",\"position\":2,\"name\":\"Materiale\",\"item\":\"https:\\\/\\\/granito.ro\\\/en\\\/materiale\\\/\"},{\"@type\":\"ListItem\",\"position\":3,\"name\":\"Marmur\u0103 Ru\u0219chi\u021ba Alb-G\u0103lbui\"}]},{\"@type\":\"WebSite\",\"@id\":\"https:\\\/\\\/granito.ro\\\/en\\\/#website\",\"url\":\"https:\\\/\\\/granito.ro\\\/en\\\/\",\"name\":\"Granito\",\"description\":\"\",\"publisher\":{\"@id\":\"https:\\\/\\\/granito.ro\\\/en\\\/#organization\"},\"potentialAction\":[{\"@type\":\"SearchAction\",\"target\":{\"@type\":\"EntryPoint\",\"urlTemplate\":\"https:\\\/\\\/granito.ro\\\/en\\\/?s={search_term_string}\"},\"query-input\":{\"@type\":\"PropertyValueSpecification\",\"valueRequired\":true,\"valueName\":\"search_term_string\"}}],\"inLanguage\":\"en-US\"},{\"@type\":\"Organization\",\"@id\":\"https:\\\/\\\/granito.ro\\\/en\\\/#organization\",\"name\":\"Granito\",\"url\":\"https:\\\/\\\/granito.ro\\\/en\\\/\",\"logo\":{\"@type\":\"ImageObject\",\"inLanguage\":\"en-US\",\"@id\":\"https:\\\/\\\/granito.ro\\\/en\\\/#\\\/schema\\\/logo\\\/image\\\/\",\"url\":\"https:\\\/\\\/granito.ro\\\/en\\\/wp-content\\\/uploads\\\/2024\\\/08\\\/Untitled-1.png\",\"contentUrl\":\"https:\\\/\\\/granito.ro\\\/en\\\/wp-content\\\/uploads\\\/2024\\\/08\\\/Untitled-1.png\",\"width\":500,\"height\":112,\"caption\":\"Granito\"},\"image\":{\"@id\":\"https:\\\/\\\/granito.ro\\\/en\\\/#\\\/schema\\\/logo\\\/image\\\/\"},\"sameAs\":[\"https:\\\/\\\/www.facebook.com\\\/granito.ro\",\"http:\\\/\\\/instagram.com\\\/granito.ro\"]}]}<\/script>\n<!-- \/ Yoast SEO plugin. -->","yoast_head_json":{"title":"Granito","robots":{"index":"index","follow":"follow","max-snippet":"max-snippet:-1","max-image-preview":"max-image-preview:large","max-video-preview":"max-video-preview:-1"},"canonical":"https:\/\/granito.ro\/en\/product\/marmura-ruschita-alb-galbui\/","og_locale":"en_US","og_type":"article","og_title":"Marmur\u0103 Ru\u0219chi\u021ba Alb-G\u0103lbui - Acasa - Granito","og_description":"Marmura Ru\u0219chi\u021ba Alb-G\u0103lbui \u00eembin\u0103 nuan\u021be calde de crem cu accente galbene, cre\u00e2nd spa\u021bii primitoare at\u00e2t \u00een interior c\u00e2t \u0219i \u00een exterior. Aceast\u0103 marmur\u0103 aduce o senza\u021bie de confort \u0219i luminozitate, perfect\u0103 pentru crearea unui mediu clasic \u0219i elegant.  Marmura Ru\u0219chi\u021ba este prelucrat\u0103 cu aten\u021bie de c\u0103tre artizani locali \u0219i speciali\u0219ti \u00een prelucrarea pietrei pentru a fi utilizat\u0103 \u00een diverse aplica\u021bii, cum ar fi blaturi de buc\u0103t\u0103rie, pardoseli, sc\u0103ri, obiecte decorative \u0219i sculpturi. De asemenea, marmura Ru\u0219chi\u021ba este apreciat\u0103 pentru utilizarea sa \u00een arhitectura monumental\u0103 \u0219i religioas\u0103.  &nbsp;    &nbsp;","og_url":"https:\/\/granito.ro\/en\/product\/marmura-ruschita-alb-galbui\/","og_site_name":"Acasa - Granito","article_publisher":"https:\/\/www.facebook.com\/granito.ro","article_modified_time":"2025-04-26T01:55:16+00:00","og_image":[{"width":960,"height":960,"url":"https:\/\/granito.ro\/en\/wp-content\/uploads\/2025\/02\/MARMURA-RUSCHITA-ALB-GALBUI.png","type":"image\/png"}],"twitter_card":"summary_large_image","twitter_misc":{"Est. reading time":"1 minute"},"schema":{"@context":"https:\/\/schema.org","@graph":[{"@type":"WebPage","@id":"https:\/\/granito.ro\/en\/product\/marmura-ruschita-alb-galbui\/","url":"https:\/\/granito.ro\/en\/product\/marmura-ruschita-alb-galbui\/","name":"Marmur\u0103 Ru\u0219chi\u021ba Alb-G\u0103lbui - Acasa - Granito","isPartOf":{"@id":"https:\/\/granito.ro\/en\/#website"},"primaryImageOfPage":{"@id":"https:\/\/granito.ro\/en\/product\/marmura-ruschita-alb-galbui\/#primaryimage"},"image":{"@id":"https:\/\/granito.ro\/en\/product\/marmura-ruschita-alb-galbui\/#primaryimage"},"thumbnailUrl":"https:\/\/granito.ro\/en\/wp-content\/uploads\/2025\/02\/MARMURA-RUSCHITA-ALB-GALBUI.png","datePublished":"2024-03-16T18:08:40+00:00","dateModified":"2025-04-26T01:55:16+00:00","breadcrumb":{"@id":"https:\/\/granito.ro\/en\/product\/marmura-ruschita-alb-galbui\/#breadcrumb"},"inLanguage":"en-US","potentialAction":[{"@type":"ReadAction","target":["https:\/\/granito.ro\/en\/product\/marmura-ruschita-alb-galbui\/"]}]},{"@type":"ImageObject","inLanguage":"en-US","@id":"https:\/\/granito.ro\/en\/product\/marmura-ruschita-alb-galbui\/#primaryimage","url":"https:\/\/granito.ro\/en\/wp-content\/uploads\/2025\/02\/MARMURA-RUSCHITA-ALB-GALBUI.png","contentUrl":"https:\/\/granito.ro\/en\/wp-content\/uploads\/2025\/02\/MARMURA-RUSCHITA-ALB-GALBUI.png","width":960,"height":960},{"@type":"BreadcrumbList","@id":"https:\/\/granito.ro\/en\/product\/marmura-ruschita-alb-galbui\/#breadcrumb","itemListElement":[{"@type":"ListItem","position":1,"name":"Prima pagin\u0103","item":"https:\/\/granito.ro\/en\/"},{"@type":"ListItem","position":2,"name":"Materiale","item":"https:\/\/granito.ro\/en\/materiale\/"},{"@type":"ListItem","position":3,"name":"Marmur\u0103 Ru\u0219chi\u021ba Alb-G\u0103lbui"}]},{"@type":"WebSite","@id":"https:\/\/granito.ro\/en\/#website","url":"https:\/\/granito.ro\/en\/","name":"Granito","description":"","publisher":{"@id":"https:\/\/granito.ro\/en\/#organization"},"potentialAction":[{"@type":"SearchAction","target":{"@type":"EntryPoint","urlTemplate":"https:\/\/granito.ro\/en\/?s={search_term_string}"},"query-input":{"@type":"PropertyValueSpecification","valueRequired":true,"valueName":"search_term_string"}}],"inLanguage":"en-US"},{"@type":"Organization","@id":"https:\/\/granito.ro\/en\/#organization","name":"Granito","url":"https:\/\/granito.ro\/en\/","logo":{"@type":"ImageObject","inLanguage":"en-US","@id":"https:\/\/granito.ro\/en\/#\/schema\/logo\/image\/","url":"https:\/\/granito.ro\/en\/wp-content\/uploads\/2024\/08\/Untitled-1.png","contentUrl":"https:\/\/granito.ro\/en\/wp-content\/uploads\/2024\/08\/Untitled-1.png","width":500,"height":112,"caption":"Granito"},"image":{"@id":"https:\/\/granito.ro\/en\/#\/schema\/logo\/image\/"},"sameAs":["https:\/\/www.facebook.com\/granito.ro","http:\/\/instagram.com\/granito.ro"]}]}},"_links":{"self":[{"href":"https:\/\/granito.ro\/en\/wp-json\/wp\/v2\/product\/2601","targetHints":{"allow":["GET"]}}],"collection":[{"href":"https:\/\/granito.ro\/en\/wp-json\/wp\/v2\/product"}],"about":[{"href":"https:\/\/granito.ro\/en\/wp-json\/wp\/v2\/types\/product"}],"wp:featuredmedia":[{"embeddable":true,"href":"https:\/\/granito.ro\/en\/wp-json\/wp\/v2\/media\/6708"}],"wp:attachment":[{"href":"https:\/\/granito.ro\/en\/wp-json\/wp\/v2\/media?parent=2601"}],"wp:term":[{"taxonomy":"product_brand","embeddable":true,"href":"https:\/\/granito.ro\/en\/wp-json\/wp\/v2\/product_brand?post=2601"},{"taxonomy":"product_cat","embeddable":true,"href":"https:\/\/granito.ro\/en\/wp-json\/wp\/v2\/product_cat?post=2601"},{"taxonomy":"product_tag","embeddable":true,"href":"https:\/\/granito.ro\/en\/wp-json\/wp\/v2\/product_tag?post=2601"}],"curies":[{"name":"wp","href":"https:\/\/api.w.org\/{rel}","templated":true}]}}