
{"id":2599,"date":"2024-03-16T18:07:52","date_gmt":"2024-03-16T18:07:52","guid":{"rendered":"https:\/\/granito.ro\/?post_type=product&#038;p=2599"},"modified":"2025-04-26T01:56:48","modified_gmt":"2025-04-26T01:56:48","slug":"andezit-pietroasa","status":"publish","type":"product","link":"https:\/\/granito.ro\/en\/product\/andezit-pietroasa\/","title":{"rendered":"Andezit Pietroasa"},"content":{"rendered":"<p><span style=\"font-weight: 400;\">Unul dintre aspectele remarcabile ale andezitului Pietroasa este durabilitatea sa excep\u021bional\u0103. Acesta este un material extrem de durabil \u0219i rezistent la uzur\u0103, abraziune, umezeal\u0103 \u0219i varia\u021bii de temperatur\u0103, ceea ce \u00eel face potrivit pentru utiliz\u0103ri \u00een diverse medii \u0219i condi\u021bii.<\/span><\/p>\n<p><span style=\"font-weight: 400;\">Extrac\u021bia sa din apropierea Devei subliniaz\u0103 leg\u0103tura cu regiunea \u0219i sprijin\u0103 industria local\u0103 a pietrei. <\/span><span style=\"font-weight: 400;\">Datorit\u0103 aspectului s\u0103u atr\u0103g\u0103tor \u0219i durabilit\u0103\u021bii sale, andezitul Pietroasa este apreciat \u00een arhitectur\u0103 \u0219i designul peisagistic. Acesta poate fi integrat \u00een parcuri, spa\u021bii urbane \u0219i reziden\u021biale, aduc\u00e2nd un plus de frumuse\u021be \u0219i func\u021bionalitate \u00een spa\u021biile exterioare.<\/span><\/p>\n<p><b>Piatra natural\u0103 prezint\u0103 varia\u021bii de nuan\u021b\u0103, motiv pentru care imaginile de prezentare au un caracter strict informativ \u0219i pot s\u0103 nu reflecte cu exactitate aspectul real al produsului.<\/b><br style=\"font-weight: 400;\" \/><br style=\"font-weight: 400;\" \/><\/p>\n","protected":false},"excerpt":{"rendered":"<p><span style=\"font-weight: 400;\">Andezitul Pietroasa este un tip de roc\u0103 vulcanic\u0103 extras\u0103 din zona Devei, din jude\u021bul Hunedoara, Rom\u00e2nia. Aceast\u0103 regiune este cunoscut\u0103 pentru rezervele sale bogate de andezit, care sunt exploatate pentru diverse aplica\u021bii \u00een construc\u021bie \u0219i design.<\/span><\/p>\n<p><span style=\"font-weight: 400;\">Andezitul Pietroasa se remarc\u0103 prin culoarea sa predominant\u0103 gri-alb\u0103struie care \u00eei confer\u0103 un aspect distinctiv \u0219i atractiv. Aceast\u0103 nuan\u021b\u0103 poate varia de la tonuri mai deschise p\u00e2n\u0103 la cele mai \u00eenchise, ad\u0103ug\u00e2nd profunzime \u0219i caracter proiectelor \u00een care este utilizat.<\/span><\/p>\n<p>&nbsp;<\/p>\n<p><a href=\"https:\/\/granito.ro\/produse\/?filter_material=andezit-pietroasa&amp;query_type_material=or\"><img loading=\"lazy\" decoding=\"async\" class=\"alignnone wp-image-6074\" src=\"https:\/\/granito.ro\/wp-content\/uploads\/2025\/01\/ALL-PRODUCTS-800x198.png\" alt=\"\" width=\"610\" height=\"151\" srcset=\"https:\/\/granito.ro\/en\/wp-content\/uploads\/2025\/01\/ALL-PRODUCTS-800x198.png 800w, https:\/\/granito.ro\/en\/wp-content\/uploads\/2025\/01\/ALL-PRODUCTS-1600x397.png 1600w, https:\/\/granito.ro\/en\/wp-content\/uploads\/2025\/01\/ALL-PRODUCTS-300x74.png 300w, https:\/\/granito.ro\/en\/wp-content\/uploads\/2025\/01\/ALL-PRODUCTS-768x190.png 768w, https:\/\/granito.ro\/en\/wp-content\/uploads\/2025\/01\/ALL-PRODUCTS-1536x381.png 1536w, https:\/\/granito.ro\/en\/wp-content\/uploads\/2025\/01\/ALL-PRODUCTS-600x149.png 600w, https:\/\/granito.ro\/en\/wp-content\/uploads\/2025\/01\/ALL-PRODUCTS.png 1791w\" sizes=\"auto, (max-width: 610px) 100vw, 610px\" \/><\/a><\/p>\n<p>&nbsp;<\/p>\n","protected":false},"featured_media":6690,"template":"","meta":{"_eb_attr":""},"product_brand":[],"product_cat":[54],"product_tag":[58,197],"class_list":{"0":"post-2599","1":"product","2":"type-product","3":"status-publish","4":"has-post-thumbnail","6":"product_cat-andezit","7":"product_tag-andezit","8":"product_tag-andezit_related","10":"first","11":"instock","12":"shipping-taxable","13":"purchasable","14":"product-type-simple"},"yoast_head":"<!-- This site is optimized with the Yoast SEO plugin v27.4 - https:\/\/yoast.com\/product\/yoast-seo-wordpress\/ -->\n<title>Granito<\/title>\n<meta name=\"robots\" content=\"index, follow, max-snippet:-1, max-image-preview:large, max-video-preview:-1\" \/>\n<link rel=\"canonical\" href=\"https:\/\/granito.ro\/en\/product\/andezit-pietroasa\/\" \/>\n<meta property=\"og:locale\" content=\"en_US\" \/>\n<meta property=\"og:type\" content=\"article\" \/>\n<meta property=\"og:title\" content=\"Andezit Pietroasa - Acasa - Granito\" \/>\n<meta property=\"og:description\" content=\"Andezitul Pietroasa este un tip de roc\u0103 vulcanic\u0103 extras\u0103 din zona Devei, din jude\u021bul Hunedoara, Rom\u00e2nia. Aceast\u0103 regiune este cunoscut\u0103 pentru rezervele sale bogate de andezit, care sunt exploatate pentru diverse aplica\u021bii \u00een construc\u021bie \u0219i design.  Andezitul Pietroasa se remarc\u0103 prin culoarea sa predominant\u0103 gri-alb\u0103struie care \u00eei confer\u0103 un aspect distinctiv \u0219i atractiv. Aceast\u0103 nuan\u021b\u0103 poate varia de la tonuri mai deschise p\u00e2n\u0103 la cele mai \u00eenchise, ad\u0103ug\u00e2nd profunzime \u0219i caracter proiectelor \u00een care este utilizat.  &nbsp;    &nbsp;\" \/>\n<meta property=\"og:url\" content=\"https:\/\/granito.ro\/en\/product\/andezit-pietroasa\/\" \/>\n<meta property=\"og:site_name\" content=\"Acasa - Granito\" \/>\n<meta property=\"article:publisher\" content=\"https:\/\/www.facebook.com\/granito.ro\" \/>\n<meta property=\"article:modified_time\" content=\"2025-04-26T01:56:48+00:00\" \/>\n<meta property=\"og:image\" content=\"https:\/\/granito.ro\/en\/wp-content\/uploads\/2025\/02\/ANDEZIT-PIETROASA.png\" \/>\n\t<meta property=\"og:image:width\" content=\"960\" \/>\n\t<meta property=\"og:image:height\" content=\"960\" \/>\n\t<meta property=\"og:image:type\" content=\"image\/png\" \/>\n<meta name=\"twitter:card\" content=\"summary_large_image\" \/>\n<meta name=\"twitter:label1\" content=\"Est. reading time\" \/>\n\t<meta name=\"twitter:data1\" content=\"1 minute\" \/>\n<script type=\"application\/ld+json\" class=\"yoast-schema-graph\">{\"@context\":\"https:\\\/\\\/schema.org\",\"@graph\":[{\"@type\":\"WebPage\",\"@id\":\"https:\\\/\\\/granito.ro\\\/en\\\/product\\\/andezit-pietroasa\\\/\",\"url\":\"https:\\\/\\\/granito.ro\\\/en\\\/product\\\/andezit-pietroasa\\\/\",\"name\":\"Andezit Pietroasa - Acasa - Granito\",\"isPartOf\":{\"@id\":\"https:\\\/\\\/granito.ro\\\/en\\\/#website\"},\"primaryImageOfPage\":{\"@id\":\"https:\\\/\\\/granito.ro\\\/en\\\/product\\\/andezit-pietroasa\\\/#primaryimage\"},\"image\":{\"@id\":\"https:\\\/\\\/granito.ro\\\/en\\\/product\\\/andezit-pietroasa\\\/#primaryimage\"},\"thumbnailUrl\":\"https:\\\/\\\/granito.ro\\\/en\\\/wp-content\\\/uploads\\\/2025\\\/02\\\/ANDEZIT-PIETROASA.png\",\"datePublished\":\"2024-03-16T18:07:52+00:00\",\"dateModified\":\"2025-04-26T01:56:48+00:00\",\"breadcrumb\":{\"@id\":\"https:\\\/\\\/granito.ro\\\/en\\\/product\\\/andezit-pietroasa\\\/#breadcrumb\"},\"inLanguage\":\"en-US\",\"potentialAction\":[{\"@type\":\"ReadAction\",\"target\":[\"https:\\\/\\\/granito.ro\\\/en\\\/product\\\/andezit-pietroasa\\\/\"]}]},{\"@type\":\"ImageObject\",\"inLanguage\":\"en-US\",\"@id\":\"https:\\\/\\\/granito.ro\\\/en\\\/product\\\/andezit-pietroasa\\\/#primaryimage\",\"url\":\"https:\\\/\\\/granito.ro\\\/en\\\/wp-content\\\/uploads\\\/2025\\\/02\\\/ANDEZIT-PIETROASA.png\",\"contentUrl\":\"https:\\\/\\\/granito.ro\\\/en\\\/wp-content\\\/uploads\\\/2025\\\/02\\\/ANDEZIT-PIETROASA.png\",\"width\":960,\"height\":960},{\"@type\":\"BreadcrumbList\",\"@id\":\"https:\\\/\\\/granito.ro\\\/en\\\/product\\\/andezit-pietroasa\\\/#breadcrumb\",\"itemListElement\":[{\"@type\":\"ListItem\",\"position\":1,\"name\":\"Prima pagin\u0103\",\"item\":\"https:\\\/\\\/granito.ro\\\/en\\\/\"},{\"@type\":\"ListItem\",\"position\":2,\"name\":\"Materiale\",\"item\":\"https:\\\/\\\/granito.ro\\\/en\\\/materiale\\\/\"},{\"@type\":\"ListItem\",\"position\":3,\"name\":\"Andezit Pietroasa\"}]},{\"@type\":\"WebSite\",\"@id\":\"https:\\\/\\\/granito.ro\\\/en\\\/#website\",\"url\":\"https:\\\/\\\/granito.ro\\\/en\\\/\",\"name\":\"Granito\",\"description\":\"\",\"publisher\":{\"@id\":\"https:\\\/\\\/granito.ro\\\/en\\\/#organization\"},\"potentialAction\":[{\"@type\":\"SearchAction\",\"target\":{\"@type\":\"EntryPoint\",\"urlTemplate\":\"https:\\\/\\\/granito.ro\\\/en\\\/?s={search_term_string}\"},\"query-input\":{\"@type\":\"PropertyValueSpecification\",\"valueRequired\":true,\"valueName\":\"search_term_string\"}}],\"inLanguage\":\"en-US\"},{\"@type\":\"Organization\",\"@id\":\"https:\\\/\\\/granito.ro\\\/en\\\/#organization\",\"name\":\"Granito\",\"url\":\"https:\\\/\\\/granito.ro\\\/en\\\/\",\"logo\":{\"@type\":\"ImageObject\",\"inLanguage\":\"en-US\",\"@id\":\"https:\\\/\\\/granito.ro\\\/en\\\/#\\\/schema\\\/logo\\\/image\\\/\",\"url\":\"https:\\\/\\\/granito.ro\\\/en\\\/wp-content\\\/uploads\\\/2024\\\/08\\\/Untitled-1.png\",\"contentUrl\":\"https:\\\/\\\/granito.ro\\\/en\\\/wp-content\\\/uploads\\\/2024\\\/08\\\/Untitled-1.png\",\"width\":500,\"height\":112,\"caption\":\"Granito\"},\"image\":{\"@id\":\"https:\\\/\\\/granito.ro\\\/en\\\/#\\\/schema\\\/logo\\\/image\\\/\"},\"sameAs\":[\"https:\\\/\\\/www.facebook.com\\\/granito.ro\",\"http:\\\/\\\/instagram.com\\\/granito.ro\"]}]}<\/script>\n<!-- \/ Yoast SEO plugin. -->","yoast_head_json":{"title":"Granito","robots":{"index":"index","follow":"follow","max-snippet":"max-snippet:-1","max-image-preview":"max-image-preview:large","max-video-preview":"max-video-preview:-1"},"canonical":"https:\/\/granito.ro\/en\/product\/andezit-pietroasa\/","og_locale":"en_US","og_type":"article","og_title":"Andezit Pietroasa - Acasa - Granito","og_description":"Andezitul Pietroasa este un tip de roc\u0103 vulcanic\u0103 extras\u0103 din zona Devei, din jude\u021bul Hunedoara, Rom\u00e2nia. Aceast\u0103 regiune este cunoscut\u0103 pentru rezervele sale bogate de andezit, care sunt exploatate pentru diverse aplica\u021bii \u00een construc\u021bie \u0219i design.  Andezitul Pietroasa se remarc\u0103 prin culoarea sa predominant\u0103 gri-alb\u0103struie care \u00eei confer\u0103 un aspect distinctiv \u0219i atractiv. Aceast\u0103 nuan\u021b\u0103 poate varia de la tonuri mai deschise p\u00e2n\u0103 la cele mai \u00eenchise, ad\u0103ug\u00e2nd profunzime \u0219i caracter proiectelor \u00een care este utilizat.  &nbsp;    &nbsp;","og_url":"https:\/\/granito.ro\/en\/product\/andezit-pietroasa\/","og_site_name":"Acasa - Granito","article_publisher":"https:\/\/www.facebook.com\/granito.ro","article_modified_time":"2025-04-26T01:56:48+00:00","og_image":[{"width":960,"height":960,"url":"https:\/\/granito.ro\/en\/wp-content\/uploads\/2025\/02\/ANDEZIT-PIETROASA.png","type":"image\/png"}],"twitter_card":"summary_large_image","twitter_misc":{"Est. reading time":"1 minute"},"schema":{"@context":"https:\/\/schema.org","@graph":[{"@type":"WebPage","@id":"https:\/\/granito.ro\/en\/product\/andezit-pietroasa\/","url":"https:\/\/granito.ro\/en\/product\/andezit-pietroasa\/","name":"Andezit Pietroasa - Acasa - Granito","isPartOf":{"@id":"https:\/\/granito.ro\/en\/#website"},"primaryImageOfPage":{"@id":"https:\/\/granito.ro\/en\/product\/andezit-pietroasa\/#primaryimage"},"image":{"@id":"https:\/\/granito.ro\/en\/product\/andezit-pietroasa\/#primaryimage"},"thumbnailUrl":"https:\/\/granito.ro\/en\/wp-content\/uploads\/2025\/02\/ANDEZIT-PIETROASA.png","datePublished":"2024-03-16T18:07:52+00:00","dateModified":"2025-04-26T01:56:48+00:00","breadcrumb":{"@id":"https:\/\/granito.ro\/en\/product\/andezit-pietroasa\/#breadcrumb"},"inLanguage":"en-US","potentialAction":[{"@type":"ReadAction","target":["https:\/\/granito.ro\/en\/product\/andezit-pietroasa\/"]}]},{"@type":"ImageObject","inLanguage":"en-US","@id":"https:\/\/granito.ro\/en\/product\/andezit-pietroasa\/#primaryimage","url":"https:\/\/granito.ro\/en\/wp-content\/uploads\/2025\/02\/ANDEZIT-PIETROASA.png","contentUrl":"https:\/\/granito.ro\/en\/wp-content\/uploads\/2025\/02\/ANDEZIT-PIETROASA.png","width":960,"height":960},{"@type":"BreadcrumbList","@id":"https:\/\/granito.ro\/en\/product\/andezit-pietroasa\/#breadcrumb","itemListElement":[{"@type":"ListItem","position":1,"name":"Prima pagin\u0103","item":"https:\/\/granito.ro\/en\/"},{"@type":"ListItem","position":2,"name":"Materiale","item":"https:\/\/granito.ro\/en\/materiale\/"},{"@type":"ListItem","position":3,"name":"Andezit Pietroasa"}]},{"@type":"WebSite","@id":"https:\/\/granito.ro\/en\/#website","url":"https:\/\/granito.ro\/en\/","name":"Granito","description":"","publisher":{"@id":"https:\/\/granito.ro\/en\/#organization"},"potentialAction":[{"@type":"SearchAction","target":{"@type":"EntryPoint","urlTemplate":"https:\/\/granito.ro\/en\/?s={search_term_string}"},"query-input":{"@type":"PropertyValueSpecification","valueRequired":true,"valueName":"search_term_string"}}],"inLanguage":"en-US"},{"@type":"Organization","@id":"https:\/\/granito.ro\/en\/#organization","name":"Granito","url":"https:\/\/granito.ro\/en\/","logo":{"@type":"ImageObject","inLanguage":"en-US","@id":"https:\/\/granito.ro\/en\/#\/schema\/logo\/image\/","url":"https:\/\/granito.ro\/en\/wp-content\/uploads\/2024\/08\/Untitled-1.png","contentUrl":"https:\/\/granito.ro\/en\/wp-content\/uploads\/2024\/08\/Untitled-1.png","width":500,"height":112,"caption":"Granito"},"image":{"@id":"https:\/\/granito.ro\/en\/#\/schema\/logo\/image\/"},"sameAs":["https:\/\/www.facebook.com\/granito.ro","http:\/\/instagram.com\/granito.ro"]}]}},"_links":{"self":[{"href":"https:\/\/granito.ro\/en\/wp-json\/wp\/v2\/product\/2599","targetHints":{"allow":["GET"]}}],"collection":[{"href":"https:\/\/granito.ro\/en\/wp-json\/wp\/v2\/product"}],"about":[{"href":"https:\/\/granito.ro\/en\/wp-json\/wp\/v2\/types\/product"}],"wp:featuredmedia":[{"embeddable":true,"href":"https:\/\/granito.ro\/en\/wp-json\/wp\/v2\/media\/6690"}],"wp:attachment":[{"href":"https:\/\/granito.ro\/en\/wp-json\/wp\/v2\/media?parent=2599"}],"wp:term":[{"taxonomy":"product_brand","embeddable":true,"href":"https:\/\/granito.ro\/en\/wp-json\/wp\/v2\/product_brand?post=2599"},{"taxonomy":"product_cat","embeddable":true,"href":"https:\/\/granito.ro\/en\/wp-json\/wp\/v2\/product_cat?post=2599"},{"taxonomy":"product_tag","embeddable":true,"href":"https:\/\/granito.ro\/en\/wp-json\/wp\/v2\/product_tag?post=2599"}],"curies":[{"name":"wp","href":"https:\/\/api.w.org\/{rel}","templated":true}]}}