
{"id":2598,"date":"2024-03-16T18:07:12","date_gmt":"2024-03-16T18:07:12","guid":{"rendered":"https:\/\/granito.ro\/?post_type=product&#038;p=2598"},"modified":"2025-04-26T01:57:57","modified_gmt":"2025-04-26T01:57:57","slug":"andezit-ilva","status":"publish","type":"product","link":"https:\/\/granito.ro\/en\/product\/andezit-ilva\/","title":{"rendered":"Andezit Ilva"},"content":{"rendered":"<p><span style=\"font-weight: 400;\">Unul dintre aspectele remarcabile ale andezitului de Ilva este durabilitatea sa extrem de ridicat\u0103. Acesta este un material foarte durabil \u0219i rezistent la uzur\u0103, abraziune, umezeal\u0103 \u0219i varia\u021bii de temperatur\u0103, ceea ce \u00eel face potrivit pentru utiliz\u0103ri \u00een diverse condi\u021bii \u0219i medii.<\/span><\/p>\n<p><span style=\"font-weight: 400;\">Datorit\u0103 aspectului s\u0103u atr\u0103g\u0103tor \u0219i durabilit\u0103\u021bii sale, andezitul de Ilva este apreciat \u00een arhitectur\u0103 \u0219i designul peisagistic. Acesta poate fi integrat \u00een parcuri, gr\u0103dini publice, spa\u021bii urbane \u0219i reziden\u021biale, aduc\u00e2nd un plus de frumuse\u021be \u0219i func\u021bionalitate \u00een spa\u021biile exterioare.<\/span><\/p>\n<p><b>Piatra natural\u0103 prezint\u0103 varia\u021bii de nuan\u021b\u0103, motiv pentru care imaginile de prezentare au un caracter strict informativ \u0219i pot s\u0103 nu reflecte cu exactitate aspectul real al produsului.<\/b><\/p>\n<p><br style=\"font-weight: 400;\" \/><br style=\"font-weight: 400;\" \/><\/p>\n","protected":false},"excerpt":{"rendered":"<p><span style=\"font-weight: 400;\">Andezitul de Ilva este un tip de roc\u0103 vulcanic\u0103 extras din zona M\u0103gura Ilvei, situat\u0103 \u00een jude\u021bul Bistri\u021ba-N\u0103s\u0103ud, Rom\u00e2nia. Aceast\u0103 regiune este cunoscut\u0103 pentru rezervele sale bogate de andezit, care sunt exploatate de-a lungul istoriei pentru diverse aplica\u021bii \u00een construc\u021bie \u0219i design.<\/span><\/p>\n<p><span style=\"font-weight: 400;\">Andezitul de Ilva prezint\u0103 o nuan\u021b\u0103 delicat\u0103, verzuie, care adaug\u0103 o not\u0103 de naturale\u021be \u0219i prospetime oric\u0103rei aplicatii arhitecturale sau decorative.<\/span><\/p>\n<p>&nbsp;<\/p>\n<p><a href=\"https:\/\/granito.ro\/produse\/?filter_material=andezit-ilva&amp;query_type_material=or\"><img loading=\"lazy\" decoding=\"async\" class=\"alignnone wp-image-6074\" src=\"https:\/\/granito.ro\/wp-content\/uploads\/2025\/01\/ALL-PRODUCTS-800x198.png\" alt=\"\" width=\"610\" height=\"151\" srcset=\"https:\/\/granito.ro\/en\/wp-content\/uploads\/2025\/01\/ALL-PRODUCTS-800x198.png 800w, https:\/\/granito.ro\/en\/wp-content\/uploads\/2025\/01\/ALL-PRODUCTS-1600x397.png 1600w, https:\/\/granito.ro\/en\/wp-content\/uploads\/2025\/01\/ALL-PRODUCTS-300x74.png 300w, https:\/\/granito.ro\/en\/wp-content\/uploads\/2025\/01\/ALL-PRODUCTS-768x190.png 768w, https:\/\/granito.ro\/en\/wp-content\/uploads\/2025\/01\/ALL-PRODUCTS-1536x381.png 1536w, https:\/\/granito.ro\/en\/wp-content\/uploads\/2025\/01\/ALL-PRODUCTS-600x149.png 600w, https:\/\/granito.ro\/en\/wp-content\/uploads\/2025\/01\/ALL-PRODUCTS.png 1791w\" sizes=\"auto, (max-width: 610px) 100vw, 610px\" \/><\/a><\/p>\n<p>&nbsp;<\/p>\n","protected":false},"featured_media":6689,"template":"","meta":{"_eb_attr":""},"product_brand":[],"product_cat":[54],"product_tag":[58,197],"class_list":{"0":"post-2598","1":"product","2":"type-product","3":"status-publish","4":"has-post-thumbnail","6":"product_cat-andezit","7":"product_tag-andezit","8":"product_tag-andezit_related","10":"first","11":"instock","12":"shipping-taxable","13":"purchasable","14":"product-type-simple"},"yoast_head":"<!-- This site is optimized with the Yoast SEO plugin v27.4 - https:\/\/yoast.com\/product\/yoast-seo-wordpress\/ -->\n<title>Granito<\/title>\n<meta name=\"robots\" content=\"index, follow, max-snippet:-1, max-image-preview:large, max-video-preview:-1\" \/>\n<link rel=\"canonical\" href=\"https:\/\/granito.ro\/en\/product\/andezit-ilva\/\" \/>\n<meta property=\"og:locale\" content=\"en_US\" \/>\n<meta property=\"og:type\" content=\"article\" \/>\n<meta property=\"og:title\" content=\"Andezit Ilva - Acasa - Granito\" \/>\n<meta property=\"og:description\" content=\"Andezitul de Ilva este un tip de roc\u0103 vulcanic\u0103 extras din zona M\u0103gura Ilvei, situat\u0103 \u00een jude\u021bul Bistri\u021ba-N\u0103s\u0103ud, Rom\u00e2nia. Aceast\u0103 regiune este cunoscut\u0103 pentru rezervele sale bogate de andezit, care sunt exploatate de-a lungul istoriei pentru diverse aplica\u021bii \u00een construc\u021bie \u0219i design.  Andezitul de Ilva prezint\u0103 o nuan\u021b\u0103 delicat\u0103, verzuie, care adaug\u0103 o not\u0103 de naturale\u021be \u0219i prospetime oric\u0103rei aplicatii arhitecturale sau decorative.  &nbsp;    &nbsp;\" \/>\n<meta property=\"og:url\" content=\"https:\/\/granito.ro\/en\/product\/andezit-ilva\/\" \/>\n<meta property=\"og:site_name\" content=\"Acasa - Granito\" \/>\n<meta property=\"article:publisher\" content=\"https:\/\/www.facebook.com\/granito.ro\" \/>\n<meta property=\"article:modified_time\" content=\"2025-04-26T01:57:57+00:00\" \/>\n<meta property=\"og:image\" content=\"https:\/\/granito.ro\/en\/wp-content\/uploads\/2025\/02\/ANDEZIT-ILVA.png\" \/>\n\t<meta property=\"og:image:width\" content=\"960\" \/>\n\t<meta property=\"og:image:height\" content=\"960\" \/>\n\t<meta property=\"og:image:type\" content=\"image\/png\" \/>\n<meta name=\"twitter:card\" content=\"summary_large_image\" \/>\n<meta name=\"twitter:label1\" content=\"Est. reading time\" \/>\n\t<meta name=\"twitter:data1\" content=\"1 minute\" \/>\n<script type=\"application\/ld+json\" class=\"yoast-schema-graph\">{\"@context\":\"https:\\\/\\\/schema.org\",\"@graph\":[{\"@type\":\"WebPage\",\"@id\":\"https:\\\/\\\/granito.ro\\\/en\\\/product\\\/andezit-ilva\\\/\",\"url\":\"https:\\\/\\\/granito.ro\\\/en\\\/product\\\/andezit-ilva\\\/\",\"name\":\"Andezit Ilva - Acasa - Granito\",\"isPartOf\":{\"@id\":\"https:\\\/\\\/granito.ro\\\/en\\\/#website\"},\"primaryImageOfPage\":{\"@id\":\"https:\\\/\\\/granito.ro\\\/en\\\/product\\\/andezit-ilva\\\/#primaryimage\"},\"image\":{\"@id\":\"https:\\\/\\\/granito.ro\\\/en\\\/product\\\/andezit-ilva\\\/#primaryimage\"},\"thumbnailUrl\":\"https:\\\/\\\/granito.ro\\\/en\\\/wp-content\\\/uploads\\\/2025\\\/02\\\/ANDEZIT-ILVA.png\",\"datePublished\":\"2024-03-16T18:07:12+00:00\",\"dateModified\":\"2025-04-26T01:57:57+00:00\",\"breadcrumb\":{\"@id\":\"https:\\\/\\\/granito.ro\\\/en\\\/product\\\/andezit-ilva\\\/#breadcrumb\"},\"inLanguage\":\"en-US\",\"potentialAction\":[{\"@type\":\"ReadAction\",\"target\":[\"https:\\\/\\\/granito.ro\\\/en\\\/product\\\/andezit-ilva\\\/\"]}]},{\"@type\":\"ImageObject\",\"inLanguage\":\"en-US\",\"@id\":\"https:\\\/\\\/granito.ro\\\/en\\\/product\\\/andezit-ilva\\\/#primaryimage\",\"url\":\"https:\\\/\\\/granito.ro\\\/en\\\/wp-content\\\/uploads\\\/2025\\\/02\\\/ANDEZIT-ILVA.png\",\"contentUrl\":\"https:\\\/\\\/granito.ro\\\/en\\\/wp-content\\\/uploads\\\/2025\\\/02\\\/ANDEZIT-ILVA.png\",\"width\":960,\"height\":960},{\"@type\":\"BreadcrumbList\",\"@id\":\"https:\\\/\\\/granito.ro\\\/en\\\/product\\\/andezit-ilva\\\/#breadcrumb\",\"itemListElement\":[{\"@type\":\"ListItem\",\"position\":1,\"name\":\"Prima pagin\u0103\",\"item\":\"https:\\\/\\\/granito.ro\\\/en\\\/\"},{\"@type\":\"ListItem\",\"position\":2,\"name\":\"Materiale\",\"item\":\"https:\\\/\\\/granito.ro\\\/en\\\/materiale\\\/\"},{\"@type\":\"ListItem\",\"position\":3,\"name\":\"Andezit Ilva\"}]},{\"@type\":\"WebSite\",\"@id\":\"https:\\\/\\\/granito.ro\\\/en\\\/#website\",\"url\":\"https:\\\/\\\/granito.ro\\\/en\\\/\",\"name\":\"Granito\",\"description\":\"\",\"publisher\":{\"@id\":\"https:\\\/\\\/granito.ro\\\/en\\\/#organization\"},\"potentialAction\":[{\"@type\":\"SearchAction\",\"target\":{\"@type\":\"EntryPoint\",\"urlTemplate\":\"https:\\\/\\\/granito.ro\\\/en\\\/?s={search_term_string}\"},\"query-input\":{\"@type\":\"PropertyValueSpecification\",\"valueRequired\":true,\"valueName\":\"search_term_string\"}}],\"inLanguage\":\"en-US\"},{\"@type\":\"Organization\",\"@id\":\"https:\\\/\\\/granito.ro\\\/en\\\/#organization\",\"name\":\"Granito\",\"url\":\"https:\\\/\\\/granito.ro\\\/en\\\/\",\"logo\":{\"@type\":\"ImageObject\",\"inLanguage\":\"en-US\",\"@id\":\"https:\\\/\\\/granito.ro\\\/en\\\/#\\\/schema\\\/logo\\\/image\\\/\",\"url\":\"https:\\\/\\\/granito.ro\\\/en\\\/wp-content\\\/uploads\\\/2024\\\/08\\\/Untitled-1.png\",\"contentUrl\":\"https:\\\/\\\/granito.ro\\\/en\\\/wp-content\\\/uploads\\\/2024\\\/08\\\/Untitled-1.png\",\"width\":500,\"height\":112,\"caption\":\"Granito\"},\"image\":{\"@id\":\"https:\\\/\\\/granito.ro\\\/en\\\/#\\\/schema\\\/logo\\\/image\\\/\"},\"sameAs\":[\"https:\\\/\\\/www.facebook.com\\\/granito.ro\",\"http:\\\/\\\/instagram.com\\\/granito.ro\"]}]}<\/script>\n<!-- \/ Yoast SEO plugin. -->","yoast_head_json":{"title":"Granito","robots":{"index":"index","follow":"follow","max-snippet":"max-snippet:-1","max-image-preview":"max-image-preview:large","max-video-preview":"max-video-preview:-1"},"canonical":"https:\/\/granito.ro\/en\/product\/andezit-ilva\/","og_locale":"en_US","og_type":"article","og_title":"Andezit Ilva - Acasa - Granito","og_description":"Andezitul de Ilva este un tip de roc\u0103 vulcanic\u0103 extras din zona M\u0103gura Ilvei, situat\u0103 \u00een jude\u021bul Bistri\u021ba-N\u0103s\u0103ud, Rom\u00e2nia. Aceast\u0103 regiune este cunoscut\u0103 pentru rezervele sale bogate de andezit, care sunt exploatate de-a lungul istoriei pentru diverse aplica\u021bii \u00een construc\u021bie \u0219i design.  Andezitul de Ilva prezint\u0103 o nuan\u021b\u0103 delicat\u0103, verzuie, care adaug\u0103 o not\u0103 de naturale\u021be \u0219i prospetime oric\u0103rei aplicatii arhitecturale sau decorative.  &nbsp;    &nbsp;","og_url":"https:\/\/granito.ro\/en\/product\/andezit-ilva\/","og_site_name":"Acasa - Granito","article_publisher":"https:\/\/www.facebook.com\/granito.ro","article_modified_time":"2025-04-26T01:57:57+00:00","og_image":[{"width":960,"height":960,"url":"https:\/\/granito.ro\/en\/wp-content\/uploads\/2025\/02\/ANDEZIT-ILVA.png","type":"image\/png"}],"twitter_card":"summary_large_image","twitter_misc":{"Est. reading time":"1 minute"},"schema":{"@context":"https:\/\/schema.org","@graph":[{"@type":"WebPage","@id":"https:\/\/granito.ro\/en\/product\/andezit-ilva\/","url":"https:\/\/granito.ro\/en\/product\/andezit-ilva\/","name":"Andezit Ilva - Acasa - Granito","isPartOf":{"@id":"https:\/\/granito.ro\/en\/#website"},"primaryImageOfPage":{"@id":"https:\/\/granito.ro\/en\/product\/andezit-ilva\/#primaryimage"},"image":{"@id":"https:\/\/granito.ro\/en\/product\/andezit-ilva\/#primaryimage"},"thumbnailUrl":"https:\/\/granito.ro\/en\/wp-content\/uploads\/2025\/02\/ANDEZIT-ILVA.png","datePublished":"2024-03-16T18:07:12+00:00","dateModified":"2025-04-26T01:57:57+00:00","breadcrumb":{"@id":"https:\/\/granito.ro\/en\/product\/andezit-ilva\/#breadcrumb"},"inLanguage":"en-US","potentialAction":[{"@type":"ReadAction","target":["https:\/\/granito.ro\/en\/product\/andezit-ilva\/"]}]},{"@type":"ImageObject","inLanguage":"en-US","@id":"https:\/\/granito.ro\/en\/product\/andezit-ilva\/#primaryimage","url":"https:\/\/granito.ro\/en\/wp-content\/uploads\/2025\/02\/ANDEZIT-ILVA.png","contentUrl":"https:\/\/granito.ro\/en\/wp-content\/uploads\/2025\/02\/ANDEZIT-ILVA.png","width":960,"height":960},{"@type":"BreadcrumbList","@id":"https:\/\/granito.ro\/en\/product\/andezit-ilva\/#breadcrumb","itemListElement":[{"@type":"ListItem","position":1,"name":"Prima pagin\u0103","item":"https:\/\/granito.ro\/en\/"},{"@type":"ListItem","position":2,"name":"Materiale","item":"https:\/\/granito.ro\/en\/materiale\/"},{"@type":"ListItem","position":3,"name":"Andezit Ilva"}]},{"@type":"WebSite","@id":"https:\/\/granito.ro\/en\/#website","url":"https:\/\/granito.ro\/en\/","name":"Granito","description":"","publisher":{"@id":"https:\/\/granito.ro\/en\/#organization"},"potentialAction":[{"@type":"SearchAction","target":{"@type":"EntryPoint","urlTemplate":"https:\/\/granito.ro\/en\/?s={search_term_string}"},"query-input":{"@type":"PropertyValueSpecification","valueRequired":true,"valueName":"search_term_string"}}],"inLanguage":"en-US"},{"@type":"Organization","@id":"https:\/\/granito.ro\/en\/#organization","name":"Granito","url":"https:\/\/granito.ro\/en\/","logo":{"@type":"ImageObject","inLanguage":"en-US","@id":"https:\/\/granito.ro\/en\/#\/schema\/logo\/image\/","url":"https:\/\/granito.ro\/en\/wp-content\/uploads\/2024\/08\/Untitled-1.png","contentUrl":"https:\/\/granito.ro\/en\/wp-content\/uploads\/2024\/08\/Untitled-1.png","width":500,"height":112,"caption":"Granito"},"image":{"@id":"https:\/\/granito.ro\/en\/#\/schema\/logo\/image\/"},"sameAs":["https:\/\/www.facebook.com\/granito.ro","http:\/\/instagram.com\/granito.ro"]}]}},"_links":{"self":[{"href":"https:\/\/granito.ro\/en\/wp-json\/wp\/v2\/product\/2598","targetHints":{"allow":["GET"]}}],"collection":[{"href":"https:\/\/granito.ro\/en\/wp-json\/wp\/v2\/product"}],"about":[{"href":"https:\/\/granito.ro\/en\/wp-json\/wp\/v2\/types\/product"}],"wp:featuredmedia":[{"embeddable":true,"href":"https:\/\/granito.ro\/en\/wp-json\/wp\/v2\/media\/6689"}],"wp:attachment":[{"href":"https:\/\/granito.ro\/en\/wp-json\/wp\/v2\/media?parent=2598"}],"wp:term":[{"taxonomy":"product_brand","embeddable":true,"href":"https:\/\/granito.ro\/en\/wp-json\/wp\/v2\/product_brand?post=2598"},{"taxonomy":"product_cat","embeddable":true,"href":"https:\/\/granito.ro\/en\/wp-json\/wp\/v2\/product_cat?post=2598"},{"taxonomy":"product_tag","embeddable":true,"href":"https:\/\/granito.ro\/en\/wp-json\/wp\/v2\/product_tag?post=2598"}],"curies":[{"name":"wp","href":"https:\/\/api.w.org\/{rel}","templated":true}]}}