
{"id":2597,"date":"2024-03-16T18:06:05","date_gmt":"2024-03-16T18:06:05","guid":{"rendered":"https:\/\/granito.ro\/?post_type=product&#038;p=2597"},"modified":"2025-04-26T01:58:37","modified_gmt":"2025-04-26T01:58:37","slug":"calcar-kanfanar","status":"publish","type":"product","link":"https:\/\/granito.ro\/en\/product\/calcar-kanfanar\/","title":{"rendered":"Calcar Kanfanar"},"content":{"rendered":"<p><span style=\"font-weight: 400;\">Calcarul Kanfanar, cu aspectul s\u0103u clasic, r\u0103m\u00e2ne relevant \u00een tendin\u021bele de design, oferind o frumuse\u021be atemporal\u0103 care transcende mode \u0219i stiluri trec\u0103toare. Poate fi finisat \u00een mai multe moduri, fie c\u0103 este lustruit\/periat pentru un aspect elegant sau brut pentru a-\u0219i p\u0103stra textura natural\u0103.<\/span><\/p>\n<p><span style=\"font-weight: 400;\">Calcarul Kanfanar a fost utilizat de-a lungul secolelor \u00een numeroase structuri istorice \u0219i monumente din regiunea Istria \u0219i din \u00eentreaga Croa\u021bie. Apreciat pentru frumuse\u021bea sa natural\u0103 \u0219i versatilitatea \u00een utilizare, acest calcar este considerat o parte important\u0103 a patrimoniului cultural al localit\u0103\u021bii Kanfanar \u0219i al \u00eentregii \u021b\u0103ri.<\/span><\/p>\n<p><b>Piatra natural\u0103 prezint\u0103 varia\u021bii de nuan\u021b\u0103, motiv pentru care imaginile de prezentare au un caracter strict informativ \u0219i pot s\u0103 nu reflecte cu exactitate aspectul real al produsului.<\/b><\/p>\n","protected":false},"excerpt":{"rendered":"<p><span style=\"font-weight: 400;\">Calcarul Kanfanar este un material natural extras din localitatea Kanfanar, situat\u0103 \u00een regiunea Istria din Croa\u021bia. Aceast\u0103 regiune este renumit\u0103 pentru rezervele sale bogate de calcar \u0219i pentru frumuse\u021bea peisajelor sale naturale.<\/span><\/p>\n<p><span style=\"font-weight: 400;\">Calcarul Kanfanar este apreciat pentru culoarea sa bej deschis\u0103 \u0219i pentru modelul s\u0103u delicat de fosile \u0219i sedimente, care \u00eei confer\u0103 un aspect unic \u0219i o textur\u0103 interesant\u0103.<\/span><\/p>\n<p>&nbsp;<\/p>\n<p><a href=\"https:\/\/granito.ro\/produse\/?filter_material=calcar-kanfanar&amp;query_type_material=or\"><img loading=\"lazy\" decoding=\"async\" class=\"alignnone wp-image-6074\" src=\"https:\/\/granito.ro\/wp-content\/uploads\/2025\/01\/ALL-PRODUCTS-800x198.png\" alt=\"\" width=\"610\" height=\"151\" srcset=\"https:\/\/granito.ro\/en\/wp-content\/uploads\/2025\/01\/ALL-PRODUCTS-800x198.png 800w, https:\/\/granito.ro\/en\/wp-content\/uploads\/2025\/01\/ALL-PRODUCTS-1600x397.png 1600w, https:\/\/granito.ro\/en\/wp-content\/uploads\/2025\/01\/ALL-PRODUCTS-300x74.png 300w, https:\/\/granito.ro\/en\/wp-content\/uploads\/2025\/01\/ALL-PRODUCTS-768x190.png 768w, https:\/\/granito.ro\/en\/wp-content\/uploads\/2025\/01\/ALL-PRODUCTS-1536x381.png 1536w, https:\/\/granito.ro\/en\/wp-content\/uploads\/2025\/01\/ALL-PRODUCTS-600x149.png 600w, https:\/\/granito.ro\/en\/wp-content\/uploads\/2025\/01\/ALL-PRODUCTS.png 1791w\" sizes=\"auto, (max-width: 610px) 100vw, 610px\" \/><\/a><\/p>\n<p>&nbsp;<\/p>\n","protected":false},"featured_media":6691,"template":"","meta":{"_eb_attr":""},"product_brand":[],"product_cat":[52],"product_tag":[59,198],"class_list":{"0":"post-2597","1":"product","2":"type-product","3":"status-publish","4":"has-post-thumbnail","6":"product_cat-calcar","7":"product_tag-calcar","8":"product_tag-calcar_related","10":"first","11":"instock","12":"shipping-taxable","13":"purchasable","14":"product-type-simple"},"yoast_head":"<!-- This site is optimized with the Yoast SEO plugin v27.4 - https:\/\/yoast.com\/product\/yoast-seo-wordpress\/ -->\n<title>Granito<\/title>\n<meta name=\"robots\" content=\"index, follow, max-snippet:-1, max-image-preview:large, max-video-preview:-1\" \/>\n<link rel=\"canonical\" href=\"https:\/\/granito.ro\/en\/product\/calcar-kanfanar\/\" \/>\n<meta property=\"og:locale\" content=\"en_US\" \/>\n<meta property=\"og:type\" content=\"article\" \/>\n<meta property=\"og:title\" content=\"Calcar Kanfanar - Acasa - Granito\" \/>\n<meta property=\"og:description\" content=\"Calcarul Kanfanar este un material natural extras din localitatea Kanfanar, situat\u0103 \u00een regiunea Istria din Croa\u021bia. Aceast\u0103 regiune este renumit\u0103 pentru rezervele sale bogate de calcar \u0219i pentru frumuse\u021bea peisajelor sale naturale.  Calcarul Kanfanar este apreciat pentru culoarea sa bej deschis\u0103 \u0219i pentru modelul s\u0103u delicat de fosile \u0219i sedimente, care \u00eei confer\u0103 un aspect unic \u0219i o textur\u0103 interesant\u0103.  &nbsp;    &nbsp;\" \/>\n<meta property=\"og:url\" content=\"https:\/\/granito.ro\/en\/product\/calcar-kanfanar\/\" \/>\n<meta property=\"og:site_name\" content=\"Acasa - Granito\" \/>\n<meta property=\"article:publisher\" content=\"https:\/\/www.facebook.com\/granito.ro\" \/>\n<meta property=\"article:modified_time\" content=\"2025-04-26T01:58:37+00:00\" \/>\n<meta property=\"og:image\" content=\"https:\/\/granito.ro\/en\/wp-content\/uploads\/2025\/02\/CALCAR-KANFANAR.png\" \/>\n\t<meta property=\"og:image:width\" content=\"960\" \/>\n\t<meta property=\"og:image:height\" content=\"960\" \/>\n\t<meta property=\"og:image:type\" content=\"image\/png\" \/>\n<meta name=\"twitter:card\" content=\"summary_large_image\" \/>\n<meta name=\"twitter:label1\" content=\"Est. reading time\" \/>\n\t<meta name=\"twitter:data1\" content=\"1 minute\" \/>\n<script type=\"application\/ld+json\" class=\"yoast-schema-graph\">{\"@context\":\"https:\\\/\\\/schema.org\",\"@graph\":[{\"@type\":\"WebPage\",\"@id\":\"https:\\\/\\\/granito.ro\\\/en\\\/product\\\/calcar-kanfanar\\\/\",\"url\":\"https:\\\/\\\/granito.ro\\\/en\\\/product\\\/calcar-kanfanar\\\/\",\"name\":\"Calcar Kanfanar - Acasa - Granito\",\"isPartOf\":{\"@id\":\"https:\\\/\\\/granito.ro\\\/en\\\/#website\"},\"primaryImageOfPage\":{\"@id\":\"https:\\\/\\\/granito.ro\\\/en\\\/product\\\/calcar-kanfanar\\\/#primaryimage\"},\"image\":{\"@id\":\"https:\\\/\\\/granito.ro\\\/en\\\/product\\\/calcar-kanfanar\\\/#primaryimage\"},\"thumbnailUrl\":\"https:\\\/\\\/granito.ro\\\/en\\\/wp-content\\\/uploads\\\/2025\\\/02\\\/CALCAR-KANFANAR.png\",\"datePublished\":\"2024-03-16T18:06:05+00:00\",\"dateModified\":\"2025-04-26T01:58:37+00:00\",\"breadcrumb\":{\"@id\":\"https:\\\/\\\/granito.ro\\\/en\\\/product\\\/calcar-kanfanar\\\/#breadcrumb\"},\"inLanguage\":\"en-US\",\"potentialAction\":[{\"@type\":\"ReadAction\",\"target\":[\"https:\\\/\\\/granito.ro\\\/en\\\/product\\\/calcar-kanfanar\\\/\"]}]},{\"@type\":\"ImageObject\",\"inLanguage\":\"en-US\",\"@id\":\"https:\\\/\\\/granito.ro\\\/en\\\/product\\\/calcar-kanfanar\\\/#primaryimage\",\"url\":\"https:\\\/\\\/granito.ro\\\/en\\\/wp-content\\\/uploads\\\/2025\\\/02\\\/CALCAR-KANFANAR.png\",\"contentUrl\":\"https:\\\/\\\/granito.ro\\\/en\\\/wp-content\\\/uploads\\\/2025\\\/02\\\/CALCAR-KANFANAR.png\",\"width\":960,\"height\":960},{\"@type\":\"BreadcrumbList\",\"@id\":\"https:\\\/\\\/granito.ro\\\/en\\\/product\\\/calcar-kanfanar\\\/#breadcrumb\",\"itemListElement\":[{\"@type\":\"ListItem\",\"position\":1,\"name\":\"Prima pagin\u0103\",\"item\":\"https:\\\/\\\/granito.ro\\\/en\\\/\"},{\"@type\":\"ListItem\",\"position\":2,\"name\":\"Materiale\",\"item\":\"https:\\\/\\\/granito.ro\\\/en\\\/materiale\\\/\"},{\"@type\":\"ListItem\",\"position\":3,\"name\":\"Calcar Kanfanar\"}]},{\"@type\":\"WebSite\",\"@id\":\"https:\\\/\\\/granito.ro\\\/en\\\/#website\",\"url\":\"https:\\\/\\\/granito.ro\\\/en\\\/\",\"name\":\"Granito\",\"description\":\"\",\"publisher\":{\"@id\":\"https:\\\/\\\/granito.ro\\\/en\\\/#organization\"},\"potentialAction\":[{\"@type\":\"SearchAction\",\"target\":{\"@type\":\"EntryPoint\",\"urlTemplate\":\"https:\\\/\\\/granito.ro\\\/en\\\/?s={search_term_string}\"},\"query-input\":{\"@type\":\"PropertyValueSpecification\",\"valueRequired\":true,\"valueName\":\"search_term_string\"}}],\"inLanguage\":\"en-US\"},{\"@type\":\"Organization\",\"@id\":\"https:\\\/\\\/granito.ro\\\/en\\\/#organization\",\"name\":\"Granito\",\"url\":\"https:\\\/\\\/granito.ro\\\/en\\\/\",\"logo\":{\"@type\":\"ImageObject\",\"inLanguage\":\"en-US\",\"@id\":\"https:\\\/\\\/granito.ro\\\/en\\\/#\\\/schema\\\/logo\\\/image\\\/\",\"url\":\"https:\\\/\\\/granito.ro\\\/en\\\/wp-content\\\/uploads\\\/2024\\\/08\\\/Untitled-1.png\",\"contentUrl\":\"https:\\\/\\\/granito.ro\\\/en\\\/wp-content\\\/uploads\\\/2024\\\/08\\\/Untitled-1.png\",\"width\":500,\"height\":112,\"caption\":\"Granito\"},\"image\":{\"@id\":\"https:\\\/\\\/granito.ro\\\/en\\\/#\\\/schema\\\/logo\\\/image\\\/\"},\"sameAs\":[\"https:\\\/\\\/www.facebook.com\\\/granito.ro\",\"http:\\\/\\\/instagram.com\\\/granito.ro\"]}]}<\/script>\n<!-- \/ Yoast SEO plugin. -->","yoast_head_json":{"title":"Granito","robots":{"index":"index","follow":"follow","max-snippet":"max-snippet:-1","max-image-preview":"max-image-preview:large","max-video-preview":"max-video-preview:-1"},"canonical":"https:\/\/granito.ro\/en\/product\/calcar-kanfanar\/","og_locale":"en_US","og_type":"article","og_title":"Calcar Kanfanar - Acasa - Granito","og_description":"Calcarul Kanfanar este un material natural extras din localitatea Kanfanar, situat\u0103 \u00een regiunea Istria din Croa\u021bia. Aceast\u0103 regiune este renumit\u0103 pentru rezervele sale bogate de calcar \u0219i pentru frumuse\u021bea peisajelor sale naturale.  Calcarul Kanfanar este apreciat pentru culoarea sa bej deschis\u0103 \u0219i pentru modelul s\u0103u delicat de fosile \u0219i sedimente, care \u00eei confer\u0103 un aspect unic \u0219i o textur\u0103 interesant\u0103.  &nbsp;    &nbsp;","og_url":"https:\/\/granito.ro\/en\/product\/calcar-kanfanar\/","og_site_name":"Acasa - Granito","article_publisher":"https:\/\/www.facebook.com\/granito.ro","article_modified_time":"2025-04-26T01:58:37+00:00","og_image":[{"width":960,"height":960,"url":"https:\/\/granito.ro\/en\/wp-content\/uploads\/2025\/02\/CALCAR-KANFANAR.png","type":"image\/png"}],"twitter_card":"summary_large_image","twitter_misc":{"Est. reading time":"1 minute"},"schema":{"@context":"https:\/\/schema.org","@graph":[{"@type":"WebPage","@id":"https:\/\/granito.ro\/en\/product\/calcar-kanfanar\/","url":"https:\/\/granito.ro\/en\/product\/calcar-kanfanar\/","name":"Calcar Kanfanar - Acasa - Granito","isPartOf":{"@id":"https:\/\/granito.ro\/en\/#website"},"primaryImageOfPage":{"@id":"https:\/\/granito.ro\/en\/product\/calcar-kanfanar\/#primaryimage"},"image":{"@id":"https:\/\/granito.ro\/en\/product\/calcar-kanfanar\/#primaryimage"},"thumbnailUrl":"https:\/\/granito.ro\/en\/wp-content\/uploads\/2025\/02\/CALCAR-KANFANAR.png","datePublished":"2024-03-16T18:06:05+00:00","dateModified":"2025-04-26T01:58:37+00:00","breadcrumb":{"@id":"https:\/\/granito.ro\/en\/product\/calcar-kanfanar\/#breadcrumb"},"inLanguage":"en-US","potentialAction":[{"@type":"ReadAction","target":["https:\/\/granito.ro\/en\/product\/calcar-kanfanar\/"]}]},{"@type":"ImageObject","inLanguage":"en-US","@id":"https:\/\/granito.ro\/en\/product\/calcar-kanfanar\/#primaryimage","url":"https:\/\/granito.ro\/en\/wp-content\/uploads\/2025\/02\/CALCAR-KANFANAR.png","contentUrl":"https:\/\/granito.ro\/en\/wp-content\/uploads\/2025\/02\/CALCAR-KANFANAR.png","width":960,"height":960},{"@type":"BreadcrumbList","@id":"https:\/\/granito.ro\/en\/product\/calcar-kanfanar\/#breadcrumb","itemListElement":[{"@type":"ListItem","position":1,"name":"Prima pagin\u0103","item":"https:\/\/granito.ro\/en\/"},{"@type":"ListItem","position":2,"name":"Materiale","item":"https:\/\/granito.ro\/en\/materiale\/"},{"@type":"ListItem","position":3,"name":"Calcar Kanfanar"}]},{"@type":"WebSite","@id":"https:\/\/granito.ro\/en\/#website","url":"https:\/\/granito.ro\/en\/","name":"Granito","description":"","publisher":{"@id":"https:\/\/granito.ro\/en\/#organization"},"potentialAction":[{"@type":"SearchAction","target":{"@type":"EntryPoint","urlTemplate":"https:\/\/granito.ro\/en\/?s={search_term_string}"},"query-input":{"@type":"PropertyValueSpecification","valueRequired":true,"valueName":"search_term_string"}}],"inLanguage":"en-US"},{"@type":"Organization","@id":"https:\/\/granito.ro\/en\/#organization","name":"Granito","url":"https:\/\/granito.ro\/en\/","logo":{"@type":"ImageObject","inLanguage":"en-US","@id":"https:\/\/granito.ro\/en\/#\/schema\/logo\/image\/","url":"https:\/\/granito.ro\/en\/wp-content\/uploads\/2024\/08\/Untitled-1.png","contentUrl":"https:\/\/granito.ro\/en\/wp-content\/uploads\/2024\/08\/Untitled-1.png","width":500,"height":112,"caption":"Granito"},"image":{"@id":"https:\/\/granito.ro\/en\/#\/schema\/logo\/image\/"},"sameAs":["https:\/\/www.facebook.com\/granito.ro","http:\/\/instagram.com\/granito.ro"]}]}},"_links":{"self":[{"href":"https:\/\/granito.ro\/en\/wp-json\/wp\/v2\/product\/2597","targetHints":{"allow":["GET"]}}],"collection":[{"href":"https:\/\/granito.ro\/en\/wp-json\/wp\/v2\/product"}],"about":[{"href":"https:\/\/granito.ro\/en\/wp-json\/wp\/v2\/types\/product"}],"wp:featuredmedia":[{"embeddable":true,"href":"https:\/\/granito.ro\/en\/wp-json\/wp\/v2\/media\/6691"}],"wp:attachment":[{"href":"https:\/\/granito.ro\/en\/wp-json\/wp\/v2\/media?parent=2597"}],"wp:term":[{"taxonomy":"product_brand","embeddable":true,"href":"https:\/\/granito.ro\/en\/wp-json\/wp\/v2\/product_brand?post=2597"},{"taxonomy":"product_cat","embeddable":true,"href":"https:\/\/granito.ro\/en\/wp-json\/wp\/v2\/product_cat?post=2597"},{"taxonomy":"product_tag","embeddable":true,"href":"https:\/\/granito.ro\/en\/wp-json\/wp\/v2\/product_tag?post=2597"}],"curies":[{"name":"wp","href":"https:\/\/api.w.org\/{rel}","templated":true}]}}