
{"id":2596,"date":"2024-03-16T18:05:03","date_gmt":"2024-03-16T18:05:03","guid":{"rendered":"https:\/\/granito.ro\/?post_type=product&#038;p=2596"},"modified":"2025-04-26T01:59:18","modified_gmt":"2025-04-26T01:59:18","slug":"calcar-vratsa","status":"publish","type":"product","link":"https:\/\/granito.ro\/en\/product\/calcar-vratsa\/","title":{"rendered":"Calcar Vratsa"},"content":{"rendered":"<p><span style=\"font-weight: 400;\">Calcarul Vratsa adaug\u0103 un aer de rusticitate \u0219i elegan\u021b\u0103 natural\u0103 \u00een orice spa\u021biu \u00een care este utilizat. Tonurile sale calde \u0219i textura sa distinctiv\u0103 confer\u0103 un farmec aparte proiectelor de design, fie c\u0103 este vorba despre proiecte contemporane sau tradi\u021bionale.<\/span><\/p>\n<p><span style=\"font-weight: 400;\">Calcarul Vratsa poate fi t\u0103iat \u0219i modelat cu u\u0219urin\u021b\u0103, ceea ce \u00eel face un favorit al sculptorilor \u0219i al constructorilor. <\/span><span style=\"font-weight: 400;\">Cu o estetic\u0103 atemporal\u0103, calcarul Vratsa adaug\u0103 valoare \u0219i frumuse\u021be proiectelor de construc\u021bie pe termen lung.<\/span><\/p>\n<p><b>Piatra natural\u0103 prezint\u0103 varia\u021bii de nuan\u021b\u0103, motiv pentru care imaginile de prezentare au un caracter strict informativ \u0219i pot s\u0103 nu reflecte cu exactitate aspectul real al produsului.<\/b><\/p>\n<p><br style=\"font-weight: 400;\" \/><br style=\"font-weight: 400;\" \/><\/p>\n","protected":false},"excerpt":{"rendered":"<p><span style=\"font-weight: 400;\">Calcarul Vratsa este un material natural extras din regiunea Vratsa din Bulgaria. Aceast\u0103 regiune este renumit\u0103 pentru rezervele sale bogate de calcar de \u00eenalt\u0103 calitate, care au fost exploatate de secole pentru diverse aplica\u021bii \u00een construc\u021bie \u0219i design.<\/span><\/p>\n<p><span style=\"font-weight: 400;\">Calcarul Vratsa poate prezenta o varietate de culori, de la nuan\u021be de alb, crem \u0219i bej p\u00e2n\u0103 la tonuri de gri \u0219i maro. Textura sa poate varia de la lucios la mat, iar modelele \u0219i petele naturale adaug\u0103 caracter \u0219i interes vizual proiectelor \u00een care este utilizat.<\/span><\/p>\n<p>&nbsp;<\/p>\n<p><a href=\"https:\/\/granito.ro\/produse\/?filter_material=calcar-vratsa&amp;query_type_material=or\"><img loading=\"lazy\" decoding=\"async\" class=\"alignnone wp-image-6074\" src=\"https:\/\/granito.ro\/wp-content\/uploads\/2025\/01\/ALL-PRODUCTS-800x198.png\" alt=\"\" width=\"610\" height=\"151\" srcset=\"https:\/\/granito.ro\/en\/wp-content\/uploads\/2025\/01\/ALL-PRODUCTS-800x198.png 800w, https:\/\/granito.ro\/en\/wp-content\/uploads\/2025\/01\/ALL-PRODUCTS-1600x397.png 1600w, https:\/\/granito.ro\/en\/wp-content\/uploads\/2025\/01\/ALL-PRODUCTS-300x74.png 300w, https:\/\/granito.ro\/en\/wp-content\/uploads\/2025\/01\/ALL-PRODUCTS-768x190.png 768w, https:\/\/granito.ro\/en\/wp-content\/uploads\/2025\/01\/ALL-PRODUCTS-1536x381.png 1536w, https:\/\/granito.ro\/en\/wp-content\/uploads\/2025\/01\/ALL-PRODUCTS-600x149.png 600w, https:\/\/granito.ro\/en\/wp-content\/uploads\/2025\/01\/ALL-PRODUCTS.png 1791w\" sizes=\"auto, (max-width: 610px) 100vw, 610px\" \/><\/a><\/p>\n<p>&nbsp;<\/p>\n","protected":false},"featured_media":6692,"template":"","meta":{"_eb_attr":""},"product_brand":[],"product_cat":[52],"product_tag":[59,198],"class_list":{"0":"post-2596","1":"product","2":"type-product","3":"status-publish","4":"has-post-thumbnail","6":"product_cat-calcar","7":"product_tag-calcar","8":"product_tag-calcar_related","10":"first","11":"instock","12":"shipping-taxable","13":"purchasable","14":"product-type-simple"},"yoast_head":"<!-- This site is optimized with the Yoast SEO plugin v27.4 - https:\/\/yoast.com\/product\/yoast-seo-wordpress\/ -->\n<title>Granito<\/title>\n<meta name=\"robots\" content=\"index, follow, max-snippet:-1, max-image-preview:large, max-video-preview:-1\" \/>\n<link rel=\"canonical\" href=\"https:\/\/granito.ro\/en\/product\/calcar-vratsa\/\" \/>\n<meta property=\"og:locale\" content=\"en_US\" \/>\n<meta property=\"og:type\" content=\"article\" \/>\n<meta property=\"og:title\" content=\"Calcar Vratsa - Acasa - Granito\" \/>\n<meta property=\"og:description\" content=\"Calcarul Vratsa este un material natural extras din regiunea Vratsa din Bulgaria. Aceast\u0103 regiune este renumit\u0103 pentru rezervele sale bogate de calcar de \u00eenalt\u0103 calitate, care au fost exploatate de secole pentru diverse aplica\u021bii \u00een construc\u021bie \u0219i design.  Calcarul Vratsa poate prezenta o varietate de culori, de la nuan\u021be de alb, crem \u0219i bej p\u00e2n\u0103 la tonuri de gri \u0219i maro. Textura sa poate varia de la lucios la mat, iar modelele \u0219i petele naturale adaug\u0103 caracter \u0219i interes vizual proiectelor \u00een care este utilizat.  &nbsp;    &nbsp;\" \/>\n<meta property=\"og:url\" content=\"https:\/\/granito.ro\/en\/product\/calcar-vratsa\/\" \/>\n<meta property=\"og:site_name\" content=\"Acasa - Granito\" \/>\n<meta property=\"article:publisher\" content=\"https:\/\/www.facebook.com\/granito.ro\" \/>\n<meta property=\"article:modified_time\" content=\"2025-04-26T01:59:18+00:00\" \/>\n<meta property=\"og:image\" content=\"https:\/\/granito.ro\/en\/wp-content\/uploads\/2025\/02\/CALCAR-VRATSA.png\" \/>\n\t<meta property=\"og:image:width\" content=\"960\" \/>\n\t<meta property=\"og:image:height\" content=\"960\" \/>\n\t<meta property=\"og:image:type\" content=\"image\/png\" \/>\n<meta name=\"twitter:card\" content=\"summary_large_image\" \/>\n<meta name=\"twitter:label1\" content=\"Est. reading time\" \/>\n\t<meta name=\"twitter:data1\" content=\"1 minute\" \/>\n<script type=\"application\/ld+json\" class=\"yoast-schema-graph\">{\"@context\":\"https:\\\/\\\/schema.org\",\"@graph\":[{\"@type\":\"WebPage\",\"@id\":\"https:\\\/\\\/granito.ro\\\/en\\\/product\\\/calcar-vratsa\\\/\",\"url\":\"https:\\\/\\\/granito.ro\\\/en\\\/product\\\/calcar-vratsa\\\/\",\"name\":\"Calcar Vratsa - Acasa - Granito\",\"isPartOf\":{\"@id\":\"https:\\\/\\\/granito.ro\\\/en\\\/#website\"},\"primaryImageOfPage\":{\"@id\":\"https:\\\/\\\/granito.ro\\\/en\\\/product\\\/calcar-vratsa\\\/#primaryimage\"},\"image\":{\"@id\":\"https:\\\/\\\/granito.ro\\\/en\\\/product\\\/calcar-vratsa\\\/#primaryimage\"},\"thumbnailUrl\":\"https:\\\/\\\/granito.ro\\\/en\\\/wp-content\\\/uploads\\\/2025\\\/02\\\/CALCAR-VRATSA.png\",\"datePublished\":\"2024-03-16T18:05:03+00:00\",\"dateModified\":\"2025-04-26T01:59:18+00:00\",\"breadcrumb\":{\"@id\":\"https:\\\/\\\/granito.ro\\\/en\\\/product\\\/calcar-vratsa\\\/#breadcrumb\"},\"inLanguage\":\"en-US\",\"potentialAction\":[{\"@type\":\"ReadAction\",\"target\":[\"https:\\\/\\\/granito.ro\\\/en\\\/product\\\/calcar-vratsa\\\/\"]}]},{\"@type\":\"ImageObject\",\"inLanguage\":\"en-US\",\"@id\":\"https:\\\/\\\/granito.ro\\\/en\\\/product\\\/calcar-vratsa\\\/#primaryimage\",\"url\":\"https:\\\/\\\/granito.ro\\\/en\\\/wp-content\\\/uploads\\\/2025\\\/02\\\/CALCAR-VRATSA.png\",\"contentUrl\":\"https:\\\/\\\/granito.ro\\\/en\\\/wp-content\\\/uploads\\\/2025\\\/02\\\/CALCAR-VRATSA.png\",\"width\":960,\"height\":960},{\"@type\":\"BreadcrumbList\",\"@id\":\"https:\\\/\\\/granito.ro\\\/en\\\/product\\\/calcar-vratsa\\\/#breadcrumb\",\"itemListElement\":[{\"@type\":\"ListItem\",\"position\":1,\"name\":\"Prima pagin\u0103\",\"item\":\"https:\\\/\\\/granito.ro\\\/en\\\/\"},{\"@type\":\"ListItem\",\"position\":2,\"name\":\"Materiale\",\"item\":\"https:\\\/\\\/granito.ro\\\/en\\\/materiale\\\/\"},{\"@type\":\"ListItem\",\"position\":3,\"name\":\"Calcar Vratsa\"}]},{\"@type\":\"WebSite\",\"@id\":\"https:\\\/\\\/granito.ro\\\/en\\\/#website\",\"url\":\"https:\\\/\\\/granito.ro\\\/en\\\/\",\"name\":\"Granito\",\"description\":\"\",\"publisher\":{\"@id\":\"https:\\\/\\\/granito.ro\\\/en\\\/#organization\"},\"potentialAction\":[{\"@type\":\"SearchAction\",\"target\":{\"@type\":\"EntryPoint\",\"urlTemplate\":\"https:\\\/\\\/granito.ro\\\/en\\\/?s={search_term_string}\"},\"query-input\":{\"@type\":\"PropertyValueSpecification\",\"valueRequired\":true,\"valueName\":\"search_term_string\"}}],\"inLanguage\":\"en-US\"},{\"@type\":\"Organization\",\"@id\":\"https:\\\/\\\/granito.ro\\\/en\\\/#organization\",\"name\":\"Granito\",\"url\":\"https:\\\/\\\/granito.ro\\\/en\\\/\",\"logo\":{\"@type\":\"ImageObject\",\"inLanguage\":\"en-US\",\"@id\":\"https:\\\/\\\/granito.ro\\\/en\\\/#\\\/schema\\\/logo\\\/image\\\/\",\"url\":\"https:\\\/\\\/granito.ro\\\/en\\\/wp-content\\\/uploads\\\/2024\\\/08\\\/Untitled-1.png\",\"contentUrl\":\"https:\\\/\\\/granito.ro\\\/en\\\/wp-content\\\/uploads\\\/2024\\\/08\\\/Untitled-1.png\",\"width\":500,\"height\":112,\"caption\":\"Granito\"},\"image\":{\"@id\":\"https:\\\/\\\/granito.ro\\\/en\\\/#\\\/schema\\\/logo\\\/image\\\/\"},\"sameAs\":[\"https:\\\/\\\/www.facebook.com\\\/granito.ro\",\"http:\\\/\\\/instagram.com\\\/granito.ro\"]}]}<\/script>\n<!-- \/ Yoast SEO plugin. -->","yoast_head_json":{"title":"Granito","robots":{"index":"index","follow":"follow","max-snippet":"max-snippet:-1","max-image-preview":"max-image-preview:large","max-video-preview":"max-video-preview:-1"},"canonical":"https:\/\/granito.ro\/en\/product\/calcar-vratsa\/","og_locale":"en_US","og_type":"article","og_title":"Calcar Vratsa - Acasa - Granito","og_description":"Calcarul Vratsa este un material natural extras din regiunea Vratsa din Bulgaria. Aceast\u0103 regiune este renumit\u0103 pentru rezervele sale bogate de calcar de \u00eenalt\u0103 calitate, care au fost exploatate de secole pentru diverse aplica\u021bii \u00een construc\u021bie \u0219i design.  Calcarul Vratsa poate prezenta o varietate de culori, de la nuan\u021be de alb, crem \u0219i bej p\u00e2n\u0103 la tonuri de gri \u0219i maro. Textura sa poate varia de la lucios la mat, iar modelele \u0219i petele naturale adaug\u0103 caracter \u0219i interes vizual proiectelor \u00een care este utilizat.  &nbsp;    &nbsp;","og_url":"https:\/\/granito.ro\/en\/product\/calcar-vratsa\/","og_site_name":"Acasa - Granito","article_publisher":"https:\/\/www.facebook.com\/granito.ro","article_modified_time":"2025-04-26T01:59:18+00:00","og_image":[{"width":960,"height":960,"url":"https:\/\/granito.ro\/en\/wp-content\/uploads\/2025\/02\/CALCAR-VRATSA.png","type":"image\/png"}],"twitter_card":"summary_large_image","twitter_misc":{"Est. reading time":"1 minute"},"schema":{"@context":"https:\/\/schema.org","@graph":[{"@type":"WebPage","@id":"https:\/\/granito.ro\/en\/product\/calcar-vratsa\/","url":"https:\/\/granito.ro\/en\/product\/calcar-vratsa\/","name":"Calcar Vratsa - Acasa - Granito","isPartOf":{"@id":"https:\/\/granito.ro\/en\/#website"},"primaryImageOfPage":{"@id":"https:\/\/granito.ro\/en\/product\/calcar-vratsa\/#primaryimage"},"image":{"@id":"https:\/\/granito.ro\/en\/product\/calcar-vratsa\/#primaryimage"},"thumbnailUrl":"https:\/\/granito.ro\/en\/wp-content\/uploads\/2025\/02\/CALCAR-VRATSA.png","datePublished":"2024-03-16T18:05:03+00:00","dateModified":"2025-04-26T01:59:18+00:00","breadcrumb":{"@id":"https:\/\/granito.ro\/en\/product\/calcar-vratsa\/#breadcrumb"},"inLanguage":"en-US","potentialAction":[{"@type":"ReadAction","target":["https:\/\/granito.ro\/en\/product\/calcar-vratsa\/"]}]},{"@type":"ImageObject","inLanguage":"en-US","@id":"https:\/\/granito.ro\/en\/product\/calcar-vratsa\/#primaryimage","url":"https:\/\/granito.ro\/en\/wp-content\/uploads\/2025\/02\/CALCAR-VRATSA.png","contentUrl":"https:\/\/granito.ro\/en\/wp-content\/uploads\/2025\/02\/CALCAR-VRATSA.png","width":960,"height":960},{"@type":"BreadcrumbList","@id":"https:\/\/granito.ro\/en\/product\/calcar-vratsa\/#breadcrumb","itemListElement":[{"@type":"ListItem","position":1,"name":"Prima pagin\u0103","item":"https:\/\/granito.ro\/en\/"},{"@type":"ListItem","position":2,"name":"Materiale","item":"https:\/\/granito.ro\/en\/materiale\/"},{"@type":"ListItem","position":3,"name":"Calcar Vratsa"}]},{"@type":"WebSite","@id":"https:\/\/granito.ro\/en\/#website","url":"https:\/\/granito.ro\/en\/","name":"Granito","description":"","publisher":{"@id":"https:\/\/granito.ro\/en\/#organization"},"potentialAction":[{"@type":"SearchAction","target":{"@type":"EntryPoint","urlTemplate":"https:\/\/granito.ro\/en\/?s={search_term_string}"},"query-input":{"@type":"PropertyValueSpecification","valueRequired":true,"valueName":"search_term_string"}}],"inLanguage":"en-US"},{"@type":"Organization","@id":"https:\/\/granito.ro\/en\/#organization","name":"Granito","url":"https:\/\/granito.ro\/en\/","logo":{"@type":"ImageObject","inLanguage":"en-US","@id":"https:\/\/granito.ro\/en\/#\/schema\/logo\/image\/","url":"https:\/\/granito.ro\/en\/wp-content\/uploads\/2024\/08\/Untitled-1.png","contentUrl":"https:\/\/granito.ro\/en\/wp-content\/uploads\/2024\/08\/Untitled-1.png","width":500,"height":112,"caption":"Granito"},"image":{"@id":"https:\/\/granito.ro\/en\/#\/schema\/logo\/image\/"},"sameAs":["https:\/\/www.facebook.com\/granito.ro","http:\/\/instagram.com\/granito.ro"]}]}},"_links":{"self":[{"href":"https:\/\/granito.ro\/en\/wp-json\/wp\/v2\/product\/2596","targetHints":{"allow":["GET"]}}],"collection":[{"href":"https:\/\/granito.ro\/en\/wp-json\/wp\/v2\/product"}],"about":[{"href":"https:\/\/granito.ro\/en\/wp-json\/wp\/v2\/types\/product"}],"wp:featuredmedia":[{"embeddable":true,"href":"https:\/\/granito.ro\/en\/wp-json\/wp\/v2\/media\/6692"}],"wp:attachment":[{"href":"https:\/\/granito.ro\/en\/wp-json\/wp\/v2\/media?parent=2596"}],"wp:term":[{"taxonomy":"product_brand","embeddable":true,"href":"https:\/\/granito.ro\/en\/wp-json\/wp\/v2\/product_brand?post=2596"},{"taxonomy":"product_cat","embeddable":true,"href":"https:\/\/granito.ro\/en\/wp-json\/wp\/v2\/product_cat?post=2596"},{"taxonomy":"product_tag","embeddable":true,"href":"https:\/\/granito.ro\/en\/wp-json\/wp\/v2\/product_tag?post=2596"}],"curies":[{"name":"wp","href":"https:\/\/api.w.org\/{rel}","templated":true}]}}