
{"id":2595,"date":"2024-03-16T18:04:41","date_gmt":"2024-03-16T18:04:41","guid":{"rendered":"https:\/\/granito.ro\/?post_type=product&#038;p=2595"},"modified":"2025-04-26T02:00:05","modified_gmt":"2025-04-26T02:00:05","slug":"travertin-noce","status":"publish","type":"product","link":"https:\/\/granito.ro\/en\/product\/travertin-noce\/","title":{"rendered":"Travertin Noce Vein Cut"},"content":{"rendered":"<p><span style=\"font-weight: 400;\">Travertinul este o roc\u0103 sedimentar\u0103 poroas\u0103 format\u0103 prin precipitarea carbonatului de calciu din ap\u0103 termal\u0103, \u00een special din izvoare calde \u0219i cascade. Travertinul poate varia \u00een culoare de la alb-g\u0103lbui p\u00e2n\u0103 la maro, \u00een func\u021bie de impurit\u0103\u021bi \u0219i procesul de formare. De asemenea, textura sa poate varia de la fin\u0103 la poroas\u0103, \u00een func\u021bie de condi\u021biile \u00een care a fost format \u0219i procesele de compactare.<\/span><\/p>\n<p><span style=\"font-weight: 400;\">Travertinul a fost o alegere preferat\u0103 \u00een numeroase opere arhitecturale de referin\u021b\u0103 din \u00eentreaga lume. Un celebru exemplu este Colosseum-ul din Roma, unul dintre cele mai mari \u0219i mai bine conservate amfiteatre antice, care \u00ee\u0219i datoreaz\u0103 frumuse\u021bea \u0219i rezisten\u021ba \u00een mare m\u0103sur\u0103 utiliz\u0103rii travertinului.<\/span><\/p>\n<p><b>Piatra natural\u0103 prezint\u0103 varia\u021bii de nuan\u021b\u0103, motiv pentru care imaginile de prezentare au un caracter strict informativ \u0219i pot s\u0103 nu reflecte cu exactitate aspectul real al produsului.<\/b><\/p>\n","protected":false},"excerpt":{"rendered":"<p><span style=\"font-weight: 400;\">Travertinul Noce \u00eembin\u0103 nuan\u021be profunde de maro cu texturi naturale, ad\u0103ug\u00e2nd caracter \u0219i c\u0103ldur\u0103 at\u00e2t interioarelor, c\u00e2t \u0219i exteriorilor. Rezistent \u0219i expresiv, este perfect pentru a atrage aten\u021bia \u00een designul interior sau ca element robust \u0219i autentic \u00een amenaj\u0103rile exterioare, de la alei la fa\u021bade.<\/span><\/p>\n<p><span style=\"font-weight: 400;\">Travertinul Vein Cut se distinge prin t\u0103ieturile sale longitudinale, care eviden\u021biaz\u0103 liniile naturale \u0219i pattern-ul organic al pietrei, pentru un impact estetic puternic.<\/span><\/p>\n<p>&nbsp;<\/p>\n<p><a href=\"https:\/\/granito.ro\/produse\/?filter_material=travertin-noce-vein-cut&amp;query_type_material=or\"><img loading=\"lazy\" decoding=\"async\" class=\"alignnone wp-image-6074\" src=\"https:\/\/granito.ro\/wp-content\/uploads\/2025\/01\/ALL-PRODUCTS-800x198.png\" alt=\"\" width=\"610\" height=\"151\" srcset=\"https:\/\/granito.ro\/en\/wp-content\/uploads\/2025\/01\/ALL-PRODUCTS-800x198.png 800w, https:\/\/granito.ro\/en\/wp-content\/uploads\/2025\/01\/ALL-PRODUCTS-1600x397.png 1600w, https:\/\/granito.ro\/en\/wp-content\/uploads\/2025\/01\/ALL-PRODUCTS-300x74.png 300w, https:\/\/granito.ro\/en\/wp-content\/uploads\/2025\/01\/ALL-PRODUCTS-768x190.png 768w, https:\/\/granito.ro\/en\/wp-content\/uploads\/2025\/01\/ALL-PRODUCTS-1536x381.png 1536w, https:\/\/granito.ro\/en\/wp-content\/uploads\/2025\/01\/ALL-PRODUCTS-600x149.png 600w, https:\/\/granito.ro\/en\/wp-content\/uploads\/2025\/01\/ALL-PRODUCTS.png 1791w\" sizes=\"auto, (max-width: 610px) 100vw, 610px\" \/><\/a><\/p>\n<p>&nbsp;<\/p>\n","protected":false},"featured_media":6716,"template":"","meta":{"_eb_attr":""},"product_brand":[],"product_cat":[53],"product_tag":[60],"class_list":{"0":"post-2595","1":"product","2":"type-product","3":"status-publish","4":"has-post-thumbnail","6":"product_cat-travertin","7":"product_tag-travertin","9":"first","10":"instock","11":"shipping-taxable","12":"purchasable","13":"product-type-simple"},"yoast_head":"<!-- This site is optimized with the Yoast SEO plugin v27.4 - https:\/\/yoast.com\/product\/yoast-seo-wordpress\/ -->\n<title>Granito<\/title>\n<meta name=\"robots\" content=\"index, follow, max-snippet:-1, max-image-preview:large, max-video-preview:-1\" \/>\n<link rel=\"canonical\" href=\"https:\/\/granito.ro\/en\/product\/travertin-noce\/\" \/>\n<meta property=\"og:locale\" content=\"en_US\" \/>\n<meta property=\"og:type\" content=\"article\" \/>\n<meta property=\"og:title\" content=\"Travertin Noce Vein Cut - Acasa - Granito\" \/>\n<meta property=\"og:description\" content=\"Travertinul Noce \u00eembin\u0103 nuan\u021be profunde de maro cu texturi naturale, ad\u0103ug\u00e2nd caracter \u0219i c\u0103ldur\u0103 at\u00e2t interioarelor, c\u00e2t \u0219i exteriorilor. Rezistent \u0219i expresiv, este perfect pentru a atrage aten\u021bia \u00een designul interior sau ca element robust \u0219i autentic \u00een amenaj\u0103rile exterioare, de la alei la fa\u021bade.  Travertinul Vein Cut se distinge prin t\u0103ieturile sale longitudinale, care eviden\u021biaz\u0103 liniile naturale \u0219i pattern-ul organic al pietrei, pentru un impact estetic puternic.  &nbsp;    &nbsp;\" \/>\n<meta property=\"og:url\" content=\"https:\/\/granito.ro\/en\/product\/travertin-noce\/\" \/>\n<meta property=\"og:site_name\" content=\"Acasa - Granito\" \/>\n<meta property=\"article:publisher\" content=\"https:\/\/www.facebook.com\/granito.ro\" \/>\n<meta property=\"article:modified_time\" content=\"2025-04-26T02:00:05+00:00\" \/>\n<meta property=\"og:image\" content=\"https:\/\/granito.ro\/en\/wp-content\/uploads\/2025\/02\/TRAVERTIN-NOCE-VEIN-CUT.png\" \/>\n\t<meta property=\"og:image:width\" content=\"960\" \/>\n\t<meta property=\"og:image:height\" content=\"960\" \/>\n\t<meta property=\"og:image:type\" content=\"image\/png\" \/>\n<meta name=\"twitter:card\" content=\"summary_large_image\" \/>\n<meta name=\"twitter:label1\" content=\"Est. reading time\" \/>\n\t<meta name=\"twitter:data1\" content=\"1 minute\" \/>\n<script type=\"application\/ld+json\" class=\"yoast-schema-graph\">{\"@context\":\"https:\\\/\\\/schema.org\",\"@graph\":[{\"@type\":\"WebPage\",\"@id\":\"https:\\\/\\\/granito.ro\\\/en\\\/product\\\/travertin-noce\\\/\",\"url\":\"https:\\\/\\\/granito.ro\\\/en\\\/product\\\/travertin-noce\\\/\",\"name\":\"Travertin Noce Vein Cut - Acasa - Granito\",\"isPartOf\":{\"@id\":\"https:\\\/\\\/granito.ro\\\/en\\\/#website\"},\"primaryImageOfPage\":{\"@id\":\"https:\\\/\\\/granito.ro\\\/en\\\/product\\\/travertin-noce\\\/#primaryimage\"},\"image\":{\"@id\":\"https:\\\/\\\/granito.ro\\\/en\\\/product\\\/travertin-noce\\\/#primaryimage\"},\"thumbnailUrl\":\"https:\\\/\\\/granito.ro\\\/en\\\/wp-content\\\/uploads\\\/2025\\\/02\\\/TRAVERTIN-NOCE-VEIN-CUT.png\",\"datePublished\":\"2024-03-16T18:04:41+00:00\",\"dateModified\":\"2025-04-26T02:00:05+00:00\",\"breadcrumb\":{\"@id\":\"https:\\\/\\\/granito.ro\\\/en\\\/product\\\/travertin-noce\\\/#breadcrumb\"},\"inLanguage\":\"en-US\",\"potentialAction\":[{\"@type\":\"ReadAction\",\"target\":[\"https:\\\/\\\/granito.ro\\\/en\\\/product\\\/travertin-noce\\\/\"]}]},{\"@type\":\"ImageObject\",\"inLanguage\":\"en-US\",\"@id\":\"https:\\\/\\\/granito.ro\\\/en\\\/product\\\/travertin-noce\\\/#primaryimage\",\"url\":\"https:\\\/\\\/granito.ro\\\/en\\\/wp-content\\\/uploads\\\/2025\\\/02\\\/TRAVERTIN-NOCE-VEIN-CUT.png\",\"contentUrl\":\"https:\\\/\\\/granito.ro\\\/en\\\/wp-content\\\/uploads\\\/2025\\\/02\\\/TRAVERTIN-NOCE-VEIN-CUT.png\",\"width\":960,\"height\":960},{\"@type\":\"BreadcrumbList\",\"@id\":\"https:\\\/\\\/granito.ro\\\/en\\\/product\\\/travertin-noce\\\/#breadcrumb\",\"itemListElement\":[{\"@type\":\"ListItem\",\"position\":1,\"name\":\"Prima pagin\u0103\",\"item\":\"https:\\\/\\\/granito.ro\\\/en\\\/\"},{\"@type\":\"ListItem\",\"position\":2,\"name\":\"Materiale\",\"item\":\"https:\\\/\\\/granito.ro\\\/en\\\/materiale\\\/\"},{\"@type\":\"ListItem\",\"position\":3,\"name\":\"Travertin Noce Vein Cut\"}]},{\"@type\":\"WebSite\",\"@id\":\"https:\\\/\\\/granito.ro\\\/en\\\/#website\",\"url\":\"https:\\\/\\\/granito.ro\\\/en\\\/\",\"name\":\"Granito\",\"description\":\"\",\"publisher\":{\"@id\":\"https:\\\/\\\/granito.ro\\\/en\\\/#organization\"},\"potentialAction\":[{\"@type\":\"SearchAction\",\"target\":{\"@type\":\"EntryPoint\",\"urlTemplate\":\"https:\\\/\\\/granito.ro\\\/en\\\/?s={search_term_string}\"},\"query-input\":{\"@type\":\"PropertyValueSpecification\",\"valueRequired\":true,\"valueName\":\"search_term_string\"}}],\"inLanguage\":\"en-US\"},{\"@type\":\"Organization\",\"@id\":\"https:\\\/\\\/granito.ro\\\/en\\\/#organization\",\"name\":\"Granito\",\"url\":\"https:\\\/\\\/granito.ro\\\/en\\\/\",\"logo\":{\"@type\":\"ImageObject\",\"inLanguage\":\"en-US\",\"@id\":\"https:\\\/\\\/granito.ro\\\/en\\\/#\\\/schema\\\/logo\\\/image\\\/\",\"url\":\"https:\\\/\\\/granito.ro\\\/en\\\/wp-content\\\/uploads\\\/2024\\\/08\\\/Untitled-1.png\",\"contentUrl\":\"https:\\\/\\\/granito.ro\\\/en\\\/wp-content\\\/uploads\\\/2024\\\/08\\\/Untitled-1.png\",\"width\":500,\"height\":112,\"caption\":\"Granito\"},\"image\":{\"@id\":\"https:\\\/\\\/granito.ro\\\/en\\\/#\\\/schema\\\/logo\\\/image\\\/\"},\"sameAs\":[\"https:\\\/\\\/www.facebook.com\\\/granito.ro\",\"http:\\\/\\\/instagram.com\\\/granito.ro\"]}]}<\/script>\n<!-- \/ Yoast SEO plugin. -->","yoast_head_json":{"title":"Granito","robots":{"index":"index","follow":"follow","max-snippet":"max-snippet:-1","max-image-preview":"max-image-preview:large","max-video-preview":"max-video-preview:-1"},"canonical":"https:\/\/granito.ro\/en\/product\/travertin-noce\/","og_locale":"en_US","og_type":"article","og_title":"Travertin Noce Vein Cut - Acasa - Granito","og_description":"Travertinul Noce \u00eembin\u0103 nuan\u021be profunde de maro cu texturi naturale, ad\u0103ug\u00e2nd caracter \u0219i c\u0103ldur\u0103 at\u00e2t interioarelor, c\u00e2t \u0219i exteriorilor. Rezistent \u0219i expresiv, este perfect pentru a atrage aten\u021bia \u00een designul interior sau ca element robust \u0219i autentic \u00een amenaj\u0103rile exterioare, de la alei la fa\u021bade.  Travertinul Vein Cut se distinge prin t\u0103ieturile sale longitudinale, care eviden\u021biaz\u0103 liniile naturale \u0219i pattern-ul organic al pietrei, pentru un impact estetic puternic.  &nbsp;    &nbsp;","og_url":"https:\/\/granito.ro\/en\/product\/travertin-noce\/","og_site_name":"Acasa - Granito","article_publisher":"https:\/\/www.facebook.com\/granito.ro","article_modified_time":"2025-04-26T02:00:05+00:00","og_image":[{"width":960,"height":960,"url":"https:\/\/granito.ro\/en\/wp-content\/uploads\/2025\/02\/TRAVERTIN-NOCE-VEIN-CUT.png","type":"image\/png"}],"twitter_card":"summary_large_image","twitter_misc":{"Est. reading time":"1 minute"},"schema":{"@context":"https:\/\/schema.org","@graph":[{"@type":"WebPage","@id":"https:\/\/granito.ro\/en\/product\/travertin-noce\/","url":"https:\/\/granito.ro\/en\/product\/travertin-noce\/","name":"Travertin Noce Vein Cut - Acasa - Granito","isPartOf":{"@id":"https:\/\/granito.ro\/en\/#website"},"primaryImageOfPage":{"@id":"https:\/\/granito.ro\/en\/product\/travertin-noce\/#primaryimage"},"image":{"@id":"https:\/\/granito.ro\/en\/product\/travertin-noce\/#primaryimage"},"thumbnailUrl":"https:\/\/granito.ro\/en\/wp-content\/uploads\/2025\/02\/TRAVERTIN-NOCE-VEIN-CUT.png","datePublished":"2024-03-16T18:04:41+00:00","dateModified":"2025-04-26T02:00:05+00:00","breadcrumb":{"@id":"https:\/\/granito.ro\/en\/product\/travertin-noce\/#breadcrumb"},"inLanguage":"en-US","potentialAction":[{"@type":"ReadAction","target":["https:\/\/granito.ro\/en\/product\/travertin-noce\/"]}]},{"@type":"ImageObject","inLanguage":"en-US","@id":"https:\/\/granito.ro\/en\/product\/travertin-noce\/#primaryimage","url":"https:\/\/granito.ro\/en\/wp-content\/uploads\/2025\/02\/TRAVERTIN-NOCE-VEIN-CUT.png","contentUrl":"https:\/\/granito.ro\/en\/wp-content\/uploads\/2025\/02\/TRAVERTIN-NOCE-VEIN-CUT.png","width":960,"height":960},{"@type":"BreadcrumbList","@id":"https:\/\/granito.ro\/en\/product\/travertin-noce\/#breadcrumb","itemListElement":[{"@type":"ListItem","position":1,"name":"Prima pagin\u0103","item":"https:\/\/granito.ro\/en\/"},{"@type":"ListItem","position":2,"name":"Materiale","item":"https:\/\/granito.ro\/en\/materiale\/"},{"@type":"ListItem","position":3,"name":"Travertin Noce Vein Cut"}]},{"@type":"WebSite","@id":"https:\/\/granito.ro\/en\/#website","url":"https:\/\/granito.ro\/en\/","name":"Granito","description":"","publisher":{"@id":"https:\/\/granito.ro\/en\/#organization"},"potentialAction":[{"@type":"SearchAction","target":{"@type":"EntryPoint","urlTemplate":"https:\/\/granito.ro\/en\/?s={search_term_string}"},"query-input":{"@type":"PropertyValueSpecification","valueRequired":true,"valueName":"search_term_string"}}],"inLanguage":"en-US"},{"@type":"Organization","@id":"https:\/\/granito.ro\/en\/#organization","name":"Granito","url":"https:\/\/granito.ro\/en\/","logo":{"@type":"ImageObject","inLanguage":"en-US","@id":"https:\/\/granito.ro\/en\/#\/schema\/logo\/image\/","url":"https:\/\/granito.ro\/en\/wp-content\/uploads\/2024\/08\/Untitled-1.png","contentUrl":"https:\/\/granito.ro\/en\/wp-content\/uploads\/2024\/08\/Untitled-1.png","width":500,"height":112,"caption":"Granito"},"image":{"@id":"https:\/\/granito.ro\/en\/#\/schema\/logo\/image\/"},"sameAs":["https:\/\/www.facebook.com\/granito.ro","http:\/\/instagram.com\/granito.ro"]}]}},"_links":{"self":[{"href":"https:\/\/granito.ro\/en\/wp-json\/wp\/v2\/product\/2595","targetHints":{"allow":["GET"]}}],"collection":[{"href":"https:\/\/granito.ro\/en\/wp-json\/wp\/v2\/product"}],"about":[{"href":"https:\/\/granito.ro\/en\/wp-json\/wp\/v2\/types\/product"}],"wp:featuredmedia":[{"embeddable":true,"href":"https:\/\/granito.ro\/en\/wp-json\/wp\/v2\/media\/6716"}],"wp:attachment":[{"href":"https:\/\/granito.ro\/en\/wp-json\/wp\/v2\/media?parent=2595"}],"wp:term":[{"taxonomy":"product_brand","embeddable":true,"href":"https:\/\/granito.ro\/en\/wp-json\/wp\/v2\/product_brand?post=2595"},{"taxonomy":"product_cat","embeddable":true,"href":"https:\/\/granito.ro\/en\/wp-json\/wp\/v2\/product_cat?post=2595"},{"taxonomy":"product_tag","embeddable":true,"href":"https:\/\/granito.ro\/en\/wp-json\/wp\/v2\/product_tag?post=2595"}],"curies":[{"name":"wp","href":"https:\/\/api.w.org\/{rel}","templated":true}]}}