
{"id":8005,"date":"2025-04-28T18:40:13","date_gmt":"2025-04-28T18:40:13","guid":{"rendered":"https:\/\/granito.ro\/?page_id=8005"},"modified":"2025-04-28T18:40:14","modified_gmt":"2025-04-28T18:40:14","slug":"terms-conditions","status":"publish","type":"page","link":"https:\/\/granito.ro\/en\/terms-conditions\/","title":{"rendered":"Termeni si condi\u021bii"},"content":{"rendered":"\n<p>Bine a\u021bi venit pe website-ul Granito, reprezentarea digital\u0103 a SC TUDOR TRANS MARM SRL, care semnaleaz\u0103 debutul unei noi etape pentru tradi\u021bia noastr\u0103 de 25 ani \u00een prelucrarea pietrei naturale. Dezvoltat \u00een parteneriat str\u00e2ns cu TrueView, acest site serve\u0219te drept conexiune direct\u0103 c\u0103tre universul designului \u0219i inova\u021biei \u00een materiale de piatr\u0103 natural\u0103.<\/p>\n\n\n\n<p>Drepturi de utilizare a con\u021binutului: Tot con\u021binutul disponibil pe<a href=\"http:\/\/www.granito.ro\/\"> www.granito.ro<\/a>, inclusiv imagini de produs, rand\u0103ri 3D, texte, logo-ul companiei, cataloagele digitale \u0219i datele despre companie, este sub protec\u021bia drepturilor de autor ale Granito \u0219i a fost creat \u00een colaborare cu TrueView. Orice redistribuire sau republicare a acestui con\u021binut de c\u0103tre ter\u021bi necesit\u0103 atribuirea corespunz\u0103toare sau ob\u021binerea prealabil\u0103 a aprob\u0103rii noastre. Este esen\u021bial s\u0103 fim informa\u021bi despre orice utilizare a con\u021binutului nostru, asigur\u00e2nd respectarea drepturilor noastre de proprietate intelectual\u0103.<\/p>\n\n\n\n<p>Utilizare responsabil\u0103: Suntem deschi\u0219i s\u0103 v\u0103 oferim acces la con\u021binutul nostru pentru scopuri de informare \u0219i inspira\u021bie, cu condi\u021bia ob\u021binerii acordului nostru explicit pentru orice utilizare non-comercial\u0103. Folosirea materialelor noastre \u00een scopuri comerciale f\u0103r\u0103 permisiunea Granito este strict interzis\u0103 \u0219i va fi supus\u0103 m\u0103surilor legale corespunz\u0103toare pentru protec\u021bia drepturilor de autor.<\/p>\n\n\n\n<p>Acest site este destinat s\u0103 v\u0103 extind\u0103 cuno\u0219tin\u021bele despre piatra natural\u0103 \u0219i s\u0103 v\u0103 prezinte abilit\u0103\u021bile \u0219i serviciile noastre. Ne angaj\u0103m s\u0103 oferim o experien\u021b\u0103 online bazat\u0103 pe transparen\u021b\u0103, securitate \u0219i respect pentru drepturile de proprietate intelectual\u0103.<\/p>\n\n\n\n<p>Navig\u00e2nd \u0219i utiliz\u00e2nd acest site, accepta\u021bi termenii \u0219i condi\u021biile prezentate, concepute pentru a proteja at\u00e2t eforturile \u0219i creativitatea noastr\u0103, c\u00e2t \u0219i drepturile dumneavoastr\u0103 ca vizitator sau client.<\/p>\n","protected":false},"excerpt":{"rendered":"","protected":false},"author":1,"featured_media":0,"parent":0,"menu_order":0,"comment_status":"closed","ping_status":"closed","template":"","meta":{"_eb_attr":"","footnotes":""},"class_list":["post-8005","page","type-page","status-publish","hentry"],"yoast_head":"<!-- This site is optimized with the Yoast SEO plugin v27.4 - https:\/\/yoast.com\/product\/yoast-seo-wordpress\/ -->\n<title>Granito<\/title>\n<meta name=\"robots\" content=\"index, follow, max-snippet:-1, max-image-preview:large, max-video-preview:-1\" \/>\n<link rel=\"canonical\" href=\"https:\/\/granito.ro\/en\/terms-conditions\/\" \/>\n<meta property=\"og:locale\" content=\"en_US\" \/>\n<meta property=\"og:type\" content=\"article\" \/>\n<meta property=\"og:title\" content=\"Termeni si condi\u021bii - Acasa - Granito\" \/>\n<meta property=\"og:url\" content=\"https:\/\/granito.ro\/en\/terms-conditions\/\" \/>\n<meta property=\"og:site_name\" content=\"Acasa - Granito\" \/>\n<meta property=\"article:publisher\" content=\"https:\/\/www.facebook.com\/granito.ro\" \/>\n<meta property=\"article:modified_time\" content=\"2025-04-28T18:40:14+00:00\" \/>\n<meta property=\"og:image\" content=\"https:\/\/granito.ro\/en\/wp-content\/uploads\/2025\/05\/LOGO.png\" \/>\n\t<meta property=\"og:image:width\" content=\"800\" \/>\n\t<meta property=\"og:image:height\" content=\"800\" \/>\n\t<meta property=\"og:image:type\" content=\"image\/png\" \/>\n<meta name=\"twitter:card\" content=\"summary_large_image\" \/>\n<meta name=\"twitter:label1\" content=\"Est. reading time\" \/>\n\t<meta name=\"twitter:data1\" content=\"1 minute\" \/>\n<script type=\"application\/ld+json\" class=\"yoast-schema-graph\">{\"@context\":\"https:\\\/\\\/schema.org\",\"@graph\":[{\"@type\":\"WebPage\",\"@id\":\"https:\\\/\\\/granito.ro\\\/en\\\/terms-conditions\\\/\",\"url\":\"https:\\\/\\\/granito.ro\\\/en\\\/terms-conditions\\\/\",\"name\":\"Termeni si condi\u021bii - Acasa - Granito\",\"isPartOf\":{\"@id\":\"https:\\\/\\\/granito.ro\\\/en\\\/#website\"},\"datePublished\":\"2025-04-28T18:40:13+00:00\",\"dateModified\":\"2025-04-28T18:40:14+00:00\",\"breadcrumb\":{\"@id\":\"https:\\\/\\\/granito.ro\\\/en\\\/terms-conditions\\\/#breadcrumb\"},\"inLanguage\":\"en-US\",\"potentialAction\":[{\"@type\":\"ReadAction\",\"target\":[\"https:\\\/\\\/granito.ro\\\/en\\\/terms-conditions\\\/\"]}]},{\"@type\":\"BreadcrumbList\",\"@id\":\"https:\\\/\\\/granito.ro\\\/en\\\/terms-conditions\\\/#breadcrumb\",\"itemListElement\":[{\"@type\":\"ListItem\",\"position\":1,\"name\":\"Prima pagin\u0103\",\"item\":\"https:\\\/\\\/granito.ro\\\/en\\\/\"},{\"@type\":\"ListItem\",\"position\":2,\"name\":\"Termeni si condi\u021bii\"}]},{\"@type\":\"WebSite\",\"@id\":\"https:\\\/\\\/granito.ro\\\/en\\\/#website\",\"url\":\"https:\\\/\\\/granito.ro\\\/en\\\/\",\"name\":\"Granito\",\"description\":\"\",\"publisher\":{\"@id\":\"https:\\\/\\\/granito.ro\\\/en\\\/#organization\"},\"potentialAction\":[{\"@type\":\"SearchAction\",\"target\":{\"@type\":\"EntryPoint\",\"urlTemplate\":\"https:\\\/\\\/granito.ro\\\/en\\\/?s={search_term_string}\"},\"query-input\":{\"@type\":\"PropertyValueSpecification\",\"valueRequired\":true,\"valueName\":\"search_term_string\"}}],\"inLanguage\":\"en-US\"},{\"@type\":\"Organization\",\"@id\":\"https:\\\/\\\/granito.ro\\\/en\\\/#organization\",\"name\":\"Granito\",\"url\":\"https:\\\/\\\/granito.ro\\\/en\\\/\",\"logo\":{\"@type\":\"ImageObject\",\"inLanguage\":\"en-US\",\"@id\":\"https:\\\/\\\/granito.ro\\\/en\\\/#\\\/schema\\\/logo\\\/image\\\/\",\"url\":\"https:\\\/\\\/granito.ro\\\/en\\\/wp-content\\\/uploads\\\/2024\\\/08\\\/Untitled-1.png\",\"contentUrl\":\"https:\\\/\\\/granito.ro\\\/en\\\/wp-content\\\/uploads\\\/2024\\\/08\\\/Untitled-1.png\",\"width\":500,\"height\":112,\"caption\":\"Granito\"},\"image\":{\"@id\":\"https:\\\/\\\/granito.ro\\\/en\\\/#\\\/schema\\\/logo\\\/image\\\/\"},\"sameAs\":[\"https:\\\/\\\/www.facebook.com\\\/granito.ro\",\"http:\\\/\\\/instagram.com\\\/granito.ro\"]}]}<\/script>\n<!-- \/ Yoast SEO plugin. -->","yoast_head_json":{"title":"Granito","robots":{"index":"index","follow":"follow","max-snippet":"max-snippet:-1","max-image-preview":"max-image-preview:large","max-video-preview":"max-video-preview:-1"},"canonical":"https:\/\/granito.ro\/en\/terms-conditions\/","og_locale":"en_US","og_type":"article","og_title":"Termeni si condi\u021bii - Acasa - Granito","og_url":"https:\/\/granito.ro\/en\/terms-conditions\/","og_site_name":"Acasa - Granito","article_publisher":"https:\/\/www.facebook.com\/granito.ro","article_modified_time":"2025-04-28T18:40:14+00:00","og_image":[{"width":800,"height":800,"url":"https:\/\/granito.ro\/en\/wp-content\/uploads\/2025\/05\/LOGO.png","type":"image\/png"}],"twitter_card":"summary_large_image","twitter_misc":{"Est. reading time":"1 minute"},"schema":{"@context":"https:\/\/schema.org","@graph":[{"@type":"WebPage","@id":"https:\/\/granito.ro\/en\/terms-conditions\/","url":"https:\/\/granito.ro\/en\/terms-conditions\/","name":"Termeni si condi\u021bii - Acasa - Granito","isPartOf":{"@id":"https:\/\/granito.ro\/en\/#website"},"datePublished":"2025-04-28T18:40:13+00:00","dateModified":"2025-04-28T18:40:14+00:00","breadcrumb":{"@id":"https:\/\/granito.ro\/en\/terms-conditions\/#breadcrumb"},"inLanguage":"en-US","potentialAction":[{"@type":"ReadAction","target":["https:\/\/granito.ro\/en\/terms-conditions\/"]}]},{"@type":"BreadcrumbList","@id":"https:\/\/granito.ro\/en\/terms-conditions\/#breadcrumb","itemListElement":[{"@type":"ListItem","position":1,"name":"Prima pagin\u0103","item":"https:\/\/granito.ro\/en\/"},{"@type":"ListItem","position":2,"name":"Termeni si condi\u021bii"}]},{"@type":"WebSite","@id":"https:\/\/granito.ro\/en\/#website","url":"https:\/\/granito.ro\/en\/","name":"Granito","description":"","publisher":{"@id":"https:\/\/granito.ro\/en\/#organization"},"potentialAction":[{"@type":"SearchAction","target":{"@type":"EntryPoint","urlTemplate":"https:\/\/granito.ro\/en\/?s={search_term_string}"},"query-input":{"@type":"PropertyValueSpecification","valueRequired":true,"valueName":"search_term_string"}}],"inLanguage":"en-US"},{"@type":"Organization","@id":"https:\/\/granito.ro\/en\/#organization","name":"Granito","url":"https:\/\/granito.ro\/en\/","logo":{"@type":"ImageObject","inLanguage":"en-US","@id":"https:\/\/granito.ro\/en\/#\/schema\/logo\/image\/","url":"https:\/\/granito.ro\/en\/wp-content\/uploads\/2024\/08\/Untitled-1.png","contentUrl":"https:\/\/granito.ro\/en\/wp-content\/uploads\/2024\/08\/Untitled-1.png","width":500,"height":112,"caption":"Granito"},"image":{"@id":"https:\/\/granito.ro\/en\/#\/schema\/logo\/image\/"},"sameAs":["https:\/\/www.facebook.com\/granito.ro","http:\/\/instagram.com\/granito.ro"]}]}},"_links":{"self":[{"href":"https:\/\/granito.ro\/en\/wp-json\/wp\/v2\/pages\/8005","targetHints":{"allow":["GET"]}}],"collection":[{"href":"https:\/\/granito.ro\/en\/wp-json\/wp\/v2\/pages"}],"about":[{"href":"https:\/\/granito.ro\/en\/wp-json\/wp\/v2\/types\/page"}],"author":[{"embeddable":true,"href":"https:\/\/granito.ro\/en\/wp-json\/wp\/v2\/users\/1"}],"replies":[{"embeddable":true,"href":"https:\/\/granito.ro\/en\/wp-json\/wp\/v2\/comments?post=8005"}],"version-history":[{"count":2,"href":"https:\/\/granito.ro\/en\/wp-json\/wp\/v2\/pages\/8005\/revisions"}],"predecessor-version":[{"id":8007,"href":"https:\/\/granito.ro\/en\/wp-json\/wp\/v2\/pages\/8005\/revisions\/8007"}],"wp:attachment":[{"href":"https:\/\/granito.ro\/en\/wp-json\/wp\/v2\/media?parent=8005"}],"curies":[{"name":"wp","href":"https:\/\/api.w.org\/{rel}","templated":true}]}}