
{"id":3,"date":"2024-03-14T11:31:03","date_gmt":"2024-03-14T11:31:03","guid":{"rendered":"https:\/\/granito.ro\/?page_id=3"},"modified":"2025-04-28T18:39:00","modified_gmt":"2025-04-28T18:39:00","slug":"privacy-policy","status":"publish","type":"page","link":"https:\/\/granito.ro\/en\/privacy-policy\/","title":{"rendered":"Politica de Confiden\u021bialitate"},"content":{"rendered":"\n<p><strong>Despre noi<\/strong><br>Site-ul nostru este:&nbsp;<strong><a href=\"https:\/\/granito.ro\/en\/\" target=\"_blank\" rel=\"noreferrer noopener\">https:\/\/granito.ro<\/a><\/strong>.<\/p>\n\n\n\n<p><strong>Datele colectate \u0219i scopul acestora<\/strong><\/p>\n\n\n\n<ol class=\"wp-block-list\" start=\"1\">\n<li><strong>Date tehnice<\/strong>:\n<ul class=\"wp-block-list\">\n<li>La vizitarea site-ului, colect\u0103m automat informa\u021bii standard precum adresa IP, tipul browser-ului, timpul de acces \u0219i paginile vizitate. Acestea sunt folosite pentru analiza traficului \u0219i \u00eembun\u0103t\u0103\u021birea experien\u021bei utilizatorilor.<\/li>\n<\/ul>\n<\/li>\n\n\n\n<li><strong>Formulare de contact<\/strong>\u00a0(dac\u0103 exist\u0103):\n<ul class=\"wp-block-list\">\n<li>Dac\u0103 ne contacta\u021bi prin formularul online, vom stoca numele, adresa de email \u0219i mesajul trimis pentru a r\u0103spunde solicit\u0103rilor.<\/li>\n<\/ul>\n<\/li>\n<\/ol>\n\n\n\n<p><strong>Cookie-uri<\/strong><\/p>\n\n\n\n<ul class=\"wp-block-list\">\n<li>Folosim&nbsp;<strong>cookie-uri esen\u021biale<\/strong>&nbsp;pentru func\u021bionalitatea de baz\u0103 a site-ului (ex.: afi\u0219area corect\u0103 a con\u021binutului).<\/li>\n\n\n\n<li><strong>Cookie-uri de analiz\u0103<\/strong>&nbsp;(ex.: Google Analytics): Monitoriz\u0103m statistici anonime pentru a \u00een\u021belege modul de utilizare a site-ului.<\/li>\n\n\n\n<li>Cookie-urile nu stocheaz\u0103 date personale identificabile \u0219i pot fi dezactivate \u00een set\u0103rile browser-ului.<\/li>\n<\/ul>\n\n\n\n<p><strong>Con\u021binut embedded (integr\u0103turi externe)<\/strong><\/p>\n\n\n\n<ul class=\"wp-block-list\">\n<li>Articolele\/paginile pot include con\u021binut integrat (ex.: videoclipuri YouTube, h\u0103r\u021bi Google). Aceste servicii externe pot colecta date despre vizitatori conform propriilor politici de confiden\u021bialitate.<\/li>\n<\/ul>\n\n\n\n<p><strong>Partajarea datelor<\/strong><\/p>\n\n\n\n<ul class=\"wp-block-list\">\n<li>Nu vindem sau partaj\u0103m date personale cu ter\u021bi \u00een scop comercial.<\/li>\n\n\n\n<li>Datele pot fi accesate de furnizorii no\u0219tri de servicii (ex.: gazduire site, service-ul de analytics) \u00een scop strict tehnic.<\/li>\n<\/ul>\n\n\n\n<p><strong>Perioada de stocare a datelor<\/strong><\/p>\n\n\n\n<ul class=\"wp-block-list\">\n<li>Datele tehnice (ex.: jurnal de acces) sunt stocate maximum 12 luni.<\/li>\n\n\n\n<li>Datele din formularele de contact sunt \u0219terse dup\u0103 rezolvarea solicit\u0103rii, cu excep\u021bia cazurilor legale.<\/li>\n<\/ul>\n\n\n\n<p><strong>Drepturile dumneavoastr\u0103<\/strong><br>Conform GDPR, ave\u021bi dreptul la:<\/p>\n\n\n\n<ul class=\"wp-block-list\">\n<li>Accesul la datele personale stocate.<\/li>\n\n\n\n<li>Rectificarea sau \u0219tergerea acestora* (*dac\u0103 nu contravine obliga\u021biilor legale).<\/li>\n\n\n\n<li>Retragerea consim\u021b\u0103m\u00e2ntului (pentru newsletter, dac\u0103 exist\u0103).<\/li>\n\n\n\n<li>Depunerea unei pl\u00e2ngeri la Autoritatea Na\u021bional\u0103 de Supraveghere a Prelucr\u0103rii Datelor.<\/li>\n<\/ul>\n\n\n\n<p><strong>Securitate<\/strong><\/p>\n\n\n\n<ul class=\"wp-block-list\">\n<li>Folosim certificate SSL \u0219i m\u0103suri tehnice pentru protejarea datelor.<\/li>\n<\/ul>\n\n\n\n<p><strong>Modific\u0103ri ale politicii<\/strong><\/p>\n\n\n\n<ul class=\"wp-block-list\">\n<li>Orice actualizare a acestei politici va fi publicat\u0103 pe aceast\u0103 pagin\u0103.<\/li>\n<\/ul>\n\n\n\n<p><strong>Contact<\/strong><br>Pentru \u00eentreb\u0103ri legate de confiden\u021bialitate, ne pute\u021bi contacta la:<\/p>\n\n\n\n<ul class=\"wp-block-list\">\n<li>Email: <a href=\"mailto:contact@granito.ro\">info@granito.ro<\/a><\/li>\n\n\n\n<li>Adres\u0103: Simeria, Hunedoara, Traian 108, 335900<\/li>\n<\/ul>\n","protected":false},"excerpt":{"rendered":"","protected":false},"author":1,"featured_media":0,"parent":0,"menu_order":0,"comment_status":"closed","ping_status":"closed","template":"","meta":{"_eb_attr":"","footnotes":""},"class_list":["post-3","page","type-page","status-publish","hentry"],"yoast_head":"<!-- This site is optimized with the Yoast SEO plugin v27.4 - https:\/\/yoast.com\/product\/yoast-seo-wordpress\/ -->\n<title>Granito<\/title>\n<meta name=\"robots\" content=\"index, follow, max-snippet:-1, max-image-preview:large, max-video-preview:-1\" \/>\n<link rel=\"canonical\" href=\"https:\/\/granito.ro\/en\/privacy-policy\/\" \/>\n<meta property=\"og:locale\" content=\"en_US\" \/>\n<meta property=\"og:type\" content=\"article\" \/>\n<meta property=\"og:title\" content=\"Politica de Confiden\u021bialitate - Acasa - Granito\" \/>\n<meta property=\"og:url\" content=\"https:\/\/granito.ro\/en\/privacy-policy\/\" \/>\n<meta property=\"og:site_name\" content=\"Acasa - Granito\" \/>\n<meta property=\"article:publisher\" content=\"https:\/\/www.facebook.com\/granito.ro\" \/>\n<meta property=\"article:modified_time\" content=\"2025-04-28T18:39:00+00:00\" \/>\n<meta property=\"og:image\" content=\"https:\/\/granito.ro\/en\/wp-content\/uploads\/2025\/05\/LOGO.png\" \/>\n\t<meta property=\"og:image:width\" content=\"800\" \/>\n\t<meta property=\"og:image:height\" content=\"800\" \/>\n\t<meta property=\"og:image:type\" content=\"image\/png\" \/>\n<meta name=\"twitter:card\" content=\"summary_large_image\" \/>\n<meta name=\"twitter:label1\" content=\"Est. reading time\" \/>\n\t<meta name=\"twitter:data1\" content=\"2 minutes\" \/>\n<script type=\"application\/ld+json\" class=\"yoast-schema-graph\">{\"@context\":\"https:\\\/\\\/schema.org\",\"@graph\":[{\"@type\":\"WebPage\",\"@id\":\"https:\\\/\\\/granito.ro\\\/en\\\/privacy-policy\\\/\",\"url\":\"https:\\\/\\\/granito.ro\\\/en\\\/privacy-policy\\\/\",\"name\":\"Politica de Confiden\u021bialitate - Acasa - Granito\",\"isPartOf\":{\"@id\":\"https:\\\/\\\/granito.ro\\\/en\\\/#website\"},\"datePublished\":\"2024-03-14T11:31:03+00:00\",\"dateModified\":\"2025-04-28T18:39:00+00:00\",\"breadcrumb\":{\"@id\":\"https:\\\/\\\/granito.ro\\\/en\\\/privacy-policy\\\/#breadcrumb\"},\"inLanguage\":\"en-US\",\"potentialAction\":[{\"@type\":\"ReadAction\",\"target\":[\"https:\\\/\\\/granito.ro\\\/en\\\/privacy-policy\\\/\"]}]},{\"@type\":\"BreadcrumbList\",\"@id\":\"https:\\\/\\\/granito.ro\\\/en\\\/privacy-policy\\\/#breadcrumb\",\"itemListElement\":[{\"@type\":\"ListItem\",\"position\":1,\"name\":\"Prima pagin\u0103\",\"item\":\"https:\\\/\\\/granito.ro\\\/en\\\/\"},{\"@type\":\"ListItem\",\"position\":2,\"name\":\"Politica de Confiden\u021bialitate\"}]},{\"@type\":\"WebSite\",\"@id\":\"https:\\\/\\\/granito.ro\\\/en\\\/#website\",\"url\":\"https:\\\/\\\/granito.ro\\\/en\\\/\",\"name\":\"Granito\",\"description\":\"\",\"publisher\":{\"@id\":\"https:\\\/\\\/granito.ro\\\/en\\\/#organization\"},\"potentialAction\":[{\"@type\":\"SearchAction\",\"target\":{\"@type\":\"EntryPoint\",\"urlTemplate\":\"https:\\\/\\\/granito.ro\\\/en\\\/?s={search_term_string}\"},\"query-input\":{\"@type\":\"PropertyValueSpecification\",\"valueRequired\":true,\"valueName\":\"search_term_string\"}}],\"inLanguage\":\"en-US\"},{\"@type\":\"Organization\",\"@id\":\"https:\\\/\\\/granito.ro\\\/en\\\/#organization\",\"name\":\"Granito\",\"url\":\"https:\\\/\\\/granito.ro\\\/en\\\/\",\"logo\":{\"@type\":\"ImageObject\",\"inLanguage\":\"en-US\",\"@id\":\"https:\\\/\\\/granito.ro\\\/en\\\/#\\\/schema\\\/logo\\\/image\\\/\",\"url\":\"https:\\\/\\\/granito.ro\\\/en\\\/wp-content\\\/uploads\\\/2024\\\/08\\\/Untitled-1.png\",\"contentUrl\":\"https:\\\/\\\/granito.ro\\\/en\\\/wp-content\\\/uploads\\\/2024\\\/08\\\/Untitled-1.png\",\"width\":500,\"height\":112,\"caption\":\"Granito\"},\"image\":{\"@id\":\"https:\\\/\\\/granito.ro\\\/en\\\/#\\\/schema\\\/logo\\\/image\\\/\"},\"sameAs\":[\"https:\\\/\\\/www.facebook.com\\\/granito.ro\",\"http:\\\/\\\/instagram.com\\\/granito.ro\"]}]}<\/script>\n<!-- \/ Yoast SEO plugin. -->","yoast_head_json":{"title":"Granito","robots":{"index":"index","follow":"follow","max-snippet":"max-snippet:-1","max-image-preview":"max-image-preview:large","max-video-preview":"max-video-preview:-1"},"canonical":"https:\/\/granito.ro\/en\/privacy-policy\/","og_locale":"en_US","og_type":"article","og_title":"Politica de Confiden\u021bialitate - Acasa - Granito","og_url":"https:\/\/granito.ro\/en\/privacy-policy\/","og_site_name":"Acasa - Granito","article_publisher":"https:\/\/www.facebook.com\/granito.ro","article_modified_time":"2025-04-28T18:39:00+00:00","og_image":[{"width":800,"height":800,"url":"https:\/\/granito.ro\/en\/wp-content\/uploads\/2025\/05\/LOGO.png","type":"image\/png"}],"twitter_card":"summary_large_image","twitter_misc":{"Est. reading time":"2 minutes"},"schema":{"@context":"https:\/\/schema.org","@graph":[{"@type":"WebPage","@id":"https:\/\/granito.ro\/en\/privacy-policy\/","url":"https:\/\/granito.ro\/en\/privacy-policy\/","name":"Politica de Confiden\u021bialitate - Acasa - Granito","isPartOf":{"@id":"https:\/\/granito.ro\/en\/#website"},"datePublished":"2024-03-14T11:31:03+00:00","dateModified":"2025-04-28T18:39:00+00:00","breadcrumb":{"@id":"https:\/\/granito.ro\/en\/privacy-policy\/#breadcrumb"},"inLanguage":"en-US","potentialAction":[{"@type":"ReadAction","target":["https:\/\/granito.ro\/en\/privacy-policy\/"]}]},{"@type":"BreadcrumbList","@id":"https:\/\/granito.ro\/en\/privacy-policy\/#breadcrumb","itemListElement":[{"@type":"ListItem","position":1,"name":"Prima pagin\u0103","item":"https:\/\/granito.ro\/en\/"},{"@type":"ListItem","position":2,"name":"Politica de Confiden\u021bialitate"}]},{"@type":"WebSite","@id":"https:\/\/granito.ro\/en\/#website","url":"https:\/\/granito.ro\/en\/","name":"Granito","description":"","publisher":{"@id":"https:\/\/granito.ro\/en\/#organization"},"potentialAction":[{"@type":"SearchAction","target":{"@type":"EntryPoint","urlTemplate":"https:\/\/granito.ro\/en\/?s={search_term_string}"},"query-input":{"@type":"PropertyValueSpecification","valueRequired":true,"valueName":"search_term_string"}}],"inLanguage":"en-US"},{"@type":"Organization","@id":"https:\/\/granito.ro\/en\/#organization","name":"Granito","url":"https:\/\/granito.ro\/en\/","logo":{"@type":"ImageObject","inLanguage":"en-US","@id":"https:\/\/granito.ro\/en\/#\/schema\/logo\/image\/","url":"https:\/\/granito.ro\/en\/wp-content\/uploads\/2024\/08\/Untitled-1.png","contentUrl":"https:\/\/granito.ro\/en\/wp-content\/uploads\/2024\/08\/Untitled-1.png","width":500,"height":112,"caption":"Granito"},"image":{"@id":"https:\/\/granito.ro\/en\/#\/schema\/logo\/image\/"},"sameAs":["https:\/\/www.facebook.com\/granito.ro","http:\/\/instagram.com\/granito.ro"]}]}},"_links":{"self":[{"href":"https:\/\/granito.ro\/en\/wp-json\/wp\/v2\/pages\/3","targetHints":{"allow":["GET"]}}],"collection":[{"href":"https:\/\/granito.ro\/en\/wp-json\/wp\/v2\/pages"}],"about":[{"href":"https:\/\/granito.ro\/en\/wp-json\/wp\/v2\/types\/page"}],"author":[{"embeddable":true,"href":"https:\/\/granito.ro\/en\/wp-json\/wp\/v2\/users\/1"}],"replies":[{"embeddable":true,"href":"https:\/\/granito.ro\/en\/wp-json\/wp\/v2\/comments?post=3"}],"version-history":[{"count":2,"href":"https:\/\/granito.ro\/en\/wp-json\/wp\/v2\/pages\/3\/revisions"}],"predecessor-version":[{"id":8001,"href":"https:\/\/granito.ro\/en\/wp-json\/wp\/v2\/pages\/3\/revisions\/8001"}],"wp:attachment":[{"href":"https:\/\/granito.ro\/en\/wp-json\/wp\/v2\/media?parent=3"}],"curies":[{"name":"wp","href":"https:\/\/api.w.org\/{rel}","templated":true}]}}